{"id":12875,"date":"2025-09-13T11:41:54","date_gmt":"2025-09-13T11:41:54","guid":{"rendered":"https:\/\/wxnuohui.com\/product\/women-sleeveless-close-fit-bodycon-hip-lifting-suspender-jumpsuit-bodysuit\/"},"modified":"2025-09-13T11:41:54","modified_gmt":"2025-09-13T11:41:54","slug":"women-sleeveless-close-fit-bodycon-hip-lifting-suspender-jumpsuit-bodysuit","status":"publish","type":"product","link":"https:\/\/wxnuohui.com\/et\/product\/women-sleeveless-close-fit-bodycon-hip-lifting-suspender-jumpsuit-bodysuit\/","title":{"rendered":"Naiste varrukateta Close Fit Bodycon Hip t\u00f5stmine Suspender Jumpsuit Bodysuit"},"content":{"rendered":"<p>Omadus: Kiiresti kuivav, hingav, keskkonnas\u00f5bralik<br \/>\nPikkus: \u00fcle p\u00f5lve<br \/>\nHooaeg: Suvi<br \/>\nVarruka pikkus(cm):varrukateta:varrukas<br \/>\nStiil:Casual<br \/>\nMaterjal: Spandex \/ pol\u00fcester<br \/>\nTr\u00fckkimismeetodid: Puuduvad<br \/>\nKaunistus: Pits, \u00f5\u00f5nes<br \/>\nToote t\u00fc\u00fcp: jooga<br \/>\nMustri t\u00fc\u00fcp: triibuline<br \/>\nTarne t\u00fc\u00fcp: Oem Service<br \/>\n7 p\u00e4eva proovi tellimuse esitamise aeg: tugi<br \/>\nTehnika: tavaline v\u00e4rvitud<br \/>\nPaigalduse t\u00fc\u00fcp:Tavaline<br \/>\nSugu:Naised<br \/>\nKudumise meetod:Kootud<br \/>\nKanga t\u00fc\u00fcp: Sifonki<br \/>\nT\u00fc\u00fcp: Muu<br \/>\nKanga kaal: 180 grammi<br \/>\nKaelus:Ruudukujuline kaelus<br \/>\nN\u00f5ela tuvastamine: Jah<br \/>\nP\u00e4ritolukoht: Jiangsu, Hiina<br \/>\nBr\u00e4ndi nimi: NH<br \/>\nMudeli number:Bodysuit naistele<br \/>\nM\u00fc\u00fcgikogused:\u00dcksikartikkel<br \/>\n\u00dche pakendi suurus: 18X13X14 cm<br \/>\n\u00dcksik brutomass: 0,400 kg<\/p>\n<p><img decoding=\"async\" class=\"alignnone size-full\" src=\"http:\/\/wxnuohui.com\/wp-content\/uploads\/2025\/09\/detail_pic_0-271.jpg\" width=\"790\" alt=\"\"\/><\/p>\n<p><img decoding=\"async\" class=\"alignnone size-full\" src=\"http:\/\/wxnuohui.com\/wp-content\/uploads\/2025\/09\/detail_pic_1-276.jpg\" width=\"790\" alt=\"\"\/><\/p>\n<p><img decoding=\"async\" class=\"alignnone size-full\" src=\"http:\/\/wxnuohui.com\/wp-content\/uploads\/2025\/09\/detail_pic_2-283.jpg\" width=\"790\" alt=\"\"\/><\/p>\n<p><img decoding=\"async\" class=\"alignnone size-full\" src=\"http:\/\/wxnuohui.com\/wp-content\/uploads\/2025\/09\/detail_pic_3-318.jpg\" width=\"790\" alt=\"\"\/><\/p>\n<p><img decoding=\"async\" class=\"alignnone size-full\" src=\"http:\/\/wxnuohui.com\/wp-content\/uploads\/2025\/09\/detail_pic_4-321.jpg\" width=\"790\" alt=\"\"\/><\/p>\n<p><img decoding=\"async\" class=\"alignnone size-full\" src=\"http:\/\/wxnuohui.com\/wp-content\/uploads\/2025\/09\/detail_pic_5-371.jpg\" width=\"790\" alt=\"\"\/><\/p>\n<p><img decoding=\"async\" class=\"alignnone size-full\" src=\"http:\/\/wxnuohui.com\/wp-content\/uploads\/2025\/09\/detail_pic_6-282.jpg\" width=\"790\" alt=\"\"\/><\/p>\n<p><img decoding=\"async\" class=\"alignnone size-full\" src=\"http:\/\/wxnuohui.com\/wp-content\/uploads\/2025\/09\/detail_pic_7-210.jpg\" width=\"790\" alt=\"\"\/><\/p>\n<p><img decoding=\"async\" class=\"alignnone size-full\" src=\"http:\/\/wxnuohui.com\/wp-content\/uploads\/2025\/09\/detail_pic_8-202.jpg\" width=\"790\" alt=\"\"\/><\/p>\n<p><img decoding=\"async\" class=\"alignnone size-full\" src=\"http:\/\/wxnuohui.com\/wp-content\/uploads\/2025\/09\/detail_pic_9-213.jpg\" width=\"790\" alt=\"\"\/><\/p>\n<p><img decoding=\"async\" class=\"alignnone size-full\" src=\"http:\/\/wxnuohui.com\/wp-content\/uploads\/2025\/09\/detail_pic_10-402.jpg\" width=\"790\" alt=\"\"\/><\/p>\n<p><img decoding=\"async\" class=\"alignnone size-full\" src=\"http:\/\/wxnuohui.com\/wp-content\/uploads\/2025\/09\/detail_pic_11-396.jpg\" width=\"790\" alt=\"\"\/><\/p>\n<p><img decoding=\"async\" class=\"alignnone size-full\" src=\"http:\/\/wxnuohui.com\/wp-content\/uploads\/2025\/09\/detail_pic_12-384.jpg\" width=\"790\" alt=\"\"\/><\/p>\n<p><img decoding=\"async\" class=\"alignnone size-full\" src=\"http:\/\/wxnuohui.com\/wp-content\/uploads\/2025\/09\/detail_pic_13-358.jpg\" width=\"790\" alt=\"\"\/><\/p>\n<p><img decoding=\"async\" class=\"alignnone size-full\" src=\"http:\/\/wxnuohui.com\/wp-content\/uploads\/2025\/09\/detail_pic_14-171.png\" width=\"790\" alt=\"\"\/><\/p>\n<p><img decoding=\"async\" class=\"alignnone size-full\" src=\"http:\/\/wxnuohui.com\/wp-content\/uploads\/2025\/09\/detail_pic_15-361.jpg\" width=\"790\" alt=\"\"\/><\/p>\n<p><img decoding=\"async\" class=\"alignnone size-full\" src=\"http:\/\/wxnuohui.com\/wp-content\/uploads\/2025\/09\/detail_pic_16-311.jpg\" width=\"790\" alt=\"\"\/><\/p>\n<p><img decoding=\"async\" class=\"alignnone size-full\" src=\"http:\/\/wxnuohui.com\/wp-content\/uploads\/2025\/09\/detail_pic_17-296.jpg\" width=\"790\" alt=\"\"\/><\/p>","protected":false},"excerpt":{"rendered":"<p>Naiste varrukateta Close Fit Bodycon Hip t\u00f5stmine Suspender Jumpsuit Bodysuit<\/p>","protected":false},"featured_media":12509,"template":"","meta":[],"product_brand":[],"product_cat":[24],"product_tag":[],"class_list":{"0":"post-12875","1":"product","2":"type-product","3":"status-publish","4":"has-post-thumbnail","6":"product_cat-casual-bodysuits","8":"first","9":"outofstock","10":"shipping-taxable","11":"product-type-variable"},"_links":{"self":[{"href":"https:\/\/wxnuohui.com\/et\/wp-json\/wp\/v2\/product\/12875","targetHints":{"allow":["GET"]}}],"collection":[{"href":"https:\/\/wxnuohui.com\/et\/wp-json\/wp\/v2\/product"}],"about":[{"href":"https:\/\/wxnuohui.com\/et\/wp-json\/wp\/v2\/types\/product"}],"wp:featuredmedia":[{"embeddable":true,"href":"https:\/\/wxnuohui.com\/et\/wp-json\/wp\/v2\/media\/12509"}],"wp:attachment":[{"href":"https:\/\/wxnuohui.com\/et\/wp-json\/wp\/v2\/media?parent=12875"}],"wp:term":[{"taxonomy":"product_brand","embeddable":true,"href":"https:\/\/wxnuohui.com\/et\/wp-json\/wp\/v2\/product_brand?post=12875"},{"taxonomy":"product_cat","embeddable":true,"href":"https:\/\/wxnuohui.com\/et\/wp-json\/wp\/v2\/product_cat?post=12875"},{"taxonomy":"product_tag","embeddable":true,"href":"https:\/\/wxnuohui.com\/et\/wp-json\/wp\/v2\/product_tag?post=12875"}],"curies":[{"name":"wp","href":"https:\/\/api.w.org\/{rel}","templated":true}]}}