{"id":12421,"date":"2025-09-13T10:55:54","date_gmt":"2025-09-13T10:55:54","guid":{"rendered":"https:\/\/wxnuohui.com\/product\/high-quality-350gsm-100-cotton-drop-shoulder-unisex-oversized-sweatshirt-crew-neck-sweat-shirt\/"},"modified":"2025-09-13T10:55:55","modified_gmt":"2025-09-13T10:55:55","slug":"high-quality-350gsm-100-cotton-drop-shoulder-unisex-oversized-sweatshirt-crew-neck-sweat-shirt","status":"publish","type":"product","link":"https:\/\/wxnuohui.com\/et\/product\/high-quality-350gsm-100-cotton-drop-shoulder-unisex-oversized-sweatshirt-crew-neck-sweat-shirt\/","title":{"rendered":"Kvaliteetne 350gsm 100% puuvillane Drop Shoulder Unisex \u00fclisuurte dressipluusid Crew Neck Sweat Shirt"},"content":{"rendered":"<p>7 p\u00e4eva proovi tellimuse esitamise aeg: tugi<br \/>\nDisain: Vooderdamata<br \/>\nVarrukate stiil:Tavaline<br \/>\nN\u00f5ela tuvastamine: Jah<br \/>\nKudumise meetod:Kootud<br \/>\nMustri t\u00fc\u00fcp: Prindi<br \/>\nKanga kaal:350<br \/>\nPaigalduse t\u00fc\u00fcp: Tavaline sobivus<br \/>\nPikkus: Tavaline<br \/>\nTarne t\u00fc\u00fcp: Oem Service<br \/>\nTehnika: tavaline v\u00e4rvitud<br \/>\nKrae:O-kaelus<br \/>\nStiil:Pullover<br \/>\nHooaeg: Talv<br \/>\nFunktsioon: kortsumisvastane, Anti-Pilling, hingav, tuulekindel, kokkut\u00f5mbumisvastane<br \/>\nKanga t\u00fc\u00fcp: fliis<br \/>\nMaterjal: 100% puuvillane<br \/>\nLogo asukoht: Eespool<br \/>\nLogo \/ graafiline kujundus: siiditr\u00fckk<br \/>\nSugu:Mehed<br \/>\nMudeli number:Crew kaelusega dressipluus<br \/>\nP\u00e4ritolukoht: Jiangsu, Hiina<br \/>\nKaubam\u00e4rk: NH-687982480022<br \/>\nToote nimetus:100% Puuvillane \u00f5lgadega dressipluus<br \/>\nM\u00e4rks\u00f5nad:Crew kaelusega dressipluus<br \/>\nTeenus: 24 tundi online<br \/>\nMaksmine: Trade Assurance<br \/>\nTr\u00fckkimine: Custom Designs Print<br \/>\nN\u00e4idis: 3-5 p\u00e4eva<br \/>\nPakend: 1tk\/pol\u00fckott<br \/>\nTarneaeg: 7 ~ 15 p\u00e4eva<br \/>\nSilt ja logo: Accpet Customized<br \/>\nKohaletoimetamine:DHLEMSUPSFEDEX Seaby Airi poolt<br \/>\nM\u00fc\u00fcgikogused:\u00dcksikartikkel<br \/>\n\u00dche pakendi suurus: 23X13X16 cm<br \/>\n\u00dcksik brutomass: 0,600 kg<\/p>\n<p><img decoding=\"async\" class=\"alignnone size-full\" src=\"http:\/\/wxnuohui.com\/wp-content\/uploads\/2025\/09\/detail_pic_0-253.jpg\" width=\"790\" alt=\"\"\/><\/p>\n<p><img decoding=\"async\" class=\"alignnone size-full\" src=\"http:\/\/wxnuohui.com\/wp-content\/uploads\/2025\/09\/detail_pic_1-258.jpg\" width=\"790\" alt=\"\"\/><\/p>\n<p><img decoding=\"async\" class=\"alignnone size-full\" src=\"http:\/\/wxnuohui.com\/wp-content\/uploads\/2025\/09\/detail_pic_2-265.jpg\" width=\"790\" alt=\"\"\/><\/p>\n<p><img decoding=\"async\" class=\"alignnone size-full\" src=\"http:\/\/wxnuohui.com\/wp-content\/uploads\/2025\/09\/detail_pic_3-300.jpg\" width=\"790\" alt=\"\"\/><\/p>\n<p><img decoding=\"async\" class=\"alignnone size-full\" src=\"http:\/\/wxnuohui.com\/wp-content\/uploads\/2025\/09\/detail_pic_4-303.jpg\" width=\"790\" alt=\"\"\/><\/p>\n<p><img decoding=\"async\" class=\"alignnone size-full\" src=\"http:\/\/wxnuohui.com\/wp-content\/uploads\/2025\/09\/detail_pic_5-353.jpg\" width=\"790\" alt=\"\"\/><\/p>\n<p><img decoding=\"async\" class=\"alignnone size-full\" src=\"http:\/\/wxnuohui.com\/wp-content\/uploads\/2025\/09\/detail_pic_6-264.jpg\" width=\"790\" alt=\"\"\/><\/p>\n<p><img decoding=\"async\" class=\"alignnone size-full\" src=\"http:\/\/wxnuohui.com\/wp-content\/uploads\/2025\/09\/detail_pic_7-195.jpg\" width=\"790\" alt=\"\"\/><\/p>\n<p><img decoding=\"async\" class=\"alignnone size-full\" src=\"http:\/\/wxnuohui.com\/wp-content\/uploads\/2025\/09\/detail_pic_8-199.png\" width=\"790\" alt=\"\"\/><\/p>\n<p><img decoding=\"async\" class=\"alignnone size-full\" src=\"http:\/\/wxnuohui.com\/wp-content\/uploads\/2025\/09\/detail_pic_9-180.png\" width=\"790\" alt=\"\"\/><\/p>\n<p><img decoding=\"async\" class=\"alignnone size-full\" src=\"http:\/\/wxnuohui.com\/wp-content\/uploads\/2025\/09\/detail_pic_10-383.jpg\" width=\"790\" alt=\"\"\/><\/p>\n<p><img decoding=\"async\" class=\"alignnone size-full\" src=\"http:\/\/wxnuohui.com\/wp-content\/uploads\/2025\/09\/detail_pic_11-377.jpg\" width=\"790\" alt=\"\"\/><\/p>\n<p><img decoding=\"async\" class=\"alignnone size-full\" src=\"http:\/\/wxnuohui.com\/wp-content\/uploads\/2025\/09\/detail_pic_12-365.jpg\" width=\"790\" alt=\"\"\/><\/p>\n<p><img decoding=\"async\" class=\"alignnone size-full\" src=\"http:\/\/wxnuohui.com\/wp-content\/uploads\/2025\/09\/detail_pic_13-340.jpg\" width=\"790\" alt=\"\"\/><\/p>\n<p><img decoding=\"async\" class=\"alignnone size-full\" src=\"http:\/\/wxnuohui.com\/wp-content\/uploads\/2025\/09\/detail_pic_14-154.png\" width=\"790\" alt=\"\"\/><\/p>\n<p><img decoding=\"async\" class=\"alignnone size-full\" src=\"http:\/\/wxnuohui.com\/wp-content\/uploads\/2025\/09\/detail_pic_15-343.jpg\" width=\"790\" alt=\"\"\/><\/p>\n<p><img decoding=\"async\" class=\"alignnone size-full\" src=\"http:\/\/wxnuohui.com\/wp-content\/uploads\/2025\/09\/detail_pic_16-293.jpg\" width=\"790\" alt=\"\"\/><\/p>\n<p><img decoding=\"async\" class=\"alignnone size-full\" src=\"http:\/\/wxnuohui.com\/wp-content\/uploads\/2025\/09\/detail_pic_17-279.jpg\" width=\"790\" alt=\"\"\/><\/p>","protected":false},"excerpt":{"rendered":"<p>Kvaliteetne 350gsm 100% puuvillane Drop Shoulder Unisex \u00fclisuurte dressipluusid Crew Neck Sweat Shirt<\/p>","protected":false},"featured_media":11911,"template":"","meta":[],"product_brand":[],"product_cat":[27],"product_tag":[],"class_list":{"0":"post-12421","1":"product","2":"type-product","3":"status-publish","4":"has-post-thumbnail","6":"product_cat-hoodie","8":"first","9":"outofstock","10":"shipping-taxable","11":"product-type-variable"},"_links":{"self":[{"href":"https:\/\/wxnuohui.com\/et\/wp-json\/wp\/v2\/product\/12421","targetHints":{"allow":["GET"]}}],"collection":[{"href":"https:\/\/wxnuohui.com\/et\/wp-json\/wp\/v2\/product"}],"about":[{"href":"https:\/\/wxnuohui.com\/et\/wp-json\/wp\/v2\/types\/product"}],"wp:featuredmedia":[{"embeddable":true,"href":"https:\/\/wxnuohui.com\/et\/wp-json\/wp\/v2\/media\/11911"}],"wp:attachment":[{"href":"https:\/\/wxnuohui.com\/et\/wp-json\/wp\/v2\/media?parent=12421"}],"wp:term":[{"taxonomy":"product_brand","embeddable":true,"href":"https:\/\/wxnuohui.com\/et\/wp-json\/wp\/v2\/product_brand?post=12421"},{"taxonomy":"product_cat","embeddable":true,"href":"https:\/\/wxnuohui.com\/et\/wp-json\/wp\/v2\/product_cat?post=12421"},{"taxonomy":"product_tag","embeddable":true,"href":"https:\/\/wxnuohui.com\/et\/wp-json\/wp\/v2\/product_tag?post=12421"}],"curies":[{"name":"wp","href":"https:\/\/api.w.org\/{rel}","templated":true}]}}