{"id":12413,"date":"2025-09-13T10:55:48","date_gmt":"2025-09-13T10:55:48","guid":{"rendered":"https:\/\/wxnuohui.com\/product\/wholesale-100-cotton-heavyweight-clothing-sweatshirts-custom-printing-oversize-men-plain-pullover-hoodie-embroidery-hoodies\/"},"modified":"2025-09-13T10:55:49","modified_gmt":"2025-09-13T10:55:49","slug":"wholesale-100-cotton-heavyweight-clothing-sweatshirts-custom-printing-oversize-men-plain-pullover-hoodie-embroidery-hoodies","status":"publish","type":"product","link":"https:\/\/wxnuohui.com\/et\/product\/wholesale-100-cotton-heavyweight-clothing-sweatshirts-custom-printing-oversize-men-plain-pullover-hoodie-embroidery-hoodies\/","title":{"rendered":"Hulgim\u00fc\u00fck 100% Puuvillane raskekaaluline riietus dressipluusid Custom Printing Oversize Men Plain Pullover Hoodie Embroidery Hoodies"},"content":{"rendered":"<p>7 p\u00e4eva proovi tellimuse esitamise aeg: tugi<br \/>\nDisain: Vooderdamata<br \/>\nVarrukate stiil:Batwing varrukas<br \/>\nN\u00f5ela tuvastamine: Jah<br \/>\nKudumise meetod:Kootud<br \/>\nMustri t\u00fc\u00fcp: Prindi<br \/>\nKanga kaal: 360 grammi, 460 grammi<br \/>\nTr\u00fckkimismeetodid: Puuduvad<br \/>\nT\u00fc\u00fcp: Pullover<br \/>\nPaigalduse t\u00fc\u00fcp: Tavaline sobivus<br \/>\nPikkus: Tavaline<br \/>\nTarne t\u00fc\u00fcp: Oem Service<br \/>\nTehnika: pestud<br \/>\nKrae:Kapuutsiga<br \/>\nStiil:Pullover<br \/>\nHooaeg: Talv<br \/>\nFunktsioon: kortsumisvastane, Anti-Pilling, hingav, tuulekindel, kokkut\u00f5mbumisvastane<br \/>\nKanga t\u00fc\u00fcp: Silmkoeline<br \/>\nMaterjal: 100% puuvillane<br \/>\nLogo asukoht: Eespool<br \/>\nSugu:Mehed<br \/>\nMudeli number: Kohandatud kapuutsid<br \/>\nP\u00e4ritolukoht: Jiangsu, Hiina<br \/>\nKaubam\u00e4rk: NH-725299157790<br \/>\nM\u00fc\u00fcgikogused:\u00dcksikartikkel<br \/>\n\u00dche pakendi suurus: 26X15X18 cm<br \/>\n\u00dcksik brutokaal: 1.200 kg<\/p>\n<p><img decoding=\"async\" class=\"alignnone size-full\" src=\"http:\/\/wxnuohui.com\/wp-content\/uploads\/2025\/09\/detail_pic_0-125.png\" width=\"790\" alt=\"\"\/><\/p>\n<p><img decoding=\"async\" class=\"alignnone size-full\" src=\"http:\/\/wxnuohui.com\/wp-content\/uploads\/2025\/09\/detail_pic_1-250.jpg\" width=\"790\" alt=\"\"\/><\/p>\n<p><img decoding=\"async\" class=\"alignnone size-full\" src=\"http:\/\/wxnuohui.com\/wp-content\/uploads\/2025\/09\/detail_pic_2-257.jpg\" width=\"790\" alt=\"\"\/><\/p>\n<p><img decoding=\"async\" class=\"alignnone size-full\" src=\"http:\/\/wxnuohui.com\/wp-content\/uploads\/2025\/09\/detail_pic_3.gif\" width=\"790\" alt=\"\"\/><\/p>\n<p><img decoding=\"async\" class=\"alignnone size-full\" src=\"http:\/\/wxnuohui.com\/wp-content\/uploads\/2025\/09\/detail_pic_4-295.jpg\" width=\"790\" alt=\"\"\/><\/p>\n<p><img decoding=\"async\" class=\"alignnone size-full\" src=\"http:\/\/wxnuohui.com\/wp-content\/uploads\/2025\/09\/detail_pic_5-345.jpg\" width=\"790\" alt=\"\"\/><\/p>\n<p><img decoding=\"async\" class=\"alignnone size-full\" src=\"http:\/\/wxnuohui.com\/wp-content\/uploads\/2025\/09\/detail_pic_6-256.jpg\" width=\"790\" alt=\"\"\/><\/p>\n<p><img decoding=\"async\" class=\"alignnone size-full\" src=\"http:\/\/wxnuohui.com\/wp-content\/uploads\/2025\/09\/detail_pic_7-185.png\" width=\"790\" alt=\"\"\/><\/p>\n<p><img decoding=\"async\" class=\"alignnone size-full\" src=\"http:\/\/wxnuohui.com\/wp-content\/uploads\/2025\/09\/detail_pic_8-191.png\" width=\"790\" alt=\"\"\/><\/p>\n<p><img decoding=\"async\" class=\"alignnone size-full\" src=\"http:\/\/wxnuohui.com\/wp-content\/uploads\/2025\/09\/detail_pic_9-172.png\" width=\"790\" alt=\"\"\/><\/p>\n<p><img decoding=\"async\" class=\"alignnone size-full\" src=\"http:\/\/wxnuohui.com\/wp-content\/uploads\/2025\/09\/detail_pic_10-375.jpg\" width=\"790\" alt=\"\"\/><\/p>\n<p><img decoding=\"async\" class=\"alignnone size-full\" src=\"http:\/\/wxnuohui.com\/wp-content\/uploads\/2025\/09\/detail_pic_11-369.jpg\" width=\"790\" alt=\"\"\/><\/p>\n<p><img decoding=\"async\" class=\"alignnone size-full\" src=\"http:\/\/wxnuohui.com\/wp-content\/uploads\/2025\/09\/detail_pic_12-357.jpg\" width=\"790\" alt=\"\"\/><\/p>\n<p><img decoding=\"async\" class=\"alignnone size-full\" src=\"http:\/\/wxnuohui.com\/wp-content\/uploads\/2025\/09\/detail_pic_13-332.jpg\" width=\"790\" alt=\"\"\/><\/p>\n<p><img decoding=\"async\" class=\"alignnone size-full\" src=\"http:\/\/wxnuohui.com\/wp-content\/uploads\/2025\/09\/detail_pic_14-146.png\" width=\"790\" alt=\"\"\/><\/p>\n<p><img decoding=\"async\" class=\"alignnone size-full\" src=\"http:\/\/wxnuohui.com\/wp-content\/uploads\/2025\/09\/detail_pic_15-335.jpg\" width=\"790\" alt=\"\"\/><\/p>\n<p><img decoding=\"async\" class=\"alignnone size-full\" src=\"http:\/\/wxnuohui.com\/wp-content\/uploads\/2025\/09\/detail_pic_16-285.jpg\" width=\"790\" alt=\"\"\/><\/p>\n<p><img decoding=\"async\" class=\"alignnone size-full\" src=\"http:\/\/wxnuohui.com\/wp-content\/uploads\/2025\/09\/detail_pic_17-271.jpg\" width=\"790\" alt=\"\"\/><\/p>","protected":false},"excerpt":{"rendered":"<p>Hulgim\u00fc\u00fck 100% Puuvillane raskekaaluline riietus dressipluusid Custom Printing Oversize Men Plain Pullover Hoodie Embroidery Hoodies<\/p>","protected":false},"featured_media":11711,"template":"","meta":[],"product_brand":[],"product_cat":[27],"product_tag":[],"class_list":{"0":"post-12413","1":"product","2":"type-product","3":"status-publish","4":"has-post-thumbnail","6":"product_cat-hoodie","8":"first","9":"outofstock","10":"shipping-taxable","11":"product-type-variable"},"_links":{"self":[{"href":"https:\/\/wxnuohui.com\/et\/wp-json\/wp\/v2\/product\/12413","targetHints":{"allow":["GET"]}}],"collection":[{"href":"https:\/\/wxnuohui.com\/et\/wp-json\/wp\/v2\/product"}],"about":[{"href":"https:\/\/wxnuohui.com\/et\/wp-json\/wp\/v2\/types\/product"}],"wp:featuredmedia":[{"embeddable":true,"href":"https:\/\/wxnuohui.com\/et\/wp-json\/wp\/v2\/media\/11711"}],"wp:attachment":[{"href":"https:\/\/wxnuohui.com\/et\/wp-json\/wp\/v2\/media?parent=12413"}],"wp:term":[{"taxonomy":"product_brand","embeddable":true,"href":"https:\/\/wxnuohui.com\/et\/wp-json\/wp\/v2\/product_brand?post=12413"},{"taxonomy":"product_cat","embeddable":true,"href":"https:\/\/wxnuohui.com\/et\/wp-json\/wp\/v2\/product_cat?post=12413"},{"taxonomy":"product_tag","embeddable":true,"href":"https:\/\/wxnuohui.com\/et\/wp-json\/wp\/v2\/product_tag?post=12413"}],"curies":[{"name":"wp","href":"https:\/\/api.w.org\/{rel}","templated":true}]}}