{"id":12341,"date":"2025-09-13T10:54:49","date_gmt":"2025-09-13T10:54:49","guid":{"rendered":"https:\/\/wxnuohui.com\/product\/high-quality-custom-made-streetwear-printing-embroidery-logo-label-gym-fitness-thin-men-hoodie\/"},"modified":"2025-09-13T10:54:49","modified_gmt":"2025-09-13T10:54:49","slug":"high-quality-custom-made-streetwear-printing-embroidery-logo-label-gym-fitness-thin-men-hoodie","status":"publish","type":"product","link":"https:\/\/wxnuohui.com\/et\/product\/high-quality-custom-made-streetwear-printing-embroidery-logo-label-gym-fitness-thin-men-hoodie\/","title":{"rendered":"K\u00f5rge kvaliteediga Custom-Made Streetwear tr\u00fckkimine tikand Logo Label Gym Fitness Thin Men Hoodie"},"content":{"rendered":"<p>7 p\u00e4eva proovi tellimuse esitamise aeg: tugi<br \/>\nDisain: Vooderdamata<br \/>\nVarrukate stiil:Tavaline<br \/>\nN\u00f5ela tuvastamine: Jah<br \/>\nKudumise meetod:Kootud<br \/>\nMustri t\u00fc\u00fcp: T\u00e4isv\u00e4rvi<br \/>\nKanga kaal: 180 grammi<br \/>\nTr\u00fckkimismeetodid: Puuduvad<br \/>\nT\u00fc\u00fcp: Pullover<br \/>\nPaigalduse t\u00fc\u00fcp: Tavaline sobivus<br \/>\nPikkus: Tavaline<br \/>\nTarne t\u00fc\u00fcp: Oem Service<br \/>\nTehnika: tavaline v\u00e4rvitud<br \/>\nKrae:O-kaelus<br \/>\nStiil:Pullover<br \/>\nHooaeg: Kevad<br \/>\nFunktsioon: kortsumisvastane, kokkut\u00f5mbumisvastane<br \/>\nKanga t\u00fc\u00fcp: Jersey<br \/>\nMaterjal: Spandex \/ pol\u00fcester<br \/>\nLogo asukoht: Eespool<br \/>\nSugu:Mehed<br \/>\nMudeli number: Meeste kapuuts<br \/>\nP\u00e4ritolukoht: Jiangsu, Hiina<br \/>\nBr\u00e4ndi nimi: NH<br \/>\nM\u00fc\u00fcgikogused:\u00dcksikartikkel<br \/>\n\u00dche pakendi suurus: 20X11X14 cm<br \/>\n\u00dcksik brutomass: 0.500 kg<\/p>\n<p><img decoding=\"async\" class=\"alignnone size-full\" src=\"http:\/\/wxnuohui.com\/wp-content\/uploads\/2025\/09\/detail_pic_0-186.jpg\" width=\"790\" alt=\"\"\/><\/p>\n<p><img decoding=\"async\" class=\"alignnone size-full\" src=\"http:\/\/wxnuohui.com\/wp-content\/uploads\/2025\/09\/detail_pic_1-118.png\" width=\"790\" alt=\"\"\/><\/p>\n<p><img decoding=\"async\" class=\"alignnone size-full\" src=\"http:\/\/wxnuohui.com\/wp-content\/uploads\/2025\/09\/detail_pic_2-109.png\" width=\"790\" alt=\"\"\/><\/p>\n<p><img decoding=\"async\" class=\"alignnone size-full\" src=\"http:\/\/wxnuohui.com\/wp-content\/uploads\/2025\/09\/detail_pic_3-73.png\" width=\"790\" alt=\"\"\/><\/p>\n<p><img decoding=\"async\" class=\"alignnone size-full\" src=\"http:\/\/wxnuohui.com\/wp-content\/uploads\/2025\/09\/detail_pic_4-236.jpg\" width=\"790\" alt=\"\"\/><\/p>\n<p><img decoding=\"async\" class=\"alignnone size-full\" src=\"http:\/\/wxnuohui.com\/wp-content\/uploads\/2025\/09\/detail_pic_5-278.jpg\" width=\"790\" alt=\"\"\/><\/p>\n<p><img decoding=\"async\" class=\"alignnone size-full\" src=\"http:\/\/wxnuohui.com\/wp-content\/uploads\/2025\/09\/detail_pic_6-200.jpg\" width=\"790\" alt=\"\"\/><\/p>\n<p><img decoding=\"async\" class=\"alignnone size-full\" src=\"http:\/\/wxnuohui.com\/wp-content\/uploads\/2025\/09\/detail_pic_7-168.jpg\" width=\"790\" alt=\"\"\/><\/p>\n<p><img decoding=\"async\" class=\"alignnone size-full\" src=\"http:\/\/wxnuohui.com\/wp-content\/uploads\/2025\/09\/detail_pic_8-135.png\" width=\"790\" alt=\"\"\/><\/p>\n<p><img decoding=\"async\" class=\"alignnone size-full\" src=\"http:\/\/wxnuohui.com\/wp-content\/uploads\/2025\/09\/detail_pic_9-185.jpg\" width=\"790\" alt=\"\"\/><\/p>\n<p><img decoding=\"async\" class=\"alignnone size-full\" src=\"http:\/\/wxnuohui.com\/wp-content\/uploads\/2025\/09\/detail_pic_10-303.jpg\" width=\"790\" alt=\"\"\/><\/p>\n<p><img decoding=\"async\" class=\"alignnone size-full\" src=\"http:\/\/wxnuohui.com\/wp-content\/uploads\/2025\/09\/detail_pic_11-300.jpg\" width=\"790\" alt=\"\"\/><\/p>","protected":false},"excerpt":{"rendered":"<p>K\u00f5rge kvaliteediga Custom-Made Streetwear tr\u00fckkimine tikand Logo Label Gym Fitness Thin Men Hoodie<\/p>","protected":false},"featured_media":9980,"template":"","meta":[],"product_brand":[],"product_cat":[27],"product_tag":[],"class_list":{"0":"post-12341","1":"product","2":"type-product","3":"status-publish","4":"has-post-thumbnail","6":"product_cat-hoodie","8":"first","9":"outofstock","10":"shipping-taxable","11":"product-type-variable"},"_links":{"self":[{"href":"https:\/\/wxnuohui.com\/et\/wp-json\/wp\/v2\/product\/12341","targetHints":{"allow":["GET"]}}],"collection":[{"href":"https:\/\/wxnuohui.com\/et\/wp-json\/wp\/v2\/product"}],"about":[{"href":"https:\/\/wxnuohui.com\/et\/wp-json\/wp\/v2\/types\/product"}],"wp:featuredmedia":[{"embeddable":true,"href":"https:\/\/wxnuohui.com\/et\/wp-json\/wp\/v2\/media\/9980"}],"wp:attachment":[{"href":"https:\/\/wxnuohui.com\/et\/wp-json\/wp\/v2\/media?parent=12341"}],"wp:term":[{"taxonomy":"product_brand","embeddable":true,"href":"https:\/\/wxnuohui.com\/et\/wp-json\/wp\/v2\/product_brand?post=12341"},{"taxonomy":"product_cat","embeddable":true,"href":"https:\/\/wxnuohui.com\/et\/wp-json\/wp\/v2\/product_cat?post=12341"},{"taxonomy":"product_tag","embeddable":true,"href":"https:\/\/wxnuohui.com\/et\/wp-json\/wp\/v2\/product_tag?post=12341"}],"curies":[{"name":"wp","href":"https:\/\/api.w.org\/{rel}","templated":true}]}}