{"id":12324,"date":"2025-09-13T10:54:35","date_gmt":"2025-09-13T10:54:35","guid":{"rendered":"https:\/\/wxnuohui.com\/product\/wholesale-hot-sale-streetwear-fashion-custom-long-plain-blank-pullover-hoodies-women\/"},"modified":"2025-09-13T10:54:35","modified_gmt":"2025-09-13T10:54:35","slug":"wholesale-hot-sale-streetwear-fashion-custom-long-plain-blank-pullover-hoodies-women","status":"publish","type":"product","link":"https:\/\/wxnuohui.com\/et\/product\/wholesale-hot-sale-streetwear-fashion-custom-long-plain-blank-pullover-hoodies-women\/","title":{"rendered":"Hulgim\u00fc\u00fck Hot Sale Streetwear Fashion Custom Long Plain Blank Pullover Hoodies Naised"},"content":{"rendered":"<p>Kanga t\u00fc\u00fcp: Jersey<br \/>\nMaterjal: pol\u00fcester \/ puuvill<br \/>\nKanga kaal: 280 grammi<br \/>\nMustri t\u00fc\u00fcp: T\u00e4isv\u00e4rvi<br \/>\nVarruka pikkus: T\u00e4ielik<br \/>\nKrae:O-kaelus<br \/>\nStiil:Casual<br \/>\nDisain: Vooderdatud<br \/>\nHooaeg: S\u00fcgis<br \/>\nVarrukate stiil:Tavaline<br \/>\nR\u00f5iva pikkus:Tavaline<br \/>\nFunktsioon: kortsuvastane, hingav, keskkonnas\u00f5bralik<br \/>\nSugu:Naised<br \/>\nLogo asukoht: Ees, taga, vasak varrukas, parem varrukas, selja kaelus<br \/>\nLogo\/graafiline kujundus: siiditr\u00fckk, digitaalne tr\u00fckkimine, soojus\u00fclekandetr\u00fckk, paisutustr\u00fckk<br \/>\nKaunistus: Taskud<br \/>\nTarne t\u00fc\u00fcp: Oem Service<br \/>\n7 p\u00e4eva proovi tellimuse esitamise aeg: tugi<br \/>\nTehnika: tavaline v\u00e4rvitud<br \/>\nKudumise meetod:Kootud<br \/>\nMudeli number: Pikk kapuutsiga naiste<br \/>\nP\u00e4ritolukoht: Jiangsu, Hiina<br \/>\nBr\u00e4ndi nimi: NH<br \/>\nKanga kaal: 300 grammi<br \/>\nToote nimi:Plain Black Pullover Hoodies<br \/>\nM\u00e4rks\u00f5nad:Kapuutsikud Naised<br \/>\nMaksmine: Trade Assurance<br \/>\nTarneaeg: 7-15 p\u00e4eva<br \/>\nPakkimine: 1k\/kott<br \/>\nTeenus: 24 tundi online<br \/>\nProoviaeg: 5~7 p\u00e4eva<br \/>\nSAATMINE: DHL FEDEX UPS EMS TNT<br \/>\nN\u00e4ide:N\u00e4ide saadaval<br \/>\nTr\u00fckkimine: Custom Designs Print<br \/>\nM\u00fc\u00fcgikogused:\u00dcksikartikkel<br \/>\n\u00dche pakendi suurus: 26X15X18 cm<br \/>\n\u00dcksik brutomass: 0,700 kg<\/p>\n<p><img decoding=\"async\" class=\"alignnone size-full\" src=\"http:\/\/wxnuohui.com\/wp-content\/uploads\/2025\/09\/detail_pic_0-169.jpg\" width=\"790\" alt=\"\"\/><\/p>\n<p><img decoding=\"async\" class=\"alignnone size-full\" src=\"http:\/\/wxnuohui.com\/wp-content\/uploads\/2025\/09\/detail_pic_1-187.jpg\" width=\"790\" alt=\"\"\/><\/p>\n<p><img decoding=\"async\" class=\"alignnone size-full\" src=\"http:\/\/wxnuohui.com\/wp-content\/uploads\/2025\/09\/detail_pic_2-195.jpg\" width=\"790\" alt=\"\"\/><\/p>\n<p><img decoding=\"async\" class=\"alignnone size-full\" src=\"http:\/\/wxnuohui.com\/wp-content\/uploads\/2025\/09\/detail_pic_3-229.jpg\" width=\"790\" alt=\"\"\/><\/p>\n<p><img decoding=\"async\" class=\"alignnone size-full\" src=\"http:\/\/wxnuohui.com\/wp-content\/uploads\/2025\/09\/detail_pic_4-220.jpg\" width=\"790\" alt=\"\"\/><\/p>\n<p><img decoding=\"async\" class=\"alignnone size-full\" src=\"http:\/\/wxnuohui.com\/wp-content\/uploads\/2025\/09\/detail_pic_5-263.jpg\" width=\"790\" alt=\"\"\/><\/p>\n<p><img decoding=\"async\" class=\"alignnone size-full\" src=\"http:\/\/wxnuohui.com\/wp-content\/uploads\/2025\/09\/detail_pic_6-185.jpg\" width=\"790\" alt=\"\"\/><\/p>\n<p><img decoding=\"async\" class=\"alignnone size-full\" src=\"http:\/\/wxnuohui.com\/wp-content\/uploads\/2025\/09\/detail_pic_7-152.jpg\" width=\"790\" alt=\"\"\/><\/p>\n<p><img decoding=\"async\" class=\"alignnone size-full\" src=\"http:\/\/wxnuohui.com\/wp-content\/uploads\/2025\/09\/detail_pic_8-166.jpg\" width=\"790\" alt=\"\"\/><\/p>\n<p><img decoding=\"async\" class=\"alignnone size-full\" src=\"http:\/\/wxnuohui.com\/wp-content\/uploads\/2025\/09\/detail_pic_9-170.jpg\" width=\"790\" alt=\"\"\/><\/p>\n<p><img decoding=\"async\" class=\"alignnone size-full\" src=\"http:\/\/wxnuohui.com\/wp-content\/uploads\/2025\/09\/detail_pic_10-288.jpg\" width=\"790\" alt=\"\"\/><\/p>\n<p><img decoding=\"async\" class=\"alignnone size-full\" src=\"http:\/\/wxnuohui.com\/wp-content\/uploads\/2025\/09\/detail_pic_11-284.jpg\" width=\"790\" alt=\"\"\/><\/p>\n<p><img decoding=\"async\" class=\"alignnone size-full\" src=\"http:\/\/wxnuohui.com\/wp-content\/uploads\/2025\/09\/detail_pic_12-284.jpg\" width=\"790\" alt=\"\"\/><\/p>\n<p><img decoding=\"async\" class=\"alignnone size-full\" src=\"http:\/\/wxnuohui.com\/wp-content\/uploads\/2025\/09\/detail_pic_13-267.jpg\" width=\"790\" alt=\"\"\/><\/p>\n<p><img decoding=\"async\" class=\"alignnone size-full\" src=\"http:\/\/wxnuohui.com\/wp-content\/uploads\/2025\/09\/detail_pic_14-89.png\" width=\"790\" alt=\"\"\/><\/p>\n<p><img decoding=\"async\" class=\"alignnone size-full\" src=\"http:\/\/wxnuohui.com\/wp-content\/uploads\/2025\/09\/detail_pic_15-266.jpg\" width=\"790\" alt=\"\"\/><\/p>\n<p><img decoding=\"async\" class=\"alignnone size-full\" src=\"http:\/\/wxnuohui.com\/wp-content\/uploads\/2025\/09\/detail_pic_16-218.jpg\" width=\"790\" alt=\"\"\/><\/p>\n<p><img decoding=\"async\" class=\"alignnone size-full\" src=\"http:\/\/wxnuohui.com\/wp-content\/uploads\/2025\/09\/detail_pic_17-214.jpg\" width=\"790\" alt=\"\"\/><\/p>","protected":false},"excerpt":{"rendered":"<p>Hulgim\u00fc\u00fck Hot Sale Streetwear Fashion Custom Long Plain Blank Pullover Hoodies Naised<\/p>","protected":false},"featured_media":9616,"template":"","meta":[],"product_brand":[],"product_cat":[27],"product_tag":[],"class_list":{"0":"post-12324","1":"product","2":"type-product","3":"status-publish","4":"has-post-thumbnail","6":"product_cat-hoodie","8":"first","9":"outofstock","10":"shipping-taxable","11":"product-type-variable"},"_links":{"self":[{"href":"https:\/\/wxnuohui.com\/et\/wp-json\/wp\/v2\/product\/12324","targetHints":{"allow":["GET"]}}],"collection":[{"href":"https:\/\/wxnuohui.com\/et\/wp-json\/wp\/v2\/product"}],"about":[{"href":"https:\/\/wxnuohui.com\/et\/wp-json\/wp\/v2\/types\/product"}],"wp:featuredmedia":[{"embeddable":true,"href":"https:\/\/wxnuohui.com\/et\/wp-json\/wp\/v2\/media\/9616"}],"wp:attachment":[{"href":"https:\/\/wxnuohui.com\/et\/wp-json\/wp\/v2\/media?parent=12324"}],"wp:term":[{"taxonomy":"product_brand","embeddable":true,"href":"https:\/\/wxnuohui.com\/et\/wp-json\/wp\/v2\/product_brand?post=12324"},{"taxonomy":"product_cat","embeddable":true,"href":"https:\/\/wxnuohui.com\/et\/wp-json\/wp\/v2\/product_cat?post=12324"},{"taxonomy":"product_tag","embeddable":true,"href":"https:\/\/wxnuohui.com\/et\/wp-json\/wp\/v2\/product_tag?post=12324"}],"curies":[{"name":"wp","href":"https:\/\/api.w.org\/{rel}","templated":true}]}}