{"id":9213,"date":"2025-09-13T06:21:12","date_gmt":"2025-09-13T06:21:12","guid":{"rendered":"https:\/\/wxnuohui.com\/product\/new-sports-clothes-summer-solid-color-t-shirt-with-short-pants-sleeves-two-piece-set-women-2\/"},"modified":"2025-09-13T06:21:13","modified_gmt":"2025-09-13T06:21:13","slug":"new-sports-clothes-summer-solid-color-t-shirt-with-short-pants-sleeves-two-piece-set-women-2","status":"publish","type":"product","link":"https:\/\/wxnuohui.com\/es\/product\/new-sports-clothes-summer-solid-color-t-shirt-with-short-pants-sleeves-two-piece-set-women-2\/","title":{"rendered":"Nueva Ropa Deportiva Verano Color S\u00f3lido Camiseta Con Mangas Pantalones Cortos Conjunto De Dos Piezas Mujer"},"content":{"rendered":"<p>Sexo:Mujer<br \/>\nTemporada:Verano<br \/>\nDecoraci\u00f3n:Ninguna<br \/>\nTipo de tejido:Punto<br \/>\nMaterial:Poli\u00e9ster \/ Algod\u00f3n<br \/>\nTipo:Conjunto de pantal\u00f3n corto de 2 piezas<br \/>\nLargo del top:Regular<br \/>\nM\u00e9todos de impresi\u00f3n:Serigraf\u00eda<br \/>\nTipo de motivo: S\u00f3lido<br \/>\nLongitud de la manga:Corta<br \/>\nTipo de parte superior:Parte superior<br \/>\n7 d\u00edas de plazo de pedido de muestras:Asistencia<br \/>\nCaracter\u00edstica:Antipilling, Transpirable, Ecol\u00f3gica<br \/>\nLargo:Por encima de la rodilla<br \/>\nTipo de suministro:Oem Service<br \/>\nTipo de ajuste:Regular<br \/>\nT\u00e9cnicas:Impreso<br \/>\nM\u00e9todo de tejido: punto<br \/>\nCuello: cuello en O<br \/>\nEstilo:Casual<br \/>\nPeso del tejido:220 gramos<br \/>\nN\u00famero de modelo: Two Piece Set Women<br \/>\nLugar de origen: Jiangsu, China<br \/>\nMarca:NH-639109298709<br \/>\nNombre del producto:Verano de color s\u00f3lido camiseta con pantalones cortos<br \/>\nPalabras clave:Conjunto de dos piezas Mujer<br \/>\nServicio:24 horas en l\u00ednea<br \/>\nPago:Garant\u00eda comercial<br \/>\nImpresi\u00f3n:Impresi\u00f3n de dise\u00f1os personalizados<br \/>\nMuestra:3-5 d\u00edas<br \/>\nEmbalaje:1pc\/polybag<br \/>\nPlazo de entrega: 7~15 d\u00edas<br \/>\nEtiqueta y logotipo: personalizados<br \/>\nEnv\u00edo:DHLEMSUPSFEDEXpor Seaby Air<br \/>\nUnidades de venta:Art\u00edculo individual<br \/>\nTama\u00f1o del envase individual:20X11X14 cm<br \/>\nPeso bruto individual:0,500 kg<\/p>\n<p><img decoding=\"async\" class=\"alignnone size-full\" src=\"http:\/\/wxnuohui.com\/wp-content\/uploads\/2025\/09\/detail_pic_0-140.jpg\" width=\"790\" alt=\"\"\/><\/p>\n<p><img decoding=\"async\" class=\"alignnone size-full\" src=\"http:\/\/wxnuohui.com\/wp-content\/uploads\/2025\/09\/detail_pic_1-160.jpg\" width=\"790\" alt=\"\"\/><\/p>\n<p><img decoding=\"async\" class=\"alignnone size-full\" src=\"http:\/\/wxnuohui.com\/wp-content\/uploads\/2025\/09\/detail_pic_2-167.jpg\" width=\"790\" alt=\"\"\/><\/p>\n<p><img decoding=\"async\" class=\"alignnone size-full\" src=\"http:\/\/wxnuohui.com\/wp-content\/uploads\/2025\/09\/detail_pic_3-202.jpg\" width=\"790\" alt=\"\"\/><\/p>\n<p><img decoding=\"async\" class=\"alignnone size-full\" src=\"http:\/\/wxnuohui.com\/wp-content\/uploads\/2025\/09\/detail_pic_4-193.jpg\" width=\"790\" alt=\"\"\/><\/p>\n<p><img decoding=\"async\" class=\"alignnone size-full\" src=\"http:\/\/wxnuohui.com\/wp-content\/uploads\/2025\/09\/detail_pic_5-236.jpg\" width=\"790\" alt=\"\"\/><\/p>\n<p><img decoding=\"async\" class=\"alignnone size-full\" src=\"http:\/\/wxnuohui.com\/wp-content\/uploads\/2025\/09\/detail_pic_6-158.jpg\" width=\"790\" alt=\"\"\/><\/p>\n<p><img decoding=\"async\" class=\"alignnone size-full\" src=\"http:\/\/wxnuohui.com\/wp-content\/uploads\/2025\/09\/detail_pic_7-128.jpg\" width=\"790\" alt=\"\"\/><\/p>\n<p><img decoding=\"async\" class=\"alignnone size-full\" src=\"http:\/\/wxnuohui.com\/wp-content\/uploads\/2025\/09\/detail_pic_8-140.jpg\" width=\"790\" alt=\"\"\/><\/p>\n<p><img decoding=\"async\" class=\"alignnone size-full\" src=\"http:\/\/wxnuohui.com\/wp-content\/uploads\/2025\/09\/detail_pic_9-154.jpg\" width=\"790\" alt=\"\"\/><\/p>\n<p><img decoding=\"async\" class=\"alignnone size-full\" src=\"http:\/\/wxnuohui.com\/wp-content\/uploads\/2025\/09\/detail_pic_10-263.jpg\" width=\"790\" alt=\"\"\/><\/p>\n<p><img decoding=\"async\" class=\"alignnone size-full\" src=\"http:\/\/wxnuohui.com\/wp-content\/uploads\/2025\/09\/detail_pic_11-258.jpg\" width=\"790\" alt=\"\"\/><\/p>\n<p><img decoding=\"async\" class=\"alignnone size-full\" src=\"http:\/\/wxnuohui.com\/wp-content\/uploads\/2025\/09\/detail_pic_12-256.jpg\" width=\"790\" alt=\"\"\/><\/p>\n<p><img decoding=\"async\" class=\"alignnone size-full\" src=\"http:\/\/wxnuohui.com\/wp-content\/uploads\/2025\/09\/detail_pic_13-243.jpg\" width=\"790\" alt=\"\"\/><\/p>\n<p><img decoding=\"async\" class=\"alignnone size-full\" src=\"http:\/\/wxnuohui.com\/wp-content\/uploads\/2025\/09\/detail_pic_14-73.png\" width=\"790\" alt=\"\"\/><\/p>\n<p><img decoding=\"async\" class=\"alignnone size-full\" src=\"http:\/\/wxnuohui.com\/wp-content\/uploads\/2025\/09\/detail_pic_15-246.jpg\" width=\"790\" alt=\"\"\/><\/p>\n<p><img decoding=\"async\" class=\"alignnone size-full\" src=\"http:\/\/wxnuohui.com\/wp-content\/uploads\/2025\/09\/detail_pic_16-199.jpg\" width=\"790\" alt=\"\"\/><\/p>\n<p><img decoding=\"async\" class=\"alignnone size-full\" src=\"http:\/\/wxnuohui.com\/wp-content\/uploads\/2025\/09\/detail_pic_17-198.jpg\" width=\"790\" alt=\"\"\/><\/p>","protected":false},"excerpt":{"rendered":"<p>Nueva Ropa Deportiva Verano Color S\u00f3lido Camiseta Con Mangas Pantalones Cortos Conjunto De Dos Piezas Mujer<\/p>","protected":false},"featured_media":8789,"template":"","meta":[],"product_brand":[],"product_cat":[22],"product_tag":[],"class_list":{"0":"post-9213","1":"product","2":"type-product","3":"status-publish","4":"has-post-thumbnail","6":"product_cat-women-set","8":"first","9":"outofstock","10":"shipping-taxable","11":"product-type-variable"},"_links":{"self":[{"href":"https:\/\/wxnuohui.com\/es\/wp-json\/wp\/v2\/product\/9213","targetHints":{"allow":["GET"]}}],"collection":[{"href":"https:\/\/wxnuohui.com\/es\/wp-json\/wp\/v2\/product"}],"about":[{"href":"https:\/\/wxnuohui.com\/es\/wp-json\/wp\/v2\/types\/product"}],"wp:featuredmedia":[{"embeddable":true,"href":"https:\/\/wxnuohui.com\/es\/wp-json\/wp\/v2\/media\/8789"}],"wp:attachment":[{"href":"https:\/\/wxnuohui.com\/es\/wp-json\/wp\/v2\/media?parent=9213"}],"wp:term":[{"taxonomy":"product_brand","embeddable":true,"href":"https:\/\/wxnuohui.com\/es\/wp-json\/wp\/v2\/product_brand?post=9213"},{"taxonomy":"product_cat","embeddable":true,"href":"https:\/\/wxnuohui.com\/es\/wp-json\/wp\/v2\/product_cat?post=9213"},{"taxonomy":"product_tag","embeddable":true,"href":"https:\/\/wxnuohui.com\/es\/wp-json\/wp\/v2\/product_tag?post=9213"}],"curies":[{"name":"wp","href":"https:\/\/api.w.org\/{rel}","templated":true}]}}