{"id":9158,"date":"2025-09-13T06:20:29","date_gmt":"2025-09-13T06:20:29","guid":{"rendered":"https:\/\/wxnuohui.com\/product\/wholesale-good-quality-plain-women-crop-top-and-pants-two-piece-outfits-set\/"},"modified":"2025-09-13T06:20:30","modified_gmt":"2025-09-13T06:20:30","slug":"wholesale-good-quality-plain-women-crop-top-and-pants-two-piece-outfits-set","status":"publish","type":"product","link":"https:\/\/wxnuohui.com\/es\/product\/wholesale-good-quality-plain-women-crop-top-and-pants-two-piece-outfits-set\/","title":{"rendered":"Mayorista Buena Calidad Plain Women Crop Top and Pants Two Piece Outfits Set"},"content":{"rendered":"<p>Sexo:Mujer<br \/>\nTemporada:Verano<br \/>\nDecoraci\u00f3n:Ninguna<br \/>\nTipo de tejido:Punto<br \/>\nMaterial:Poli\u00e9ster \/ Algod\u00f3n<br \/>\nTipo:Juego largo de 2 piezas<br \/>\nLargo del top:Corto<br \/>\nM\u00e9todos de impresi\u00f3n:Ninguno<br \/>\nTipo de motivo: S\u00f3lido<br \/>\nLongitud de la manga:Corta<br \/>\nTipo de parte superior:Parte superior<br \/>\n7 d\u00edas de plazo de pedido de muestras:Asistencia<br \/>\nCaracter\u00edstica:Transpirable, respetuoso con el medio ambiente<br \/>\nLargo:Por encima de la rodilla<br \/>\nTipo de suministro:Oem Service<br \/>\nTipo de ajuste:Regular<br \/>\nT\u00e9cnicas:Impreso<br \/>\nM\u00e9todo de tejido: punto<br \/>\nCuello: cuello en O<br \/>\nEstilo:Casual<br \/>\nPeso del tejido:260 gramos<br \/>\nN\u00famero de modelo:Two Piece Outfits Set<br \/>\nLugar de origen: Jiangsu, China<br \/>\nMarca:NH<br \/>\nNombre del producto:Plain Women Crop Top And Pants<br \/>\nPalabras clave:Conjunto de dos piezas<br \/>\nServicio:24 horas en l\u00ednea<br \/>\nPago:Garant\u00eda comercial<br \/>\nImpresi\u00f3n:Impresi\u00f3n de dise\u00f1os personalizados<br \/>\nMuestra:3-5 d\u00edas<br \/>\nEmbalaje:1pc\/polybag<br \/>\nPlazo de entrega: 7~15 d\u00edas<br \/>\nEtiqueta y logotipo: personalizados<br \/>\nEnv\u00edo:DHLEMSUPSFEDEXpor Seaby Air<br \/>\nUnidades de venta:Art\u00edculo individual<br \/>\nTama\u00f1o del envase individual:23X13X16 cm<br \/>\nPeso bruto individual:0,600 kg<\/p>\n<p><img decoding=\"async\" class=\"alignnone size-full\" src=\"http:\/\/wxnuohui.com\/wp-content\/uploads\/2025\/09\/detail_pic_0-97.jpg\" width=\"790\" alt=\"\"\/><\/p>\n<p><img decoding=\"async\" class=\"alignnone size-full\" src=\"http:\/\/wxnuohui.com\/wp-content\/uploads\/2025\/09\/detail_pic_1-113.jpg\" width=\"790\" alt=\"\"\/><\/p>\n<p><img decoding=\"async\" class=\"alignnone size-full\" src=\"http:\/\/wxnuohui.com\/wp-content\/uploads\/2025\/09\/detail_pic_2-118.jpg\" width=\"790\" alt=\"\"\/><\/p>\n<p><img decoding=\"async\" class=\"alignnone size-full\" src=\"http:\/\/wxnuohui.com\/wp-content\/uploads\/2025\/09\/detail_pic_3-153.jpg\" width=\"790\" alt=\"\"\/><\/p>\n<p><img decoding=\"async\" class=\"alignnone size-full\" src=\"http:\/\/wxnuohui.com\/wp-content\/uploads\/2025\/09\/detail_pic_4-144.jpg\" width=\"790\" alt=\"\"\/><\/p>\n<p><img decoding=\"async\" class=\"alignnone size-full\" src=\"http:\/\/wxnuohui.com\/wp-content\/uploads\/2025\/09\/detail_pic_5-187.jpg\" width=\"790\" alt=\"\"\/><\/p>\n<p><img decoding=\"async\" class=\"alignnone size-full\" src=\"http:\/\/wxnuohui.com\/wp-content\/uploads\/2025\/09\/detail_pic_6-119.jpg\" width=\"790\" alt=\"\"\/><\/p>\n<p><img decoding=\"async\" class=\"alignnone size-full\" src=\"http:\/\/wxnuohui.com\/wp-content\/uploads\/2025\/09\/detail_pic_7-98.jpg\" width=\"790\" alt=\"\"\/><\/p>\n<p><img decoding=\"async\" class=\"alignnone size-full\" src=\"http:\/\/wxnuohui.com\/wp-content\/uploads\/2025\/09\/detail_pic_8-118.jpg\" width=\"790\" alt=\"\"\/><\/p>\n<p><img decoding=\"async\" class=\"alignnone size-full\" src=\"http:\/\/wxnuohui.com\/wp-content\/uploads\/2025\/09\/detail_pic_9-137.jpg\" width=\"790\" alt=\"\"\/><\/p>\n<p><img decoding=\"async\" class=\"alignnone size-full\" src=\"http:\/\/wxnuohui.com\/wp-content\/uploads\/2025\/09\/detail_pic_10-211.jpg\" width=\"790\" alt=\"\"\/><\/p>\n<p><img decoding=\"async\" class=\"alignnone size-full\" src=\"http:\/\/wxnuohui.com\/wp-content\/uploads\/2025\/09\/detail_pic_11-6.png\" width=\"790\" alt=\"\"\/><\/p>\n<p><img decoding=\"async\" class=\"alignnone size-full\" src=\"http:\/\/wxnuohui.com\/wp-content\/uploads\/2025\/09\/detail_pic_12-206.jpg\" width=\"790\" alt=\"\"\/><\/p>\n<p><img decoding=\"async\" class=\"alignnone size-full\" src=\"http:\/\/wxnuohui.com\/wp-content\/uploads\/2025\/09\/detail_pic_13-204.jpg\" width=\"790\" alt=\"\"\/><\/p>\n<p><img decoding=\"async\" class=\"alignnone size-full\" src=\"http:\/\/wxnuohui.com\/wp-content\/uploads\/2025\/09\/detail_pic_14-172.jpg\" width=\"790\" alt=\"\"\/><\/p>","protected":false},"excerpt":{"rendered":"<p>Mayorista Buena Calidad Plain Women Crop Top and Pants Two Piece Outfits Set<\/p>","protected":false},"featured_media":7526,"template":"","meta":[],"product_brand":[],"product_cat":[22],"product_tag":[],"class_list":{"0":"post-9158","1":"product","2":"type-product","3":"status-publish","4":"has-post-thumbnail","6":"product_cat-women-set","8":"first","9":"outofstock","10":"shipping-taxable","11":"product-type-variable"},"_links":{"self":[{"href":"https:\/\/wxnuohui.com\/es\/wp-json\/wp\/v2\/product\/9158","targetHints":{"allow":["GET"]}}],"collection":[{"href":"https:\/\/wxnuohui.com\/es\/wp-json\/wp\/v2\/product"}],"about":[{"href":"https:\/\/wxnuohui.com\/es\/wp-json\/wp\/v2\/types\/product"}],"wp:featuredmedia":[{"embeddable":true,"href":"https:\/\/wxnuohui.com\/es\/wp-json\/wp\/v2\/media\/7526"}],"wp:attachment":[{"href":"https:\/\/wxnuohui.com\/es\/wp-json\/wp\/v2\/media?parent=9158"}],"wp:term":[{"taxonomy":"product_brand","embeddable":true,"href":"https:\/\/wxnuohui.com\/es\/wp-json\/wp\/v2\/product_brand?post=9158"},{"taxonomy":"product_cat","embeddable":true,"href":"https:\/\/wxnuohui.com\/es\/wp-json\/wp\/v2\/product_cat?post=9158"},{"taxonomy":"product_tag","embeddable":true,"href":"https:\/\/wxnuohui.com\/es\/wp-json\/wp\/v2\/product_tag?post=9158"}],"curies":[{"name":"wp","href":"https:\/\/api.w.org\/{rel}","templated":true}]}}