{"id":9147,"date":"2025-09-13T06:20:23","date_gmt":"2025-09-13T06:20:23","guid":{"rendered":"https:\/\/wxnuohui.com\/product\/womens-clothing-2-piece-sets-workout-graphic-sleeveless-t-shirts-short-sets-women-two-piece-set-summer\/"},"modified":"2025-09-13T06:20:24","modified_gmt":"2025-09-13T06:20:24","slug":"womens-clothing-2-piece-sets-workout-graphic-sleeveless-t-shirts-short-sets-women-two-piece-set-summer","status":"publish","type":"product","link":"https:\/\/wxnuohui.com\/es\/product\/womens-clothing-2-piece-sets-workout-graphic-sleeveless-t-shirts-short-sets-women-two-piece-set-summer\/","title":{"rendered":"Ropa de mujer Conjuntos de 2 piezas Workout Graphic Camisetas sin mangas Conjuntos cortos Mujer Conjunto de dos piezas Verano"},"content":{"rendered":"<p>Caracter\u00edstica:Transpirable, respetuoso con el medio ambiente<br \/>\nGrupo de edad:Adultos<br \/>\nTemporada:Verano<br \/>\nM\u00e9todos de impresi\u00f3n:Serigraf\u00eda<br \/>\nEstilo:Conjuntos<br \/>\nTipo de suministro:Art\u00edculos en stock<br \/>\nMaterial:Poli\u00e9ster \/ Algod\u00f3n<br \/>\n7 d\u00edas de plazo de pedido de muestras:Asistencia<br \/>\nSexo:Mujer<br \/>\nT\u00e9cnicas: Corte automatizado<br \/>\nCantidad disponible:5000<br \/>\nN\u00famero de modelo: Two Piece Set Summer<br \/>\nLugar de origen: Jiangsu, China<br \/>\nMarca:NH<br \/>\nNombre del producto:Ropa de mujer Conjuntos de 2 piezas<br \/>\nPalabras clave:Conjunto de dos piezas Verano<br \/>\nServicio:24 horas en l\u00ednea<br \/>\nPago:Garant\u00eda comercial<br \/>\nImpresi\u00f3n:Impresi\u00f3n de dise\u00f1os personalizados<br \/>\nMuestra:3-5 d\u00edas<br \/>\nEmbalaje:1pc\/polybag<br \/>\nPlazo de entrega: 7~15 d\u00edas<br \/>\nEtiqueta y logotipo: personalizados<br \/>\nEnv\u00edo:DHLEMSUPSFEDEXpor Seaby Air<br \/>\nDetalles de embalaje:1.Para la muestra, una pieza por bolsa de polietileno. 2.For la producci\u00f3n en masa, nuestro embalaje regular es Cart\u00f3n. 3.Also se aplican al requisito de clientes.<br \/>\nPuerto de expedici\u00f3n:ShangHai<br \/>\nUnidades de venta:Art\u00edculo individual<br \/>\nTama\u00f1o del envase individual:18X13X14 cm<br \/>\nPeso bruto individual:0,500 kg<br \/>\nEjemplos de envases:<br \/>\nCapacidad de suministro:5000 juegos al mes Two Piece Set Women<\/p>\n<p><img decoding=\"async\" class=\"alignnone size-full\" src=\"http:\/\/wxnuohui.com\/wp-content\/uploads\/2025\/09\/detail_pic_0-86.jpg\" width=\"790\" alt=\"\"\/><\/p>\n<p><img decoding=\"async\" class=\"alignnone size-full\" src=\"http:\/\/wxnuohui.com\/wp-content\/uploads\/2025\/09\/detail_pic_1-102.jpg\" width=\"790\" alt=\"\"\/><\/p>\n<p><img decoding=\"async\" class=\"alignnone size-full\" src=\"http:\/\/wxnuohui.com\/wp-content\/uploads\/2025\/09\/detail_pic_2-107.jpg\" width=\"790\" alt=\"\"\/><\/p>\n<p><img decoding=\"async\" class=\"alignnone size-full\" src=\"http:\/\/wxnuohui.com\/wp-content\/uploads\/2025\/09\/detail_pic_3-142.jpg\" width=\"790\" alt=\"\"\/><\/p>\n<p><img decoding=\"async\" class=\"alignnone size-full\" src=\"http:\/\/wxnuohui.com\/wp-content\/uploads\/2025\/09\/detail_pic_4-133.jpg\" width=\"790\" alt=\"\"\/><\/p>\n<p><img decoding=\"async\" class=\"alignnone size-full\" src=\"http:\/\/wxnuohui.com\/wp-content\/uploads\/2025\/09\/detail_pic_5-176.jpg\" width=\"790\" alt=\"\"\/><\/p>\n<p><img decoding=\"async\" class=\"alignnone size-full\" src=\"http:\/\/wxnuohui.com\/wp-content\/uploads\/2025\/09\/detail_pic_6-108.jpg\" width=\"790\" alt=\"\"\/><\/p>\n<p><img decoding=\"async\" class=\"alignnone size-full\" src=\"http:\/\/wxnuohui.com\/wp-content\/uploads\/2025\/09\/detail_pic_7-87.jpg\" width=\"790\" alt=\"\"\/><\/p>\n<p><img decoding=\"async\" class=\"alignnone size-full\" src=\"http:\/\/wxnuohui.com\/wp-content\/uploads\/2025\/09\/detail_pic_8-109.jpg\" width=\"790\" alt=\"\"\/><\/p>\n<p><img decoding=\"async\" class=\"alignnone size-full\" src=\"http:\/\/wxnuohui.com\/wp-content\/uploads\/2025\/09\/detail_pic_9-71.png\" width=\"790\" alt=\"\"\/><\/p>\n<p><img decoding=\"async\" class=\"alignnone size-full\" src=\"http:\/\/wxnuohui.com\/wp-content\/uploads\/2025\/09\/detail_pic_10-201.jpg\" width=\"790\" alt=\"\"\/><\/p>\n<p><img decoding=\"async\" class=\"alignnone size-full\" src=\"http:\/\/wxnuohui.com\/wp-content\/uploads\/2025\/09\/detail_pic_11-198.jpg\" width=\"790\" alt=\"\"\/><\/p>\n<p><img decoding=\"async\" class=\"alignnone size-full\" src=\"http:\/\/wxnuohui.com\/wp-content\/uploads\/2025\/09\/detail_pic_12-195.jpg\" width=\"790\" alt=\"\"\/><\/p>","protected":false},"excerpt":{"rendered":"<p>Ropa de mujer Conjuntos de 2 piezas Workout Graphic Camisetas sin mangas Conjuntos cortos Mujer Conjunto de dos piezas Verano<\/p>","protected":false},"featured_media":7267,"template":"","meta":[],"product_brand":[],"product_cat":[22],"product_tag":[],"class_list":{"0":"post-9147","1":"product","2":"type-product","3":"status-publish","4":"has-post-thumbnail","6":"product_cat-women-set","8":"first","9":"outofstock","10":"shipping-taxable","11":"product-type-variable"},"_links":{"self":[{"href":"https:\/\/wxnuohui.com\/es\/wp-json\/wp\/v2\/product\/9147","targetHints":{"allow":["GET"]}}],"collection":[{"href":"https:\/\/wxnuohui.com\/es\/wp-json\/wp\/v2\/product"}],"about":[{"href":"https:\/\/wxnuohui.com\/es\/wp-json\/wp\/v2\/types\/product"}],"wp:featuredmedia":[{"embeddable":true,"href":"https:\/\/wxnuohui.com\/es\/wp-json\/wp\/v2\/media\/7267"}],"wp:attachment":[{"href":"https:\/\/wxnuohui.com\/es\/wp-json\/wp\/v2\/media?parent=9147"}],"wp:term":[{"taxonomy":"product_brand","embeddable":true,"href":"https:\/\/wxnuohui.com\/es\/wp-json\/wp\/v2\/product_brand?post=9147"},{"taxonomy":"product_cat","embeddable":true,"href":"https:\/\/wxnuohui.com\/es\/wp-json\/wp\/v2\/product_cat?post=9147"},{"taxonomy":"product_tag","embeddable":true,"href":"https:\/\/wxnuohui.com\/es\/wp-json\/wp\/v2\/product_tag?post=9147"}],"curies":[{"name":"wp","href":"https:\/\/api.w.org\/{rel}","templated":true}]}}