{"id":9144,"date":"2025-09-13T06:20:22","date_gmt":"2025-09-13T06:20:22","guid":{"rendered":"https:\/\/wxnuohui.com\/product\/fashion-2-piece-women-short-set-clothing-linen-summer-long-sleeve-two-piece-shirt-and-shorts-set\/"},"modified":"2025-09-13T06:20:22","modified_gmt":"2025-09-13T06:20:22","slug":"fashion-2-piece-women-short-set-clothing-linen-summer-long-sleeve-two-piece-shirt-and-shorts-set","status":"publish","type":"product","link":"https:\/\/wxnuohui.com\/es\/product\/fashion-2-piece-women-short-set-clothing-linen-summer-long-sleeve-two-piece-shirt-and-shorts-set\/","title":{"rendered":"Moda 2 Piezas Mujer Conjunto Corto Ropa Lino Verano Manga Larga Camisa de Dos Piezas y Pantalones Cortos Conjunto"},"content":{"rendered":"<p>Material: poli\u00e9ster 100%<br \/>\nTipo de cintura:media<br \/>\nTipo de cierre:Cord\u00f3n<br \/>\nLongitud:Pantalones cortos<br \/>\nTipo de ajuste:Regular<br \/>\nEstilo:Conjuntos<br \/>\nTipo de motivo:Otro<br \/>\nDise\u00f1o:Sencillo<br \/>\nCaracter\u00edstica:Transpirable, respetuoso con el medio ambiente<br \/>\nPeso del tejido:200 gramos<br \/>\nBolsillos:Bolsillos laterales<br \/>\nTemporada:Verano<br \/>\nT\u00e9cnicas:Te\u00f1ido por inmersi\u00f3n<br \/>\nM\u00e9todos de impresi\u00f3n:Impresi\u00f3n digital<br \/>\nTipo de suministro:Oem Service<br \/>\nDetecci\u00f3n de agujas:S\u00ed<br \/>\nN\u00famero de modelo: Two Piece Shorts Set-677429622321<br \/>\n7 d\u00edas de plazo de pedido de muestras:Asistencia<br \/>\nGrupo de edad:Adultos<br \/>\nSexo:Mujer<br \/>\nLugar de origen: Jiangsu, China<br \/>\nMarca:NH-672563440217<br \/>\nCantidad disponible:5000<br \/>\nUnidades de venta:Art\u00edculo individual<br \/>\nTama\u00f1o del envase individual:18X13X14 cm<br \/>\nPeso bruto individual:0,500 kg<\/p>\n<p><img decoding=\"async\" class=\"alignnone size-full\" src=\"http:\/\/wxnuohui.com\/wp-content\/uploads\/2025\/09\/detail_pic_0-83.jpg\" width=\"790\" alt=\"\"\/><\/p>\n<p><img decoding=\"async\" class=\"alignnone size-full\" src=\"http:\/\/wxnuohui.com\/wp-content\/uploads\/2025\/09\/detail_pic_1-99.jpg\" width=\"790\" alt=\"\"\/><\/p>\n<p><img decoding=\"async\" class=\"alignnone size-full\" src=\"http:\/\/wxnuohui.com\/wp-content\/uploads\/2025\/09\/detail_pic_2-104.jpg\" width=\"790\" alt=\"\"\/><\/p>\n<p><img decoding=\"async\" class=\"alignnone size-full\" src=\"http:\/\/wxnuohui.com\/wp-content\/uploads\/2025\/09\/detail_pic_3-139.jpg\" width=\"790\" alt=\"\"\/><\/p>\n<p><img decoding=\"async\" class=\"alignnone size-full\" src=\"http:\/\/wxnuohui.com\/wp-content\/uploads\/2025\/09\/detail_pic_4-130.jpg\" width=\"790\" alt=\"\"\/><\/p>\n<p><img decoding=\"async\" class=\"alignnone size-full\" src=\"http:\/\/wxnuohui.com\/wp-content\/uploads\/2025\/09\/detail_pic_5-173.jpg\" width=\"790\" alt=\"\"\/><\/p>\n<p><img decoding=\"async\" class=\"alignnone size-full\" src=\"http:\/\/wxnuohui.com\/wp-content\/uploads\/2025\/09\/detail_pic_6-105.jpg\" width=\"790\" alt=\"\"\/><\/p>\n<p><img decoding=\"async\" class=\"alignnone size-full\" src=\"http:\/\/wxnuohui.com\/wp-content\/uploads\/2025\/09\/detail_pic_7-84.jpg\" width=\"790\" alt=\"\"\/><\/p>\n<p><img decoding=\"async\" class=\"alignnone size-full\" src=\"http:\/\/wxnuohui.com\/wp-content\/uploads\/2025\/09\/detail_pic_8-106.jpg\" width=\"790\" alt=\"\"\/><\/p>\n<p><img decoding=\"async\" class=\"alignnone size-full\" src=\"http:\/\/wxnuohui.com\/wp-content\/uploads\/2025\/09\/detail_pic_9-128.jpg\" width=\"790\" alt=\"\"\/><\/p>\n<p><img decoding=\"async\" class=\"alignnone size-full\" src=\"http:\/\/wxnuohui.com\/wp-content\/uploads\/2025\/09\/detail_pic_10-198.jpg\" width=\"790\" alt=\"\"\/><\/p>\n<p><img decoding=\"async\" class=\"alignnone size-full\" src=\"http:\/\/wxnuohui.com\/wp-content\/uploads\/2025\/09\/detail_pic_11-195.jpg\" width=\"790\" alt=\"\"\/><\/p>\n<p><img decoding=\"async\" class=\"alignnone size-full\" src=\"http:\/\/wxnuohui.com\/wp-content\/uploads\/2025\/09\/detail_pic_12-7.png\" width=\"790\" alt=\"\"\/><\/p>\n<p><img decoding=\"async\" class=\"alignnone size-full\" src=\"http:\/\/wxnuohui.com\/wp-content\/uploads\/2025\/09\/detail_pic_13-191.jpg\" width=\"790\" alt=\"\"\/><\/p>\n<p><img decoding=\"async\" class=\"alignnone size-full\" src=\"http:\/\/wxnuohui.com\/wp-content\/uploads\/2025\/09\/detail_pic_14-170.jpg\" width=\"790\" alt=\"\"\/><\/p>\n<p><img decoding=\"async\" class=\"alignnone size-full\" src=\"http:\/\/wxnuohui.com\/wp-content\/uploads\/2025\/09\/detail_pic_15-188.jpg\" width=\"790\" alt=\"\"\/><\/p>","protected":false},"excerpt":{"rendered":"<p>Moda 2 Piezas Mujer Conjunto Corto Ropa Lino Verano Manga Larga Camisa de Dos Piezas y Pantalones Cortos Conjunto<\/p>","protected":false},"featured_media":7196,"template":"","meta":[],"product_brand":[],"product_cat":[22],"product_tag":[],"class_list":{"0":"post-9144","1":"product","2":"type-product","3":"status-publish","4":"has-post-thumbnail","6":"product_cat-women-set","8":"first","9":"outofstock","10":"shipping-taxable","11":"product-type-variable"},"_links":{"self":[{"href":"https:\/\/wxnuohui.com\/es\/wp-json\/wp\/v2\/product\/9144","targetHints":{"allow":["GET"]}}],"collection":[{"href":"https:\/\/wxnuohui.com\/es\/wp-json\/wp\/v2\/product"}],"about":[{"href":"https:\/\/wxnuohui.com\/es\/wp-json\/wp\/v2\/types\/product"}],"wp:featuredmedia":[{"embeddable":true,"href":"https:\/\/wxnuohui.com\/es\/wp-json\/wp\/v2\/media\/7196"}],"wp:attachment":[{"href":"https:\/\/wxnuohui.com\/es\/wp-json\/wp\/v2\/media?parent=9144"}],"wp:term":[{"taxonomy":"product_brand","embeddable":true,"href":"https:\/\/wxnuohui.com\/es\/wp-json\/wp\/v2\/product_brand?post=9144"},{"taxonomy":"product_cat","embeddable":true,"href":"https:\/\/wxnuohui.com\/es\/wp-json\/wp\/v2\/product_cat?post=9144"},{"taxonomy":"product_tag","embeddable":true,"href":"https:\/\/wxnuohui.com\/es\/wp-json\/wp\/v2\/product_tag?post=9144"}],"curies":[{"name":"wp","href":"https:\/\/api.w.org\/{rel}","templated":true}]}}