{"id":9129,"date":"2025-09-13T06:20:11","date_gmt":"2025-09-13T06:20:11","guid":{"rendered":"https:\/\/wxnuohui.com\/product\/new-arrival-ladies-vest-shorts-two-piece-set-summer-shorts-set-women-sports-clothing\/"},"modified":"2025-09-13T06:20:12","modified_gmt":"2025-09-13T06:20:12","slug":"new-arrival-ladies-vest-shorts-two-piece-set-summer-shorts-set-women-sports-clothing","status":"publish","type":"product","link":"https:\/\/wxnuohui.com\/es\/product\/new-arrival-ladies-vest-shorts-two-piece-set-summer-shorts-set-women-sports-clothing\/","title":{"rendered":"New Arrival Ladies Vest Shorts Two Piece Set Summer Shorts Set Women Sports Clothing"},"content":{"rendered":"<p>Sexo:Mujer<br \/>\nTemporada:Verano<br \/>\nDecoraci\u00f3n:Ninguna<br \/>\nTipo de tejido:Punto<br \/>\nMaterial:Poli\u00e9ster \/ Algod\u00f3n<br \/>\nTipo:Conjunto de pantal\u00f3n corto de 2 piezas<br \/>\nLargo del top:Corto<br \/>\nM\u00e9todos de impresi\u00f3n:Serigraf\u00eda<br \/>\nTipo de motivo: S\u00f3lido<br \/>\nLongitud de la manga:Sin mangas<br \/>\nTipo de parte superior:Parte superior<br \/>\n7 d\u00edas de plazo de pedido de muestras:Asistencia<br \/>\nCaracter\u00edstica:Transpirable, respetuoso con el medio ambiente<br \/>\nLargo:Por encima de la rodilla<br \/>\nTipo de suministro:Oem Service<br \/>\nTipo de ajuste:Regular<br \/>\nT\u00e9cnicas:Impreso<br \/>\nM\u00e9todo de tejido: punto<br \/>\nCuello: cuello en O<br \/>\nEstilo:Casual<br \/>\nPeso del tejido:140 gramos<br \/>\nDetecci\u00f3n de agujas:S\u00ed<br \/>\nN\u00famero de modelo: Women Sports Clothing<br \/>\nLugar de origen: Jiangsu, China<br \/>\nMarca:NH<br \/>\nUnidades de venta:Art\u00edculo individual<br \/>\nTama\u00f1o del envase individual:18X13X14 cm<br \/>\nPeso bruto individual:0,400 kg<\/p>\n<p><img decoding=\"async\" class=\"alignnone size-full\" src=\"http:\/\/wxnuohui.com\/wp-content\/uploads\/2025\/09\/detail_pic_0-109.png\" width=\"790\" alt=\"\"\/><\/p>\n<p><img decoding=\"async\" class=\"alignnone size-full\" src=\"http:\/\/wxnuohui.com\/wp-content\/uploads\/2025\/09\/detail_pic_1-101.png\" width=\"790\" alt=\"\"\/><\/p>\n<p><img decoding=\"async\" class=\"alignnone size-full\" src=\"http:\/\/wxnuohui.com\/wp-content\/uploads\/2025\/09\/detail_pic_2-89.jpg\" width=\"790\" alt=\"\"\/><\/p>\n<p><img decoding=\"async\" class=\"alignnone size-full\" src=\"http:\/\/wxnuohui.com\/wp-content\/uploads\/2025\/09\/detail_pic_3-125.jpg\" width=\"790\" alt=\"\"\/><\/p>\n<p><img decoding=\"async\" class=\"alignnone size-full\" src=\"http:\/\/wxnuohui.com\/wp-content\/uploads\/2025\/09\/detail_pic_4-115.jpg\" width=\"790\" alt=\"\"\/><\/p>\n<p><img decoding=\"async\" class=\"alignnone size-full\" src=\"http:\/\/wxnuohui.com\/wp-content\/uploads\/2025\/09\/detail_pic_5-158.jpg\" width=\"790\" alt=\"\"\/><\/p>\n<p><img decoding=\"async\" class=\"alignnone size-full\" src=\"http:\/\/wxnuohui.com\/wp-content\/uploads\/2025\/09\/detail_pic_6-93.jpg\" width=\"790\" alt=\"\"\/><\/p>\n<p><img decoding=\"async\" class=\"alignnone size-full\" src=\"http:\/\/wxnuohui.com\/wp-content\/uploads\/2025\/09\/detail_pic_7-109.png\" width=\"790\" alt=\"\"\/><\/p>\n<p><img decoding=\"async\" class=\"alignnone size-full\" src=\"http:\/\/wxnuohui.com\/wp-content\/uploads\/2025\/09\/detail_pic_8-83.png\" width=\"790\" alt=\"\"\/><\/p>\n<p><img decoding=\"async\" class=\"alignnone size-full\" src=\"http:\/\/wxnuohui.com\/wp-content\/uploads\/2025\/09\/detail_pic_9-63.png\" width=\"790\" alt=\"\"\/><\/p>\n<p><img decoding=\"async\" class=\"alignnone size-full\" src=\"http:\/\/wxnuohui.com\/wp-content\/uploads\/2025\/09\/detail_pic_10-183.jpg\" width=\"790\" alt=\"\"\/><\/p>\n<p><img decoding=\"async\" class=\"alignnone size-full\" src=\"http:\/\/wxnuohui.com\/wp-content\/uploads\/2025\/09\/detail_pic_11-180.jpg\" width=\"790\" alt=\"\"\/><\/p>\n<p><img decoding=\"async\" class=\"alignnone size-full\" src=\"http:\/\/wxnuohui.com\/wp-content\/uploads\/2025\/09\/detail_pic_12-180.jpg\" width=\"790\" alt=\"\"\/><\/p>\n<p><img decoding=\"async\" class=\"alignnone size-full\" src=\"http:\/\/wxnuohui.com\/wp-content\/uploads\/2025\/09\/detail_pic_13-179.jpg\" width=\"790\" alt=\"\"\/><\/p>\n<p><img decoding=\"async\" class=\"alignnone size-full\" src=\"http:\/\/wxnuohui.com\/wp-content\/uploads\/2025\/09\/detail_pic_14-17.png\" width=\"790\" alt=\"\"\/><\/p>\n<p><img decoding=\"async\" class=\"alignnone size-full\" src=\"http:\/\/wxnuohui.com\/wp-content\/uploads\/2025\/09\/detail_pic_15-173.jpg\" width=\"790\" alt=\"\"\/><\/p>\n<p><img decoding=\"async\" class=\"alignnone size-full\" src=\"http:\/\/wxnuohui.com\/wp-content\/uploads\/2025\/09\/detail_pic_16-130.jpg\" width=\"790\" alt=\"\"\/><\/p>\n<p><img decoding=\"async\" class=\"alignnone size-full\" src=\"http:\/\/wxnuohui.com\/wp-content\/uploads\/2025\/09\/detail_pic_17-142.jpg\" width=\"790\" alt=\"\"\/><\/p>","protected":false},"excerpt":{"rendered":"<p>New Arrival Ladies Vest Shorts Two Piece Set Summer Shorts Set Women Sports Clothing<\/p>","protected":false},"featured_media":6834,"template":"","meta":[],"product_brand":[],"product_cat":[22],"product_tag":[],"class_list":{"0":"post-9129","1":"product","2":"type-product","3":"status-publish","4":"has-post-thumbnail","6":"product_cat-women-set","8":"first","9":"outofstock","10":"shipping-taxable","11":"product-type-variable"},"_links":{"self":[{"href":"https:\/\/wxnuohui.com\/es\/wp-json\/wp\/v2\/product\/9129","targetHints":{"allow":["GET"]}}],"collection":[{"href":"https:\/\/wxnuohui.com\/es\/wp-json\/wp\/v2\/product"}],"about":[{"href":"https:\/\/wxnuohui.com\/es\/wp-json\/wp\/v2\/types\/product"}],"wp:featuredmedia":[{"embeddable":true,"href":"https:\/\/wxnuohui.com\/es\/wp-json\/wp\/v2\/media\/6834"}],"wp:attachment":[{"href":"https:\/\/wxnuohui.com\/es\/wp-json\/wp\/v2\/media?parent=9129"}],"wp:term":[{"taxonomy":"product_brand","embeddable":true,"href":"https:\/\/wxnuohui.com\/es\/wp-json\/wp\/v2\/product_brand?post=9129"},{"taxonomy":"product_cat","embeddable":true,"href":"https:\/\/wxnuohui.com\/es\/wp-json\/wp\/v2\/product_cat?post=9129"},{"taxonomy":"product_tag","embeddable":true,"href":"https:\/\/wxnuohui.com\/es\/wp-json\/wp\/v2\/product_tag?post=9129"}],"curies":[{"name":"wp","href":"https:\/\/api.w.org\/{rel}","templated":true}]}}