{"id":9107,"date":"2025-09-13T06:19:59","date_gmt":"2025-09-13T06:19:59","guid":{"rendered":"https:\/\/wxnuohui.com\/product\/new-fashion-female-sweatsuit-2-pieces-cut-and-sew-outdoor-fitness-casual-tracksuit-for-women\/"},"modified":"2025-09-13T06:19:59","modified_gmt":"2025-09-13T06:19:59","slug":"new-fashion-female-sweatsuit-2-pieces-cut-and-sew-outdoor-fitness-casual-tracksuit-for-women","status":"publish","type":"product","link":"https:\/\/wxnuohui.com\/es\/product\/new-fashion-female-sweatsuit-2-pieces-cut-and-sew-outdoor-fitness-casual-tracksuit-for-women\/","title":{"rendered":"Nueva Moda Mujer Ch\u00e1ndal 2 Piezas Cut and Sew Outdoor Fitness Casual Ch\u00e1ndal para Mujer"},"content":{"rendered":"<p>Sexo:Mujer<br \/>\nEstaci\u00f3n:Oto\u00f1o<br \/>\nDecoraci\u00f3n:Bolsillos, Banda lateral<br \/>\nTipo de tejido:Punto<br \/>\nMaterial:Poli\u00e9ster \/ Algod\u00f3n<br \/>\nTipo de motivo:Ninguno<br \/>\n7 d\u00edas de plazo de pedido de muestras:Asistencia<br \/>\nFeature:Anti-Pilling, Eco-Friendly<br \/>\nLargo:Midi<br \/>\nTipo de suministro:Oem Service<br \/>\nTipo de ajuste:Regular<br \/>\nT\u00e9cnicas:Te\u00f1ido liso<br \/>\nM\u00e9todo de tejido: punto<br \/>\nCuello: cuello en O<br \/>\nEstilo:Casual<br \/>\nN\u00famero de modelo: Women Tracksuits<br \/>\nLugar de origen: Jiangsu, China<br \/>\nMarca:HN<br \/>\nNombre del producto:Outdoor Fitness Ch\u00e1ndal Casual Para Mujer<br \/>\nPalabras clave:Ch\u00e1ndal mujer<br \/>\nServicio:24 horas en l\u00ednea<br \/>\nPago:Garant\u00eda comercial<br \/>\nImpresi\u00f3n:Impresi\u00f3n de dise\u00f1os personalizados<br \/>\nMuestra:3-5 d\u00edas<br \/>\nEmbalaje:1pc\/polybag<br \/>\nPlazo de entrega: 7~15 d\u00edas<br \/>\nEtiqueta y logotipo: personalizados<br \/>\nEnv\u00edo:DHLEMSUPSFEDEXpor Seaby Air<br \/>\nDetalles de empaquetado: Nuevo ch\u00e1ndal femenino de la moda 2 pedazos corte y cose el ch\u00e1ndal ocasional de la aptitud al aire libre para las mujeres: 1.For la muestra, un pedazo por bolso polivin\u00edlico. 2.For la producci\u00f3n en masa, nuestro embalaje regular es Cart\u00f3n. 3.Also se aplican a los requisitos de los clientes.<br \/>\nPuerto de expedici\u00f3n:Shanghai<br \/>\nUnidades de venta:Art\u00edculo individual<br \/>\nTama\u00f1o del envase individual:20X20X5 cm<br \/>\nPeso bruto individual:0,500 kg<br \/>\nEjemplos de envases:<br \/>\nCapacidad de suministro:5000 piezas por mes Ch\u00e1ndales de mujer<\/p>\n<p><img decoding=\"async\" class=\"alignnone size-full\" src=\"http:\/\/wxnuohui.com\/wp-content\/uploads\/2025\/09\/detail_pic_0-61.jpg\" width=\"790\" alt=\"\"\/><\/p>\n<p><img decoding=\"async\" class=\"alignnone size-full\" src=\"http:\/\/wxnuohui.com\/wp-content\/uploads\/2025\/09\/detail_pic_1-66.jpg\" width=\"790\" alt=\"\"\/><\/p>","protected":false},"excerpt":{"rendered":"<p>Nueva Moda Mujer Ch\u00e1ndal 2 Piezas Cut and Sew Outdoor Fitness Casual Ch\u00e1ndal para Mujer<\/p>","protected":false},"featured_media":6322,"template":"","meta":[],"product_brand":[],"product_cat":[22],"product_tag":[],"class_list":{"0":"post-9107","1":"product","2":"type-product","3":"status-publish","4":"has-post-thumbnail","6":"product_cat-women-set","8":"first","9":"outofstock","10":"shipping-taxable","11":"product-type-variable"},"_links":{"self":[{"href":"https:\/\/wxnuohui.com\/es\/wp-json\/wp\/v2\/product\/9107","targetHints":{"allow":["GET"]}}],"collection":[{"href":"https:\/\/wxnuohui.com\/es\/wp-json\/wp\/v2\/product"}],"about":[{"href":"https:\/\/wxnuohui.com\/es\/wp-json\/wp\/v2\/types\/product"}],"wp:featuredmedia":[{"embeddable":true,"href":"https:\/\/wxnuohui.com\/es\/wp-json\/wp\/v2\/media\/6322"}],"wp:attachment":[{"href":"https:\/\/wxnuohui.com\/es\/wp-json\/wp\/v2\/media?parent=9107"}],"wp:term":[{"taxonomy":"product_brand","embeddable":true,"href":"https:\/\/wxnuohui.com\/es\/wp-json\/wp\/v2\/product_brand?post=9107"},{"taxonomy":"product_cat","embeddable":true,"href":"https:\/\/wxnuohui.com\/es\/wp-json\/wp\/v2\/product_cat?post=9107"},{"taxonomy":"product_tag","embeddable":true,"href":"https:\/\/wxnuohui.com\/es\/wp-json\/wp\/v2\/product_tag?post=9107"}],"curies":[{"name":"wp","href":"https:\/\/api.w.org\/{rel}","templated":true}]}}