{"id":15563,"date":"2025-09-14T03:13:30","date_gmt":"2025-09-14T03:13:30","guid":{"rendered":"https:\/\/wxnuohui.com\/product\/new-wholesale-custom-breathable-short-sleeves-plain-high-quality-100-cotton-golf-men-polo-t-shirts\/"},"modified":"2025-09-14T03:13:30","modified_gmt":"2025-09-14T03:13:30","slug":"new-wholesale-custom-breathable-short-sleeves-plain-high-quality-100-cotton-golf-men-polo-t-shirts","status":"publish","type":"product","link":"https:\/\/wxnuohui.com\/es\/product\/new-wholesale-custom-breathable-short-sleeves-plain-high-quality-100-cotton-golf-men-polo-t-shirts\/","title":{"rendered":"Nuevo Mayorista Personalizado Transpirable Manga Corta Liso Alta Calidad 100 Algod\u00f3n Golf Hombres Polo Camisetas"},"content":{"rendered":"<p>T\u00e9cnicas:Te\u00f1ido liso<br \/>\nDise\u00f1o:En blanco<br \/>\n7 d\u00edas de plazo de pedido de muestras:Asistencia<br \/>\nEstilo:Casual<br \/>\nEstilo de manga:Manga corta<br \/>\nCuello: cuello en O<br \/>\nDetecci\u00f3n de agujas:S\u00ed<br \/>\nTipo de ajuste:Regular Fit<br \/>\nMaterial:100% Algod\u00f3n<br \/>\nLongitud:Normal<br \/>\nN\u00famero de modelo: Custom Men T Shirt<br \/>\nTipo de tejido:Jersey<br \/>\nTipo de motivo: S\u00f3lido<br \/>\nCaracter\u00edsticas:Antiarrugas, Antipilling, Antiencogimiento<br \/>\nM\u00e9todo de tejido: punto<br \/>\nM\u00e9todos de impresi\u00f3n:Otros<br \/>\nPeso del tejido:220 gramos<br \/>\nPosici\u00f3n del logotipo:Delante<br \/>\nSexo:Hombres<br \/>\nLugar de origen: Jiangsu, China<br \/>\nMarca:NH<br \/>\nUnidades de venta:Art\u00edculo individual<br \/>\nTama\u00f1o del envase individual:18X10X11 cm<br \/>\nPeso bruto individual:0,300 kg<\/p>\n<p><img decoding=\"async\" class=\"alignnone size-full\" src=\"http:\/\/wxnuohui.com\/wp-content\/uploads\/2025\/09\/detail_pic_0-185.png\" width=\"790\" alt=\"\"\/><\/p>\n<p><img decoding=\"async\" class=\"alignnone size-full\" src=\"http:\/\/wxnuohui.com\/wp-content\/uploads\/2025\/09\/detail_pic_1-190.png\" width=\"790\" alt=\"\"\/><\/p>\n<p><img decoding=\"async\" class=\"alignnone size-full\" src=\"http:\/\/wxnuohui.com\/wp-content\/uploads\/2025\/09\/detail_pic_2-184.png\" width=\"790\" alt=\"\"\/><\/p>\n<p><img decoding=\"async\" class=\"alignnone size-full\" src=\"http:\/\/wxnuohui.com\/wp-content\/uploads\/2025\/09\/detail_pic_3-384.jpg\" width=\"790\" alt=\"\"\/><\/p>\n<p><img decoding=\"async\" class=\"alignnone size-full\" src=\"http:\/\/wxnuohui.com\/wp-content\/uploads\/2025\/09\/detail_pic_4-142.png\" width=\"790\" alt=\"\"\/><\/p>\n<p><img decoding=\"async\" class=\"alignnone size-full\" src=\"http:\/\/wxnuohui.com\/wp-content\/uploads\/2025\/09\/detail_pic_5-488.jpg\" width=\"790\" alt=\"\"\/><\/p>\n<p><img decoding=\"async\" class=\"alignnone size-full\" src=\"http:\/\/wxnuohui.com\/wp-content\/uploads\/2025\/09\/detail_pic_6-139.png\" width=\"790\" alt=\"\"\/><\/p>\n<p><img decoding=\"async\" class=\"alignnone size-full\" src=\"http:\/\/wxnuohui.com\/wp-content\/uploads\/2025\/09\/detail_pic_7-217.png\" width=\"790\" alt=\"\"\/><\/p>\n<p><img decoding=\"async\" class=\"alignnone size-full\" src=\"http:\/\/wxnuohui.com\/wp-content\/uploads\/2025\/09\/detail_pic_8-300.jpg\" width=\"790\" alt=\"\"\/><\/p>\n<p><img decoding=\"async\" class=\"alignnone size-full\" src=\"http:\/\/wxnuohui.com\/wp-content\/uploads\/2025\/09\/detail_pic_9-254.jpg\" width=\"790\" alt=\"\"\/><\/p>\n<p><img decoding=\"async\" class=\"alignnone size-full\" src=\"http:\/\/wxnuohui.com\/wp-content\/uploads\/2025\/09\/detail_pic_10-518.jpg\" width=\"790\" alt=\"\"\/><\/p>\n<p><img decoding=\"async\" class=\"alignnone size-full\" src=\"http:\/\/wxnuohui.com\/wp-content\/uploads\/2025\/09\/detail_pic_11-513.jpg\" width=\"790\" alt=\"\"\/><\/p>\n<p><img decoding=\"async\" class=\"alignnone size-full\" src=\"http:\/\/wxnuohui.com\/wp-content\/uploads\/2025\/09\/detail_pic_12-29.png\" width=\"790\" alt=\"\"\/><\/p>\n<p><img decoding=\"async\" class=\"alignnone size-full\" src=\"http:\/\/wxnuohui.com\/wp-content\/uploads\/2025\/09\/detail_pic_13-425.jpg\" width=\"790\" alt=\"\"\/><\/p>\n<p><img decoding=\"async\" class=\"alignnone size-full\" src=\"http:\/\/wxnuohui.com\/wp-content\/uploads\/2025\/09\/detail_pic_14-234.jpg\" width=\"790\" alt=\"\"\/><\/p>\n<p><img decoding=\"async\" class=\"alignnone size-full\" src=\"http:\/\/wxnuohui.com\/wp-content\/uploads\/2025\/09\/detail_pic_15-418.jpg\" width=\"790\" alt=\"\"\/><\/p>","protected":false},"excerpt":{"rendered":"<p>Nuevo Mayorista Personalizado Transpirable Manga Corta Liso Alta Calidad 100 Algod\u00f3n Golf Hombres Polo Camisetas<\/p>","protected":false},"featured_media":15309,"template":"","meta":[],"product_brand":[],"product_cat":[26],"product_tag":[],"class_list":{"0":"post-15563","1":"product","2":"type-product","3":"status-publish","4":"has-post-thumbnail","6":"product_cat-polo-t-shirt","8":"first","9":"outofstock","10":"shipping-taxable","11":"product-type-variable"},"_links":{"self":[{"href":"https:\/\/wxnuohui.com\/es\/wp-json\/wp\/v2\/product\/15563","targetHints":{"allow":["GET"]}}],"collection":[{"href":"https:\/\/wxnuohui.com\/es\/wp-json\/wp\/v2\/product"}],"about":[{"href":"https:\/\/wxnuohui.com\/es\/wp-json\/wp\/v2\/types\/product"}],"wp:featuredmedia":[{"embeddable":true,"href":"https:\/\/wxnuohui.com\/es\/wp-json\/wp\/v2\/media\/15309"}],"wp:attachment":[{"href":"https:\/\/wxnuohui.com\/es\/wp-json\/wp\/v2\/media?parent=15563"}],"wp:term":[{"taxonomy":"product_brand","embeddable":true,"href":"https:\/\/wxnuohui.com\/es\/wp-json\/wp\/v2\/product_brand?post=15563"},{"taxonomy":"product_cat","embeddable":true,"href":"https:\/\/wxnuohui.com\/es\/wp-json\/wp\/v2\/product_cat?post=15563"},{"taxonomy":"product_tag","embeddable":true,"href":"https:\/\/wxnuohui.com\/es\/wp-json\/wp\/v2\/product_tag?post=15563"}],"curies":[{"name":"wp","href":"https:\/\/api.w.org\/{rel}","templated":true}]}}