{"id":13880,"date":"2025-09-13T13:50:34","date_gmt":"2025-09-13T13:50:34","guid":{"rendered":"https:\/\/wxnuohui.com\/product\/wholesale-custom-blank-plain-zipper-sweatsuit-sets-polyester-jogger-sets-sports-men-tracksuits\/"},"modified":"2025-09-13T13:50:35","modified_gmt":"2025-09-13T13:50:35","slug":"wholesale-custom-blank-plain-zipper-sweatsuit-sets-polyester-jogger-sets-sports-men-tracksuits","status":"publish","type":"product","link":"https:\/\/wxnuohui.com\/es\/product\/wholesale-custom-blank-plain-zipper-sweatsuit-sets-polyester-jogger-sets-sports-men-tracksuits\/","title":{"rendered":"Venta al por mayor conjuntos de ch\u00e1ndal de poli\u00e9ster con cremallera en blanco personalizado conjuntos de ch\u00e1ndal de deportes para hombres"},"content":{"rendered":"<p>Caracter\u00edstica:Transpirable, ecol\u00f3gica, cortaviento, antiest\u00e1tica<br \/>\nGrupo de edad:Adultos<br \/>\nEstaci\u00f3n:Oto\u00f1o<br \/>\nLongitud:Completa<br \/>\nLongitud de la manga(cm):Completa<br \/>\nM\u00e9todos de impresi\u00f3n:Ninguno<br \/>\nTipo de ajuste:Regular<br \/>\nTipo de cierre:Cord\u00f3n<br \/>\nGrosor:Vell\u00f3n<br \/>\nEstilo:Conjuntos<br \/>\nTipo de suministro:Oem Service<br \/>\nMaterial: poli\u00e9ster 100%<br \/>\n7 d\u00edas de plazo de pedido de muestras:Asistencia<br \/>\nSexo:Hombres<br \/>\nT\u00e9cnicas:Te\u00f1ido liso<br \/>\nPeso del tejido:300 gramos<br \/>\nCantidad disponible:5000<br \/>\nN\u00famero de modelo: Men Tracksuits<br \/>\nLugar de origen: Jiangsu, China<br \/>\nMarca:NH<br \/>\nNombre del producto:Custom Blank Plain Zipper Sweatsuit Sets<br \/>\nPalabras clave:Ch\u00e1ndal hombre<br \/>\nServicio:24 horas en l\u00ednea<br \/>\nPago:Garant\u00eda comercial<br \/>\nImpresi\u00f3n:Impresi\u00f3n de dise\u00f1os personalizados<br \/>\nMuestra:3-5 d\u00edas<br \/>\nEmbalaje:1pc\/polybag<br \/>\nPlazo de entrega: 7~15 d\u00edas<br \/>\nEtiqueta y logotipo: personalizados<br \/>\nEnv\u00edo:DHLEMSUPSFEDEXpor Seaby Air<br \/>\nUnidades de venta:Art\u00edculo individual<br \/>\nTama\u00f1o del envase individual:26X15X18 cm<br \/>\nPeso bruto individual:0,800 kg<\/p>\n<p><img decoding=\"async\" class=\"alignnone size-full\" src=\"http:\/\/wxnuohui.com\/wp-content\/uploads\/2025\/09\/detail_pic_0-311.jpg\" width=\"790\" alt=\"\"\/><\/p>\n<p><img decoding=\"async\" class=\"alignnone size-full\" src=\"http:\/\/wxnuohui.com\/wp-content\/uploads\/2025\/09\/detail_pic_1-317.jpg\" width=\"790\" alt=\"\"\/><\/p>\n<p><img decoding=\"async\" class=\"alignnone size-full\" src=\"http:\/\/wxnuohui.com\/wp-content\/uploads\/2025\/09\/detail_pic_2-324.jpg\" width=\"790\" alt=\"\"\/><\/p>\n<p><img decoding=\"async\" class=\"alignnone size-full\" src=\"http:\/\/wxnuohui.com\/wp-content\/uploads\/2025\/09\/detail_pic_3-82.png\" width=\"790\" alt=\"\"\/><\/p>\n<p><img decoding=\"async\" class=\"alignnone size-full\" src=\"http:\/\/wxnuohui.com\/wp-content\/uploads\/2025\/09\/detail_pic_4-78.png\" width=\"790\" alt=\"\"\/><\/p>\n<p><img decoding=\"async\" class=\"alignnone size-full\" src=\"http:\/\/wxnuohui.com\/wp-content\/uploads\/2025\/09\/detail_pic_5-411.jpg\" width=\"790\" alt=\"\"\/><\/p>\n<p><img decoding=\"async\" class=\"alignnone size-full\" src=\"http:\/\/wxnuohui.com\/wp-content\/uploads\/2025\/09\/detail_pic_6-323.jpg\" width=\"790\" alt=\"\"\/><\/p>\n<p><img decoding=\"async\" class=\"alignnone size-full\" src=\"http:\/\/wxnuohui.com\/wp-content\/uploads\/2025\/09\/detail_pic_7-247.jpg\" width=\"790\" alt=\"\"\/><\/p>\n<p><img decoding=\"async\" class=\"alignnone size-full\" src=\"http:\/\/wxnuohui.com\/wp-content\/uploads\/2025\/09\/detail_pic_8-228.jpg\" width=\"790\" alt=\"\"\/><\/p>\n<p><img decoding=\"async\" class=\"alignnone size-full\" src=\"http:\/\/wxnuohui.com\/wp-content\/uploads\/2025\/09\/detail_pic_9-215.png\" width=\"790\" alt=\"\"\/><\/p>\n<p><img decoding=\"async\" class=\"alignnone size-full\" src=\"http:\/\/wxnuohui.com\/wp-content\/uploads\/2025\/09\/detail_pic_10-440.jpg\" width=\"790\" alt=\"\"\/><\/p>\n<p><img decoding=\"async\" class=\"alignnone size-full\" src=\"http:\/\/wxnuohui.com\/wp-content\/uploads\/2025\/09\/detail_pic_11-433.jpg\" width=\"790\" alt=\"\"\/><\/p>\n<p><img decoding=\"async\" class=\"alignnone size-full\" src=\"http:\/\/wxnuohui.com\/wp-content\/uploads\/2025\/09\/detail_pic_12-421.jpg\" width=\"790\" alt=\"\"\/><\/p>","protected":false},"excerpt":{"rendered":"<p>Venta al por mayor conjuntos de ch\u00e1ndal de poli\u00e9ster con cremallera en blanco personalizado conjuntos de ch\u00e1ndal de deportes para hombres<\/p>","protected":false},"featured_media":13563,"template":"","meta":[],"product_brand":[],"product_cat":[25],"product_tag":[],"class_list":{"0":"post-13880","1":"product","2":"type-product","3":"status-publish","4":"has-post-thumbnail","6":"product_cat-jogging-suits-tracksuits","8":"first","9":"outofstock","10":"shipping-taxable","11":"product-type-variable"},"_links":{"self":[{"href":"https:\/\/wxnuohui.com\/es\/wp-json\/wp\/v2\/product\/13880","targetHints":{"allow":["GET"]}}],"collection":[{"href":"https:\/\/wxnuohui.com\/es\/wp-json\/wp\/v2\/product"}],"about":[{"href":"https:\/\/wxnuohui.com\/es\/wp-json\/wp\/v2\/types\/product"}],"wp:featuredmedia":[{"embeddable":true,"href":"https:\/\/wxnuohui.com\/es\/wp-json\/wp\/v2\/media\/13563"}],"wp:attachment":[{"href":"https:\/\/wxnuohui.com\/es\/wp-json\/wp\/v2\/media?parent=13880"}],"wp:term":[{"taxonomy":"product_brand","embeddable":true,"href":"https:\/\/wxnuohui.com\/es\/wp-json\/wp\/v2\/product_brand?post=13880"},{"taxonomy":"product_cat","embeddable":true,"href":"https:\/\/wxnuohui.com\/es\/wp-json\/wp\/v2\/product_cat?post=13880"},{"taxonomy":"product_tag","embeddable":true,"href":"https:\/\/wxnuohui.com\/es\/wp-json\/wp\/v2\/product_tag?post=13880"}],"curies":[{"name":"wp","href":"https:\/\/api.w.org\/{rel}","templated":true}]}}