{"id":13870,"date":"2025-09-13T13:50:24","date_gmt":"2025-09-13T13:50:24","guid":{"rendered":"https:\/\/wxnuohui.com\/product\/ready-to-ship-wholesale-latest-design-luxury-women-velour-tracksuit\/"},"modified":"2025-09-13T13:50:24","modified_gmt":"2025-09-13T13:50:24","slug":"ready-to-ship-wholesale-latest-design-luxury-women-velour-tracksuit","status":"publish","type":"product","link":"https:\/\/wxnuohui.com\/es\/product\/ready-to-ship-wholesale-latest-design-luxury-women-velour-tracksuit\/","title":{"rendered":"Ch\u00e1ndal de terciopelo de lujo para mujer de \u00faltimo dise\u00f1o listo para enviar al por mayor"},"content":{"rendered":"<p>Caracter\u00edstica:Transpirable, respetuoso con el medio ambiente<br \/>\nGrupo de edad:Adultos<br \/>\nEstaci\u00f3n:Oto\u00f1o<br \/>\nLongitud:Completa<br \/>\nLongitud de la manga(cm):Completa<br \/>\nM\u00e9todos de impresi\u00f3n:Serigraf\u00eda<br \/>\nTipo de ajuste:Regular<br \/>\nTipo de cierre:Cord\u00f3n<br \/>\nGrosor:Vell\u00f3n<br \/>\nEstilo:Conjuntos<br \/>\nTipo de suministro:Oem Service<br \/>\nMaterial: terciopelo<br \/>\n7 d\u00edas de plazo de pedido de muestras:Asistencia<br \/>\nSexo:Mujer<br \/>\nT\u00e9cnicas:Otras<br \/>\nPeso del tejido:300 gramos<br \/>\nCantidad disponible:5000<br \/>\nN\u00famero de modelo:19<br \/>\nLugar de origen: Jiangsu, China<br \/>\nMarca:NH<br \/>\nNombre del producto:Ch\u00e1ndal de terciopelo para mujer<br \/>\nPalabras clave:Ch\u00e1ndal de terciopelo<br \/>\nServicio:24 horas en l\u00ednea<br \/>\nPago:Garant\u00eda comercial<br \/>\nImpresi\u00f3n:Impresi\u00f3n de dise\u00f1os personalizados<br \/>\nMuestra:3-5 d\u00edas<br \/>\nEmbalaje:1pc\/polybag<br \/>\nPlazo de entrega: 7~15 d\u00edas<br \/>\nEtiqueta y logotipo: personalizados<br \/>\nEnv\u00edo:DHLEMSUPSFEDEXpor Seaby Air<br \/>\nUnidades de venta:Art\u00edculo individual<br \/>\nTama\u00f1o del envase individual:23X13X16 cm<br \/>\nPeso bruto individual:0,600 kg<\/p>\n<p><img decoding=\"async\" class=\"alignnone size-full\" src=\"http:\/\/wxnuohui.com\/wp-content\/uploads\/2025\/09\/detail_pic_0-301.jpg\" width=\"790\" alt=\"\"\/><\/p>\n<p><img decoding=\"async\" class=\"alignnone size-full\" src=\"http:\/\/wxnuohui.com\/wp-content\/uploads\/2025\/09\/detail_pic_1-307.jpg\" width=\"790\" alt=\"\"\/><\/p>\n<p><img decoding=\"async\" class=\"alignnone size-full\" src=\"http:\/\/wxnuohui.com\/wp-content\/uploads\/2025\/09\/detail_pic_2-314.jpg\" width=\"790\" alt=\"\"\/><\/p>\n<p><img decoding=\"async\" class=\"alignnone size-full\" src=\"http:\/\/wxnuohui.com\/wp-content\/uploads\/2025\/09\/detail_pic_3-349.jpg\" width=\"790\" alt=\"\"\/><\/p>\n<p><img decoding=\"async\" class=\"alignnone size-full\" src=\"http:\/\/wxnuohui.com\/wp-content\/uploads\/2025\/09\/detail_pic_4-352.jpg\" width=\"790\" alt=\"\"\/><\/p>\n<p><img decoding=\"async\" class=\"alignnone size-full\" src=\"http:\/\/wxnuohui.com\/wp-content\/uploads\/2025\/09\/detail_pic_5-402.jpg\" width=\"790\" alt=\"\"\/><\/p>\n<p><img decoding=\"async\" class=\"alignnone size-full\" src=\"http:\/\/wxnuohui.com\/wp-content\/uploads\/2025\/09\/detail_pic_6-313.jpg\" width=\"790\" alt=\"\"\/><\/p>\n<p><img decoding=\"async\" class=\"alignnone size-full\" src=\"http:\/\/wxnuohui.com\/wp-content\/uploads\/2025\/09\/detail_pic_7-237.jpg\" width=\"790\" alt=\"\"\/><\/p>\n<p><img decoding=\"async\" class=\"alignnone size-full\" src=\"http:\/\/wxnuohui.com\/wp-content\/uploads\/2025\/09\/detail_pic_8-223.jpg\" width=\"790\" alt=\"\"\/><\/p>\n<p><img decoding=\"async\" class=\"alignnone size-full\" src=\"http:\/\/wxnuohui.com\/wp-content\/uploads\/2025\/09\/detail_pic_9-231.jpg\" width=\"790\" alt=\"\"\/><\/p>\n<p><img decoding=\"async\" class=\"alignnone size-full\" src=\"http:\/\/wxnuohui.com\/wp-content\/uploads\/2025\/09\/detail_pic_10-430.jpg\" width=\"790\" alt=\"\"\/><\/p>\n<p><img decoding=\"async\" class=\"alignnone size-full\" src=\"http:\/\/wxnuohui.com\/wp-content\/uploads\/2025\/09\/detail_pic_11-18.png\" width=\"790\" alt=\"\"\/><\/p>\n<p><img decoding=\"async\" class=\"alignnone size-full\" src=\"http:\/\/wxnuohui.com\/wp-content\/uploads\/2025\/09\/detail_pic_12-413.jpg\" width=\"790\" alt=\"\"\/><\/p>\n<p><img decoding=\"async\" class=\"alignnone size-full\" src=\"http:\/\/wxnuohui.com\/wp-content\/uploads\/2025\/09\/detail_pic_13-388.jpg\" width=\"790\" alt=\"\"\/><\/p>\n<p><img decoding=\"async\" class=\"alignnone size-full\" src=\"http:\/\/wxnuohui.com\/wp-content\/uploads\/2025\/09\/detail_pic_14-217.jpg\" width=\"790\" alt=\"\"\/><\/p>","protected":false},"excerpt":{"rendered":"<p>Ch\u00e1ndal de terciopelo de lujo para mujer de \u00faltimo dise\u00f1o listo para enviar al por mayor<\/p>","protected":false},"featured_media":13323,"template":"","meta":[],"product_brand":[],"product_cat":[25],"product_tag":[],"class_list":{"0":"post-13870","1":"product","2":"type-product","3":"status-publish","4":"has-post-thumbnail","6":"product_cat-jogging-suits-tracksuits","8":"first","9":"outofstock","10":"shipping-taxable","11":"product-type-variable"},"_links":{"self":[{"href":"https:\/\/wxnuohui.com\/es\/wp-json\/wp\/v2\/product\/13870","targetHints":{"allow":["GET"]}}],"collection":[{"href":"https:\/\/wxnuohui.com\/es\/wp-json\/wp\/v2\/product"}],"about":[{"href":"https:\/\/wxnuohui.com\/es\/wp-json\/wp\/v2\/types\/product"}],"wp:featuredmedia":[{"embeddable":true,"href":"https:\/\/wxnuohui.com\/es\/wp-json\/wp\/v2\/media\/13323"}],"wp:attachment":[{"href":"https:\/\/wxnuohui.com\/es\/wp-json\/wp\/v2\/media?parent=13870"}],"wp:term":[{"taxonomy":"product_brand","embeddable":true,"href":"https:\/\/wxnuohui.com\/es\/wp-json\/wp\/v2\/product_brand?post=13870"},{"taxonomy":"product_cat","embeddable":true,"href":"https:\/\/wxnuohui.com\/es\/wp-json\/wp\/v2\/product_cat?post=13870"},{"taxonomy":"product_tag","embeddable":true,"href":"https:\/\/wxnuohui.com\/es\/wp-json\/wp\/v2\/product_tag?post=13870"}],"curies":[{"name":"wp","href":"https:\/\/api.w.org\/{rel}","templated":true}]}}