{"id":12890,"date":"2025-09-13T11:42:06","date_gmt":"2025-09-13T11:42:06","guid":{"rendered":"https:\/\/wxnuohui.com\/product\/women-summer-new-products-candy-color-solid-suspender-jumpsuit-bodysuit\/"},"modified":"2025-09-13T11:42:06","modified_gmt":"2025-09-13T11:42:06","slug":"women-summer-new-products-candy-color-solid-suspender-jumpsuit-bodysuit","status":"publish","type":"product","link":"https:\/\/wxnuohui.com\/es\/product\/women-summer-new-products-candy-color-solid-suspender-jumpsuit-bodysuit\/","title":{"rendered":"Mujeres Verano Nuevos Productos Color Caramelo S\u00f3lido Suspensi\u00f3n Mono Body"},"content":{"rendered":"<p>Caracter\u00edstica:Secado r\u00e1pido, transpirable, respetuoso con el medio ambiente<br \/>\nLargo:Por encima de la rodilla<br \/>\nTemporada:Verano<br \/>\nLongitud de la manga(cm):Sin mangas<br \/>\nEstilo:Casual<br \/>\nMaterial:Poli\u00e9ster \/ Algod\u00f3n<br \/>\nM\u00e9todos de impresi\u00f3n:Serigraf\u00eda<br \/>\nDecoraci\u00f3n:Rayas<br \/>\nTipo de producto:tanktop<br \/>\nTipo de motivo: S\u00f3lido<br \/>\nTipo de suministro:Art\u00edculos en stock<br \/>\n7 d\u00edas de plazo de pedido de muestras:Asistencia<br \/>\nT\u00e9cnicas:Te\u00f1ido liso<br \/>\nTipo de ajuste:Regular<br \/>\nSexo:Mujer<br \/>\nM\u00e9todo de tejido: punto<br \/>\nTipo de tejido: gasa<br \/>\nTipo:Otros<br \/>\nPeso del tejido:180 gramos<br \/>\nCuello:otro<br \/>\nDetecci\u00f3n de agujas:S\u00ed<br \/>\nLugar de origen: Jiangsu, China<br \/>\nMarca:NH<br \/>\nN\u00famero de modelo: Women Suspender Jumpsuit<br \/>\nUnidades de venta:Art\u00edculo individual<br \/>\nTama\u00f1o del envase individual:18X10X13 cm<br \/>\nPeso bruto individual:0,400 kg<\/p>\n<p><img decoding=\"async\" class=\"alignnone size-full\" src=\"http:\/\/wxnuohui.com\/wp-content\/uploads\/2025\/09\/detail_pic_0-285.jpg\" width=\"790\" alt=\"\"\/><\/p>\n<p><img decoding=\"async\" class=\"alignnone size-full\" src=\"http:\/\/wxnuohui.com\/wp-content\/uploads\/2025\/09\/detail_pic_1-291.jpg\" width=\"790\" alt=\"\"\/><\/p>\n<p><img decoding=\"async\" class=\"alignnone size-full\" src=\"http:\/\/wxnuohui.com\/wp-content\/uploads\/2025\/09\/detail_pic_2-298.jpg\" width=\"790\" alt=\"\"\/><\/p>\n<p><img decoding=\"async\" class=\"alignnone size-full\" src=\"http:\/\/wxnuohui.com\/wp-content\/uploads\/2025\/09\/detail_pic_3-333.jpg\" width=\"790\" alt=\"\"\/><\/p>\n<p><img decoding=\"async\" class=\"alignnone size-full\" src=\"http:\/\/wxnuohui.com\/wp-content\/uploads\/2025\/09\/detail_pic_4-336.jpg\" width=\"790\" alt=\"\"\/><\/p>\n<p><img decoding=\"async\" class=\"alignnone size-full\" src=\"http:\/\/wxnuohui.com\/wp-content\/uploads\/2025\/09\/detail_pic_5-386.jpg\" width=\"790\" alt=\"\"\/><\/p>\n<p><img decoding=\"async\" class=\"alignnone size-full\" src=\"http:\/\/wxnuohui.com\/wp-content\/uploads\/2025\/09\/detail_pic_6-297.jpg\" width=\"790\" alt=\"\"\/><\/p>\n<p><img decoding=\"async\" class=\"alignnone size-full\" src=\"http:\/\/wxnuohui.com\/wp-content\/uploads\/2025\/09\/detail_pic_7-225.jpg\" width=\"790\" alt=\"\"\/><\/p>\n<p><img decoding=\"async\" class=\"alignnone size-full\" src=\"http:\/\/wxnuohui.com\/wp-content\/uploads\/2025\/09\/detail_pic_8-217.jpg\" width=\"790\" alt=\"\"\/><\/p>\n<p><img decoding=\"async\" class=\"alignnone size-full\" src=\"http:\/\/wxnuohui.com\/wp-content\/uploads\/2025\/09\/detail_pic_9-227.jpg\" width=\"790\" alt=\"\"\/><\/p>\n<p><img decoding=\"async\" class=\"alignnone size-full\" src=\"http:\/\/wxnuohui.com\/wp-content\/uploads\/2025\/09\/detail_pic_10-13.png\" width=\"790\" alt=\"\"\/><\/p>\n<p><img decoding=\"async\" class=\"alignnone size-full\" src=\"http:\/\/wxnuohui.com\/wp-content\/uploads\/2025\/09\/detail_pic_11-410.jpg\" width=\"790\" alt=\"\"\/><\/p>\n<p><img decoding=\"async\" class=\"alignnone size-full\" src=\"http:\/\/wxnuohui.com\/wp-content\/uploads\/2025\/09\/detail_pic_12-396.jpg\" width=\"790\" alt=\"\"\/><\/p>\n<p><img decoding=\"async\" class=\"alignnone size-full\" src=\"http:\/\/wxnuohui.com\/wp-content\/uploads\/2025\/09\/detail_pic_13-371.jpg\" width=\"790\" alt=\"\"\/><\/p>","protected":false},"excerpt":{"rendered":"<p>Mujeres Verano Nuevos Productos Color Caramelo S\u00f3lido Suspensi\u00f3n Mono Body<\/p>","protected":false},"featured_media":12850,"template":"","meta":[],"product_brand":[],"product_cat":[24],"product_tag":[],"class_list":{"0":"post-12890","1":"product","2":"type-product","3":"status-publish","4":"has-post-thumbnail","6":"product_cat-casual-bodysuits","8":"first","9":"outofstock","10":"shipping-taxable","11":"product-type-variable"},"_links":{"self":[{"href":"https:\/\/wxnuohui.com\/es\/wp-json\/wp\/v2\/product\/12890","targetHints":{"allow":["GET"]}}],"collection":[{"href":"https:\/\/wxnuohui.com\/es\/wp-json\/wp\/v2\/product"}],"about":[{"href":"https:\/\/wxnuohui.com\/es\/wp-json\/wp\/v2\/types\/product"}],"wp:featuredmedia":[{"embeddable":true,"href":"https:\/\/wxnuohui.com\/es\/wp-json\/wp\/v2\/media\/12850"}],"wp:attachment":[{"href":"https:\/\/wxnuohui.com\/es\/wp-json\/wp\/v2\/media?parent=12890"}],"wp:term":[{"taxonomy":"product_brand","embeddable":true,"href":"https:\/\/wxnuohui.com\/es\/wp-json\/wp\/v2\/product_brand?post=12890"},{"taxonomy":"product_cat","embeddable":true,"href":"https:\/\/wxnuohui.com\/es\/wp-json\/wp\/v2\/product_cat?post=12890"},{"taxonomy":"product_tag","embeddable":true,"href":"https:\/\/wxnuohui.com\/es\/wp-json\/wp\/v2\/product_tag?post=12890"}],"curies":[{"name":"wp","href":"https:\/\/api.w.org\/{rel}","templated":true}]}}