{"id":12886,"date":"2025-09-13T11:42:03","date_gmt":"2025-09-13T11:42:03","guid":{"rendered":"https:\/\/wxnuohui.com\/product\/new-fashion-womens-fashion-one-line-shoulder-strap-sexy-blue-jean-jumpsuit\/"},"modified":"2025-09-13T11:42:03","modified_gmt":"2025-09-13T11:42:03","slug":"new-fashion-womens-fashion-one-line-shoulder-strap-sexy-blue-jean-jumpsuit","status":"publish","type":"product","link":"https:\/\/wxnuohui.com\/es\/product\/new-fashion-womens-fashion-one-line-shoulder-strap-sexy-blue-jean-jumpsuit\/","title":{"rendered":"Nueva moda de las mujeres de la moda de una l\u00ednea de hombro Correa Sexy Azul Jean mono"},"content":{"rendered":"<p>Tipo de ajuste:Regular<br \/>\nEstilo:Casual<br \/>\nEstaci\u00f3n:Oto\u00f1o<br \/>\nCuello: cuello en O<br \/>\nMaterial:Poli\u00e9ster \/ Algod\u00f3n<br \/>\nTipo de suministro:Art\u00edculos en stock<br \/>\nCaracter\u00edstica:Secado r\u00e1pido, transpirable, respetuoso con el medio ambiente<br \/>\nPatr\u00f3n:Rayas<br \/>\nM\u00e9todo de tejido: punto<br \/>\nSexo:Mujer<br \/>\nLargo:Por encima de la rodilla<br \/>\nT\u00e9cnicas:Te\u00f1ido liso<br \/>\nDecoraci\u00f3n:Bolsillos, hueco<br \/>\nTipo de tejido: gasa<br \/>\nLugar de origen: Jiangsu, China<br \/>\nModelo: Denim Jumpsuit<br \/>\nMarca:NH<br \/>\nNombre del producto:Women Jeans Bodysuit<br \/>\nPalabras clave:Mono vaquero<br \/>\nServicio:24 horas en l\u00ednea<br \/>\nPago:Garant\u00eda comercial<br \/>\nImpresi\u00f3n:Impresi\u00f3n de dise\u00f1os personalizados<br \/>\nMuestra:3-5 d\u00edas<br \/>\nEmbalaje:1pc\/polybag<br \/>\nPlazo de entrega: 7~15 d\u00edas<br \/>\nEtiqueta y logotipo: personalizados<br \/>\nEnv\u00edo:DHLEMSUPSFEDEXpor Seaby Air<br \/>\nDetalles de embalaje:1.Para la muestra, una pieza por bolsa de polietileno. 2.For la producci\u00f3n en masa, nuestro embalaje regular es Cart\u00f3n. 3.Also se aplican al requisito de clientes.<br \/>\nPuerto de expedici\u00f3n:shanghai<br \/>\nUnidades de venta:Art\u00edculo individual<br \/>\nTama\u00f1o del envase individual:23X14X17 cm<br \/>\nPeso bruto individual:0,600 kg<br \/>\nEjemplos de envases:<br \/>\nCapacidad de suministro:5000 conjuntos al mes Jumpsuits Playsuits<\/p>\n<p><img decoding=\"async\" class=\"alignnone size-full\" src=\"http:\/\/wxnuohui.com\/wp-content\/uploads\/2025\/09\/detail_pic_0-281.jpg\" width=\"790\" alt=\"\"\/><\/p>\n<p><img decoding=\"async\" class=\"alignnone size-full\" src=\"http:\/\/wxnuohui.com\/wp-content\/uploads\/2025\/09\/detail_pic_1-287.jpg\" width=\"790\" alt=\"\"\/><\/p>\n<p><img decoding=\"async\" class=\"alignnone size-full\" src=\"http:\/\/wxnuohui.com\/wp-content\/uploads\/2025\/09\/detail_pic_2-294.jpg\" width=\"790\" alt=\"\"\/><\/p>\n<p><img decoding=\"async\" class=\"alignnone size-full\" src=\"http:\/\/wxnuohui.com\/wp-content\/uploads\/2025\/09\/detail_pic_3-329.jpg\" width=\"790\" alt=\"\"\/><\/p>\n<p><img decoding=\"async\" class=\"alignnone size-full\" src=\"http:\/\/wxnuohui.com\/wp-content\/uploads\/2025\/09\/detail_pic_4-332.jpg\" width=\"790\" alt=\"\"\/><\/p>\n<p><img decoding=\"async\" class=\"alignnone size-full\" src=\"http:\/\/wxnuohui.com\/wp-content\/uploads\/2025\/09\/detail_pic_5-382.jpg\" width=\"790\" alt=\"\"\/><\/p>\n<p><img decoding=\"async\" class=\"alignnone size-full\" src=\"http:\/\/wxnuohui.com\/wp-content\/uploads\/2025\/09\/detail_pic_6-293.jpg\" width=\"790\" alt=\"\"\/><\/p>\n<p><img decoding=\"async\" class=\"alignnone size-full\" src=\"http:\/\/wxnuohui.com\/wp-content\/uploads\/2025\/09\/detail_pic_7-221.jpg\" width=\"790\" alt=\"\"\/><\/p>\n<p><img decoding=\"async\" class=\"alignnone size-full\" src=\"http:\/\/wxnuohui.com\/wp-content\/uploads\/2025\/09\/detail_pic_8-213.jpg\" width=\"790\" alt=\"\"\/><\/p>\n<p><img decoding=\"async\" class=\"alignnone size-full\" src=\"http:\/\/wxnuohui.com\/wp-content\/uploads\/2025\/09\/detail_pic_9-224.jpg\" width=\"790\" alt=\"\"\/><\/p>\n<p><img decoding=\"async\" class=\"alignnone size-full\" src=\"http:\/\/wxnuohui.com\/wp-content\/uploads\/2025\/09\/detail_pic_10-10.png\" width=\"790\" alt=\"\"\/><\/p>\n<p><img decoding=\"async\" class=\"alignnone size-full\" src=\"http:\/\/wxnuohui.com\/wp-content\/uploads\/2025\/09\/detail_pic_11-406.jpg\" width=\"790\" alt=\"\"\/><\/p>\n<p><img decoding=\"async\" class=\"alignnone size-full\" src=\"http:\/\/wxnuohui.com\/wp-content\/uploads\/2025\/09\/detail_pic_12-392.jpg\" width=\"790\" alt=\"\"\/><\/p>\n<p><img decoding=\"async\" class=\"alignnone size-full\" src=\"http:\/\/wxnuohui.com\/wp-content\/uploads\/2025\/09\/detail_pic_13-368.jpg\" width=\"790\" alt=\"\"\/><\/p>","protected":false},"excerpt":{"rendered":"<p>Nueva moda de las mujeres de la moda de una l\u00ednea de hombro Correa Sexy Azul Jean mono<\/p>","protected":false},"featured_media":12767,"template":"","meta":[],"product_brand":[],"product_cat":[24],"product_tag":[],"class_list":{"0":"post-12886","1":"product","2":"type-product","3":"status-publish","4":"has-post-thumbnail","6":"product_cat-casual-bodysuits","8":"first","9":"outofstock","10":"shipping-taxable","11":"product-type-variable"},"_links":{"self":[{"href":"https:\/\/wxnuohui.com\/es\/wp-json\/wp\/v2\/product\/12886","targetHints":{"allow":["GET"]}}],"collection":[{"href":"https:\/\/wxnuohui.com\/es\/wp-json\/wp\/v2\/product"}],"about":[{"href":"https:\/\/wxnuohui.com\/es\/wp-json\/wp\/v2\/types\/product"}],"wp:featuredmedia":[{"embeddable":true,"href":"https:\/\/wxnuohui.com\/es\/wp-json\/wp\/v2\/media\/12767"}],"wp:attachment":[{"href":"https:\/\/wxnuohui.com\/es\/wp-json\/wp\/v2\/media?parent=12886"}],"wp:term":[{"taxonomy":"product_brand","embeddable":true,"href":"https:\/\/wxnuohui.com\/es\/wp-json\/wp\/v2\/product_brand?post=12886"},{"taxonomy":"product_cat","embeddable":true,"href":"https:\/\/wxnuohui.com\/es\/wp-json\/wp\/v2\/product_cat?post=12886"},{"taxonomy":"product_tag","embeddable":true,"href":"https:\/\/wxnuohui.com\/es\/wp-json\/wp\/v2\/product_tag?post=12886"}],"curies":[{"name":"wp","href":"https:\/\/api.w.org\/{rel}","templated":true}]}}