{"id":9182,"date":"2025-09-13T06:20:52","date_gmt":"2025-09-13T06:20:52","guid":{"rendered":"https:\/\/wxnuohui.com\/product\/wholesale-high-quality-no-string-fashion-women-hoodie-and-jogging-pants-set-for-women\/"},"modified":"2025-09-13T06:20:53","modified_gmt":"2025-09-13T06:20:53","slug":"wholesale-high-quality-no-string-fashion-women-hoodie-and-jogging-pants-set-for-women","status":"publish","type":"product","link":"https:\/\/wxnuohui.com\/de\/product\/wholesale-high-quality-no-string-fashion-women-hoodie-and-jogging-pants-set-for-women\/","title":{"rendered":"Gro\u00dfhandel hohe Qualit\u00e4t keine String Mode Frauen Hoodie und Jogginghosen Set f\u00fcr Frauen"},"content":{"rendered":"<p>Stofftyp:Jersey<br \/>\nMaterial:35%Cotton\/65%polyester<br \/>\nStoff Gewicht:280 Gramm<br \/>\nMustertyp:Solide<br \/>\n\u00c4rmell\u00e4nge:Voll<br \/>\nKragen:Kapuze<br \/>\nStil:L\u00e4ssig<br \/>\nAusf\u00fchrung:Ungef\u00fcttert<br \/>\nJahreszeit:Herbst<br \/>\n\u00c4rmelform:Regular<br \/>\nL\u00e4nge der Kleidung:Regular<br \/>\nEigenschaft:Anti-Falten, schnell trocken, Anti-Pilling, atmungsaktiv, umweltfreundlich<br \/>\nGeschlecht:Frauen<br \/>\nLogo-Position: Vorderseite, R\u00fcckseite, linker \u00c4rmel, rechter \u00c4rmel, Nacken<br \/>\nLogo\/Grafikdesign: Siebdruck, Digitaldruck, Thermotransferdruck, Stickerei, Puffdruck<br \/>\nDekoration:Taschen<br \/>\nLieferart:Oem-Service<br \/>\n7 Tage Vorlaufzeit f\u00fcr Musterauftr\u00e4ge:Support<br \/>\nTechnik:Andere, einfarbig gef\u00e4rbt<br \/>\nWebart:Gestrickt<br \/>\nModellnummer:Hoodie-Set f\u00fcr Frauen<br \/>\nHerkunftsort:Jiangsu, China<br \/>\nMarkenname:NH-656207400914<br \/>\nStoff Gewicht:280 Gramm<br \/>\nProduktbezeichnung:Jogger Cropped Sweatshirt Hoodies Sets<br \/>\nStichw\u00f6rter:Frauen Hoodies Sets<br \/>\nService:24 Stunden Online<br \/>\nBezahlung:Trade Assurance<br \/>\nDruck:Individuelle Designs drucken<br \/>\nProbe:3-5 Tage<br \/>\nVerpackung:1St\u00fcck\/Polybeutel<br \/>\nLieferzeit:7~15 Tage<br \/>\nEtikett &amp; Logo:Accpet Kundenspezifisch<br \/>\nVersand:DHLEMSUPSFEDEXmit Seaby Air<br \/>\nVerkaufseinheiten:Einzelst\u00fcck<br \/>\nGr\u00f6\u00dfe der Einzelverpackung: 26X15X18 cm<br \/>\nBrutto-Einzelgewicht:0.800 kg<\/p>\n<p><img decoding=\"async\" class=\"alignnone size-full\" src=\"http:\/\/wxnuohui.com\/wp-content\/uploads\/2025\/09\/detail_pic_0-112.jpg\" width=\"790\" alt=\"\"\/><\/p>\n<p><img decoding=\"async\" class=\"alignnone size-full\" src=\"http:\/\/wxnuohui.com\/wp-content\/uploads\/2025\/09\/detail_pic_1-132.jpg\" width=\"790\" alt=\"\"\/><\/p>\n<p><img decoding=\"async\" class=\"alignnone size-full\" src=\"http:\/\/wxnuohui.com\/wp-content\/uploads\/2025\/09\/detail_pic_2-138.jpg\" width=\"790\" alt=\"\"\/><\/p>\n<p><img decoding=\"async\" class=\"alignnone size-full\" src=\"http:\/\/wxnuohui.com\/wp-content\/uploads\/2025\/09\/detail_pic_3-173.jpg\" width=\"790\" alt=\"\"\/><\/p>\n<p><img decoding=\"async\" class=\"alignnone size-full\" src=\"http:\/\/wxnuohui.com\/wp-content\/uploads\/2025\/09\/detail_pic_4-164.jpg\" width=\"790\" alt=\"\"\/><\/p>\n<p><img decoding=\"async\" class=\"alignnone size-full\" src=\"http:\/\/wxnuohui.com\/wp-content\/uploads\/2025\/09\/detail_pic_5-206.jpg\" width=\"790\" alt=\"\"\/><\/p>\n<p><img decoding=\"async\" class=\"alignnone size-full\" src=\"http:\/\/wxnuohui.com\/wp-content\/uploads\/2025\/09\/detail_pic_6-96.png\" width=\"790\" alt=\"\"\/><\/p>\n<p><img decoding=\"async\" class=\"alignnone size-full\" src=\"http:\/\/wxnuohui.com\/wp-content\/uploads\/2025\/09\/detail_pic_7-123.png\" width=\"790\" alt=\"\"\/><\/p>\n<p><img decoding=\"async\" class=\"alignnone size-full\" src=\"http:\/\/wxnuohui.com\/wp-content\/uploads\/2025\/09\/detail_pic_8-105.png\" width=\"790\" alt=\"\"\/><\/p>\n<p><img decoding=\"async\" class=\"alignnone size-full\" src=\"http:\/\/wxnuohui.com\/wp-content\/uploads\/2025\/09\/detail_pic_9-146.jpg\" width=\"790\" alt=\"\"\/><\/p>\n<p><img decoding=\"async\" class=\"alignnone size-full\" src=\"http:\/\/wxnuohui.com\/wp-content\/uploads\/2025\/09\/detail_pic_10-232.jpg\" width=\"790\" alt=\"\"\/><\/p>\n<p><img decoding=\"async\" class=\"alignnone size-full\" src=\"http:\/\/wxnuohui.com\/wp-content\/uploads\/2025\/09\/detail_pic_11-227.jpg\" width=\"790\" alt=\"\"\/><\/p>\n<p><img decoding=\"async\" class=\"alignnone size-full\" src=\"http:\/\/wxnuohui.com\/wp-content\/uploads\/2025\/09\/detail_pic_12-225.jpg\" width=\"790\" alt=\"\"\/><\/p>\n<p><img decoding=\"async\" class=\"alignnone size-full\" src=\"http:\/\/wxnuohui.com\/wp-content\/uploads\/2025\/09\/detail_pic_13-10.png\" width=\"790\" alt=\"\"\/><\/p>\n<p><img decoding=\"async\" class=\"alignnone size-full\" src=\"http:\/\/wxnuohui.com\/wp-content\/uploads\/2025\/09\/detail_pic_14-177.jpg\" width=\"790\" alt=\"\"\/><\/p>\n<p><img decoding=\"async\" class=\"alignnone size-full\" src=\"http:\/\/wxnuohui.com\/wp-content\/uploads\/2025\/09\/detail_pic_15-216.jpg\" width=\"790\" alt=\"\"\/><\/p>\n<p><img decoding=\"async\" class=\"alignnone size-full\" src=\"http:\/\/wxnuohui.com\/wp-content\/uploads\/2025\/09\/detail_pic_16-169.jpg\" width=\"790\" alt=\"\"\/><\/p>","protected":false},"excerpt":{"rendered":"<p>Gro\u00dfhandel hohe Qualit\u00e4t keine String Mode Frauen Hoodie und Jogginghosen Set f\u00fcr Frauen<\/p>","protected":false},"featured_media":8027,"template":"","meta":[],"product_brand":[],"product_cat":[22],"product_tag":[],"class_list":{"0":"post-9182","1":"product","2":"type-product","3":"status-publish","4":"has-post-thumbnail","6":"product_cat-women-set","8":"first","9":"outofstock","10":"shipping-taxable","11":"product-type-variable"},"_links":{"self":[{"href":"https:\/\/wxnuohui.com\/de\/wp-json\/wp\/v2\/product\/9182","targetHints":{"allow":["GET"]}}],"collection":[{"href":"https:\/\/wxnuohui.com\/de\/wp-json\/wp\/v2\/product"}],"about":[{"href":"https:\/\/wxnuohui.com\/de\/wp-json\/wp\/v2\/types\/product"}],"wp:featuredmedia":[{"embeddable":true,"href":"https:\/\/wxnuohui.com\/de\/wp-json\/wp\/v2\/media\/8027"}],"wp:attachment":[{"href":"https:\/\/wxnuohui.com\/de\/wp-json\/wp\/v2\/media?parent=9182"}],"wp:term":[{"taxonomy":"product_brand","embeddable":true,"href":"https:\/\/wxnuohui.com\/de\/wp-json\/wp\/v2\/product_brand?post=9182"},{"taxonomy":"product_cat","embeddable":true,"href":"https:\/\/wxnuohui.com\/de\/wp-json\/wp\/v2\/product_cat?post=9182"},{"taxonomy":"product_tag","embeddable":true,"href":"https:\/\/wxnuohui.com\/de\/wp-json\/wp\/v2\/product_tag?post=9182"}],"curies":[{"name":"wp","href":"https:\/\/api.w.org\/{rel}","templated":true}]}}