{"id":9126,"date":"2025-09-13T06:20:10","date_gmt":"2025-09-13T06:20:10","guid":{"rendered":"https:\/\/wxnuohui.com\/product\/hot-sale-women-summer-short-set-swim-beach-wear-outfit-ready-stock-two-2-piece-short-set\/"},"modified":"2025-09-13T06:20:10","modified_gmt":"2025-09-13T06:20:10","slug":"hot-sale-women-summer-short-set-swim-beach-wear-outfit-ready-stock-two-2-piece-short-set","status":"publish","type":"product","link":"https:\/\/wxnuohui.com\/de\/product\/hot-sale-women-summer-short-set-swim-beach-wear-outfit-ready-stock-two-2-piece-short-set\/","title":{"rendered":"Hot Sale Frauen Sommer kurzes Set Schwimmen Strand tragen Outfit bereit Lager zwei 2 St\u00fcck kurzes Set"},"content":{"rendered":"<p>Geschlecht:Frauen<br \/>\nSaison:Sommer<br \/>\nDekoration:ausgeh\u00f6hlt<br \/>\nStoffart:Stricken<br \/>\nMaterial: Polyester \/ Baumwolle<br \/>\nTyp:2 St\u00fcck Shorts Set<br \/>\nOberteile L\u00e4nge:Kurz<br \/>\nDruckverfahren:Seidensiebdruck<br \/>\nMustertyp:Solide<br \/>\n\u00c4rmell\u00e4nge:\u00e4rmellos<br \/>\nOberteil Typ:Oberteil<br \/>\n7 Tage Vorlaufzeit f\u00fcr Musterauftr\u00e4ge:Support<br \/>\nEigenschaft:Atmungsaktiv, umweltfreundlich<br \/>\nL\u00e4nge:\u00dcber dem Knie<br \/>\nLieferart:Oem-Service<br \/>\nPassform Typ:Regular<br \/>\nTechnik:Gedruckt<br \/>\nWebart:Gestrickt<br \/>\nKragen:O-Ausschnitt<br \/>\nStil:L\u00e4ssig<br \/>\nStoff Gewicht:240 Gramm<br \/>\nNadeldetektion:Ja<br \/>\nModellnummer:Two 2 Piece Short Set<br \/>\nHerkunftsort:Jiangsu, China<br \/>\nMarkenname:NH<br \/>\nVerkaufseinheiten:Einzelst\u00fcck<br \/>\nGr\u00f6\u00dfe der Einzelverpackung: 23X13X14 cm<br \/>\nBrutto-Einzelgewicht: 0.500 kg<\/p>\n<p><img decoding=\"async\" class=\"alignnone size-full\" src=\"http:\/\/wxnuohui.com\/wp-content\/uploads\/2025\/09\/detail_pic_0-107.png\" width=\"790\" alt=\"\"\/><\/p>\n<p><img decoding=\"async\" class=\"alignnone size-full\" src=\"http:\/\/wxnuohui.com\/wp-content\/uploads\/2025\/09\/detail_pic_1-83.jpg\" width=\"790\" alt=\"\"\/><\/p>\n<p><img decoding=\"async\" class=\"alignnone size-full\" src=\"http:\/\/wxnuohui.com\/wp-content\/uploads\/2025\/09\/detail_pic_2-87.jpg\" width=\"790\" alt=\"\"\/><\/p>\n<p><img decoding=\"async\" class=\"alignnone size-full\" src=\"http:\/\/wxnuohui.com\/wp-content\/uploads\/2025\/09\/detail_pic_3-123.jpg\" width=\"790\" alt=\"\"\/><\/p>\n<p><img decoding=\"async\" class=\"alignnone size-full\" src=\"http:\/\/wxnuohui.com\/wp-content\/uploads\/2025\/09\/detail_pic_4-113.jpg\" width=\"790\" alt=\"\"\/><\/p>\n<p><img decoding=\"async\" class=\"alignnone size-full\" src=\"http:\/\/wxnuohui.com\/wp-content\/uploads\/2025\/09\/detail_pic_5-156.jpg\" width=\"790\" alt=\"\"\/><\/p>\n<p><img decoding=\"async\" class=\"alignnone size-full\" src=\"http:\/\/wxnuohui.com\/wp-content\/uploads\/2025\/09\/detail_pic_6-91.jpg\" width=\"790\" alt=\"\"\/><\/p>\n<p><img decoding=\"async\" class=\"alignnone size-full\" src=\"http:\/\/wxnuohui.com\/wp-content\/uploads\/2025\/09\/detail_pic_7-72.jpg\" width=\"790\" alt=\"\"\/><\/p>\n<p><img decoding=\"async\" class=\"alignnone size-full\" src=\"http:\/\/wxnuohui.com\/wp-content\/uploads\/2025\/09\/detail_pic_8-99.jpg\" width=\"790\" alt=\"\"\/><\/p>\n<p><img decoding=\"async\" class=\"alignnone size-full\" src=\"http:\/\/wxnuohui.com\/wp-content\/uploads\/2025\/09\/detail_pic_9-118.jpg\" width=\"790\" alt=\"\"\/><\/p>\n<p><img decoding=\"async\" class=\"alignnone size-full\" src=\"http:\/\/wxnuohui.com\/wp-content\/uploads\/2025\/09\/detail_pic_10-1.png\" width=\"790\" alt=\"\"\/><\/p>\n<p><img decoding=\"async\" class=\"alignnone size-full\" src=\"http:\/\/wxnuohui.com\/wp-content\/uploads\/2025\/09\/detail_pic_11-177.jpg\" width=\"790\" alt=\"\"\/><\/p>\n<p><img decoding=\"async\" class=\"alignnone size-full\" src=\"http:\/\/wxnuohui.com\/wp-content\/uploads\/2025\/09\/detail_pic_12-177.jpg\" width=\"790\" alt=\"\"\/><\/p>\n<p><img decoding=\"async\" class=\"alignnone size-full\" src=\"http:\/\/wxnuohui.com\/wp-content\/uploads\/2025\/09\/detail_pic_13-177.jpg\" width=\"790\" alt=\"\"\/><\/p>","protected":false},"excerpt":{"rendered":"<p>Hot Sale Frauen Sommer kurzes Set Schwimmen Strand tragen Outfit bereit Lager zwei 2 St\u00fcck kurzes Set<\/p>","protected":false},"featured_media":6766,"template":"","meta":[],"product_brand":[],"product_cat":[22],"product_tag":[],"class_list":{"0":"post-9126","1":"product","2":"type-product","3":"status-publish","4":"has-post-thumbnail","6":"product_cat-women-set","8":"first","9":"outofstock","10":"shipping-taxable","11":"product-type-variable"},"_links":{"self":[{"href":"https:\/\/wxnuohui.com\/de\/wp-json\/wp\/v2\/product\/9126","targetHints":{"allow":["GET"]}}],"collection":[{"href":"https:\/\/wxnuohui.com\/de\/wp-json\/wp\/v2\/product"}],"about":[{"href":"https:\/\/wxnuohui.com\/de\/wp-json\/wp\/v2\/types\/product"}],"wp:featuredmedia":[{"embeddable":true,"href":"https:\/\/wxnuohui.com\/de\/wp-json\/wp\/v2\/media\/6766"}],"wp:attachment":[{"href":"https:\/\/wxnuohui.com\/de\/wp-json\/wp\/v2\/media?parent=9126"}],"wp:term":[{"taxonomy":"product_brand","embeddable":true,"href":"https:\/\/wxnuohui.com\/de\/wp-json\/wp\/v2\/product_brand?post=9126"},{"taxonomy":"product_cat","embeddable":true,"href":"https:\/\/wxnuohui.com\/de\/wp-json\/wp\/v2\/product_cat?post=9126"},{"taxonomy":"product_tag","embeddable":true,"href":"https:\/\/wxnuohui.com\/de\/wp-json\/wp\/v2\/product_tag?post=9126"}],"curies":[{"name":"wp","href":"https:\/\/api.w.org\/{rel}","templated":true}]}}