{"id":9107,"date":"2025-09-13T06:19:59","date_gmt":"2025-09-13T06:19:59","guid":{"rendered":"https:\/\/wxnuohui.com\/product\/new-fashion-female-sweatsuit-2-pieces-cut-and-sew-outdoor-fitness-casual-tracksuit-for-women\/"},"modified":"2025-09-13T06:19:59","modified_gmt":"2025-09-13T06:19:59","slug":"new-fashion-female-sweatsuit-2-pieces-cut-and-sew-outdoor-fitness-casual-tracksuit-for-women","status":"publish","type":"product","link":"https:\/\/wxnuohui.com\/de\/product\/new-fashion-female-sweatsuit-2-pieces-cut-and-sew-outdoor-fitness-casual-tracksuit-for-women\/","title":{"rendered":"Neue Mode weiblich Trainingsanzug 2 St\u00fcck schneiden und n\u00e4hen Outdoor Fitness l\u00e4ssig Trainingsanzug f\u00fcr Frauen"},"content":{"rendered":"<p>Geschlecht:Frauen<br \/>\nJahreszeit:Herbst<br \/>\nDekoration:Taschen, Seitenstreifen<br \/>\nStoffart:Stricken<br \/>\nMaterial: Polyester \/ Baumwolle<br \/>\nMustertyp:Keine<br \/>\n7 Tage Vorlaufzeit f\u00fcr Musterauftr\u00e4ge:Support<br \/>\nMerkmal:Anti-Pilling, umweltfreundlich<br \/>\nL\u00e4nge:Midi<br \/>\nLieferart:Oem-Service<br \/>\nPassform Typ:Regular<br \/>\nTechnik:Einfarbig gef\u00e4rbt<br \/>\nWebart:Gestrickt<br \/>\nKragen:O-Ausschnitt<br \/>\nStil:L\u00e4ssig<br \/>\nModellnummer:Damen-Trainingsanz\u00fcge<br \/>\nHerkunftsort:Jiangsu, China<br \/>\nMarkenname:HN<br \/>\nProduktname:Outdoor Fitness Casual Trainingsanzug f\u00fcr Frauen<br \/>\nStichw\u00f6rter:Damen Trainingsanz\u00fcge<br \/>\nService:24 Stunden Online<br \/>\nBezahlung:Trade Assurance<br \/>\nDruck:Individuelle Designs drucken<br \/>\nProbe:3-5 Tage<br \/>\nVerpackung:1St\u00fcck\/Polybeutel<br \/>\nLieferzeit:7~15 Tage<br \/>\nEtikett &amp; Logo:Accpet Kundenspezifisch<br \/>\nVersand:DHLEMSUPSFEDEXmit Seaby Air<br \/>\nVerpackungsdetails:New Fashion Female Sweatsuit 2 Pieces Cut And Sew Outdoor Fitness Casual Tracksuit For Women: 1.For the sample,One Piece Per Poly bag. 2. f\u00fcr die Massenproduktion, unsere regelm\u00e4\u00dfige Verpackung ist Karton. 3.auch gelten f\u00fcr die Anforderung der Kunden.<br \/>\nVersandhafen:Shanghai<br \/>\nVerkaufseinheiten:Einzelst\u00fcck<br \/>\nEinzelne Paketgr\u00f6\u00dfe: 20X20X5 cm<br \/>\nBrutto-Einzelgewicht: 0.500 kg<br \/>\nBeispiele f\u00fcr Verpackungen:<br \/>\nLieferf\u00e4higkeit:5000 St\u00fcck pro Monat Frauen Trainingsanz\u00fcge<\/p>\n<p><img decoding=\"async\" class=\"alignnone size-full\" src=\"http:\/\/wxnuohui.com\/wp-content\/uploads\/2025\/09\/detail_pic_0-61.jpg\" width=\"790\" alt=\"\"\/><\/p>\n<p><img decoding=\"async\" class=\"alignnone size-full\" src=\"http:\/\/wxnuohui.com\/wp-content\/uploads\/2025\/09\/detail_pic_1-66.jpg\" width=\"790\" alt=\"\"\/><\/p>","protected":false},"excerpt":{"rendered":"<p>Neue Mode weiblich Trainingsanzug 2 St\u00fcck schneiden und n\u00e4hen Outdoor Fitness l\u00e4ssig Trainingsanzug f\u00fcr Frauen<\/p>","protected":false},"featured_media":6322,"template":"","meta":[],"product_brand":[],"product_cat":[22],"product_tag":[],"class_list":{"0":"post-9107","1":"product","2":"type-product","3":"status-publish","4":"has-post-thumbnail","6":"product_cat-women-set","8":"first","9":"outofstock","10":"shipping-taxable","11":"product-type-variable"},"_links":{"self":[{"href":"https:\/\/wxnuohui.com\/de\/wp-json\/wp\/v2\/product\/9107","targetHints":{"allow":["GET"]}}],"collection":[{"href":"https:\/\/wxnuohui.com\/de\/wp-json\/wp\/v2\/product"}],"about":[{"href":"https:\/\/wxnuohui.com\/de\/wp-json\/wp\/v2\/types\/product"}],"wp:featuredmedia":[{"embeddable":true,"href":"https:\/\/wxnuohui.com\/de\/wp-json\/wp\/v2\/media\/6322"}],"wp:attachment":[{"href":"https:\/\/wxnuohui.com\/de\/wp-json\/wp\/v2\/media?parent=9107"}],"wp:term":[{"taxonomy":"product_brand","embeddable":true,"href":"https:\/\/wxnuohui.com\/de\/wp-json\/wp\/v2\/product_brand?post=9107"},{"taxonomy":"product_cat","embeddable":true,"href":"https:\/\/wxnuohui.com\/de\/wp-json\/wp\/v2\/product_cat?post=9107"},{"taxonomy":"product_tag","embeddable":true,"href":"https:\/\/wxnuohui.com\/de\/wp-json\/wp\/v2\/product_tag?post=9107"}],"curies":[{"name":"wp","href":"https:\/\/api.w.org\/{rel}","templated":true}]}}