{"id":9105,"date":"2025-09-13T06:19:57","date_gmt":"2025-09-13T06:19:57","guid":{"rendered":"https:\/\/wxnuohui.com\/product\/high-quality-custom-logo-women-sweatsuit-two-piece-crop-top-pants-set-velour-lady-tracksuits\/"},"modified":"2025-09-13T06:19:58","modified_gmt":"2025-09-13T06:19:58","slug":"high-quality-custom-logo-women-sweatsuit-two-piece-crop-top-pants-set-velour-lady-tracksuits","status":"publish","type":"product","link":"https:\/\/wxnuohui.com\/de\/product\/high-quality-custom-logo-women-sweatsuit-two-piece-crop-top-pants-set-velour-lady-tracksuits\/","title":{"rendered":"Hohe Qualit\u00e4t benutzerdefinierte Logo Frauen Trainingsanzug zwei St\u00fcck Crop Top Hosen Set Velour Lady Trainingsanz\u00fcge"},"content":{"rendered":"<p>Material:1001TP3Samt<br \/>\nKragen:Kapuze<br \/>\n\u00c4rmell\u00e4nge(cm):Voll<br \/>\nVerschlusstyp:Rei\u00dfverschluss<br \/>\nPassform Typ:Regular<br \/>\nEigenschaft:Atmungsaktiv, umweltfreundlich<br \/>\nStil:Sets<br \/>\nJahreszeit:Herbst<br \/>\nTechnik:Einfarbig gef\u00e4rbt<br \/>\nModeelement:Einfach<br \/>\nDekoration:Keine<br \/>\nDruckverfahren:Keine<br \/>\nMustertyp:Solide<br \/>\nGeschlecht:Frauen<br \/>\nAltersgruppe:Erwachsene<br \/>\nLieferart:Oem-Service<br \/>\nNadeldetektion:Ja<br \/>\n7 Tage Vorlaufzeit f\u00fcr Musterauftr\u00e4ge:Support<br \/>\nHerkunftsort:Jiangsu, China<br \/>\nMarkenname:NH<br \/>\nModellnummer:Individueller Velours-Trainingsanzug<br \/>\nVerf\u00fcgbare Menge:5000<br \/>\nStoff Gewicht:280 Gramm<br \/>\nVerkaufseinheiten:Einzelst\u00fcck<br \/>\nGr\u00f6\u00dfe der Einzelverpackung: 18X13X14 cm<br \/>\nBrutto-Einzelgewicht: 0.500 kg<\/p>\n<p><img decoding=\"async\" class=\"alignnone size-full\" src=\"http:\/\/wxnuohui.com\/wp-content\/uploads\/2025\/09\/detail_pic_0-59.jpg\" width=\"790\" alt=\"\"\/><\/p>\n<p><img decoding=\"async\" class=\"alignnone size-full\" src=\"http:\/\/wxnuohui.com\/wp-content\/uploads\/2025\/09\/detail_pic_1-64.jpg\" width=\"790\" alt=\"\"\/><\/p>\n<p><img decoding=\"async\" class=\"alignnone size-full\" src=\"http:\/\/wxnuohui.com\/wp-content\/uploads\/2025\/09\/detail_pic_2-70.jpg\" width=\"790\" alt=\"\"\/><\/p>\n<p><img decoding=\"async\" class=\"alignnone size-full\" src=\"http:\/\/wxnuohui.com\/wp-content\/uploads\/2025\/09\/detail_pic_3-107.jpg\" width=\"790\" alt=\"\"\/><\/p>\n<p><img decoding=\"async\" class=\"alignnone size-full\" src=\"http:\/\/wxnuohui.com\/wp-content\/uploads\/2025\/09\/detail_pic_4-97.jpg\" width=\"790\" alt=\"\"\/><\/p>\n<p><img decoding=\"async\" class=\"alignnone size-full\" src=\"http:\/\/wxnuohui.com\/wp-content\/uploads\/2025\/09\/detail_pic_5-138.jpg\" width=\"790\" alt=\"\"\/><\/p>\n<p><img decoding=\"async\" class=\"alignnone size-full\" src=\"http:\/\/wxnuohui.com\/wp-content\/uploads\/2025\/09\/detail_pic_6-75.jpg\" width=\"790\" alt=\"\"\/><\/p>\n<p><img decoding=\"async\" class=\"alignnone size-full\" src=\"http:\/\/wxnuohui.com\/wp-content\/uploads\/2025\/09\/detail_pic_7-56.jpg\" width=\"790\" alt=\"\"\/><\/p>\n<p><img decoding=\"async\" class=\"alignnone size-full\" src=\"http:\/\/wxnuohui.com\/wp-content\/uploads\/2025\/09\/detail_pic_8-84.jpg\" width=\"790\" alt=\"\"\/><\/p>\n<p><img decoding=\"async\" class=\"alignnone size-full\" src=\"http:\/\/wxnuohui.com\/wp-content\/uploads\/2025\/09\/detail_pic_9-104.jpg\" width=\"790\" alt=\"\"\/><\/p>\n<p><img decoding=\"async\" class=\"alignnone size-full\" src=\"http:\/\/wxnuohui.com\/wp-content\/uploads\/2025\/09\/detail_pic_10-162.jpg\" width=\"790\" alt=\"\"\/><\/p>\n<p><img decoding=\"async\" class=\"alignnone size-full\" src=\"http:\/\/wxnuohui.com\/wp-content\/uploads\/2025\/09\/detail_pic_11-4.png\" width=\"790\" alt=\"\"\/><\/p>\n<p><img decoding=\"async\" class=\"alignnone size-full\" src=\"http:\/\/wxnuohui.com\/wp-content\/uploads\/2025\/09\/detail_pic_12-159.jpg\" width=\"790\" alt=\"\"\/><\/p>\n<p><img decoding=\"async\" class=\"alignnone size-full\" src=\"http:\/\/wxnuohui.com\/wp-content\/uploads\/2025\/09\/detail_pic_13-160.jpg\" width=\"790\" alt=\"\"\/><\/p>\n<p><img decoding=\"async\" class=\"alignnone size-full\" src=\"http:\/\/wxnuohui.com\/wp-content\/uploads\/2025\/09\/detail_pic_14-159.jpg\" width=\"790\" alt=\"\"\/><\/p>","protected":false},"excerpt":{"rendered":"<p>Hohe Qualit\u00e4t benutzerdefinierte Logo Frauen Trainingsanzug zwei St\u00fcck Crop Top Hosen Set Velour Lady Trainingsanz\u00fcge<\/p>","protected":false},"featured_media":6280,"template":"","meta":[],"product_brand":[],"product_cat":[22],"product_tag":[],"class_list":{"0":"post-9105","1":"product","2":"type-product","3":"status-publish","4":"has-post-thumbnail","6":"product_cat-women-set","8":"first","9":"outofstock","10":"shipping-taxable","11":"product-type-variable"},"_links":{"self":[{"href":"https:\/\/wxnuohui.com\/de\/wp-json\/wp\/v2\/product\/9105","targetHints":{"allow":["GET"]}}],"collection":[{"href":"https:\/\/wxnuohui.com\/de\/wp-json\/wp\/v2\/product"}],"about":[{"href":"https:\/\/wxnuohui.com\/de\/wp-json\/wp\/v2\/types\/product"}],"wp:featuredmedia":[{"embeddable":true,"href":"https:\/\/wxnuohui.com\/de\/wp-json\/wp\/v2\/media\/6280"}],"wp:attachment":[{"href":"https:\/\/wxnuohui.com\/de\/wp-json\/wp\/v2\/media?parent=9105"}],"wp:term":[{"taxonomy":"product_brand","embeddable":true,"href":"https:\/\/wxnuohui.com\/de\/wp-json\/wp\/v2\/product_brand?post=9105"},{"taxonomy":"product_cat","embeddable":true,"href":"https:\/\/wxnuohui.com\/de\/wp-json\/wp\/v2\/product_cat?post=9105"},{"taxonomy":"product_tag","embeddable":true,"href":"https:\/\/wxnuohui.com\/de\/wp-json\/wp\/v2\/product_tag?post=9105"}],"curies":[{"name":"wp","href":"https:\/\/api.w.org\/{rel}","templated":true}]}}