{"id":13859,"date":"2025-09-13T13:50:15","date_gmt":"2025-09-13T13:50:15","guid":{"rendered":"https:\/\/wxnuohui.com\/product\/custom-logo-summer-2-pieces-suits-polo-t-shirt-pants-tracksuits-men-running-custom-men-joggers-set\/"},"modified":"2025-09-13T13:50:15","modified_gmt":"2025-09-13T13:50:15","slug":"custom-logo-summer-2-pieces-suits-polo-t-shirt-pants-tracksuits-men-running-custom-men-joggers-set","status":"publish","type":"product","link":"https:\/\/wxnuohui.com\/de\/product\/custom-logo-summer-2-pieces-suits-polo-t-shirt-pants-tracksuits-men-running-custom-men-joggers-set\/","title":{"rendered":"Benutzerdefinierte Logo Sommer 2 St\u00fcck Anz\u00fcge Polo T Shirt Hosen Trainingsanz\u00fcge M\u00e4nner laufen benutzerdefinierte M\u00e4nner Jogger Set"},"content":{"rendered":"<p>Material:Baumwolle\/Polyester<br \/>\n\u00c4rmell\u00e4nge(cm):Voll<br \/>\nPassform Typ:Regular<br \/>\nEigenschaften:Atmungsaktiv, umweltfreundlich, winddicht, antistatisch<br \/>\nStil:Sets<br \/>\nJahreszeit:Herbst<br \/>\nTechnik:Andere<br \/>\nDruckverfahren:Andere<br \/>\nGeschlecht:M\u00e4nner<br \/>\nAltersgruppe:Erwachsene<br \/>\nLieferart:Oem-Service<br \/>\n7 Tage Vorlaufzeit f\u00fcr Musterauftr\u00e4ge:Support<br \/>\nHerkunftsort:Jiangsu, China<br \/>\nMarkenname:NH<br \/>\nModellnummer:Herren Jogger Set<br \/>\nVerf\u00fcgbare Menge:5000<br \/>\nStoff Gewicht:300 Gramm<br \/>\nProduktname:Herren Laufbekleidung Jogger Set<br \/>\nStichw\u00f6rter:Herren Jogger Set<br \/>\nService:24 Stunden Online<br \/>\nBezahlung:Trade Assurance<br \/>\nDruck:Individuelle Designs drucken<br \/>\nProbe:3-5 Tage<br \/>\nVerpackung:1St\u00fcck\/Polybeutel<br \/>\nLieferzeit:7~15 Tage<br \/>\nEtikett &amp; Logo:Accpet Kundenspezifisch<br \/>\nVersand:DHLEMSUPSFEDEXmit Seaby Air<br \/>\nVerkaufseinheiten:Einzelst\u00fcck<br \/>\nGr\u00f6\u00dfe der Einzelverpackung: 23X13X16 cm<br \/>\nBrutto-Einzelgewicht: 0,650 kg<\/p>\n<p><img decoding=\"async\" class=\"alignnone size-full\" src=\"http:\/\/wxnuohui.com\/wp-content\/uploads\/2025\/09\/detail_pic_0-129.png\" width=\"790\" alt=\"\"\/><\/p>\n<p><img decoding=\"async\" class=\"alignnone size-full\" src=\"http:\/\/wxnuohui.com\/wp-content\/uploads\/2025\/09\/detail_pic_1-127.png\" width=\"790\" alt=\"\"\/><\/p>\n<p><img decoding=\"async\" class=\"alignnone size-full\" src=\"http:\/\/wxnuohui.com\/wp-content\/uploads\/2025\/09\/detail_pic_2-119.png\" width=\"790\" alt=\"\"\/><\/p>\n<p><img decoding=\"async\" class=\"alignnone size-full\" src=\"http:\/\/wxnuohui.com\/wp-content\/uploads\/2025\/09\/detail_pic_3-340.jpg\" width=\"790\" alt=\"\"\/><\/p>\n<p><img decoding=\"async\" class=\"alignnone size-full\" src=\"http:\/\/wxnuohui.com\/wp-content\/uploads\/2025\/09\/detail_pic_4-343.jpg\" width=\"790\" alt=\"\"\/><\/p>\n<p><img decoding=\"async\" class=\"alignnone size-full\" src=\"http:\/\/wxnuohui.com\/wp-content\/uploads\/2025\/09\/detail_pic_5-393.jpg\" width=\"790\" alt=\"\"\/><\/p>\n<p><img decoding=\"async\" class=\"alignnone size-full\" src=\"http:\/\/wxnuohui.com\/wp-content\/uploads\/2025\/09\/detail_pic_6-304.jpg\" width=\"790\" alt=\"\"\/><\/p>\n<p><img decoding=\"async\" class=\"alignnone size-full\" src=\"http:\/\/wxnuohui.com\/wp-content\/uploads\/2025\/09\/detail_pic_7-199.png\" width=\"790\" alt=\"\"\/><\/p>\n<p><img decoding=\"async\" class=\"alignnone size-full\" src=\"http:\/\/wxnuohui.com\/wp-content\/uploads\/2025\/09\/detail_pic_8-219.jpg\" width=\"790\" alt=\"\"\/><\/p>\n<p><img decoding=\"async\" class=\"alignnone size-full\" src=\"http:\/\/wxnuohui.com\/wp-content\/uploads\/2025\/09\/detail_pic_9-229.jpg\" width=\"790\" alt=\"\"\/><\/p>\n<p><img decoding=\"async\" class=\"alignnone size-full\" src=\"http:\/\/wxnuohui.com\/wp-content\/uploads\/2025\/09\/detail_pic_10-421.jpg\" width=\"790\" alt=\"\"\/><\/p>","protected":false},"excerpt":{"rendered":"<p>Benutzerdefinierte Logo Sommer 2 St\u00fcck Anz\u00fcge Polo T Shirt Hosen Trainingsanz\u00fcge M\u00e4nner laufen benutzerdefinierte M\u00e4nner Jogger Set<\/p>","protected":false},"featured_media":13087,"template":"","meta":[],"product_brand":[],"product_cat":[25],"product_tag":[],"class_list":{"0":"post-13859","1":"product","2":"type-product","3":"status-publish","4":"has-post-thumbnail","6":"product_cat-jogging-suits-tracksuits","8":"first","9":"outofstock","10":"shipping-taxable","11":"product-type-variable"},"_links":{"self":[{"href":"https:\/\/wxnuohui.com\/de\/wp-json\/wp\/v2\/product\/13859","targetHints":{"allow":["GET"]}}],"collection":[{"href":"https:\/\/wxnuohui.com\/de\/wp-json\/wp\/v2\/product"}],"about":[{"href":"https:\/\/wxnuohui.com\/de\/wp-json\/wp\/v2\/types\/product"}],"wp:featuredmedia":[{"embeddable":true,"href":"https:\/\/wxnuohui.com\/de\/wp-json\/wp\/v2\/media\/13087"}],"wp:attachment":[{"href":"https:\/\/wxnuohui.com\/de\/wp-json\/wp\/v2\/media?parent=13859"}],"wp:term":[{"taxonomy":"product_brand","embeddable":true,"href":"https:\/\/wxnuohui.com\/de\/wp-json\/wp\/v2\/product_brand?post=13859"},{"taxonomy":"product_cat","embeddable":true,"href":"https:\/\/wxnuohui.com\/de\/wp-json\/wp\/v2\/product_cat?post=13859"},{"taxonomy":"product_tag","embeddable":true,"href":"https:\/\/wxnuohui.com\/de\/wp-json\/wp\/v2\/product_tag?post=13859"}],"curies":[{"name":"wp","href":"https:\/\/api.w.org\/{rel}","templated":true}]}}