{"id":12885,"date":"2025-09-13T11:42:02","date_gmt":"2025-09-13T11:42:02","guid":{"rendered":"https:\/\/wxnuohui.com\/product\/summer-womens-pencils-with-strings-and-strings-multi-color-sleeveless-sexy-backless-jumpsuit\/"},"modified":"2025-09-13T11:42:03","modified_gmt":"2025-09-13T11:42:03","slug":"summer-womens-pencils-with-strings-and-strings-multi-color-sleeveless-sexy-backless-jumpsuit","status":"publish","type":"product","link":"https:\/\/wxnuohui.com\/de\/product\/summer-womens-pencils-with-strings-and-strings-multi-color-sleeveless-sexy-backless-jumpsuit\/","title":{"rendered":"Sommer Frauen Bleistifte mit Strings und Strings mehrfarbig \u00e4rmellos sexy r\u00fcckenfrei Jumpsuit"},"content":{"rendered":"<p>Passform Typ:Regular<br \/>\nStil:L\u00e4ssig<br \/>\nSaison:Sommer<br \/>\nKragen:O-Ausschnitt<br \/>\nMaterial: Elasthan\/Polyester<br \/>\nLieferart:Vorr\u00e4tige Artikel<br \/>\nMerkmal:Schnell trocken, atmungsaktiv, umweltfreundlich<br \/>\nMuster:Solide<br \/>\nWebart:Gestrickt<br \/>\nGeschlecht:Frauen<br \/>\nL\u00e4nge:\u00dcber dem Knie<br \/>\nTechnik:Einfarbig gef\u00e4rbt<br \/>\nDekoration:ausgeh\u00f6hlt<br \/>\nStoffart:Chiffon<br \/>\nHerkunftsort:Jiangsu, China<br \/>\nModellnummer:Einteiliger Jumpsuit<br \/>\nMarkenname:NH<br \/>\nProduktname:Unifarbener Damen Jumpsuit<br \/>\nStichw\u00f6rter:Sport-Overall<br \/>\nService:24 Stunden Online<br \/>\nBezahlung:Trade Assurance<br \/>\nDruck:Individuelle Designs drucken<br \/>\nProbe:3-5 Tage<br \/>\nVerpackung:1St\u00fcck\/Polybeutel<br \/>\nLieferzeit:7~15 Tage<br \/>\nEtikett &amp; Logo:Accpet Kundenspezifisch<br \/>\nVersand:DHLEMSUPSFEDEXmit Seaby Air<br \/>\nVerpackungsdetails:1.f\u00fcr die Probe, ein St\u00fcck pro Polybeutel. 2. f\u00fcr die Massenproduktion, unsere regelm\u00e4\u00dfige Verpackung ist Karton. 3. auch gelten f\u00fcr die Anforderung der Kunden.<br \/>\nVerkaufseinheiten:Einzelst\u00fcck<br \/>\nEinzelne Paketgr\u00f6\u00dfe: 18X10X13 cm<br \/>\nBrutto-Einzelgewicht: 0.500 kg<br \/>\nBeispiele f\u00fcr Verpackungen:<\/p>\n<p><img decoding=\"async\" class=\"alignnone size-full\" src=\"http:\/\/wxnuohui.com\/wp-content\/uploads\/2025\/09\/detail_pic_0-280.jpg\" width=\"790\" alt=\"\"\/><\/p>\n<p><img decoding=\"async\" class=\"alignnone size-full\" src=\"http:\/\/wxnuohui.com\/wp-content\/uploads\/2025\/09\/detail_pic_1-286.jpg\" width=\"790\" alt=\"\"\/><\/p>\n<p><img decoding=\"async\" class=\"alignnone size-full\" src=\"http:\/\/wxnuohui.com\/wp-content\/uploads\/2025\/09\/detail_pic_2-293.jpg\" width=\"790\" alt=\"\"\/><\/p>\n<p><img decoding=\"async\" class=\"alignnone size-full\" src=\"http:\/\/wxnuohui.com\/wp-content\/uploads\/2025\/09\/detail_pic_3-328.jpg\" width=\"790\" alt=\"\"\/><\/p>\n<p><img decoding=\"async\" class=\"alignnone size-full\" src=\"http:\/\/wxnuohui.com\/wp-content\/uploads\/2025\/09\/detail_pic_4-331.jpg\" width=\"790\" alt=\"\"\/><\/p>\n<p><img decoding=\"async\" class=\"alignnone size-full\" src=\"http:\/\/wxnuohui.com\/wp-content\/uploads\/2025\/09\/detail_pic_5-381.jpg\" width=\"790\" alt=\"\"\/><\/p>\n<p><img decoding=\"async\" class=\"alignnone size-full\" src=\"http:\/\/wxnuohui.com\/wp-content\/uploads\/2025\/09\/detail_pic_6-292.jpg\" width=\"790\" alt=\"\"\/><\/p>\n<p><img decoding=\"async\" class=\"alignnone size-full\" src=\"http:\/\/wxnuohui.com\/wp-content\/uploads\/2025\/09\/detail_pic_7-220.jpg\" width=\"790\" alt=\"\"\/><\/p>\n<p><img decoding=\"async\" class=\"alignnone size-full\" src=\"http:\/\/wxnuohui.com\/wp-content\/uploads\/2025\/09\/detail_pic_8-212.jpg\" width=\"790\" alt=\"\"\/><\/p>\n<p><img decoding=\"async\" class=\"alignnone size-full\" src=\"http:\/\/wxnuohui.com\/wp-content\/uploads\/2025\/09\/detail_pic_9-223.jpg\" width=\"790\" alt=\"\"\/><\/p>\n<p><img decoding=\"async\" class=\"alignnone size-full\" src=\"http:\/\/wxnuohui.com\/wp-content\/uploads\/2025\/09\/detail_pic_10-411.jpg\" width=\"790\" alt=\"\"\/><\/p>\n<p><img decoding=\"async\" class=\"alignnone size-full\" src=\"http:\/\/wxnuohui.com\/wp-content\/uploads\/2025\/09\/detail_pic_11-405.jpg\" width=\"790\" alt=\"\"\/><\/p>\n<p><img decoding=\"async\" class=\"alignnone size-full\" src=\"http:\/\/wxnuohui.com\/wp-content\/uploads\/2025\/09\/detail_pic_12-14.png\" width=\"790\" alt=\"\"\/><\/p>\n<p><img decoding=\"async\" class=\"alignnone size-full\" src=\"http:\/\/wxnuohui.com\/wp-content\/uploads\/2025\/09\/detail_pic_13-367.jpg\" width=\"790\" alt=\"\"\/><\/p>\n<p><img decoding=\"async\" class=\"alignnone size-full\" src=\"http:\/\/wxnuohui.com\/wp-content\/uploads\/2025\/09\/detail_pic_14-214.jpg\" width=\"790\" alt=\"\"\/><\/p>\n<p><img decoding=\"async\" class=\"alignnone size-full\" src=\"http:\/\/wxnuohui.com\/wp-content\/uploads\/2025\/09\/detail_pic_15-369.jpg\" width=\"790\" alt=\"\"\/><\/p>","protected":false},"excerpt":{"rendered":"<p>Sommer Frauen Bleistifte mit Strings und Strings mehrfarbig \u00e4rmellos sexy r\u00fcckenfrei Jumpsuit<\/p>","protected":false},"featured_media":12745,"template":"","meta":[],"product_brand":[],"product_cat":[24],"product_tag":[],"class_list":{"0":"post-12885","1":"product","2":"type-product","3":"status-publish","4":"has-post-thumbnail","6":"product_cat-casual-bodysuits","8":"first","9":"outofstock","10":"shipping-taxable","11":"product-type-variable"},"_links":{"self":[{"href":"https:\/\/wxnuohui.com\/de\/wp-json\/wp\/v2\/product\/12885","targetHints":{"allow":["GET"]}}],"collection":[{"href":"https:\/\/wxnuohui.com\/de\/wp-json\/wp\/v2\/product"}],"about":[{"href":"https:\/\/wxnuohui.com\/de\/wp-json\/wp\/v2\/types\/product"}],"wp:featuredmedia":[{"embeddable":true,"href":"https:\/\/wxnuohui.com\/de\/wp-json\/wp\/v2\/media\/12745"}],"wp:attachment":[{"href":"https:\/\/wxnuohui.com\/de\/wp-json\/wp\/v2\/media?parent=12885"}],"wp:term":[{"taxonomy":"product_brand","embeddable":true,"href":"https:\/\/wxnuohui.com\/de\/wp-json\/wp\/v2\/product_brand?post=12885"},{"taxonomy":"product_cat","embeddable":true,"href":"https:\/\/wxnuohui.com\/de\/wp-json\/wp\/v2\/product_cat?post=12885"},{"taxonomy":"product_tag","embeddable":true,"href":"https:\/\/wxnuohui.com\/de\/wp-json\/wp\/v2\/product_tag?post=12885"}],"curies":[{"name":"wp","href":"https:\/\/api.w.org\/{rel}","templated":true}]}}