{"id":12884,"date":"2025-09-13T11:42:01","date_gmt":"2025-09-13T11:42:01","guid":{"rendered":"https:\/\/wxnuohui.com\/product\/autumn-v-neck-solid-color-jumpsuit-long-sleeved-slim-sexy-tethered-ties-hollow-trousers-womens-jumpsuit\/"},"modified":"2025-09-13T11:42:02","modified_gmt":"2025-09-13T11:42:02","slug":"autumn-v-neck-solid-color-jumpsuit-long-sleeved-slim-sexy-tethered-ties-hollow-trousers-womens-jumpsuit","status":"publish","type":"product","link":"https:\/\/wxnuohui.com\/de\/product\/autumn-v-neck-solid-color-jumpsuit-long-sleeved-slim-sexy-tethered-ties-hollow-trousers-womens-jumpsuit\/","title":{"rendered":"Herbst V-Ausschnitt Einfarbig Jumpsuit Lang\u00e4rmlig Schlank Sexy Gebundene Krawatten Hohle Hose Damen Jumpsuit"},"content":{"rendered":"<p>Passform Typ:Regular<br \/>\nStil:L\u00e4ssig<br \/>\nJahreszeit:Herbst<br \/>\nKragen:V-Ausschnitt<br \/>\nMaterial: Polyester \/ Baumwolle<br \/>\nDruckverfahren:Seidensiebdruck<br \/>\nTyp:Yoga-Overall<br \/>\nAnlass:YOGA<br \/>\n\u00c4rmell\u00e4nge(cm):Lang\u00e4rmelig<br \/>\nTaillenlinie:Hohe Taille<br \/>\nNadeldetektion:Ja<br \/>\nLieferart:Vorr\u00e4tige Artikel<br \/>\nMerkmal:Schnell trocken, atmungsaktiv, umweltfreundlich<br \/>\nMuster:Solide<br \/>\nWebart:Gestrickt<br \/>\nGeschlecht:Frauen<br \/>\nL\u00e4nge:\u00dcber dem Knie<br \/>\nTechnik:Einfarbig gef\u00e4rbt<br \/>\nDekoration:ausgeh\u00f6hlt<br \/>\nStoffart:Chiffon<br \/>\nStoff Gewicht:180 Gramm<br \/>\n\u00c4rmelform:Spaghetti-Tr\u00e4ger<br \/>\nHerkunftsort:Jiangsu, China<br \/>\nModellnummer:Sexy Einteiler Jumpsuit<br \/>\nMarkenname:NH<br \/>\nVerkaufseinheiten:Einzelst\u00fcck<br \/>\nEinzelne Paketgr\u00f6\u00dfe: 18X10X11 cm<br \/>\nBrutto-Einzelgewicht: 0,300 kg<\/p>\n<p><img decoding=\"async\" class=\"alignnone size-full\" src=\"http:\/\/wxnuohui.com\/wp-content\/uploads\/2025\/09\/detail_pic_0-279.jpg\" width=\"790\" alt=\"\"\/><\/p>\n<p><img decoding=\"async\" class=\"alignnone size-full\" src=\"http:\/\/wxnuohui.com\/wp-content\/uploads\/2025\/09\/detail_pic_1-285.jpg\" width=\"790\" alt=\"\"\/><\/p>\n<p><img decoding=\"async\" class=\"alignnone size-full\" src=\"http:\/\/wxnuohui.com\/wp-content\/uploads\/2025\/09\/detail_pic_2-292.jpg\" width=\"790\" alt=\"\"\/><\/p>\n<p><img decoding=\"async\" class=\"alignnone size-full\" src=\"http:\/\/wxnuohui.com\/wp-content\/uploads\/2025\/09\/detail_pic_3-327.jpg\" width=\"790\" alt=\"\"\/><\/p>\n<p><img decoding=\"async\" class=\"alignnone size-full\" src=\"http:\/\/wxnuohui.com\/wp-content\/uploads\/2025\/09\/detail_pic_4-330.jpg\" width=\"790\" alt=\"\"\/><\/p>\n<p><img decoding=\"async\" class=\"alignnone size-full\" src=\"http:\/\/wxnuohui.com\/wp-content\/uploads\/2025\/09\/detail_pic_5-380.jpg\" width=\"790\" alt=\"\"\/><\/p>\n<p><img decoding=\"async\" class=\"alignnone size-full\" src=\"http:\/\/wxnuohui.com\/wp-content\/uploads\/2025\/09\/detail_pic_6-291.jpg\" width=\"790\" alt=\"\"\/><\/p>\n<p><img decoding=\"async\" class=\"alignnone size-full\" src=\"http:\/\/wxnuohui.com\/wp-content\/uploads\/2025\/09\/detail_pic_7-219.jpg\" width=\"790\" alt=\"\"\/><\/p>\n<p><img decoding=\"async\" class=\"alignnone size-full\" src=\"http:\/\/wxnuohui.com\/wp-content\/uploads\/2025\/09\/detail_pic_8-211.jpg\" width=\"790\" alt=\"\"\/><\/p>\n<p><img decoding=\"async\" class=\"alignnone size-full\" src=\"http:\/\/wxnuohui.com\/wp-content\/uploads\/2025\/09\/detail_pic_9-222.jpg\" width=\"790\" alt=\"\"\/><\/p>\n<p><img decoding=\"async\" class=\"alignnone size-full\" src=\"http:\/\/wxnuohui.com\/wp-content\/uploads\/2025\/09\/detail_pic_10-410.jpg\" width=\"790\" alt=\"\"\/><\/p>\n<p><img decoding=\"async\" class=\"alignnone size-full\" src=\"http:\/\/wxnuohui.com\/wp-content\/uploads\/2025\/09\/detail_pic_11-404.jpg\" width=\"790\" alt=\"\"\/><\/p>\n<p><img decoding=\"async\" class=\"alignnone size-full\" src=\"http:\/\/wxnuohui.com\/wp-content\/uploads\/2025\/09\/detail_pic_12-391.jpg\" width=\"790\" alt=\"\"\/><\/p>\n<p><img decoding=\"async\" class=\"alignnone size-full\" src=\"http:\/\/wxnuohui.com\/wp-content\/uploads\/2025\/09\/detail_pic_13-32.png\" width=\"790\" alt=\"\"\/><\/p>\n<p><img decoding=\"async\" class=\"alignnone size-full\" src=\"http:\/\/wxnuohui.com\/wp-content\/uploads\/2025\/09\/detail_pic_14-213.jpg\" width=\"790\" alt=\"\"\/><\/p>\n<p><img decoding=\"async\" class=\"alignnone size-full\" src=\"http:\/\/wxnuohui.com\/wp-content\/uploads\/2025\/09\/detail_pic_15-368.jpg\" width=\"790\" alt=\"\"\/><\/p>\n<p><img decoding=\"async\" class=\"alignnone size-full\" src=\"http:\/\/wxnuohui.com\/wp-content\/uploads\/2025\/09\/detail_pic_16-316.jpg\" width=\"790\" alt=\"\"\/><\/p>","protected":false},"excerpt":{"rendered":"<p>Herbst V-Ausschnitt Einfarbig Jumpsuit Lang\u00e4rmlig Schlank Sexy Gebundene Krawatten Hohle Hose Damen Jumpsuit<\/p>","protected":false},"featured_media":12721,"template":"","meta":[],"product_brand":[],"product_cat":[24],"product_tag":[],"class_list":{"0":"post-12884","1":"product","2":"type-product","3":"status-publish","4":"has-post-thumbnail","6":"product_cat-casual-bodysuits","8":"first","9":"outofstock","10":"shipping-taxable","11":"product-type-variable"},"_links":{"self":[{"href":"https:\/\/wxnuohui.com\/de\/wp-json\/wp\/v2\/product\/12884","targetHints":{"allow":["GET"]}}],"collection":[{"href":"https:\/\/wxnuohui.com\/de\/wp-json\/wp\/v2\/product"}],"about":[{"href":"https:\/\/wxnuohui.com\/de\/wp-json\/wp\/v2\/types\/product"}],"wp:featuredmedia":[{"embeddable":true,"href":"https:\/\/wxnuohui.com\/de\/wp-json\/wp\/v2\/media\/12721"}],"wp:attachment":[{"href":"https:\/\/wxnuohui.com\/de\/wp-json\/wp\/v2\/media?parent=12884"}],"wp:term":[{"taxonomy":"product_brand","embeddable":true,"href":"https:\/\/wxnuohui.com\/de\/wp-json\/wp\/v2\/product_brand?post=12884"},{"taxonomy":"product_cat","embeddable":true,"href":"https:\/\/wxnuohui.com\/de\/wp-json\/wp\/v2\/product_cat?post=12884"},{"taxonomy":"product_tag","embeddable":true,"href":"https:\/\/wxnuohui.com\/de\/wp-json\/wp\/v2\/product_tag?post=12884"}],"curies":[{"name":"wp","href":"https:\/\/api.w.org\/{rel}","templated":true}]}}