{"id":12883,"date":"2025-09-13T11:42:00","date_gmt":"2025-09-13T11:42:00","guid":{"rendered":"https:\/\/wxnuohui.com\/product\/women-new-design-hot-selling-cross-boob-tube-long-sleeve-autumn-sexy-solid-jumpsuit-women\/"},"modified":"2025-09-13T11:42:01","modified_gmt":"2025-09-13T11:42:01","slug":"women-new-design-hot-selling-cross-boob-tube-long-sleeve-autumn-sexy-solid-jumpsuit-women","status":"publish","type":"product","link":"https:\/\/wxnuohui.com\/de\/product\/women-new-design-hot-selling-cross-boob-tube-long-sleeve-autumn-sexy-solid-jumpsuit-women\/","title":{"rendered":"Frauen Neues Design Hot Selling Cross Boob Tube Lange \u00c4rmel Herbst Sexy Solid Jumpsuit Frauen"},"content":{"rendered":"<p>Passform Typ:Regular<br \/>\nStil:L\u00e4ssig<br \/>\nSaison:Sommer<br \/>\nKragen:O-Ausschnitt<br \/>\nMaterial: Elasthan\/Polyester<br \/>\nDruckverfahren:Seidensiebdruck<br \/>\nLieferart:Vorr\u00e4tige Artikel<br \/>\nMerkmal:Schnell trocken, atmungsaktiv, umweltfreundlich<br \/>\nMuster:Solide<br \/>\nWebart:Gestrickt<br \/>\nGeschlecht:Frauen<br \/>\nL\u00e4nge:\u00dcber dem Knie<br \/>\nTechnik:Einfarbig gef\u00e4rbt<br \/>\nDekoration:Keine<br \/>\nStoffart:Chiffon<br \/>\nHerkunftsort:Jiangsu, China<br \/>\nModellnummer:Jumpsuit Frauen<br \/>\nMarkenname:NH<br \/>\nProduktname:Sexy Solid Jumpsuit Women<br \/>\nStichw\u00f6rter:Jumpsuit Frauen<br \/>\nService:24 Stunden Online<br \/>\nBezahlung:Trade Assurance<br \/>\nDruck:Individuelle Designs drucken<br \/>\nProbe:3-5 Tage<br \/>\nVerpackung:1St\u00fcck\/Polybeutel<br \/>\nLieferzeit:7~15 Tage<br \/>\nEtikett &amp; Logo:Accpet Kundenspezifisch<br \/>\nVersand:DHLEMSUPSFEDEXmit Seaby Air<br \/>\nVerpackungsdetails:1.f\u00fcr die Probe, ein St\u00fcck pro Polybeutel. 2. f\u00fcr die Massenproduktion, unsere regelm\u00e4\u00dfige Verpackung ist Karton. 3. auch gelten f\u00fcr die Anforderung der Kunden.<br \/>\nVerkaufseinheiten:Einzelst\u00fcck<br \/>\nEinzelne Paketgr\u00f6\u00dfe: 18X10X11 cm<br \/>\nBrutto-Einzelgewicht:0.400 kg<br \/>\nBeispiele f\u00fcr Verpackungen:<\/p>\n<p><img decoding=\"async\" class=\"alignnone size-full\" src=\"http:\/\/wxnuohui.com\/wp-content\/uploads\/2025\/09\/detail_pic_0-278.jpg\" width=\"790\" alt=\"\"\/><\/p>\n<p><img decoding=\"async\" class=\"alignnone size-full\" src=\"http:\/\/wxnuohui.com\/wp-content\/uploads\/2025\/09\/detail_pic_1-284.jpg\" width=\"790\" alt=\"\"\/><\/p>\n<p><img decoding=\"async\" class=\"alignnone size-full\" src=\"http:\/\/wxnuohui.com\/wp-content\/uploads\/2025\/09\/detail_pic_2-291.jpg\" width=\"790\" alt=\"\"\/><\/p>\n<p><img decoding=\"async\" class=\"alignnone size-full\" src=\"http:\/\/wxnuohui.com\/wp-content\/uploads\/2025\/09\/detail_pic_3-326.jpg\" width=\"790\" alt=\"\"\/><\/p>\n<p><img decoding=\"async\" class=\"alignnone size-full\" src=\"http:\/\/wxnuohui.com\/wp-content\/uploads\/2025\/09\/detail_pic_4-329.jpg\" width=\"790\" alt=\"\"\/><\/p>\n<p><img decoding=\"async\" class=\"alignnone size-full\" src=\"http:\/\/wxnuohui.com\/wp-content\/uploads\/2025\/09\/detail_pic_5-379.jpg\" width=\"790\" alt=\"\"\/><\/p>\n<p><img decoding=\"async\" class=\"alignnone size-full\" src=\"http:\/\/wxnuohui.com\/wp-content\/uploads\/2025\/09\/detail_pic_6-290.jpg\" width=\"790\" alt=\"\"\/><\/p>\n<p><img decoding=\"async\" class=\"alignnone size-full\" src=\"http:\/\/wxnuohui.com\/wp-content\/uploads\/2025\/09\/detail_pic_7-218.jpg\" width=\"790\" alt=\"\"\/><\/p>\n<p><img decoding=\"async\" class=\"alignnone size-full\" src=\"http:\/\/wxnuohui.com\/wp-content\/uploads\/2025\/09\/detail_pic_8-210.jpg\" width=\"790\" alt=\"\"\/><\/p>\n<p><img decoding=\"async\" class=\"alignnone size-full\" src=\"http:\/\/wxnuohui.com\/wp-content\/uploads\/2025\/09\/detail_pic_9-221.jpg\" width=\"790\" alt=\"\"\/><\/p>\n<p><img decoding=\"async\" class=\"alignnone size-full\" src=\"http:\/\/wxnuohui.com\/wp-content\/uploads\/2025\/09\/detail_pic_10-409.jpg\" width=\"790\" alt=\"\"\/><\/p>\n<p><img decoding=\"async\" class=\"alignnone size-full\" src=\"http:\/\/wxnuohui.com\/wp-content\/uploads\/2025\/09\/detail_pic_11-403.jpg\" width=\"790\" alt=\"\"\/><\/p>\n<p><img decoding=\"async\" class=\"alignnone size-full\" src=\"http:\/\/wxnuohui.com\/wp-content\/uploads\/2025\/09\/detail_pic_12-390.jpg\" width=\"790\" alt=\"\"\/><\/p>\n<p><img decoding=\"async\" class=\"alignnone size-full\" src=\"http:\/\/wxnuohui.com\/wp-content\/uploads\/2025\/09\/detail_pic_13-366.jpg\" width=\"790\" alt=\"\"\/><\/p>\n<p><img decoding=\"async\" class=\"alignnone size-full\" src=\"http:\/\/wxnuohui.com\/wp-content\/uploads\/2025\/09\/detail_pic_14-175.png\" width=\"790\" alt=\"\"\/><\/p>\n<p><img decoding=\"async\" class=\"alignnone size-full\" src=\"http:\/\/wxnuohui.com\/wp-content\/uploads\/2025\/09\/detail_pic_15-367.jpg\" width=\"790\" alt=\"\"\/><\/p>\n<p><img decoding=\"async\" class=\"alignnone size-full\" src=\"http:\/\/wxnuohui.com\/wp-content\/uploads\/2025\/09\/detail_pic_16-315.jpg\" width=\"790\" alt=\"\"\/><\/p>\n<p><img decoding=\"async\" class=\"alignnone size-full\" src=\"http:\/\/wxnuohui.com\/wp-content\/uploads\/2025\/09\/detail_pic_17-300.jpg\" width=\"790\" alt=\"\"\/><\/p>","protected":false},"excerpt":{"rendered":"<p>Frauen Neues Design Hot Selling Cross Boob Tube Lange \u00c4rmel Herbst Sexy Solid Jumpsuit Frauen<\/p>","protected":false},"featured_media":12696,"template":"","meta":[],"product_brand":[],"product_cat":[24],"product_tag":[],"class_list":{"0":"post-12883","1":"product","2":"type-product","3":"status-publish","4":"has-post-thumbnail","6":"product_cat-casual-bodysuits","8":"first","9":"outofstock","10":"shipping-taxable","11":"product-type-variable"},"_links":{"self":[{"href":"https:\/\/wxnuohui.com\/de\/wp-json\/wp\/v2\/product\/12883","targetHints":{"allow":["GET"]}}],"collection":[{"href":"https:\/\/wxnuohui.com\/de\/wp-json\/wp\/v2\/product"}],"about":[{"href":"https:\/\/wxnuohui.com\/de\/wp-json\/wp\/v2\/types\/product"}],"wp:featuredmedia":[{"embeddable":true,"href":"https:\/\/wxnuohui.com\/de\/wp-json\/wp\/v2\/media\/12696"}],"wp:attachment":[{"href":"https:\/\/wxnuohui.com\/de\/wp-json\/wp\/v2\/media?parent=12883"}],"wp:term":[{"taxonomy":"product_brand","embeddable":true,"href":"https:\/\/wxnuohui.com\/de\/wp-json\/wp\/v2\/product_brand?post=12883"},{"taxonomy":"product_cat","embeddable":true,"href":"https:\/\/wxnuohui.com\/de\/wp-json\/wp\/v2\/product_cat?post=12883"},{"taxonomy":"product_tag","embeddable":true,"href":"https:\/\/wxnuohui.com\/de\/wp-json\/wp\/v2\/product_tag?post=12883"}],"curies":[{"name":"wp","href":"https:\/\/api.w.org\/{rel}","templated":true}]}}