{"id":12347,"date":"2025-09-13T10:54:53","date_gmt":"2025-09-13T10:54:53","guid":{"rendered":"https:\/\/wxnuohui.com\/product\/wholesale-330gsm-unisex-100-cotton-hoodie-pullover-high-quality-mens-blank-cotton-fleece-hoodie\/"},"modified":"2025-09-13T10:54:54","modified_gmt":"2025-09-13T10:54:54","slug":"wholesale-330gsm-unisex-100-cotton-hoodie-pullover-high-quality-mens-blank-cotton-fleece-hoodie","status":"publish","type":"product","link":"https:\/\/wxnuohui.com\/de\/product\/wholesale-330gsm-unisex-100-cotton-hoodie-pullover-high-quality-mens-blank-cotton-fleece-hoodie\/","title":{"rendered":"Gro\u00dfhandel 330gsm Unisex 100% Baumwolle Hoodie Pullover hohe Qualit\u00e4t Mens Blank Baumwolle Fleece Hoodie"},"content":{"rendered":"<p>7 Tage Vorlaufzeit f\u00fcr Musterauftr\u00e4ge:Support<br \/>\nAusf\u00fchrung:Ungef\u00fcttert<br \/>\n\u00c4rmelform:Regular<br \/>\nNadeldetektion:Ja<br \/>\nWebart:Gestrickt<br \/>\nMustertyp:Solide<br \/>\nStoff Gewicht:330grams<br \/>\nDruckverfahren:Seidensiebdruck<br \/>\nTyp:Pullover<br \/>\nPassform Typ:Regular Fit<br \/>\nL\u00e4nge:Regul\u00e4r<br \/>\nLieferart:Oem-Service<br \/>\nTechnik:Einfarbig gef\u00e4rbt<br \/>\nKragen:O-Ausschnitt<br \/>\nStil:Pullover<br \/>\nJahreszeit:Herbst<br \/>\nEigenschaft:Anti-Falten, Anti-Pilling, Atmungsaktiv, Anti-Knitter<br \/>\nStofftyp:Jersey<br \/>\nMaterial:100% Baumwolle<br \/>\nPosition des Logos:Vorderseite<br \/>\nGeschlecht:M\u00e4nner<br \/>\nModellnummer:Baumwoll-Fleece-Hoodie<br \/>\nHerkunftsort:Jiangsu, China<br \/>\nMarkenname:NH-650093392523<br \/>\nVerkaufseinheiten:Einzelst\u00fcck<br \/>\nGr\u00f6\u00dfe der Einzelverpackung: 20X13X16 cm<br \/>\nBrutto-Einzelgewicht: 0,700 kg<\/p>\n<p><img decoding=\"async\" class=\"alignnone size-full\" src=\"http:\/\/wxnuohui.com\/wp-content\/uploads\/2025\/09\/detail_pic_0-192.jpg\" width=\"790\" alt=\"\"\/><\/p>\n<p><img decoding=\"async\" class=\"alignnone size-full\" src=\"http:\/\/wxnuohui.com\/wp-content\/uploads\/2025\/09\/detail_pic_1-197.jpg\" width=\"790\" alt=\"\"\/><\/p>\n<p><img decoding=\"async\" class=\"alignnone size-full\" src=\"http:\/\/wxnuohui.com\/wp-content\/uploads\/2025\/09\/detail_pic_2-205.jpg\" width=\"790\" alt=\"\"\/><\/p>\n<p><img decoding=\"async\" class=\"alignnone size-full\" src=\"http:\/\/wxnuohui.com\/wp-content\/uploads\/2025\/09\/detail_pic_3-239.jpg\" width=\"790\" alt=\"\"\/><\/p>\n<p><img decoding=\"async\" class=\"alignnone size-full\" src=\"http:\/\/wxnuohui.com\/wp-content\/uploads\/2025\/09\/detail_pic_4-73.png\" width=\"790\" alt=\"\"\/><\/p>\n<p><img decoding=\"async\" class=\"alignnone size-full\" src=\"http:\/\/wxnuohui.com\/wp-content\/uploads\/2025\/09\/detail_pic_5-31.png\" width=\"790\" alt=\"\"\/><\/p>\n<p><img decoding=\"async\" class=\"alignnone size-full\" src=\"http:\/\/wxnuohui.com\/wp-content\/uploads\/2025\/09\/detail_pic_6-109.png\" width=\"790\" alt=\"\"\/><\/p>\n<p><img decoding=\"async\" class=\"alignnone size-full\" src=\"http:\/\/wxnuohui.com\/wp-content\/uploads\/2025\/09\/detail_pic_7-174.jpg\" width=\"790\" alt=\"\"\/><\/p>\n<p><img decoding=\"async\" class=\"alignnone size-full\" src=\"http:\/\/wxnuohui.com\/wp-content\/uploads\/2025\/09\/detail_pic_8-175.jpg\" width=\"790\" alt=\"\"\/><\/p>\n<p><img decoding=\"async\" class=\"alignnone size-full\" src=\"http:\/\/wxnuohui.com\/wp-content\/uploads\/2025\/09\/detail_pic_9-191.jpg\" width=\"790\" alt=\"\"\/><\/p>\n<p><img decoding=\"async\" class=\"alignnone size-full\" src=\"http:\/\/wxnuohui.com\/wp-content\/uploads\/2025\/09\/detail_pic_10-309.jpg\" width=\"790\" alt=\"\"\/><\/p>\n<p><img decoding=\"async\" class=\"alignnone size-full\" src=\"http:\/\/wxnuohui.com\/wp-content\/uploads\/2025\/09\/detail_pic_11-12.png\" width=\"790\" alt=\"\"\/><\/p>\n<p><img decoding=\"async\" class=\"alignnone size-full\" src=\"http:\/\/wxnuohui.com\/wp-content\/uploads\/2025\/09\/detail_pic_12-293.jpg\" width=\"790\" alt=\"\"\/><\/p>\n<p><img decoding=\"async\" class=\"alignnone size-full\" src=\"http:\/\/wxnuohui.com\/wp-content\/uploads\/2025\/09\/detail_pic_13-277.jpg\" width=\"790\" alt=\"\"\/><\/p>\n<p><img decoding=\"async\" class=\"alignnone size-full\" src=\"http:\/\/wxnuohui.com\/wp-content\/uploads\/2025\/09\/detail_pic_14-194.jpg\" width=\"790\" alt=\"\"\/><\/p>","protected":false},"excerpt":{"rendered":"<p>Gro\u00dfhandel 330gsm Unisex 100% Baumwolle Hoodie Pullover hohe Qualit\u00e4t Mens Blank Baumwolle Fleece Hoodie<\/p>","protected":false},"featured_media":10100,"template":"","meta":[],"product_brand":[],"product_cat":[27],"product_tag":[],"class_list":{"0":"post-12347","1":"product","2":"type-product","3":"status-publish","4":"has-post-thumbnail","6":"product_cat-hoodie","8":"first","9":"outofstock","10":"shipping-taxable","11":"product-type-variable"},"_links":{"self":[{"href":"https:\/\/wxnuohui.com\/de\/wp-json\/wp\/v2\/product\/12347","targetHints":{"allow":["GET"]}}],"collection":[{"href":"https:\/\/wxnuohui.com\/de\/wp-json\/wp\/v2\/product"}],"about":[{"href":"https:\/\/wxnuohui.com\/de\/wp-json\/wp\/v2\/types\/product"}],"wp:featuredmedia":[{"embeddable":true,"href":"https:\/\/wxnuohui.com\/de\/wp-json\/wp\/v2\/media\/10100"}],"wp:attachment":[{"href":"https:\/\/wxnuohui.com\/de\/wp-json\/wp\/v2\/media?parent=12347"}],"wp:term":[{"taxonomy":"product_brand","embeddable":true,"href":"https:\/\/wxnuohui.com\/de\/wp-json\/wp\/v2\/product_brand?post=12347"},{"taxonomy":"product_cat","embeddable":true,"href":"https:\/\/wxnuohui.com\/de\/wp-json\/wp\/v2\/product_cat?post=12347"},{"taxonomy":"product_tag","embeddable":true,"href":"https:\/\/wxnuohui.com\/de\/wp-json\/wp\/v2\/product_tag?post=12347"}],"curies":[{"name":"wp","href":"https:\/\/api.w.org\/{rel}","templated":true}]}}