{"id":12328,"date":"2025-09-13T10:54:38","date_gmt":"2025-09-13T10:54:38","guid":{"rendered":"https:\/\/wxnuohui.com\/product\/custom-made-mens-custom-crew-neck-sweatshirt-fleece-men-stylish-hoodie-without-hoody\/"},"modified":"2025-09-13T10:54:39","modified_gmt":"2025-09-13T10:54:39","slug":"custom-made-mens-custom-crew-neck-sweatshirt-fleece-men-stylish-hoodie-without-hoody","status":"publish","type":"product","link":"https:\/\/wxnuohui.com\/de\/product\/custom-made-mens-custom-crew-neck-sweatshirt-fleece-men-stylish-hoodie-without-hoody\/","title":{"rendered":"Benutzerdefinierte Herren benutzerdefinierte Rundhalsausschnitt Sweatshirt Fleece M\u00e4nner stilvolle Hoodie ohne Kapuze"},"content":{"rendered":"<p>7 Tage Vorlaufzeit f\u00fcr Musterauftr\u00e4ge:Support<br \/>\nAusf\u00fchrung:Ungef\u00fcttert<br \/>\n\u00c4rmelform:Regular<br \/>\nNadeldetektion:Ja<br \/>\nWebart:Gestrickt<br \/>\nMustertyp:Solide<br \/>\nStoff Gewicht:300 Gramm<br \/>\nDruckverfahren:Keine<br \/>\nTyp:Pullover<br \/>\nPassform Typ:Regular Fit<br \/>\nL\u00e4nge:Regul\u00e4r<br \/>\nLieferart:Oem-Service<br \/>\nTechnik:Einfarbig gef\u00e4rbt<br \/>\nKragen:O-Ausschnitt<br \/>\nStil:Pullover<br \/>\nJahreszeit:Herbst<br \/>\nMerkmal:Anti-Falten, Anti-Schrumpfen<br \/>\nStofftyp:Jersey<br \/>\nMaterial:100% Polyester<br \/>\nPosition des Logos:Vorderseite<br \/>\nGeschlecht:M\u00e4nner<br \/>\nModellnummer:Herren-Kapuzenpullover<br \/>\nHerkunftsort:Jiangsu, China<br \/>\nMarkenname:NH-556149478226<br \/>\nVerkaufseinheiten:Einzelst\u00fcck<br \/>\nGr\u00f6\u00dfe der Einzelverpackung: 23X13X16 cm<br \/>\nBrutto-Einzelgewicht: 0.600 kg<\/p>\n<p><img decoding=\"async\" class=\"alignnone size-full\" src=\"http:\/\/wxnuohui.com\/wp-content\/uploads\/2025\/09\/detail_pic_0-173.jpg\" width=\"790\" alt=\"\"\/><\/p>\n<p><img decoding=\"async\" class=\"alignnone size-full\" src=\"http:\/\/wxnuohui.com\/wp-content\/uploads\/2025\/09\/detail_pic_1-191.jpg\" width=\"790\" alt=\"\"\/><\/p>\n<p><img decoding=\"async\" class=\"alignnone size-full\" src=\"http:\/\/wxnuohui.com\/wp-content\/uploads\/2025\/09\/detail_pic_2-199.jpg\" width=\"790\" alt=\"\"\/><\/p>\n<p><img decoding=\"async\" class=\"alignnone size-full\" src=\"http:\/\/wxnuohui.com\/wp-content\/uploads\/2025\/09\/detail_pic_3-233.jpg\" width=\"790\" alt=\"\"\/><\/p>\n<p><img decoding=\"async\" class=\"alignnone size-full\" src=\"http:\/\/wxnuohui.com\/wp-content\/uploads\/2025\/09\/detail_pic_4-224.jpg\" width=\"790\" alt=\"\"\/><\/p>\n<p><img decoding=\"async\" class=\"alignnone size-full\" src=\"http:\/\/wxnuohui.com\/wp-content\/uploads\/2025\/09\/detail_pic_5-267.jpg\" width=\"790\" alt=\"\"\/><\/p>\n<p><img decoding=\"async\" class=\"alignnone size-full\" src=\"http:\/\/wxnuohui.com\/wp-content\/uploads\/2025\/09\/detail_pic_6-189.jpg\" width=\"790\" alt=\"\"\/><\/p>\n<p><img decoding=\"async\" class=\"alignnone size-full\" src=\"http:\/\/wxnuohui.com\/wp-content\/uploads\/2025\/09\/detail_pic_7-156.jpg\" width=\"790\" alt=\"\"\/><\/p>\n<p><img decoding=\"async\" class=\"alignnone size-full\" src=\"http:\/\/wxnuohui.com\/wp-content\/uploads\/2025\/09\/detail_pic_8-169.jpg\" width=\"790\" alt=\"\"\/><\/p>\n<p><img decoding=\"async\" class=\"alignnone size-full\" src=\"http:\/\/wxnuohui.com\/wp-content\/uploads\/2025\/09\/detail_pic_9-123.png\" width=\"790\" alt=\"\"\/><\/p>\n<p><img decoding=\"async\" class=\"alignnone size-full\" src=\"http:\/\/wxnuohui.com\/wp-content\/uploads\/2025\/09\/detail_pic_10-291.jpg\" width=\"790\" alt=\"\"\/><\/p>\n<p><img decoding=\"async\" class=\"alignnone size-full\" src=\"http:\/\/wxnuohui.com\/wp-content\/uploads\/2025\/09\/detail_pic_11-288.jpg\" width=\"790\" alt=\"\"\/><\/p>\n<p><img decoding=\"async\" class=\"alignnone size-full\" src=\"http:\/\/wxnuohui.com\/wp-content\/uploads\/2025\/09\/detail_pic_12-288.jpg\" width=\"790\" alt=\"\"\/><\/p>\n<p><img decoding=\"async\" class=\"alignnone size-full\" src=\"http:\/\/wxnuohui.com\/wp-content\/uploads\/2025\/09\/detail_pic_13-271.jpg\" width=\"790\" alt=\"\"\/><\/p>\n<p><img decoding=\"async\" class=\"alignnone size-full\" src=\"http:\/\/wxnuohui.com\/wp-content\/uploads\/2025\/09\/detail_pic_14-92.png\" width=\"790\" alt=\"\"\/><\/p>\n<p><img decoding=\"async\" class=\"alignnone size-full\" src=\"http:\/\/wxnuohui.com\/wp-content\/uploads\/2025\/09\/detail_pic_15-269.jpg\" width=\"790\" alt=\"\"\/><\/p>\n<p><img decoding=\"async\" class=\"alignnone size-full\" src=\"http:\/\/wxnuohui.com\/wp-content\/uploads\/2025\/09\/detail_pic_16-221.jpg\" width=\"790\" alt=\"\"\/><\/p>\n<p><img decoding=\"async\" class=\"alignnone size-full\" src=\"http:\/\/wxnuohui.com\/wp-content\/uploads\/2025\/09\/detail_pic_17-217.jpg\" width=\"790\" alt=\"\"\/><\/p>","protected":false},"excerpt":{"rendered":"<p>Benutzerdefinierte Herren benutzerdefinierte Rundhalsausschnitt Sweatshirt Fleece M\u00e4nner stilvolle Hoodie ohne Kapuze<\/p>","protected":false},"featured_media":9712,"template":"","meta":[],"product_brand":[],"product_cat":[27],"product_tag":[],"class_list":{"0":"post-12328","1":"product","2":"type-product","3":"status-publish","4":"has-post-thumbnail","6":"product_cat-hoodie","8":"first","9":"outofstock","10":"shipping-taxable","11":"product-type-variable"},"_links":{"self":[{"href":"https:\/\/wxnuohui.com\/de\/wp-json\/wp\/v2\/product\/12328","targetHints":{"allow":["GET"]}}],"collection":[{"href":"https:\/\/wxnuohui.com\/de\/wp-json\/wp\/v2\/product"}],"about":[{"href":"https:\/\/wxnuohui.com\/de\/wp-json\/wp\/v2\/types\/product"}],"wp:featuredmedia":[{"embeddable":true,"href":"https:\/\/wxnuohui.com\/de\/wp-json\/wp\/v2\/media\/9712"}],"wp:attachment":[{"href":"https:\/\/wxnuohui.com\/de\/wp-json\/wp\/v2\/media?parent=12328"}],"wp:term":[{"taxonomy":"product_brand","embeddable":true,"href":"https:\/\/wxnuohui.com\/de\/wp-json\/wp\/v2\/product_brand?post=12328"},{"taxonomy":"product_cat","embeddable":true,"href":"https:\/\/wxnuohui.com\/de\/wp-json\/wp\/v2\/product_cat?post=12328"},{"taxonomy":"product_tag","embeddable":true,"href":"https:\/\/wxnuohui.com\/de\/wp-json\/wp\/v2\/product_tag?post=12328"}],"curies":[{"name":"wp","href":"https:\/\/api.w.org\/{rel}","templated":true}]}}