{"id":12312,"date":"2025-09-13T10:54:26","date_gmt":"2025-09-13T10:54:26","guid":{"rendered":"https:\/\/wxnuohui.com\/product\/fashion-design-custom-ladies-crop-tops-long-sleeve-zip-up-blank-women-casual-hoodies\/"},"modified":"2025-09-13T10:54:26","modified_gmt":"2025-09-13T10:54:26","slug":"fashion-design-custom-ladies-crop-tops-long-sleeve-zip-up-blank-women-casual-hoodies","status":"publish","type":"product","link":"https:\/\/wxnuohui.com\/de\/product\/fashion-design-custom-ladies-crop-tops-long-sleeve-zip-up-blank-women-casual-hoodies\/","title":{"rendered":"Mode Design benutzerdefinierte Damen Crop Tops Langarm Zip bis Blank Frauen l\u00e4ssig Hoodies"},"content":{"rendered":"<p>Stofftyp:Jersey<br \/>\nMaterial: Polyester \/ Baumwolle<br \/>\nStoff Gewicht:280 Gramm<br \/>\nMustertyp:Solide<br \/>\n\u00c4rmell\u00e4nge:Voll<br \/>\nKragen:O-Ausschnitt<br \/>\nStil:L\u00e4ssig<br \/>\nAusf\u00fchrung:Gef\u00fcttert<br \/>\nSaison:Sommer<br \/>\n\u00c4rmelform:Regular<br \/>\nKleidung L\u00e4nge:Kurz<br \/>\nEigenschaft:Anti-Falten, Anti-Pilling, Atmungsaktiv, Umweltfreundlich<br \/>\nGeschlecht:Frauen<br \/>\nLogo-Position: Vorderseite, R\u00fcckseite, linker \u00c4rmel, rechter \u00c4rmel, Nacken<br \/>\nDekoration:Taschen<br \/>\nLieferart:Oem-Service<br \/>\n7 Tage Vorlaufzeit f\u00fcr Musterauftr\u00e4ge:Support<br \/>\nTechnik:Einfarbig gef\u00e4rbt<br \/>\nDruckverfahren:Keine<br \/>\nWebart:Gestrickt<br \/>\nNadeldetektion:Ja<br \/>\nModellnummer:Frauen Casual Hoodies<br \/>\nHerkunftsort:Jiangsu, China<br \/>\nMarkenname:NH<br \/>\nStoff Gewicht:280 Gramm<br \/>\nVerkaufseinheiten:Einzelst\u00fcck<br \/>\nGr\u00f6\u00dfe der Einzelverpackung: 20X11X14 cm<br \/>\nBrutto-Einzelgewicht: 0.600 kg<\/p>\n<p><img decoding=\"async\" class=\"alignnone size-full\" src=\"http:\/\/wxnuohui.com\/wp-content\/uploads\/2025\/09\/detail_pic_0-157.jpg\" width=\"790\" alt=\"\"\/><\/p>\n<p><img decoding=\"async\" class=\"alignnone size-full\" src=\"http:\/\/wxnuohui.com\/wp-content\/uploads\/2025\/09\/detail_pic_1-175.jpg\" width=\"790\" alt=\"\"\/><\/p>\n<p><img decoding=\"async\" class=\"alignnone size-full\" src=\"http:\/\/wxnuohui.com\/wp-content\/uploads\/2025\/09\/detail_pic_2-183.jpg\" width=\"790\" alt=\"\"\/><\/p>\n<p><img decoding=\"async\" class=\"alignnone size-full\" src=\"http:\/\/wxnuohui.com\/wp-content\/uploads\/2025\/09\/detail_pic_3-217.jpg\" width=\"790\" alt=\"\"\/><\/p>\n<p><img decoding=\"async\" class=\"alignnone size-full\" src=\"http:\/\/wxnuohui.com\/wp-content\/uploads\/2025\/09\/detail_pic_4-208.jpg\" width=\"790\" alt=\"\"\/><\/p>\n<p><img decoding=\"async\" class=\"alignnone size-full\" src=\"http:\/\/wxnuohui.com\/wp-content\/uploads\/2025\/09\/detail_pic_5-251.jpg\" width=\"790\" alt=\"\"\/><\/p>\n<p><img decoding=\"async\" class=\"alignnone size-full\" src=\"http:\/\/wxnuohui.com\/wp-content\/uploads\/2025\/09\/detail_pic_6-174.jpg\" width=\"790\" alt=\"\"\/><\/p>\n<p><img decoding=\"async\" class=\"alignnone size-full\" src=\"http:\/\/wxnuohui.com\/wp-content\/uploads\/2025\/09\/detail_pic_7-142.jpg\" width=\"790\" alt=\"\"\/><\/p>\n<p><img decoding=\"async\" class=\"alignnone size-full\" src=\"http:\/\/wxnuohui.com\/wp-content\/uploads\/2025\/09\/detail_pic_8-154.jpg\" width=\"790\" alt=\"\"\/><\/p>\n<p><img decoding=\"async\" class=\"alignnone size-full\" src=\"http:\/\/wxnuohui.com\/wp-content\/uploads\/2025\/09\/detail_pic_9-160.jpg\" width=\"790\" alt=\"\"\/><\/p>\n<p><img decoding=\"async\" class=\"alignnone size-full\" src=\"http:\/\/wxnuohui.com\/wp-content\/uploads\/2025\/09\/detail_pic_10-278.jpg\" width=\"790\" alt=\"\"\/><\/p>\n<p><img decoding=\"async\" class=\"alignnone size-full\" src=\"http:\/\/wxnuohui.com\/wp-content\/uploads\/2025\/09\/detail_pic_11-275.jpg\" width=\"790\" alt=\"\"\/><\/p>\n<p><img decoding=\"async\" class=\"alignnone size-full\" src=\"http:\/\/wxnuohui.com\/wp-content\/uploads\/2025\/09\/detail_pic_12-9.png\" width=\"790\" alt=\"\"\/><\/p>\n<p><img decoding=\"async\" class=\"alignnone size-full\" src=\"http:\/\/wxnuohui.com\/wp-content\/uploads\/2025\/09\/detail_pic_13-257.jpg\" width=\"790\" alt=\"\"\/><\/p>\n<p><img decoding=\"async\" class=\"alignnone size-full\" src=\"http:\/\/wxnuohui.com\/wp-content\/uploads\/2025\/09\/detail_pic_14-186.jpg\" width=\"790\" alt=\"\"\/><\/p>\n<p><img decoding=\"async\" class=\"alignnone size-full\" src=\"http:\/\/wxnuohui.com\/wp-content\/uploads\/2025\/09\/detail_pic_15-259.jpg\" width=\"790\" alt=\"\"\/><\/p>","protected":false},"excerpt":{"rendered":"<p>Mode Design benutzerdefinierte Damen Crop Tops Langarm Zip bis Blank Frauen l\u00e4ssig Hoodies<\/p>","protected":false},"featured_media":9339,"template":"","meta":[],"product_brand":[],"product_cat":[27],"product_tag":[],"class_list":{"0":"post-12312","1":"product","2":"type-product","3":"status-publish","4":"has-post-thumbnail","6":"product_cat-hoodie","8":"first","9":"outofstock","10":"shipping-taxable","11":"product-type-variable"},"_links":{"self":[{"href":"https:\/\/wxnuohui.com\/de\/wp-json\/wp\/v2\/product\/12312","targetHints":{"allow":["GET"]}}],"collection":[{"href":"https:\/\/wxnuohui.com\/de\/wp-json\/wp\/v2\/product"}],"about":[{"href":"https:\/\/wxnuohui.com\/de\/wp-json\/wp\/v2\/types\/product"}],"wp:featuredmedia":[{"embeddable":true,"href":"https:\/\/wxnuohui.com\/de\/wp-json\/wp\/v2\/media\/9339"}],"wp:attachment":[{"href":"https:\/\/wxnuohui.com\/de\/wp-json\/wp\/v2\/media?parent=12312"}],"wp:term":[{"taxonomy":"product_brand","embeddable":true,"href":"https:\/\/wxnuohui.com\/de\/wp-json\/wp\/v2\/product_brand?post=12312"},{"taxonomy":"product_cat","embeddable":true,"href":"https:\/\/wxnuohui.com\/de\/wp-json\/wp\/v2\/product_cat?post=12312"},{"taxonomy":"product_tag","embeddable":true,"href":"https:\/\/wxnuohui.com\/de\/wp-json\/wp\/v2\/product_tag?post=12312"}],"curies":[{"name":"wp","href":"https:\/\/api.w.org\/{rel}","templated":true}]}}