{"id":9220,"date":"2025-09-13T06:21:16","date_gmt":"2025-09-13T06:21:16","guid":{"rendered":"https:\/\/wxnuohui.com\/product\/custom-logo-solid-color-fashion-fall-winter-women-clothing-2-pieces-lounge-wear-sets-tube-top-jacket-and-pants\/"},"modified":"2025-09-13T06:21:17","modified_gmt":"2025-09-13T06:21:17","slug":"custom-logo-solid-color-fashion-fall-winter-women-clothing-2-pieces-lounge-wear-sets-tube-top-jacket-and-pants","status":"publish","type":"product","link":"https:\/\/wxnuohui.com\/cs\/product\/custom-logo-solid-color-fashion-fall-winter-women-clothing-2-pieces-lounge-wear-sets-tube-top-jacket-and-pants\/","title":{"rendered":"Vlastn\u00ed logo jednobarevn\u00e9 m\u00f3dn\u00ed podzimn\u00ed zimn\u00ed d\u00e1msk\u00e9 oble\u010den\u00ed 2 kusy Lounge Wear Sety Tube Top bunda a kalhoty"},"content":{"rendered":"<p>Pohlav\u00ed: \u017eeny<br \/>\nSez\u00f3na: L\u00e9to<br \/>\nDekorace: kapsy<br \/>\nTyp tkaniny:Pleten\u00ed<br \/>\nMateri\u00e1l: Polyester<br \/>\nTyp:sada bund<br \/>\nD\u00e9lka svr\u0161k\u016f:Regular<br \/>\nMetody tisku: s\u00edtotisk<br \/>\nTyp vzoru:Solid<br \/>\nD\u00e9lka ruk\u00e1vu: pln\u00fd<br \/>\nTyp svr\u0161ku:bunda<br \/>\n7 dn\u00ed doba realizace objedn\u00e1vky vzorku: Podpora<br \/>\nVlastnosti: prody\u0161n\u00fd, \u0161etrn\u00fd k \u017eivotn\u00edmu prost\u0159ed\u00ed<br \/>\nD\u00e9lka:nad kolena<br \/>\nTyp dod\u00e1vky: Oem Service<br \/>\nTyp st\u0159ihu:Regular<br \/>\nTechniky: Barven\u00e9 na hladko<br \/>\nZp\u016fsob tkan\u00ed: pleten\u00e9<br \/>\nL\u00edmec: O-v\u00fdst\u0159ih<br \/>\nStyl: le\u017e\u00e9rn\u00ed<br \/>\nHmotnost l\u00e1tky: 280 gram\u016f<br \/>\nDetekce jehel: Ano<br \/>\n\u010c\u00edslo modelu:Sada bundy a kalhot-652756345050<br \/>\nM\u00edsto p\u016fvodu: Jiangsu, \u010c\u00edna<br \/>\nN\u00e1zev zna\u010dky: NH-652537460172<br \/>\nProdejn\u00ed jednotky: Jednotliv\u00e9 polo\u017eky<br \/>\nVelikost jednoho balen\u00ed: 20X13X14 cm<br \/>\nJednotliv\u00e1 celkov\u00e1 hmotnost: 0 700 kg<\/p>\n<p><img decoding=\"async\" class=\"alignnone size-full\" src=\"http:\/\/wxnuohui.com\/wp-content\/uploads\/2025\/09\/detail_pic_0-146.jpg\" width=\"790\" alt=\"\"\/><\/p>\n<p><img decoding=\"async\" class=\"alignnone size-full\" src=\"http:\/\/wxnuohui.com\/wp-content\/uploads\/2025\/09\/detail_pic_1-166.jpg\" width=\"790\" alt=\"\"\/><\/p>\n<p><img decoding=\"async\" class=\"alignnone size-full\" src=\"http:\/\/wxnuohui.com\/wp-content\/uploads\/2025\/09\/detail_pic_2-174.jpg\" width=\"790\" alt=\"\"\/><\/p>\n<p><img decoding=\"async\" class=\"alignnone size-full\" src=\"http:\/\/wxnuohui.com\/wp-content\/uploads\/2025\/09\/detail_pic_3-209.jpg\" width=\"790\" alt=\"\"\/><\/p>\n<p><img decoding=\"async\" class=\"alignnone size-full\" src=\"http:\/\/wxnuohui.com\/wp-content\/uploads\/2025\/09\/detail_pic_4-200.jpg\" width=\"790\" alt=\"\"\/><\/p>\n<p><img decoding=\"async\" class=\"alignnone size-full\" src=\"http:\/\/wxnuohui.com\/wp-content\/uploads\/2025\/09\/detail_pic_5-243.jpg\" width=\"790\" alt=\"\"\/><\/p>\n<p><img decoding=\"async\" class=\"alignnone size-full\" src=\"http:\/\/wxnuohui.com\/wp-content\/uploads\/2025\/09\/detail_pic_6-164.jpg\" width=\"790\" alt=\"\"\/><\/p>\n<p><img decoding=\"async\" class=\"alignnone size-full\" src=\"http:\/\/wxnuohui.com\/wp-content\/uploads\/2025\/09\/detail_pic_7-134.jpg\" width=\"790\" alt=\"\"\/><\/p>\n<p><img decoding=\"async\" class=\"alignnone size-full\" src=\"http:\/\/wxnuohui.com\/wp-content\/uploads\/2025\/09\/detail_pic_8-145.jpg\" width=\"790\" alt=\"\"\/><\/p>\n<p><img decoding=\"async\" class=\"alignnone size-full\" src=\"http:\/\/wxnuohui.com\/wp-content\/uploads\/2025\/09\/detail_pic_9-114.png\" width=\"790\" alt=\"\"\/><\/p>\n<p><img decoding=\"async\" class=\"alignnone size-full\" src=\"http:\/\/wxnuohui.com\/wp-content\/uploads\/2025\/09\/detail_pic_10-270.jpg\" width=\"790\" alt=\"\"\/><\/p>\n<p><img decoding=\"async\" class=\"alignnone size-full\" src=\"http:\/\/wxnuohui.com\/wp-content\/uploads\/2025\/09\/detail_pic_11-265.jpg\" width=\"790\" alt=\"\"\/><\/p>\n<p><img decoding=\"async\" class=\"alignnone size-full\" src=\"http:\/\/wxnuohui.com\/wp-content\/uploads\/2025\/09\/detail_pic_12-263.jpg\" width=\"790\" alt=\"\"\/><\/p>\n<p><img decoding=\"async\" class=\"alignnone size-full\" src=\"http:\/\/wxnuohui.com\/wp-content\/uploads\/2025\/09\/detail_pic_13-249.jpg\" width=\"790\" alt=\"\"\/><\/p>\n<p><img decoding=\"async\" class=\"alignnone size-full\" src=\"http:\/\/wxnuohui.com\/wp-content\/uploads\/2025\/09\/detail_pic_14-79.png\" width=\"790\" alt=\"\"\/><\/p>\n<p><img decoding=\"async\" class=\"alignnone size-full\" src=\"http:\/\/wxnuohui.com\/wp-content\/uploads\/2025\/09\/detail_pic_15-253.jpg\" width=\"790\" alt=\"\"\/><\/p>\n<p><img decoding=\"async\" class=\"alignnone size-full\" src=\"http:\/\/wxnuohui.com\/wp-content\/uploads\/2025\/09\/detail_pic_16-206.jpg\" width=\"790\" alt=\"\"\/><\/p>\n<p><img decoding=\"async\" class=\"alignnone size-full\" src=\"http:\/\/wxnuohui.com\/wp-content\/uploads\/2025\/09\/detail_pic_17-204.jpg\" width=\"790\" alt=\"\"\/><\/p>","protected":false},"excerpt":{"rendered":"<p>Vlastn\u00ed logo jednobarevn\u00e9 m\u00f3dn\u00ed podzimn\u00ed zimn\u00ed d\u00e1msk\u00e9 oble\u010den\u00ed 2 kusy Lounge Wear Sety Tube Top bunda a kalhoty<\/p>","protected":false},"featured_media":8962,"template":"","meta":[],"product_brand":[],"product_cat":[22],"product_tag":[],"class_list":{"0":"post-9220","1":"product","2":"type-product","3":"status-publish","4":"has-post-thumbnail","6":"product_cat-women-set","8":"first","9":"outofstock","10":"shipping-taxable","11":"product-type-variable"},"_links":{"self":[{"href":"https:\/\/wxnuohui.com\/cs\/wp-json\/wp\/v2\/product\/9220","targetHints":{"allow":["GET"]}}],"collection":[{"href":"https:\/\/wxnuohui.com\/cs\/wp-json\/wp\/v2\/product"}],"about":[{"href":"https:\/\/wxnuohui.com\/cs\/wp-json\/wp\/v2\/types\/product"}],"wp:featuredmedia":[{"embeddable":true,"href":"https:\/\/wxnuohui.com\/cs\/wp-json\/wp\/v2\/media\/8962"}],"wp:attachment":[{"href":"https:\/\/wxnuohui.com\/cs\/wp-json\/wp\/v2\/media?parent=9220"}],"wp:term":[{"taxonomy":"product_brand","embeddable":true,"href":"https:\/\/wxnuohui.com\/cs\/wp-json\/wp\/v2\/product_brand?post=9220"},{"taxonomy":"product_cat","embeddable":true,"href":"https:\/\/wxnuohui.com\/cs\/wp-json\/wp\/v2\/product_cat?post=9220"},{"taxonomy":"product_tag","embeddable":true,"href":"https:\/\/wxnuohui.com\/cs\/wp-json\/wp\/v2\/product_tag?post=9220"}],"curies":[{"name":"wp","href":"https:\/\/api.w.org\/{rel}","templated":true}]}}