{"id":9209,"date":"2025-09-13T06:21:09","date_gmt":"2025-09-13T06:21:09","guid":{"rendered":"https:\/\/wxnuohui.com\/product\/enyen-summer-spring-casual-bodycon-plaid-print-playsuit-women-slip-one-piece-sleeveless-square-collar-sexy-jumpsuit-for-women\/"},"modified":"2025-09-13T06:21:09","modified_gmt":"2025-09-13T06:21:09","slug":"enyen-summer-spring-casual-bodycon-plaid-print-playsuit-women-slip-one-piece-sleeveless-square-collar-sexy-jumpsuit-for-women","status":"publish","type":"product","link":"https:\/\/wxnuohui.com\/cs\/product\/enyen-summer-spring-casual-bodycon-plaid-print-playsuit-women-slip-one-piece-sleeveless-square-collar-sexy-jumpsuit-for-women\/","title":{"rendered":"Enyen Letn\u00ed jarn\u00ed p\u0159\u00edle\u017eitostn\u00e9 Bodycon kostkovan\u00fd tisk Playsuit \u017eeny Slip jednod\u00edln\u00fd bez ruk\u00e1v\u016f \u010dtvercov\u00fd l\u00edmec sexy kombin\u00e9za pro \u017eeny"},"content":{"rendered":"<p>Typ st\u0159ihu:Regular<br \/>\nStyl: le\u017e\u00e9rn\u00ed<br \/>\nSez\u00f3na: L\u00e9to<br \/>\nL\u00edmec: O-v\u00fdst\u0159ih<br \/>\nMateri\u00e1l:Spandex \/ polyester<br \/>\nMetody tisku: s\u00edtotisk<br \/>\nTyp:kombin\u00e9za na j\u00f3gu<br \/>\nP\u0159\u00edle\u017eitost:ClubWear<br \/>\nD\u00e9lka ruk\u00e1vu (cm):bez ruk\u00e1v\u016f<br \/>\nLinie pasu: vysok\u00fd pas<br \/>\nDetekce jehel: Ano<br \/>\nTyp dod\u00e1vky: Oem Service<br \/>\nVlastnosti:Anti-Pilling, prody\u0161n\u00fd, \u0161etrn\u00fd k \u017eivotn\u00edmu prost\u0159ed\u00ed<br \/>\nVzor: tisk<br \/>\nZp\u016fsob tkan\u00ed: pleten\u00e9<br \/>\nPohlav\u00ed: \u017eeny<br \/>\nD\u00e9lka:Midi<br \/>\nTechniky: ti\u0161t\u011bn\u00e9<br \/>\nDekorace: bo\u010dn\u00ed pruh, s potiskem<br \/>\nTyp tkaniny: Polyester<br \/>\nHmotnost l\u00e1tky: 260 gram\u016f<br \/>\nStyl ruk\u00e1v\u016f:ne<br \/>\nM\u00edsto p\u016fvodu: Jiangsu, \u010c\u00edna<br \/>\n\u010c\u00edslo modelu:Kombin\u00e9za pro \u017eeny-664289389257<br \/>\nN\u00e1zev zna\u010dky: NH-669831915287<br \/>\nProdejn\u00ed jednotky: Jednotliv\u00e9 polo\u017eky<br \/>\nVelikost jednoho balen\u00ed: 18X13X14 cm<br \/>\nJednotliv\u00e1 celkov\u00e1 hmotnost: 0 400 kg<\/p>\n<p><img decoding=\"async\" class=\"alignnone size-full\" src=\"http:\/\/wxnuohui.com\/wp-content\/uploads\/2025\/09\/detail_pic_0-138.jpg\" width=\"790\" alt=\"\"\/><\/p>\n<p><img decoding=\"async\" class=\"alignnone size-full\" src=\"http:\/\/wxnuohui.com\/wp-content\/uploads\/2025\/09\/detail_pic_1-157.jpg\" width=\"790\" alt=\"\"\/><\/p>\n<p><img decoding=\"async\" class=\"alignnone size-full\" src=\"http:\/\/wxnuohui.com\/wp-content\/uploads\/2025\/09\/detail_pic_2-163.jpg\" width=\"790\" alt=\"\"\/><\/p>\n<p><img decoding=\"async\" class=\"alignnone size-full\" src=\"http:\/\/wxnuohui.com\/wp-content\/uploads\/2025\/09\/detail_pic_3-198.jpg\" width=\"790\" alt=\"\"\/><\/p>\n<p><img decoding=\"async\" class=\"alignnone size-full\" src=\"http:\/\/wxnuohui.com\/wp-content\/uploads\/2025\/09\/detail_pic_4-189.jpg\" width=\"790\" alt=\"\"\/><\/p>\n<p><img decoding=\"async\" class=\"alignnone size-full\" src=\"http:\/\/wxnuohui.com\/wp-content\/uploads\/2025\/09\/detail_pic_5-232.jpg\" width=\"790\" alt=\"\"\/><\/p>\n<p><img decoding=\"async\" class=\"alignnone size-full\" src=\"http:\/\/wxnuohui.com\/wp-content\/uploads\/2025\/09\/detail_pic_6-154.jpg\" width=\"790\" alt=\"\"\/><\/p>\n<p><img decoding=\"async\" class=\"alignnone size-full\" src=\"http:\/\/wxnuohui.com\/wp-content\/uploads\/2025\/09\/detail_pic_7-124.jpg\" width=\"790\" alt=\"\"\/><\/p>\n<p><img decoding=\"async\" class=\"alignnone size-full\" src=\"http:\/\/wxnuohui.com\/wp-content\/uploads\/2025\/09\/detail_pic_8-136.jpg\" width=\"790\" alt=\"\"\/><\/p>\n<p><img decoding=\"async\" class=\"alignnone size-full\" src=\"http:\/\/wxnuohui.com\/wp-content\/uploads\/2025\/09\/detail_pic_9-105.png\" width=\"790\" alt=\"\"\/><\/p>\n<p><img decoding=\"async\" class=\"alignnone size-full\" src=\"http:\/\/wxnuohui.com\/wp-content\/uploads\/2025\/09\/detail_pic_10-259.jpg\" width=\"790\" alt=\"\"\/><\/p>\n<p><img decoding=\"async\" class=\"alignnone size-full\" src=\"http:\/\/wxnuohui.com\/wp-content\/uploads\/2025\/09\/detail_pic_11-254.jpg\" width=\"790\" alt=\"\"\/><\/p>\n<p><img decoding=\"async\" class=\"alignnone size-full\" src=\"http:\/\/wxnuohui.com\/wp-content\/uploads\/2025\/09\/detail_pic_12-252.jpg\" width=\"790\" alt=\"\"\/><\/p>\n<p><img decoding=\"async\" class=\"alignnone size-full\" src=\"http:\/\/wxnuohui.com\/wp-content\/uploads\/2025\/09\/detail_pic_13-239.jpg\" width=\"790\" alt=\"\"\/><\/p>\n<p><img decoding=\"async\" class=\"alignnone size-full\" src=\"http:\/\/wxnuohui.com\/wp-content\/uploads\/2025\/09\/detail_pic_14-69.png\" width=\"790\" alt=\"\"\/><\/p>\n<p><img decoding=\"async\" class=\"alignnone size-full\" src=\"http:\/\/wxnuohui.com\/wp-content\/uploads\/2025\/09\/detail_pic_15-242.jpg\" width=\"790\" alt=\"\"\/><\/p>\n<p><img decoding=\"async\" class=\"alignnone size-full\" src=\"http:\/\/wxnuohui.com\/wp-content\/uploads\/2025\/09\/detail_pic_16-195.jpg\" width=\"790\" alt=\"\"\/><\/p>\n<p><img decoding=\"async\" class=\"alignnone size-full\" src=\"http:\/\/wxnuohui.com\/wp-content\/uploads\/2025\/09\/detail_pic_17-194.jpg\" width=\"790\" alt=\"\"\/><\/p>","protected":false},"excerpt":{"rendered":"<p>Enyen Letn\u00ed jarn\u00ed p\u0159\u00edle\u017eitostn\u00e9 Bodycon kostkovan\u00fd tisk Playsuit \u017eeny Slip jednod\u00edln\u00fd bez ruk\u00e1v\u016f \u010dtvercov\u00fd l\u00edmec sexy kombin\u00e9za pro \u017eeny<\/p>","protected":false},"featured_media":8689,"template":"","meta":[],"product_brand":[],"product_cat":[22],"product_tag":[],"class_list":{"0":"post-9209","1":"product","2":"type-product","3":"status-publish","4":"has-post-thumbnail","6":"product_cat-women-set","8":"first","9":"outofstock","10":"shipping-taxable","11":"product-type-variable"},"_links":{"self":[{"href":"https:\/\/wxnuohui.com\/cs\/wp-json\/wp\/v2\/product\/9209","targetHints":{"allow":["GET"]}}],"collection":[{"href":"https:\/\/wxnuohui.com\/cs\/wp-json\/wp\/v2\/product"}],"about":[{"href":"https:\/\/wxnuohui.com\/cs\/wp-json\/wp\/v2\/types\/product"}],"wp:featuredmedia":[{"embeddable":true,"href":"https:\/\/wxnuohui.com\/cs\/wp-json\/wp\/v2\/media\/8689"}],"wp:attachment":[{"href":"https:\/\/wxnuohui.com\/cs\/wp-json\/wp\/v2\/media?parent=9209"}],"wp:term":[{"taxonomy":"product_brand","embeddable":true,"href":"https:\/\/wxnuohui.com\/cs\/wp-json\/wp\/v2\/product_brand?post=9209"},{"taxonomy":"product_cat","embeddable":true,"href":"https:\/\/wxnuohui.com\/cs\/wp-json\/wp\/v2\/product_cat?post=9209"},{"taxonomy":"product_tag","embeddable":true,"href":"https:\/\/wxnuohui.com\/cs\/wp-json\/wp\/v2\/product_tag?post=9209"}],"curies":[{"name":"wp","href":"https:\/\/api.w.org\/{rel}","templated":true}]}}