{"id":9168,"date":"2025-09-13T06:20:37","date_gmt":"2025-09-13T06:20:37","guid":{"rendered":"https:\/\/wxnuohui.com\/product\/wholesale-sexy-women-summer-satin-vest-top-leisure-wear-drawstring-lingerie-shorts-sleepwear-two-piece-pajama-sets\/"},"modified":"2025-09-13T06:20:37","modified_gmt":"2025-09-13T06:20:37","slug":"wholesale-sexy-women-summer-satin-vest-top-leisure-wear-drawstring-lingerie-shorts-sleepwear-two-piece-pajama-sets","status":"publish","type":"product","link":"https:\/\/wxnuohui.com\/cs\/product\/wholesale-sexy-women-summer-satin-vest-top-leisure-wear-drawstring-lingerie-shorts-sleepwear-two-piece-pajama-sets\/","title":{"rendered":"Velkoobchod Sexy \u017eeny letn\u00ed sat\u00e9nov\u00e1 vesta Top voln\u00fd \u010das nosit \u0161\u0148\u016frky spodn\u00ed pr\u00e1dlo \u0161ortky Sleepwear dva kusy py\u017eama sady"},"content":{"rendered":"<p>Materi\u00e1l: 100% Polyester<br \/>\nTyp tkaniny: Polyester<br \/>\nTyp polo\u017eky:Py\u017eamo<br \/>\nV\u00fdst\u0159ih: v\u00fdst\u0159ih do V<br \/>\nVzor: Solid<br \/>\nRo\u010dn\u00ed obdob\u00ed:L\u00e9to, Jaro<br \/>\nD\u00e9lka:\u0161ortky<br \/>\nTyp uzav\u0159en\u00ed:Button Fly<br \/>\nVlastnosti:Prody\u0161n\u00fd, Rychleschnouc\u00ed, Tepeln\u00fd<br \/>\nPo\u010det kus\u016f:1<br \/>\nZp\u016fsob tkan\u00ed: pleten\u00e9<br \/>\nTechnika: ti\u0161t\u011bn\u00e1<br \/>\nTyp dod\u00e1vky: ODM<br \/>\nD\u00e9lka ruk\u00e1vu: bez ruk\u00e1v\u016f<br \/>\nDetekce jehel: Ano<br \/>\n\u010c\u00edslo modelu: Letn\u00ed py\u017eamo<br \/>\n7 dn\u00ed doba realizace objedn\u00e1vky vzorku: Podpora<br \/>\nMetoda tisku: \u017d\u00e1dn\u00e1<br \/>\nPohlav\u00ed: \u017eeny<br \/>\nHmotnost tkaniny: 140 gram\u016f<br \/>\nM\u00edsto p\u016fvodu: Jiangsu, \u010c\u00edna<br \/>\nN\u00e1zev zna\u010dky: NH-629264355059<br \/>\nN\u00e1zev produktu:Dvoud\u00edln\u00e9 py\u017eamov\u00e9 soupravy<br \/>\nKl\u00ed\u010dov\u00e1 slova:Letn\u00ed py\u017eamo<br \/>\nSlu\u017eba: 24 hodin online<br \/>\nPlatba: Trade Assurance<br \/>\nTisk: Vlastn\u00ed n\u00e1vrhy Tisk<br \/>\nVzorek: 3-5 dn\u00ed<br \/>\nBalen\u00ed: 1ks\/polybag<br \/>\nDoba dod\u00e1n\u00ed: 7 ~ 15 dn\u00ed<br \/>\n\u0160t\u00edtek a logo: Accpet Customized<br \/>\nDoprava: DHLEMSUPSFEDEXby Seaby Air<br \/>\nProdejn\u00ed jednotky: Jednotliv\u00e9 polo\u017eky<br \/>\nVelikost jednoho balen\u00ed: 18X13X14 cm<br \/>\nJednotliv\u00e1 celkov\u00e1 hmotnost: 0 400 kg<\/p>\n<p><img decoding=\"async\" class=\"alignnone size-full\" src=\"http:\/\/wxnuohui.com\/wp-content\/uploads\/2025\/09\/detail_pic_0-106.jpg\" width=\"790\" alt=\"\"\/><\/p>\n<p><img decoding=\"async\" class=\"alignnone size-full\" src=\"http:\/\/wxnuohui.com\/wp-content\/uploads\/2025\/09\/detail_pic_1-122.jpg\" width=\"790\" alt=\"\"\/><\/p>\n<p><img decoding=\"async\" class=\"alignnone size-full\" src=\"http:\/\/wxnuohui.com\/wp-content\/uploads\/2025\/09\/detail_pic_2-128.jpg\" width=\"790\" alt=\"\"\/><\/p>\n<p><img decoding=\"async\" class=\"alignnone size-full\" src=\"http:\/\/wxnuohui.com\/wp-content\/uploads\/2025\/09\/detail_pic_3-163.jpg\" width=\"790\" alt=\"\"\/><\/p>\n<p><img decoding=\"async\" class=\"alignnone size-full\" src=\"http:\/\/wxnuohui.com\/wp-content\/uploads\/2025\/09\/detail_pic_4-154.jpg\" width=\"790\" alt=\"\"\/><\/p>\n<p><img decoding=\"async\" class=\"alignnone size-full\" src=\"http:\/\/wxnuohui.com\/wp-content\/uploads\/2025\/09\/detail_pic_5-197.jpg\" width=\"790\" alt=\"\"\/><\/p>\n<p><img decoding=\"async\" class=\"alignnone size-full\" src=\"http:\/\/wxnuohui.com\/wp-content\/uploads\/2025\/09\/detail_pic_6-129.jpg\" width=\"790\" alt=\"\"\/><\/p>\n<p><img decoding=\"async\" class=\"alignnone size-full\" src=\"http:\/\/wxnuohui.com\/wp-content\/uploads\/2025\/09\/detail_pic_7-108.jpg\" width=\"790\" alt=\"\"\/><\/p>\n<p><img decoding=\"async\" class=\"alignnone size-full\" src=\"http:\/\/wxnuohui.com\/wp-content\/uploads\/2025\/09\/detail_pic_8-125.jpg\" width=\"790\" alt=\"\"\/><\/p>\n<p><img decoding=\"async\" class=\"alignnone size-full\" src=\"http:\/\/wxnuohui.com\/wp-content\/uploads\/2025\/09\/detail_pic_9-143.jpg\" width=\"790\" alt=\"\"\/><\/p>\n<p><img decoding=\"async\" class=\"alignnone size-full\" src=\"http:\/\/wxnuohui.com\/wp-content\/uploads\/2025\/09\/detail_pic_10-221.jpg\" width=\"790\" alt=\"\"\/><\/p>\n<p><img decoding=\"async\" class=\"alignnone size-full\" src=\"http:\/\/wxnuohui.com\/wp-content\/uploads\/2025\/09\/detail_pic_11-7.png\" width=\"790\" alt=\"\"\/><\/p>\n<p><img decoding=\"async\" class=\"alignnone size-full\" src=\"http:\/\/wxnuohui.com\/wp-content\/uploads\/2025\/09\/detail_pic_12-215.jpg\" width=\"790\" alt=\"\"\/><\/p>\n<p><img decoding=\"async\" class=\"alignnone size-full\" src=\"http:\/\/wxnuohui.com\/wp-content\/uploads\/2025\/09\/detail_pic_13-211.jpg\" width=\"790\" alt=\"\"\/><\/p>\n<p><img decoding=\"async\" class=\"alignnone size-full\" src=\"http:\/\/wxnuohui.com\/wp-content\/uploads\/2025\/09\/detail_pic_14-174.jpg\" width=\"790\" alt=\"\"\/><\/p>","protected":false},"excerpt":{"rendered":"<p>Velkoobchod Sexy \u017eeny letn\u00ed sat\u00e9nov\u00e1 vesta Top voln\u00fd \u010das nosit \u0161\u0148\u016frky spodn\u00ed pr\u00e1dlo \u0161ortky Sleepwear dva kusy py\u017eama sady<\/p>","protected":false},"featured_media":7758,"template":"","meta":[],"product_brand":[],"product_cat":[22],"product_tag":[],"class_list":{"0":"post-9168","1":"product","2":"type-product","3":"status-publish","4":"has-post-thumbnail","6":"product_cat-women-set","8":"first","9":"outofstock","10":"shipping-taxable","11":"product-type-variable"},"_links":{"self":[{"href":"https:\/\/wxnuohui.com\/cs\/wp-json\/wp\/v2\/product\/9168","targetHints":{"allow":["GET"]}}],"collection":[{"href":"https:\/\/wxnuohui.com\/cs\/wp-json\/wp\/v2\/product"}],"about":[{"href":"https:\/\/wxnuohui.com\/cs\/wp-json\/wp\/v2\/types\/product"}],"wp:featuredmedia":[{"embeddable":true,"href":"https:\/\/wxnuohui.com\/cs\/wp-json\/wp\/v2\/media\/7758"}],"wp:attachment":[{"href":"https:\/\/wxnuohui.com\/cs\/wp-json\/wp\/v2\/media?parent=9168"}],"wp:term":[{"taxonomy":"product_brand","embeddable":true,"href":"https:\/\/wxnuohui.com\/cs\/wp-json\/wp\/v2\/product_brand?post=9168"},{"taxonomy":"product_cat","embeddable":true,"href":"https:\/\/wxnuohui.com\/cs\/wp-json\/wp\/v2\/product_cat?post=9168"},{"taxonomy":"product_tag","embeddable":true,"href":"https:\/\/wxnuohui.com\/cs\/wp-json\/wp\/v2\/product_tag?post=9168"}],"curies":[{"name":"wp","href":"https:\/\/api.w.org\/{rel}","templated":true}]}}