{"id":9159,"date":"2025-09-13T06:20:30","date_gmt":"2025-09-13T06:20:30","guid":{"rendered":"https:\/\/wxnuohui.com\/product\/fashion-plain-loose-long-sleeve-pleated-cotton-shirt-and-pants-set-women-home-wear-two-piece-set\/"},"modified":"2025-09-13T06:20:31","modified_gmt":"2025-09-13T06:20:31","slug":"fashion-plain-loose-long-sleeve-pleated-cotton-shirt-and-pants-set-women-home-wear-two-piece-set","status":"publish","type":"product","link":"https:\/\/wxnuohui.com\/cs\/product\/fashion-plain-loose-long-sleeve-pleated-cotton-shirt-and-pants-set-women-home-wear-two-piece-set\/","title":{"rendered":"M\u00f3dn\u00ed prost\u00fd voln\u00fd dlouh\u00fd ruk\u00e1v skl\u00e1dan\u00e9 bavln\u011bn\u00e9 ko\u0161ile a kalhoty Set \u017eeny doma nosit dva kusy set"},"content":{"rendered":"<p>Pohlav\u00ed: \u017eeny<br \/>\nSez\u00f3na: L\u00e9to<br \/>\nDekorace: knofl\u00edk<br \/>\nTyp tkaniny:Pleten\u00ed<br \/>\nMateri\u00e1l: Polyester<br \/>\nTyp:d\u00e1msk\u00e1 souprava<br \/>\nD\u00e9lka svr\u0161k\u016f:Regular<br \/>\nMetody tisku:\u017d\u00e1dn\u00e9<br \/>\nTyp vzoru:Solid<br \/>\nD\u00e9lka ruk\u00e1vu: pln\u00fd<br \/>\nTyp topu: Top<br \/>\n7 dn\u00ed doba realizace objedn\u00e1vky vzorku: Podpora<br \/>\nVlastnosti:Anti-Pilling, prody\u0161n\u00fd, \u0161etrn\u00fd k \u017eivotn\u00edmu prost\u0159ed\u00ed<br \/>\nD\u00e9lka:nad kolena<br \/>\nTyp dod\u00e1vky: Oem Service<br \/>\nTyp st\u0159ihu:Regular<br \/>\nTechniky: ti\u0161t\u011bn\u00e9<br \/>\nZp\u016fsob tkan\u00ed: pleten\u00e9<br \/>\nL\u00edmec: O-v\u00fdst\u0159ih<br \/>\nStyl: le\u017e\u00e9rn\u00ed<br \/>\nHmotnost l\u00e1tky: 260 gram\u016f<br \/>\n\u010c\u00edslo modelu:Two Piece Set Women<br \/>\nM\u00edsto p\u016fvodu: Jiangsu, \u010c\u00edna<br \/>\nN\u00e1zev zna\u010dky: NH-689063171619<br \/>\nN\u00e1zev produktu:Bavln\u011bn\u00e1 ko\u0161ile a kalhoty Set Women<br \/>\nKl\u00ed\u010dov\u00e1 slova:Two Piece Set Women<br \/>\nSlu\u017eba: 24 hodin online<br \/>\nPlatba: Trade Assurance<br \/>\nTisk: Vlastn\u00ed n\u00e1vrhy Tisk<br \/>\nVzorek: 3-5 dn\u00ed<br \/>\nBalen\u00ed: 1ks\/polybag<br \/>\nDoba dod\u00e1n\u00ed: 7 ~ 15 dn\u00ed<br \/>\n\u0160t\u00edtek a logo: Accpet Customized<br \/>\nDoprava: DHLEMSUPSFEDEXby Seaby Air<br \/>\nProdejn\u00ed jednotky: Jednotliv\u00e9 polo\u017eky<br \/>\nVelikost jednoho balen\u00ed: 23X13X16 cm<br \/>\nJednotliv\u00e1 celkov\u00e1 hmotnost: 0 800 kg<\/p>\n<p><img decoding=\"async\" class=\"alignnone size-full\" src=\"http:\/\/wxnuohui.com\/wp-content\/uploads\/2025\/09\/detail_pic_0-98.jpg\" width=\"790\" alt=\"\"\/><\/p>\n<p><img decoding=\"async\" class=\"alignnone size-full\" src=\"http:\/\/wxnuohui.com\/wp-content\/uploads\/2025\/09\/detail_pic_1-114.jpg\" width=\"790\" alt=\"\"\/><\/p>\n<p><img decoding=\"async\" class=\"alignnone size-full\" src=\"http:\/\/wxnuohui.com\/wp-content\/uploads\/2025\/09\/detail_pic_2-119.jpg\" width=\"790\" alt=\"\"\/><\/p>\n<p><img decoding=\"async\" class=\"alignnone size-full\" src=\"http:\/\/wxnuohui.com\/wp-content\/uploads\/2025\/09\/detail_pic_3-154.jpg\" width=\"790\" alt=\"\"\/><\/p>\n<p><img decoding=\"async\" class=\"alignnone size-full\" src=\"http:\/\/wxnuohui.com\/wp-content\/uploads\/2025\/09\/detail_pic_4-145.jpg\" width=\"790\" alt=\"\"\/><\/p>\n<p><img decoding=\"async\" class=\"alignnone size-full\" src=\"http:\/\/wxnuohui.com\/wp-content\/uploads\/2025\/09\/detail_pic_5-188.jpg\" width=\"790\" alt=\"\"\/><\/p>\n<p><img decoding=\"async\" class=\"alignnone size-full\" src=\"http:\/\/wxnuohui.com\/wp-content\/uploads\/2025\/09\/detail_pic_6-120.jpg\" width=\"790\" alt=\"\"\/><\/p>\n<p><img decoding=\"async\" class=\"alignnone size-full\" src=\"http:\/\/wxnuohui.com\/wp-content\/uploads\/2025\/09\/detail_pic_7-99.jpg\" width=\"790\" alt=\"\"\/><\/p>\n<p><img decoding=\"async\" class=\"alignnone size-full\" src=\"http:\/\/wxnuohui.com\/wp-content\/uploads\/2025\/09\/detail_pic_8-119.jpg\" width=\"790\" alt=\"\"\/><\/p>\n<p><img decoding=\"async\" class=\"alignnone size-full\" src=\"http:\/\/wxnuohui.com\/wp-content\/uploads\/2025\/09\/detail_pic_9-138.jpg\" width=\"790\" alt=\"\"\/><\/p>\n<p><img decoding=\"async\" class=\"alignnone size-full\" src=\"http:\/\/wxnuohui.com\/wp-content\/uploads\/2025\/09\/detail_pic_10-212.jpg\" width=\"790\" alt=\"\"\/><\/p>\n<p><img decoding=\"async\" class=\"alignnone size-full\" src=\"http:\/\/wxnuohui.com\/wp-content\/uploads\/2025\/09\/detail_pic_11-208.jpg\" width=\"790\" alt=\"\"\/><\/p>\n<p><img decoding=\"async\" class=\"alignnone size-full\" src=\"http:\/\/wxnuohui.com\/wp-content\/uploads\/2025\/09\/detail_pic_12-207.jpg\" width=\"790\" alt=\"\"\/><\/p>\n<p><img decoding=\"async\" class=\"alignnone size-full\" src=\"http:\/\/wxnuohui.com\/wp-content\/uploads\/2025\/09\/detail_pic_13-8.png\" width=\"790\" alt=\"\"\/><\/p>\n<p><img decoding=\"async\" class=\"alignnone size-full\" src=\"http:\/\/wxnuohui.com\/wp-content\/uploads\/2025\/09\/detail_pic_14-173.jpg\" width=\"790\" alt=\"\"\/><\/p>\n<p><img decoding=\"async\" class=\"alignnone size-full\" src=\"http:\/\/wxnuohui.com\/wp-content\/uploads\/2025\/09\/detail_pic_15-199.jpg\" width=\"790\" alt=\"\"\/><\/p>\n<p><img decoding=\"async\" class=\"alignnone size-full\" src=\"http:\/\/wxnuohui.com\/wp-content\/uploads\/2025\/09\/detail_pic_16-153.jpg\" width=\"790\" alt=\"\"\/><\/p>","protected":false},"excerpt":{"rendered":"<p>M\u00f3dn\u00ed prost\u00fd voln\u00fd dlouh\u00fd ruk\u00e1v skl\u00e1dan\u00e9 bavln\u011bn\u00e9 ko\u0161ile a kalhoty Set \u017eeny doma nosit dva kusy set<\/p>","protected":false},"featured_media":7547,"template":"","meta":[],"product_brand":[],"product_cat":[22],"product_tag":[],"class_list":{"0":"post-9159","1":"product","2":"type-product","3":"status-publish","4":"has-post-thumbnail","6":"product_cat-women-set","8":"first","9":"outofstock","10":"shipping-taxable","11":"product-type-variable"},"_links":{"self":[{"href":"https:\/\/wxnuohui.com\/cs\/wp-json\/wp\/v2\/product\/9159","targetHints":{"allow":["GET"]}}],"collection":[{"href":"https:\/\/wxnuohui.com\/cs\/wp-json\/wp\/v2\/product"}],"about":[{"href":"https:\/\/wxnuohui.com\/cs\/wp-json\/wp\/v2\/types\/product"}],"wp:featuredmedia":[{"embeddable":true,"href":"https:\/\/wxnuohui.com\/cs\/wp-json\/wp\/v2\/media\/7547"}],"wp:attachment":[{"href":"https:\/\/wxnuohui.com\/cs\/wp-json\/wp\/v2\/media?parent=9159"}],"wp:term":[{"taxonomy":"product_brand","embeddable":true,"href":"https:\/\/wxnuohui.com\/cs\/wp-json\/wp\/v2\/product_brand?post=9159"},{"taxonomy":"product_cat","embeddable":true,"href":"https:\/\/wxnuohui.com\/cs\/wp-json\/wp\/v2\/product_cat?post=9159"},{"taxonomy":"product_tag","embeddable":true,"href":"https:\/\/wxnuohui.com\/cs\/wp-json\/wp\/v2\/product_tag?post=9159"}],"curies":[{"name":"wp","href":"https:\/\/api.w.org\/{rel}","templated":true}]}}