{"id":9153,"date":"2025-09-13T06:20:27","date_gmt":"2025-09-13T06:20:27","guid":{"rendered":"https:\/\/wxnuohui.com\/product\/quality-compression-ankle-grip-designer-mens-crew-unisex-sport-cotton-custom-logo-socks-men\/"},"modified":"2025-09-13T06:20:27","modified_gmt":"2025-09-13T06:20:27","slug":"quality-compression-ankle-grip-designer-mens-crew-unisex-sport-cotton-custom-logo-socks-men","status":"publish","type":"product","link":"https:\/\/wxnuohui.com\/cs\/product\/quality-compression-ankle-grip-designer-mens-crew-unisex-sport-cotton-custom-logo-socks-men\/","title":{"rendered":"Kvalitn\u00ed kompresn\u00ed kotn\u00edk Grip Designer Mens Crew Unisex Sport Bavlna Custom Logo pono\u017eky Mu\u017ei"},"content":{"rendered":"<p>7 dn\u00ed doba realizace objedn\u00e1vky vzorku: Podpora<br \/>\nTechniky: pleten\u00e9<br \/>\nZp\u016fsob tkan\u00ed: pleten\u00e9<br \/>\nPozice loga: T\u011blo<br \/>\nStyl:Regular<br \/>\nPohlav\u00ed: Mu\u017ei<br \/>\nDetekce jehel: Ano<br \/>\nMetody tisku:\u017d\u00e1dn\u00e9<br \/>\nPou\u017eit\u00ed: Denn\u011b<br \/>\nTyp dod\u00e1vky: Oem Service<br \/>\nTlou\u0161\u0165ka: Standardn\u00ed<br \/>\nVlastnosti:Rychleschnouc\u00ed, sportovn\u00ed, antibakteri\u00e1ln\u00ed, prody\u0161n\u00fd, protiskluzov\u00fd, na jedno pou\u017eit\u00ed<br \/>\nSez\u00f3na: L\u00e9to<br \/>\nTyp produktu:pono\u017eky<br \/>\nTyp pono\u017eky:Casual<br \/>\nMateri\u00e1l:Spandex \/ Nylon \/ Bavlna<br \/>\nTyp vzoru:Solid<br \/>\nM\u00edsto p\u016fvodu: Jiangsu, \u010c\u00edna<br \/>\nN\u00e1zev zna\u010dky: NH<br \/>\n\u010c\u00edslo modelu: Pono\u017eky P\u00e1nsk\u00e9<br \/>\nN\u00e1zev produktu: Bavln\u011bn\u00e9 pono\u017eky s vlastn\u00edm logem pro mu\u017ee<br \/>\nKl\u00ed\u010dov\u00e9 slovo:Pono\u017eky mu\u017ei<br \/>\nLogo: P\u0159izp\u016fsoben\u00e9 logo P\u0159ijmout<br \/>\nBarva:Barvy<br \/>\nBalen\u00ed: Opp Bag<br \/>\nDesign: Custom Desgin<br \/>\nSlu\u017eba: 24 hodin online<br \/>\nDoba vzorkov\u00e1n\u00ed: 7-10 dn\u00ed<br \/>\nP\u0159eprava:DHLEMSUPSFEDEXN\u00e1mo\u0159n\u00ed leteckou dopravou<br \/>\nDodac\u00ed lh\u016fta: 7-15 dn\u00ed<br \/>\nProdejn\u00ed jednotky: Jednotliv\u00e9 polo\u017eky<br \/>\nVelikost jednoho balen\u00ed: 18X10X11 cm<br \/>\nJednotliv\u00e1 hrub\u00e1 hmotnost: 0 200 kg<\/p>\n<p><img decoding=\"async\" class=\"alignnone size-full\" src=\"http:\/\/wxnuohui.com\/wp-content\/uploads\/2025\/09\/detail_pic_0-92.jpg\" width=\"790\" alt=\"\"\/><\/p>\n<p><img decoding=\"async\" class=\"alignnone size-full\" src=\"http:\/\/wxnuohui.com\/wp-content\/uploads\/2025\/09\/detail_pic_1-108.jpg\" width=\"790\" alt=\"\"\/><\/p>\n<p><img decoding=\"async\" class=\"alignnone size-full\" src=\"http:\/\/wxnuohui.com\/wp-content\/uploads\/2025\/09\/detail_pic_2-113.jpg\" width=\"790\" alt=\"\"\/><\/p>\n<p><img decoding=\"async\" class=\"alignnone size-full\" src=\"http:\/\/wxnuohui.com\/wp-content\/uploads\/2025\/09\/detail_pic_3-148.jpg\" width=\"790\" alt=\"\"\/><\/p>\n<p><img decoding=\"async\" class=\"alignnone size-full\" src=\"http:\/\/wxnuohui.com\/wp-content\/uploads\/2025\/09\/detail_pic_4-139.jpg\" width=\"790\" alt=\"\"\/><\/p>\n<p><img decoding=\"async\" class=\"alignnone size-full\" src=\"http:\/\/wxnuohui.com\/wp-content\/uploads\/2025\/09\/detail_pic_5-182.jpg\" width=\"790\" alt=\"\"\/><\/p>\n<p><img decoding=\"async\" class=\"alignnone size-full\" src=\"http:\/\/wxnuohui.com\/wp-content\/uploads\/2025\/09\/detail_pic_6-114.jpg\" width=\"790\" alt=\"\"\/><\/p>\n<p><img decoding=\"async\" class=\"alignnone size-full\" src=\"http:\/\/wxnuohui.com\/wp-content\/uploads\/2025\/09\/detail_pic_7-93.jpg\" width=\"790\" alt=\"\"\/><\/p>\n<p><img decoding=\"async\" class=\"alignnone size-full\" src=\"http:\/\/wxnuohui.com\/wp-content\/uploads\/2025\/09\/detail_pic_8-113.jpg\" width=\"790\" alt=\"\"\/><\/p>\n<p><img decoding=\"async\" class=\"alignnone size-full\" src=\"http:\/\/wxnuohui.com\/wp-content\/uploads\/2025\/09\/detail_pic_9-74.png\" width=\"790\" alt=\"\"\/><\/p>\n<p><img decoding=\"async\" class=\"alignnone size-full\" src=\"http:\/\/wxnuohui.com\/wp-content\/uploads\/2025\/09\/detail_pic_10-207.jpg\" width=\"790\" alt=\"\"\/><\/p>\n<p><img decoding=\"async\" class=\"alignnone size-full\" src=\"http:\/\/wxnuohui.com\/wp-content\/uploads\/2025\/09\/detail_pic_11-204.jpg\" width=\"790\" alt=\"\"\/><\/p>\n<p><img decoding=\"async\" class=\"alignnone size-full\" src=\"http:\/\/wxnuohui.com\/wp-content\/uploads\/2025\/09\/detail_pic_12-201.jpg\" width=\"790\" alt=\"\"\/><\/p>\n<p><img decoding=\"async\" class=\"alignnone size-full\" src=\"http:\/\/wxnuohui.com\/wp-content\/uploads\/2025\/09\/detail_pic_13-199.jpg\" width=\"790\" alt=\"\"\/><\/p>\n<p><img decoding=\"async\" class=\"alignnone size-full\" src=\"http:\/\/wxnuohui.com\/wp-content\/uploads\/2025\/09\/detail_pic_14-34.png\" width=\"790\" alt=\"\"\/><\/p>\n<p><img decoding=\"async\" class=\"alignnone size-full\" src=\"http:\/\/wxnuohui.com\/wp-content\/uploads\/2025\/09\/detail_pic_15-196.jpg\" width=\"790\" alt=\"\"\/><\/p>\n<p><img decoding=\"async\" class=\"alignnone size-full\" src=\"http:\/\/wxnuohui.com\/wp-content\/uploads\/2025\/09\/detail_pic_16-150.jpg\" width=\"790\" alt=\"\"\/><\/p>\n<p><img decoding=\"async\" class=\"alignnone size-full\" src=\"http:\/\/wxnuohui.com\/wp-content\/uploads\/2025\/09\/detail_pic_17-159.jpg\" width=\"790\" alt=\"\"\/><\/p>","protected":false},"excerpt":{"rendered":"<p>Kvalitn\u00ed kompresn\u00ed kotn\u00edk Grip Designer Mens Crew Unisex Sport Bavlna Custom Logo pono\u017eky Mu\u017ei<\/p>","protected":false},"featured_media":7410,"template":"","meta":[],"product_brand":[],"product_cat":[22],"product_tag":[],"class_list":{"0":"post-9153","1":"product","2":"type-product","3":"status-publish","4":"has-post-thumbnail","6":"product_cat-women-set","8":"first","9":"outofstock","10":"shipping-taxable","11":"product-type-variable"},"_links":{"self":[{"href":"https:\/\/wxnuohui.com\/cs\/wp-json\/wp\/v2\/product\/9153","targetHints":{"allow":["GET"]}}],"collection":[{"href":"https:\/\/wxnuohui.com\/cs\/wp-json\/wp\/v2\/product"}],"about":[{"href":"https:\/\/wxnuohui.com\/cs\/wp-json\/wp\/v2\/types\/product"}],"wp:featuredmedia":[{"embeddable":true,"href":"https:\/\/wxnuohui.com\/cs\/wp-json\/wp\/v2\/media\/7410"}],"wp:attachment":[{"href":"https:\/\/wxnuohui.com\/cs\/wp-json\/wp\/v2\/media?parent=9153"}],"wp:term":[{"taxonomy":"product_brand","embeddable":true,"href":"https:\/\/wxnuohui.com\/cs\/wp-json\/wp\/v2\/product_brand?post=9153"},{"taxonomy":"product_cat","embeddable":true,"href":"https:\/\/wxnuohui.com\/cs\/wp-json\/wp\/v2\/product_cat?post=9153"},{"taxonomy":"product_tag","embeddable":true,"href":"https:\/\/wxnuohui.com\/cs\/wp-json\/wp\/v2\/product_tag?post=9153"}],"curies":[{"name":"wp","href":"https:\/\/api.w.org\/{rel}","templated":true}]}}