{"id":9150,"date":"2025-09-13T06:20:25","date_gmt":"2025-09-13T06:20:25","guid":{"rendered":"https:\/\/wxnuohui.com\/product\/high-neck-y-shaped-back-elastic-sports-underwear-wide-hem-high-strength-shockproof-sports-underwear-yoga-bra\/"},"modified":"2025-09-13T06:20:26","modified_gmt":"2025-09-13T06:20:26","slug":"high-neck-y-shaped-back-elastic-sports-underwear-wide-hem-high-strength-shockproof-sports-underwear-yoga-bra","status":"publish","type":"product","link":"https:\/\/wxnuohui.com\/cs\/product\/high-neck-y-shaped-back-elastic-sports-underwear-wide-hem-high-strength-shockproof-sports-underwear-yoga-bra\/","title":{"rendered":"Vysok\u00fd v\u00fdst\u0159ih ve tvaru Y zadn\u00ed elastick\u00e9 sportovn\u00ed pr\u00e1dlo \u0161irok\u00fd lem vysoce pevn\u00e9 n\u00e1razuvzdorn\u00e9 sportovn\u00ed pr\u00e1dlo j\u00f3ga podprsenka"},"content":{"rendered":"<p>Vlastnosti:Prody\u0161n\u00fd, rychleschnouc\u00ed, antistatick\u00fd, lehk\u00fd<br \/>\nMetody tisku:\u017d\u00e1dn\u00e9<br \/>\nTyp vzoru: Tisk<br \/>\nPohlav\u00ed: \u017eeny<br \/>\nTyp \u0159em\u00ednku: Ostatn\u00ed<br \/>\nPodlo\u017eka pod hrudn\u00edk: Ne, nelze odstranit<br \/>\nHmotnost tkaniny: 180 gram\u016f<br \/>\nIntenzita podpory: St\u0159edn\u00ed podpora<br \/>\nV\u00fdst\u0159ih:Ostatn\u00ed<br \/>\nMateri\u00e1l:Spandex \/ Nylon<br \/>\nTyp dod\u00e1vky: Oem Service<br \/>\n7 dn\u00ed doba realizace objedn\u00e1vky vzorku: Podpora<br \/>\nV\u011bkov\u00e1 skupina: Dosp\u011bl\u00ed<br \/>\nTechniky: Ostatn\u00ed<br \/>\nStyl: Jednoduch\u00fd<br \/>\nDetekce jehel: Ano<br \/>\nAktivita:JOGA<br \/>\n\u010c\u00edslo modelu: Yoga Bra<br \/>\nM\u00edsto p\u016fvodu: Jiangsu, \u010c\u00edna<br \/>\nN\u00e1zev zna\u010dky: NH-655995190520<br \/>\nDostupn\u00e9 mno\u017estv\u00ed:50000<br \/>\nProdejn\u00ed jednotky: Jednotliv\u00e9 polo\u017eky<br \/>\nVelikost jednoho balen\u00ed: 18X10X11 cm<br \/>\nJednotliv\u00e1 celkov\u00e1 hmotnost: 0 400 kg<\/p>\n<p><img decoding=\"async\" class=\"alignnone size-full\" src=\"http:\/\/wxnuohui.com\/wp-content\/uploads\/2025\/09\/detail_pic_0-89.jpg\" width=\"790\" alt=\"\"\/><\/p>\n<p><img decoding=\"async\" class=\"alignnone size-full\" src=\"http:\/\/wxnuohui.com\/wp-content\/uploads\/2025\/09\/detail_pic_1-105.jpg\" width=\"790\" alt=\"\"\/><\/p>\n<p><img decoding=\"async\" class=\"alignnone size-full\" src=\"http:\/\/wxnuohui.com\/wp-content\/uploads\/2025\/09\/detail_pic_2-110.jpg\" width=\"790\" alt=\"\"\/><\/p>\n<p><img decoding=\"async\" class=\"alignnone size-full\" src=\"http:\/\/wxnuohui.com\/wp-content\/uploads\/2025\/09\/detail_pic_3-145.jpg\" width=\"790\" alt=\"\"\/><\/p>\n<p><img decoding=\"async\" class=\"alignnone size-full\" src=\"http:\/\/wxnuohui.com\/wp-content\/uploads\/2025\/09\/detail_pic_4-136.jpg\" width=\"790\" alt=\"\"\/><\/p>\n<p><img decoding=\"async\" class=\"alignnone size-full\" src=\"http:\/\/wxnuohui.com\/wp-content\/uploads\/2025\/09\/detail_pic_5-179.jpg\" width=\"790\" alt=\"\"\/><\/p>\n<p><img decoding=\"async\" class=\"alignnone size-full\" src=\"http:\/\/wxnuohui.com\/wp-content\/uploads\/2025\/09\/detail_pic_6-111.jpg\" width=\"790\" alt=\"\"\/><\/p>\n<p><img decoding=\"async\" class=\"alignnone size-full\" src=\"http:\/\/wxnuohui.com\/wp-content\/uploads\/2025\/09\/detail_pic_7-90.jpg\" width=\"790\" alt=\"\"\/><\/p>\n<p><img decoding=\"async\" class=\"alignnone size-full\" src=\"http:\/\/wxnuohui.com\/wp-content\/uploads\/2025\/09\/detail_pic_8-92.png\" width=\"790\" alt=\"\"\/><\/p>\n<p><img decoding=\"async\" class=\"alignnone size-full\" src=\"http:\/\/wxnuohui.com\/wp-content\/uploads\/2025\/09\/detail_pic_9-72.png\" width=\"790\" alt=\"\"\/><\/p>\n<p><img decoding=\"async\" class=\"alignnone size-full\" src=\"http:\/\/wxnuohui.com\/wp-content\/uploads\/2025\/09\/detail_pic_10-204.jpg\" width=\"790\" alt=\"\"\/><\/p>\n<p><img decoding=\"async\" class=\"alignnone size-full\" src=\"http:\/\/wxnuohui.com\/wp-content\/uploads\/2025\/09\/detail_pic_11-201.jpg\" width=\"790\" alt=\"\"\/><\/p>\n<p><img decoding=\"async\" class=\"alignnone size-full\" src=\"http:\/\/wxnuohui.com\/wp-content\/uploads\/2025\/09\/detail_pic_12-198.jpg\" width=\"790\" alt=\"\"\/><\/p>\n<p><img decoding=\"async\" class=\"alignnone size-full\" src=\"http:\/\/wxnuohui.com\/wp-content\/uploads\/2025\/09\/detail_pic_13-196.jpg\" width=\"790\" alt=\"\"\/><\/p>\n<p><img decoding=\"async\" class=\"alignnone size-full\" src=\"http:\/\/wxnuohui.com\/wp-content\/uploads\/2025\/09\/detail_pic_14-31.png\" width=\"790\" alt=\"\"\/><\/p>\n<p><img decoding=\"async\" class=\"alignnone size-full\" src=\"http:\/\/wxnuohui.com\/wp-content\/uploads\/2025\/09\/detail_pic_15-193.jpg\" width=\"790\" alt=\"\"\/><\/p>\n<p><img decoding=\"async\" class=\"alignnone size-full\" src=\"http:\/\/wxnuohui.com\/wp-content\/uploads\/2025\/09\/detail_pic_16-147.jpg\" width=\"790\" alt=\"\"\/><\/p>\n<p><img decoding=\"async\" class=\"alignnone size-full\" src=\"http:\/\/wxnuohui.com\/wp-content\/uploads\/2025\/09\/detail_pic_17-156.jpg\" width=\"790\" alt=\"\"\/><\/p>","protected":false},"excerpt":{"rendered":"<p>Vysok\u00fd v\u00fdst\u0159ih ve tvaru Y zadn\u00ed elastick\u00e9 sportovn\u00ed pr\u00e1dlo \u0161irok\u00fd lem vysoce pevn\u00e9 n\u00e1razuvzdorn\u00e9 sportovn\u00ed pr\u00e1dlo j\u00f3ga podprsenka<\/p>","protected":false},"featured_media":7336,"template":"","meta":[],"product_brand":[],"product_cat":[22],"product_tag":[],"class_list":{"0":"post-9150","1":"product","2":"type-product","3":"status-publish","4":"has-post-thumbnail","6":"product_cat-women-set","8":"first","9":"outofstock","10":"shipping-taxable","11":"product-type-variable"},"_links":{"self":[{"href":"https:\/\/wxnuohui.com\/cs\/wp-json\/wp\/v2\/product\/9150","targetHints":{"allow":["GET"]}}],"collection":[{"href":"https:\/\/wxnuohui.com\/cs\/wp-json\/wp\/v2\/product"}],"about":[{"href":"https:\/\/wxnuohui.com\/cs\/wp-json\/wp\/v2\/types\/product"}],"wp:featuredmedia":[{"embeddable":true,"href":"https:\/\/wxnuohui.com\/cs\/wp-json\/wp\/v2\/media\/7336"}],"wp:attachment":[{"href":"https:\/\/wxnuohui.com\/cs\/wp-json\/wp\/v2\/media?parent=9150"}],"wp:term":[{"taxonomy":"product_brand","embeddable":true,"href":"https:\/\/wxnuohui.com\/cs\/wp-json\/wp\/v2\/product_brand?post=9150"},{"taxonomy":"product_cat","embeddable":true,"href":"https:\/\/wxnuohui.com\/cs\/wp-json\/wp\/v2\/product_cat?post=9150"},{"taxonomy":"product_tag","embeddable":true,"href":"https:\/\/wxnuohui.com\/cs\/wp-json\/wp\/v2\/product_tag?post=9150"}],"curies":[{"name":"wp","href":"https:\/\/api.w.org\/{rel}","templated":true}]}}