{"id":9146,"date":"2025-09-13T06:20:23","date_gmt":"2025-09-13T06:20:23","guid":{"rendered":"https:\/\/wxnuohui.com\/product\/wholesale-street-wear-multiple-pockets-knee-length-cotton-camo-cargo-shorts-for-women\/"},"modified":"2025-09-13T06:20:23","modified_gmt":"2025-09-13T06:20:23","slug":"wholesale-street-wear-multiple-pockets-knee-length-cotton-camo-cargo-shorts-for-women","status":"publish","type":"product","link":"https:\/\/wxnuohui.com\/cs\/product\/wholesale-street-wear-multiple-pockets-knee-length-cotton-camo-cargo-shorts-for-women\/","title":{"rendered":"Velkoobchod Street Wear v\u00edce kapes koleno d\u00e9lka bavlna Camo Cargo \u0161ortky pro \u017eeny"},"content":{"rendered":"<p>Techniky: Barven\u00e9 na hladko<br \/>\nStyl kalhot: Regular<br \/>\nZp\u016fsob tkan\u00ed: pleten\u00e9<br \/>\nFunkce: proti vr\u00e1sk\u00e1m, rychl\u00e9 schnut\u00ed, prody\u0161nost<br \/>\nStyl: le\u017e\u00e9rn\u00ed<br \/>\nTyp pasu:Mid<br \/>\nDekorace:Kapsy, Patchwork<br \/>\nTyp tkaniny: \u0161ifon<br \/>\nTyp dod\u00e1vky: Oem Service<br \/>\nTyp vzoru:Patchwork<br \/>\n7 dn\u00ed doba realizace objedn\u00e1vky vzorku: Podpora<br \/>\nTyp st\u0159ihu:Regular<br \/>\nMateri\u00e1l: Polyester \/ bavlna<br \/>\nTyp uzav\u0159en\u00ed:Elastick\u00fd pas<br \/>\nVzor: hork\u00e9 \u0161ortky<br \/>\n\u010c\u00edslo modelu:Camo Shorts Women-672468334833<br \/>\nM\u00edsto p\u016fvodu: Jiangsu, \u010c\u00edna<br \/>\nN\u00e1zev zna\u010dky: HN-671754760425<br \/>\nN\u00e1zev produktu:Cargo \u0161ortky pro \u017eeny<br \/>\nKl\u00ed\u010dov\u00e1 slova:Camo Shorts Women<br \/>\nSlu\u017eba: 24 hodin online<br \/>\nPlatba: Trade Assurance<br \/>\nTisk: Vlastn\u00ed n\u00e1vrhy Tisk<br \/>\nVzorek: 3-5 dn\u00ed<br \/>\nBalen\u00ed: 1ks\/polybag<br \/>\nDoba dod\u00e1n\u00ed: 7 ~ 15 dn\u00ed<br \/>\n\u010c\u00edslo polo\u017eky:672468754320<br \/>\nDoprava: DHLEMSUPSFEDEXby Seaby Air<br \/>\nPodrobnosti o balen\u00ed:1.Pro vzorek, jeden kus na polyetylenov\u00fd s\u00e1\u010dek. 2. pro hromadnou v\u00fdrobu, na\u0161e pravideln\u00e9 balen\u00ed je karton. 3.Tak\u00e9 se vztahuj\u00ed na po\u017eadavky z\u00e1kazn\u00edk\u016f.<br \/>\nP\u0159\u00edstav odesl\u00e1n\u00ed: \u0160anghaj<br \/>\nProdejn\u00ed jednotky: Jednotliv\u00e9 polo\u017eky<br \/>\nVelikost jednoho balen\u00ed: 18X10X11 cm<br \/>\nJednotliv\u00e1 celkov\u00e1 hmotnost: 0 400 kg<br \/>\nP\u0159\u00edklady balen\u00ed:<br \/>\nSchopnost dod\u00e1vky: 5000 kus\u016f za m\u011bs\u00edc Camo \u0161ortky \u017eeny<\/p>\n<p><img decoding=\"async\" class=\"alignnone size-full\" src=\"http:\/\/wxnuohui.com\/wp-content\/uploads\/2025\/09\/detail_pic_0-85.jpg\" width=\"790\" alt=\"\"\/><\/p>\n<p><img decoding=\"async\" class=\"alignnone size-full\" src=\"http:\/\/wxnuohui.com\/wp-content\/uploads\/2025\/09\/detail_pic_1-101.jpg\" width=\"790\" alt=\"\"\/><\/p>\n<p><img decoding=\"async\" class=\"alignnone size-full\" src=\"http:\/\/wxnuohui.com\/wp-content\/uploads\/2025\/09\/detail_pic_2-106.jpg\" width=\"790\" alt=\"\"\/><\/p>\n<p><img decoding=\"async\" class=\"alignnone size-full\" src=\"http:\/\/wxnuohui.com\/wp-content\/uploads\/2025\/09\/detail_pic_3-141.jpg\" width=\"790\" alt=\"\"\/><\/p>\n<p><img decoding=\"async\" class=\"alignnone size-full\" src=\"http:\/\/wxnuohui.com\/wp-content\/uploads\/2025\/09\/detail_pic_4-132.jpg\" width=\"790\" alt=\"\"\/><\/p>\n<p><img decoding=\"async\" class=\"alignnone size-full\" src=\"http:\/\/wxnuohui.com\/wp-content\/uploads\/2025\/09\/detail_pic_5-175.jpg\" width=\"790\" alt=\"\"\/><\/p>\n<p><img decoding=\"async\" class=\"alignnone size-full\" src=\"http:\/\/wxnuohui.com\/wp-content\/uploads\/2025\/09\/detail_pic_6-107.jpg\" width=\"790\" alt=\"\"\/><\/p>\n<p><img decoding=\"async\" class=\"alignnone size-full\" src=\"http:\/\/wxnuohui.com\/wp-content\/uploads\/2025\/09\/detail_pic_7-86.jpg\" width=\"790\" alt=\"\"\/><\/p>\n<p><img decoding=\"async\" class=\"alignnone size-full\" src=\"http:\/\/wxnuohui.com\/wp-content\/uploads\/2025\/09\/detail_pic_8-108.jpg\" width=\"790\" alt=\"\"\/><\/p>\n<p><img decoding=\"async\" class=\"alignnone size-full\" src=\"http:\/\/wxnuohui.com\/wp-content\/uploads\/2025\/09\/detail_pic_9-70.png\" width=\"790\" alt=\"\"\/><\/p>\n<p><img decoding=\"async\" class=\"alignnone size-full\" src=\"http:\/\/wxnuohui.com\/wp-content\/uploads\/2025\/09\/detail_pic_10-200.jpg\" width=\"790\" alt=\"\"\/><\/p>\n<p><img decoding=\"async\" class=\"alignnone size-full\" src=\"http:\/\/wxnuohui.com\/wp-content\/uploads\/2025\/09\/detail_pic_11-197.jpg\" width=\"790\" alt=\"\"\/><\/p>\n<p><img decoding=\"async\" class=\"alignnone size-full\" src=\"http:\/\/wxnuohui.com\/wp-content\/uploads\/2025\/09\/detail_pic_12-194.jpg\" width=\"790\" alt=\"\"\/><\/p>\n<p><img decoding=\"async\" class=\"alignnone size-full\" src=\"http:\/\/wxnuohui.com\/wp-content\/uploads\/2025\/09\/detail_pic_13-193.jpg\" width=\"790\" alt=\"\"\/><\/p>\n<p><img decoding=\"async\" class=\"alignnone size-full\" src=\"http:\/\/wxnuohui.com\/wp-content\/uploads\/2025\/09\/detail_pic_14-28.png\" width=\"790\" alt=\"\"\/><\/p>\n<p><img decoding=\"async\" class=\"alignnone size-full\" src=\"http:\/\/wxnuohui.com\/wp-content\/uploads\/2025\/09\/detail_pic_15-190.jpg\" width=\"790\" alt=\"\"\/><\/p>\n<p><img decoding=\"async\" class=\"alignnone size-full\" src=\"http:\/\/wxnuohui.com\/wp-content\/uploads\/2025\/09\/detail_pic_16-144.jpg\" width=\"790\" alt=\"\"\/><\/p>\n<p><img decoding=\"async\" class=\"alignnone size-full\" src=\"http:\/\/wxnuohui.com\/wp-content\/uploads\/2025\/09\/detail_pic_17-153.jpg\" width=\"790\" alt=\"\"\/><\/p>","protected":false},"excerpt":{"rendered":"<p>Velkoobchod Street Wear v\u00edce kapes koleno d\u00e9lka bavlna Camo Cargo \u0161ortky pro \u017eeny<\/p>","protected":false},"featured_media":7243,"template":"","meta":[],"product_brand":[],"product_cat":[22],"product_tag":[],"class_list":{"0":"post-9146","1":"product","2":"type-product","3":"status-publish","4":"has-post-thumbnail","6":"product_cat-women-set","8":"first","9":"outofstock","10":"shipping-taxable","11":"product-type-variable"},"_links":{"self":[{"href":"https:\/\/wxnuohui.com\/cs\/wp-json\/wp\/v2\/product\/9146","targetHints":{"allow":["GET"]}}],"collection":[{"href":"https:\/\/wxnuohui.com\/cs\/wp-json\/wp\/v2\/product"}],"about":[{"href":"https:\/\/wxnuohui.com\/cs\/wp-json\/wp\/v2\/types\/product"}],"wp:featuredmedia":[{"embeddable":true,"href":"https:\/\/wxnuohui.com\/cs\/wp-json\/wp\/v2\/media\/7243"}],"wp:attachment":[{"href":"https:\/\/wxnuohui.com\/cs\/wp-json\/wp\/v2\/media?parent=9146"}],"wp:term":[{"taxonomy":"product_brand","embeddable":true,"href":"https:\/\/wxnuohui.com\/cs\/wp-json\/wp\/v2\/product_brand?post=9146"},{"taxonomy":"product_cat","embeddable":true,"href":"https:\/\/wxnuohui.com\/cs\/wp-json\/wp\/v2\/product_cat?post=9146"},{"taxonomy":"product_tag","embeddable":true,"href":"https:\/\/wxnuohui.com\/cs\/wp-json\/wp\/v2\/product_tag?post=9146"}],"curies":[{"name":"wp","href":"https:\/\/api.w.org\/{rel}","templated":true}]}}