{"id":9134,"date":"2025-09-13T06:20:16","date_gmt":"2025-09-13T06:20:16","guid":{"rendered":"https:\/\/wxnuohui.com\/product\/new-styles-fashion-design-oem-custom-logo-printing-plain-shirt-shorts-sets-for-women\/"},"modified":"2025-09-13T06:20:16","modified_gmt":"2025-09-13T06:20:16","slug":"new-styles-fashion-design-oem-custom-logo-printing-plain-shirt-shorts-sets-for-women","status":"publish","type":"product","link":"https:\/\/wxnuohui.com\/cs\/product\/new-styles-fashion-design-oem-custom-logo-printing-plain-shirt-shorts-sets-for-women\/","title":{"rendered":"Nov\u00e9 styly M\u00f3dn\u00ed design OEM Vlastn\u00ed logo tisk Plain Shirt \u0161ortky sady pro \u017eeny"},"content":{"rendered":"<p>Pohlav\u00ed: \u017eeny<br \/>\nSez\u00f3na: L\u00e9to<br \/>\nDekorace: \u017d\u00e1dn\u00e1<br \/>\nTyp tkaniny:Pleten\u00ed<br \/>\nMateri\u00e1l: Polyester \/ bavlna<br \/>\nTyp:2 kusy \u0161ortek<br \/>\nD\u00e9lka svr\u0161k\u016f:Regular<br \/>\nMetody tisku:\u017d\u00e1dn\u00e9<br \/>\nTyp vzoru:Solid<br \/>\nD\u00e9lka ruk\u00e1vu: kr\u00e1tk\u00fd<br \/>\nTyp topu: Top<br \/>\n7 dn\u00ed doba realizace objedn\u00e1vky vzorku: Podpora<br \/>\nVlastnosti: prody\u0161n\u00fd, \u0161etrn\u00fd k \u017eivotn\u00edmu prost\u0159ed\u00ed<br \/>\nD\u00e9lka:nad kolena<br \/>\nTyp dod\u00e1vky: Oem Service<br \/>\nTyp st\u0159ihu:Regular<br \/>\nTechniky: ti\u0161t\u011bn\u00e9<br \/>\nZp\u016fsob tkan\u00ed: pleten\u00e9<br \/>\nL\u00edmec: O-v\u00fdst\u0159ih<br \/>\nStyl: le\u017e\u00e9rn\u00ed<br \/>\nHmotnost l\u00e1tky: 280 gram\u016f<br \/>\nDetekce jehel: Ano<br \/>\n\u010c\u00edslo modelu: M\u00f3dn\u00ed designov\u00e9 sady<br \/>\nM\u00edsto p\u016fvodu: Jiangsu, \u010c\u00edna<br \/>\nN\u00e1zev zna\u010dky: NH<br \/>\nProdejn\u00ed jednotky: Jednotliv\u00e9 polo\u017eky<br \/>\nVelikost jednoho balen\u00ed: 23X13X14 cm<br \/>\nJednotliv\u00e1 celkov\u00e1 hmotnost: 0 600 kg<\/p>\n<p><img decoding=\"async\" class=\"alignnone size-full\" src=\"http:\/\/wxnuohui.com\/wp-content\/uploads\/2025\/09\/detail_pic_0-73.jpg\" width=\"790\" alt=\"\"\/><\/p>\n<p><img decoding=\"async\" class=\"alignnone size-full\" src=\"http:\/\/wxnuohui.com\/wp-content\/uploads\/2025\/09\/detail_pic_1-89.jpg\" width=\"790\" alt=\"\"\/><\/p>\n<p><img decoding=\"async\" class=\"alignnone size-full\" src=\"http:\/\/wxnuohui.com\/wp-content\/uploads\/2025\/09\/detail_pic_2-94.jpg\" width=\"790\" alt=\"\"\/><\/p>\n<p><img decoding=\"async\" class=\"alignnone size-full\" src=\"http:\/\/wxnuohui.com\/wp-content\/uploads\/2025\/09\/detail_pic_3-129.jpg\" width=\"790\" alt=\"\"\/><\/p>\n<p><img decoding=\"async\" class=\"alignnone size-full\" src=\"http:\/\/wxnuohui.com\/wp-content\/uploads\/2025\/09\/detail_pic_4-120.jpg\" width=\"790\" alt=\"\"\/><\/p>\n<p><img decoding=\"async\" class=\"alignnone size-full\" src=\"http:\/\/wxnuohui.com\/wp-content\/uploads\/2025\/09\/detail_pic_5-163.jpg\" width=\"790\" alt=\"\"\/><\/p>\n<p><img decoding=\"async\" class=\"alignnone size-full\" src=\"http:\/\/wxnuohui.com\/wp-content\/uploads\/2025\/09\/detail_pic_6-91.png\" width=\"790\" alt=\"\"\/><\/p>\n<p><img decoding=\"async\" class=\"alignnone size-full\" src=\"http:\/\/wxnuohui.com\/wp-content\/uploads\/2025\/09\/detail_pic_7-111.png\" width=\"790\" alt=\"\"\/><\/p>\n<p><img decoding=\"async\" class=\"alignnone size-full\" src=\"http:\/\/wxnuohui.com\/wp-content\/uploads\/2025\/09\/detail_pic_8-85.png\" width=\"790\" alt=\"\"\/><\/p>\n<p><img decoding=\"async\" class=\"alignnone size-full\" src=\"http:\/\/wxnuohui.com\/wp-content\/uploads\/2025\/09\/detail_pic_9-124.jpg\" width=\"790\" alt=\"\"\/><\/p>\n<p><img decoding=\"async\" class=\"alignnone size-full\" src=\"http:\/\/wxnuohui.com\/wp-content\/uploads\/2025\/09\/detail_pic_10-188.jpg\" width=\"790\" alt=\"\"\/><\/p>\n<p><img decoding=\"async\" class=\"alignnone size-full\" src=\"http:\/\/wxnuohui.com\/wp-content\/uploads\/2025\/09\/detail_pic_11-185.jpg\" width=\"790\" alt=\"\"\/><\/p>\n<p><img decoding=\"async\" class=\"alignnone size-full\" src=\"http:\/\/wxnuohui.com\/wp-content\/uploads\/2025\/09\/detail_pic_12-183.jpg\" width=\"790\" alt=\"\"\/><\/p>\n<p><img decoding=\"async\" class=\"alignnone size-full\" src=\"http:\/\/wxnuohui.com\/wp-content\/uploads\/2025\/09\/detail_pic_13-6.png\" width=\"790\" alt=\"\"\/><\/p>\n<p><img decoding=\"async\" class=\"alignnone size-full\" src=\"http:\/\/wxnuohui.com\/wp-content\/uploads\/2025\/09\/detail_pic_14-168.jpg\" width=\"790\" alt=\"\"\/><\/p>\n<p><img decoding=\"async\" class=\"alignnone size-full\" src=\"http:\/\/wxnuohui.com\/wp-content\/uploads\/2025\/09\/detail_pic_15-178.jpg\" width=\"790\" alt=\"\"\/><\/p>\n<p><img decoding=\"async\" class=\"alignnone size-full\" src=\"http:\/\/wxnuohui.com\/wp-content\/uploads\/2025\/09\/detail_pic_16-133.jpg\" width=\"790\" alt=\"\"\/><\/p>","protected":false},"excerpt":{"rendered":"<p>Nov\u00e9 styly M\u00f3dn\u00ed design OEM Vlastn\u00ed logo tisk Plain Shirt \u0161ortky sady pro \u017eeny<\/p>","protected":false},"featured_media":6952,"template":"","meta":[],"product_brand":[],"product_cat":[22],"product_tag":[],"class_list":{"0":"post-9134","1":"product","2":"type-product","3":"status-publish","4":"has-post-thumbnail","6":"product_cat-women-set","8":"first","9":"outofstock","10":"shipping-taxable","11":"product-type-variable"},"_links":{"self":[{"href":"https:\/\/wxnuohui.com\/cs\/wp-json\/wp\/v2\/product\/9134","targetHints":{"allow":["GET"]}}],"collection":[{"href":"https:\/\/wxnuohui.com\/cs\/wp-json\/wp\/v2\/product"}],"about":[{"href":"https:\/\/wxnuohui.com\/cs\/wp-json\/wp\/v2\/types\/product"}],"wp:featuredmedia":[{"embeddable":true,"href":"https:\/\/wxnuohui.com\/cs\/wp-json\/wp\/v2\/media\/6952"}],"wp:attachment":[{"href":"https:\/\/wxnuohui.com\/cs\/wp-json\/wp\/v2\/media?parent=9134"}],"wp:term":[{"taxonomy":"product_brand","embeddable":true,"href":"https:\/\/wxnuohui.com\/cs\/wp-json\/wp\/v2\/product_brand?post=9134"},{"taxonomy":"product_cat","embeddable":true,"href":"https:\/\/wxnuohui.com\/cs\/wp-json\/wp\/v2\/product_cat?post=9134"},{"taxonomy":"product_tag","embeddable":true,"href":"https:\/\/wxnuohui.com\/cs\/wp-json\/wp\/v2\/product_tag?post=9134"}],"curies":[{"name":"wp","href":"https:\/\/api.w.org\/{rel}","templated":true}]}}