{"id":15511,"date":"2025-09-14T03:12:35","date_gmt":"2025-09-14T03:12:35","guid":{"rendered":"https:\/\/wxnuohui.com\/product\/wholesale-silk-cotton-embroidery-logo-polo-shirts-high-quality-plain-polo-t-shirts-custom-polo-shirts\/"},"modified":"2025-09-14T03:12:36","modified_gmt":"2025-09-14T03:12:36","slug":"wholesale-silk-cotton-embroidery-logo-polo-shirts-high-quality-plain-polo-t-shirts-custom-polo-shirts","status":"publish","type":"product","link":"https:\/\/wxnuohui.com\/cs\/product\/wholesale-silk-cotton-embroidery-logo-polo-shirts-high-quality-plain-polo-t-shirts-custom-polo-shirts\/","title":{"rendered":"Velkoobchod Hedv\u00e1b\u00ed Bavlna V\u00fd\u0161ivka Logo Polo ko\u0161ile Vysoce kvalitn\u00ed prost\u00fd Polo tri\u010dka Vlastn\u00ed Polo ko\u0161ile"},"content":{"rendered":"<p>Typ tkaniny:Jersey<br \/>\nStyl ruk\u00e1vu: Kr\u00e1tk\u00fd ruk\u00e1v<br \/>\nTyp dod\u00e1vky: Oem Service<br \/>\nFunkce: proti vr\u00e1sk\u00e1m<br \/>\nStyl: le\u017e\u00e9rn\u00ed<br \/>\nZp\u016fsob tkan\u00ed: pleten\u00e9<br \/>\nDetekce jehel: Ano<br \/>\nD\u00e9lka:Regular<br \/>\nDesign: Tla\u010d\u00edtko<br \/>\n7 dn\u00ed doba realizace objedn\u00e1vky vzorku: Podpora<br \/>\nTechniky: Barven\u00e9 na hladko<br \/>\nMateri\u00e1l: 100% Bavlna<br \/>\nLogo\/grafick\u00fd design: s\u00edtotisk<br \/>\nUm\u00edst\u011bn\u00ed loga: P\u0159edn\u00ed strana<br \/>\nTyp vzoru:Solid<br \/>\nHmotnost tkaniny: 180 gram\u016f<br \/>\nPohlav\u00ed: Mu\u017ei<br \/>\n\u010c\u00edslo modelu: Polo ko\u0161ile<br \/>\nM\u00edsto p\u016fvodu: Jiangsu, \u010c\u00edna<br \/>\nN\u00e1zev zna\u010dky: NH<br \/>\nProdejn\u00ed jednotky: Jednotliv\u00e9 polo\u017eky<br \/>\nVelikost jednoho balen\u00ed: 18X11X10 cm<br \/>\nJednotliv\u00e1 celkov\u00e1 hmotnost: 0,300 kg<\/p>\n<p><img decoding=\"async\" class=\"alignnone size-full\" src=\"http:\/\/wxnuohui.com\/wp-content\/uploads\/2025\/09\/detail_pic_0-145.png\" width=\"790\" alt=\"\"\/><\/p>\n<p><img decoding=\"async\" class=\"alignnone size-full\" src=\"http:\/\/wxnuohui.com\/wp-content\/uploads\/2025\/09\/detail_pic_1-144.png\" width=\"790\" alt=\"\"\/><\/p>\n<p><img decoding=\"async\" class=\"alignnone size-full\" src=\"http:\/\/wxnuohui.com\/wp-content\/uploads\/2025\/09\/detail_pic_2-138.png\" width=\"790\" alt=\"\"\/><\/p>\n<p><img decoding=\"async\" class=\"alignnone size-full\" src=\"http:\/\/wxnuohui.com\/wp-content\/uploads\/2025\/09\/detail_pic_3-101.png\" width=\"790\" alt=\"\"\/><\/p>\n<p><img decoding=\"async\" class=\"alignnone size-full\" src=\"http:\/\/wxnuohui.com\/wp-content\/uploads\/2025\/09\/detail_pic_4-96.png\" width=\"790\" alt=\"\"\/><\/p>\n<p><img decoding=\"async\" class=\"alignnone size-full\" src=\"http:\/\/wxnuohui.com\/wp-content\/uploads\/2025\/09\/detail_pic_5-436.jpg\" width=\"790\" alt=\"\"\/><\/p>\n<p><img decoding=\"async\" class=\"alignnone size-full\" src=\"http:\/\/wxnuohui.com\/wp-content\/uploads\/2025\/09\/detail_pic_6-349.jpg\" width=\"790\" alt=\"\"\/><\/p>\n<p><img decoding=\"async\" class=\"alignnone size-full\" src=\"http:\/\/wxnuohui.com\/wp-content\/uploads\/2025\/09\/detail_pic_7-271.jpg\" width=\"790\" alt=\"\"\/><\/p>\n<p><img decoding=\"async\" class=\"alignnone size-full\" src=\"http:\/\/wxnuohui.com\/wp-content\/uploads\/2025\/09\/detail_pic_8-250.jpg\" width=\"790\" alt=\"\"\/><\/p>\n<p><img decoding=\"async\" class=\"alignnone size-full\" src=\"http:\/\/wxnuohui.com\/wp-content\/uploads\/2025\/09\/detail_pic_9-236.png\" width=\"790\" alt=\"\"\/><\/p>\n<p><img decoding=\"async\" class=\"alignnone size-full\" src=\"http:\/\/wxnuohui.com\/wp-content\/uploads\/2025\/09\/detail_pic_10-466.jpg\" width=\"790\" alt=\"\"\/><\/p>\n<p><img decoding=\"async\" class=\"alignnone size-full\" src=\"http:\/\/wxnuohui.com\/wp-content\/uploads\/2025\/09\/detail_pic_11-461.jpg\" width=\"790\" alt=\"\"\/><\/p>\n<p><img decoding=\"async\" class=\"alignnone size-full\" src=\"http:\/\/wxnuohui.com\/wp-content\/uploads\/2025\/09\/detail_pic_12-446.jpg\" width=\"790\" alt=\"\"\/><\/p>","protected":false},"excerpt":{"rendered":"<p>Velkoobchod Hedv\u00e1b\u00ed Bavlna V\u00fd\u0161ivka Logo Polo ko\u0161ile Vysoce kvalitn\u00ed prost\u00fd Polo tri\u010dka Vlastn\u00ed Polo ko\u0161ile<\/p>","protected":false},"featured_media":14210,"template":"","meta":[],"product_brand":[],"product_cat":[26],"product_tag":[],"class_list":{"0":"post-15511","1":"product","2":"type-product","3":"status-publish","4":"has-post-thumbnail","6":"product_cat-polo-t-shirt","8":"first","9":"outofstock","10":"shipping-taxable","11":"product-type-variable"},"_links":{"self":[{"href":"https:\/\/wxnuohui.com\/cs\/wp-json\/wp\/v2\/product\/15511","targetHints":{"allow":["GET"]}}],"collection":[{"href":"https:\/\/wxnuohui.com\/cs\/wp-json\/wp\/v2\/product"}],"about":[{"href":"https:\/\/wxnuohui.com\/cs\/wp-json\/wp\/v2\/types\/product"}],"wp:featuredmedia":[{"embeddable":true,"href":"https:\/\/wxnuohui.com\/cs\/wp-json\/wp\/v2\/media\/14210"}],"wp:attachment":[{"href":"https:\/\/wxnuohui.com\/cs\/wp-json\/wp\/v2\/media?parent=15511"}],"wp:term":[{"taxonomy":"product_brand","embeddable":true,"href":"https:\/\/wxnuohui.com\/cs\/wp-json\/wp\/v2\/product_brand?post=15511"},{"taxonomy":"product_cat","embeddable":true,"href":"https:\/\/wxnuohui.com\/cs\/wp-json\/wp\/v2\/product_cat?post=15511"},{"taxonomy":"product_tag","embeddable":true,"href":"https:\/\/wxnuohui.com\/cs\/wp-json\/wp\/v2\/product_tag?post=15511"}],"curies":[{"name":"wp","href":"https:\/\/api.w.org\/{rel}","templated":true}]}}