{"id":15504,"date":"2025-09-14T03:12:29","date_gmt":"2025-09-14T03:12:29","guid":{"rendered":"https:\/\/wxnuohui.com\/product\/wholesale-mens-t-shirt-polo-cotton-customized-logo-printing-polo-shirts-for-men\/"},"modified":"2025-09-14T03:12:29","modified_gmt":"2025-09-14T03:12:29","slug":"wholesale-mens-t-shirt-polo-cotton-customized-logo-printing-polo-shirts-for-men","status":"publish","type":"product","link":"https:\/\/wxnuohui.com\/cs\/product\/wholesale-mens-t-shirt-polo-cotton-customized-logo-printing-polo-shirts-for-men\/","title":{"rendered":"Velkoobchod P\u00e1nsk\u00e9 tri\u010dko Polo bavlna p\u0159izp\u016fsoben\u00e9 Logo tisk Polo ko\u0161ile pro mu\u017ee"},"content":{"rendered":"<p>Typ tkaniny:Jersey<br \/>\nStyl ruk\u00e1vu: Kr\u00e1tk\u00fd ruk\u00e1v<br \/>\nTyp dod\u00e1vky: Oem Service<br \/>\nFunkce: proti vr\u00e1sk\u00e1m<br \/>\nStyl: le\u017e\u00e9rn\u00ed<br \/>\nZp\u016fsob tkan\u00ed: pleten\u00e9<br \/>\nDetekce jehel: Ano<br \/>\nD\u00e9lka:Regular<br \/>\nDesign: Tla\u010d\u00edtko<br \/>\n7 dn\u00ed doba realizace objedn\u00e1vky vzorku: Podpora<br \/>\nTechniky: Barven\u00e9 na hladko<br \/>\nMateri\u00e1l: Polyester \/ bavlna<br \/>\nLogo\/grafick\u00fd design: s\u00edtotisk<br \/>\nUm\u00edst\u011bn\u00ed loga: P\u0159edn\u00ed strana<br \/>\nTyp vzoru:Solid<br \/>\nHmotnost tkaniny: 180 gram\u016f<br \/>\nPohlav\u00ed: Mu\u017ei<br \/>\n\u010c\u00edslo modelu: Polo tri\u010dko p\u00e1nsk\u00e9<br \/>\nM\u00edsto p\u016fvodu: \u010c\u00edna<br \/>\nN\u00e1zev zna\u010dky: NH<br \/>\nProdejn\u00ed jednotky: Jednotliv\u00e9 polo\u017eky<br \/>\nVelikost jednoho balen\u00ed: 18X10X11 cm<br \/>\nJednotliv\u00e1 celkov\u00e1 hmotnost: 0,300 kg<\/p>\n<p><img decoding=\"async\" class=\"alignnone size-full\" src=\"http:\/\/wxnuohui.com\/wp-content\/uploads\/2025\/09\/detail_pic_0-140.png\" width=\"790\" alt=\"\"\/><\/p>\n<p><img decoding=\"async\" class=\"alignnone size-full\" src=\"http:\/\/wxnuohui.com\/wp-content\/uploads\/2025\/09\/detail_pic_1-137.png\" width=\"790\" alt=\"\"\/><\/p>\n<p><img decoding=\"async\" class=\"alignnone size-full\" src=\"http:\/\/wxnuohui.com\/wp-content\/uploads\/2025\/09\/detail_pic_2-131.png\" width=\"790\" alt=\"\"\/><\/p>\n<p><img decoding=\"async\" class=\"alignnone size-full\" src=\"http:\/\/wxnuohui.com\/wp-content\/uploads\/2025\/09\/detail_pic_3-94.png\" width=\"790\" alt=\"\"\/><\/p>\n<p><img decoding=\"async\" class=\"alignnone size-full\" src=\"http:\/\/wxnuohui.com\/wp-content\/uploads\/2025\/09\/detail_pic_4-90.png\" width=\"790\" alt=\"\"\/><\/p>\n<p><img decoding=\"async\" class=\"alignnone size-full\" src=\"http:\/\/wxnuohui.com\/wp-content\/uploads\/2025\/09\/detail_pic_5-429.jpg\" width=\"790\" alt=\"\"\/><\/p>\n<p><img decoding=\"async\" class=\"alignnone size-full\" src=\"http:\/\/wxnuohui.com\/wp-content\/uploads\/2025\/09\/detail_pic_6-342.jpg\" width=\"790\" alt=\"\"\/><\/p>\n<p><img decoding=\"async\" class=\"alignnone size-full\" src=\"http:\/\/wxnuohui.com\/wp-content\/uploads\/2025\/09\/detail_pic_7-264.jpg\" width=\"790\" alt=\"\"\/><\/p>\n<p><img decoding=\"async\" class=\"alignnone size-full\" src=\"http:\/\/wxnuohui.com\/wp-content\/uploads\/2025\/09\/detail_pic_8-244.jpg\" width=\"790\" alt=\"\"\/><\/p>\n<p><img decoding=\"async\" class=\"alignnone size-full\" src=\"http:\/\/wxnuohui.com\/wp-content\/uploads\/2025\/09\/detail_pic_9-230.png\" width=\"790\" alt=\"\"\/><\/p>\n<p><img decoding=\"async\" class=\"alignnone size-full\" src=\"http:\/\/wxnuohui.com\/wp-content\/uploads\/2025\/09\/detail_pic_10-459.jpg\" width=\"790\" alt=\"\"\/><\/p>\n<p><img decoding=\"async\" class=\"alignnone size-full\" src=\"http:\/\/wxnuohui.com\/wp-content\/uploads\/2025\/09\/detail_pic_11-454.jpg\" width=\"790\" alt=\"\"\/><\/p>\n<p><img decoding=\"async\" class=\"alignnone size-full\" src=\"http:\/\/wxnuohui.com\/wp-content\/uploads\/2025\/09\/detail_pic_12-440.jpg\" width=\"790\" alt=\"\"\/><\/p>","protected":false},"excerpt":{"rendered":"<p>Velkoobchod P\u00e1nsk\u00e9 tri\u010dko Polo bavlna p\u0159izp\u016fsoben\u00e9 Logo tisk Polo ko\u0161ile pro mu\u017ee<\/p>","protected":false},"featured_media":14071,"template":"","meta":[],"product_brand":[],"product_cat":[26],"product_tag":[],"class_list":{"0":"post-15504","1":"product","2":"type-product","3":"status-publish","4":"has-post-thumbnail","6":"product_cat-polo-t-shirt","8":"first","9":"outofstock","10":"shipping-taxable","11":"product-type-variable"},"_links":{"self":[{"href":"https:\/\/wxnuohui.com\/cs\/wp-json\/wp\/v2\/product\/15504","targetHints":{"allow":["GET"]}}],"collection":[{"href":"https:\/\/wxnuohui.com\/cs\/wp-json\/wp\/v2\/product"}],"about":[{"href":"https:\/\/wxnuohui.com\/cs\/wp-json\/wp\/v2\/types\/product"}],"wp:featuredmedia":[{"embeddable":true,"href":"https:\/\/wxnuohui.com\/cs\/wp-json\/wp\/v2\/media\/14071"}],"wp:attachment":[{"href":"https:\/\/wxnuohui.com\/cs\/wp-json\/wp\/v2\/media?parent=15504"}],"wp:term":[{"taxonomy":"product_brand","embeddable":true,"href":"https:\/\/wxnuohui.com\/cs\/wp-json\/wp\/v2\/product_brand?post=15504"},{"taxonomy":"product_cat","embeddable":true,"href":"https:\/\/wxnuohui.com\/cs\/wp-json\/wp\/v2\/product_cat?post=15504"},{"taxonomy":"product_tag","embeddable":true,"href":"https:\/\/wxnuohui.com\/cs\/wp-json\/wp\/v2\/product_tag?post=15504"}],"curies":[{"name":"wp","href":"https:\/\/api.w.org\/{rel}","templated":true}]}}