{"id":13871,"date":"2025-09-13T13:50:24","date_gmt":"2025-09-13T13:50:24","guid":{"rendered":"https:\/\/wxnuohui.com\/product\/wholesale-custom-logo-blank-fitness-sports-hooded-mens-zipper-tracksuit-sweatsuit-set\/"},"modified":"2025-09-13T13:50:25","modified_gmt":"2025-09-13T13:50:25","slug":"wholesale-custom-logo-blank-fitness-sports-hooded-mens-zipper-tracksuit-sweatsuit-set","status":"publish","type":"product","link":"https:\/\/wxnuohui.com\/cs\/product\/wholesale-custom-logo-blank-fitness-sports-hooded-mens-zipper-tracksuit-sweatsuit-set\/","title":{"rendered":"Velkoobchod Vlastn\u00ed logo Pr\u00e1zdn\u00e9 fitness sportovn\u00ed s kapuc\u00ed P\u00e1nsk\u00e9 zipov\u00e9 tepl\u00e1kov\u00e9 soupravy"},"content":{"rendered":"<p>Vlastnosti: Prody\u0161n\u00fd, ekologick\u00fd, v\u011btruodoln\u00fd, antistatick\u00fd<br \/>\nV\u011bkov\u00e1 skupina: Dosp\u011bl\u00ed<br \/>\nRo\u010dn\u00ed obdob\u00ed:Podzim<br \/>\nD\u00e9lka: po cel\u00e9 d\u00e9lce<br \/>\nD\u00e9lka ruk\u00e1vu (cm): pln\u00fd<br \/>\nMetody tisku: s\u00edtotisk<br \/>\nTyp st\u0159ihu:Regular<br \/>\nTyp uzav\u0159en\u00ed:\u0160\u0148\u016frka<br \/>\nTlou\u0161\u0165ka: st\u0159edn\u00ed hmotnost<br \/>\nStyl:Sady<br \/>\nTyp dod\u00e1vky: Oem Service<br \/>\nMateri\u00e1l: Polyester \/ bavlna<br \/>\n7 dn\u00ed doba realizace objedn\u00e1vky vzorku: Podpora<br \/>\nPohlav\u00ed: Mu\u017ei<br \/>\nTechniky: Ostatn\u00ed<br \/>\nHmotnost tkaniny: 300 gram\u016f<br \/>\nDostupn\u00e9 mno\u017estv\u00ed:5000<br \/>\n\u010c\u00edslo modelu: Tepl\u00e1kov\u00e1 souprava Sweatsuit Set<br \/>\nM\u00edsto p\u016fvodu: Jiangsu, \u010c\u00edna<br \/>\nN\u00e1zev zna\u010dky: HN<br \/>\nN\u00e1zev produktu: P\u00e1nsk\u00e9 tepl\u00e1ky s vlastn\u00edm logem<br \/>\nKl\u00ed\u010dov\u00e1 slova:Tracksuit Sweatsuit Set<br \/>\nSlu\u017eba: 24 hodin online<br \/>\nPlatba: Trade Assurance<br \/>\nTisk: Vlastn\u00ed n\u00e1vrhy Tisk<br \/>\nVzorek: 3-5 dn\u00ed<br \/>\nBalen\u00ed: 1ks\/polybag<br \/>\nDoba dod\u00e1n\u00ed: 7 ~ 15 dn\u00ed<br \/>\n\u0160t\u00edtek a logo: Accpet Customized<br \/>\nDoprava: DHLEMSUPSFEDEXby Seaby Air<br \/>\nProdejn\u00ed jednotky: Jednotliv\u00e9 polo\u017eky<br \/>\nVelikost jednoho balen\u00ed: 23X13X16 cm<br \/>\nJednotliv\u00e1 celkov\u00e1 hmotnost: 0 600 kg<\/p>\n<p><img decoding=\"async\" class=\"alignnone size-full\" src=\"http:\/\/wxnuohui.com\/wp-content\/uploads\/2025\/09\/detail_pic_0-302.jpg\" width=\"790\" alt=\"\"\/><\/p>\n<p><img decoding=\"async\" class=\"alignnone size-full\" src=\"http:\/\/wxnuohui.com\/wp-content\/uploads\/2025\/09\/detail_pic_1-308.jpg\" width=\"790\" alt=\"\"\/><\/p>\n<p><img decoding=\"async\" class=\"alignnone size-full\" src=\"http:\/\/wxnuohui.com\/wp-content\/uploads\/2025\/09\/detail_pic_2-315.jpg\" width=\"790\" alt=\"\"\/><\/p>\n<p><img decoding=\"async\" class=\"alignnone size-full\" src=\"http:\/\/wxnuohui.com\/wp-content\/uploads\/2025\/09\/detail_pic_3-350.jpg\" width=\"790\" alt=\"\"\/><\/p>\n<p><img decoding=\"async\" class=\"alignnone size-full\" src=\"http:\/\/wxnuohui.com\/wp-content\/uploads\/2025\/09\/detail_pic_4-353.jpg\" width=\"790\" alt=\"\"\/><\/p>\n<p><img decoding=\"async\" class=\"alignnone size-full\" src=\"http:\/\/wxnuohui.com\/wp-content\/uploads\/2025\/09\/detail_pic_5-403.jpg\" width=\"790\" alt=\"\"\/><\/p>\n<p><img decoding=\"async\" class=\"alignnone size-full\" src=\"http:\/\/wxnuohui.com\/wp-content\/uploads\/2025\/09\/detail_pic_6-314.jpg\" width=\"790\" alt=\"\"\/><\/p>\n<p><img decoding=\"async\" class=\"alignnone size-full\" src=\"http:\/\/wxnuohui.com\/wp-content\/uploads\/2025\/09\/detail_pic_7-238.jpg\" width=\"790\" alt=\"\"\/><\/p>\n<p><img decoding=\"async\" class=\"alignnone size-full\" src=\"http:\/\/wxnuohui.com\/wp-content\/uploads\/2025\/09\/detail_pic_8-224.jpg\" width=\"790\" alt=\"\"\/><\/p>\n<p><img decoding=\"async\" class=\"alignnone size-full\" src=\"http:\/\/wxnuohui.com\/wp-content\/uploads\/2025\/09\/detail_pic_9-232.jpg\" width=\"790\" alt=\"\"\/><\/p>\n<p><img decoding=\"async\" class=\"alignnone size-full\" src=\"http:\/\/wxnuohui.com\/wp-content\/uploads\/2025\/09\/detail_pic_10-431.jpg\" width=\"790\" alt=\"\"\/><\/p>\n<p><img decoding=\"async\" class=\"alignnone size-full\" src=\"http:\/\/wxnuohui.com\/wp-content\/uploads\/2025\/09\/detail_pic_11-425.jpg\" width=\"790\" alt=\"\"\/><\/p>\n<p><img decoding=\"async\" class=\"alignnone size-full\" src=\"http:\/\/wxnuohui.com\/wp-content\/uploads\/2025\/09\/detail_pic_12-15.png\" width=\"790\" alt=\"\"\/><\/p>\n<p><img decoding=\"async\" class=\"alignnone size-full\" src=\"http:\/\/wxnuohui.com\/wp-content\/uploads\/2025\/09\/detail_pic_13-389.jpg\" width=\"790\" alt=\"\"\/><\/p>\n<p><img decoding=\"async\" class=\"alignnone size-full\" src=\"http:\/\/wxnuohui.com\/wp-content\/uploads\/2025\/09\/detail_pic_14-218.jpg\" width=\"790\" alt=\"\"\/><\/p>\n<p><img decoding=\"async\" class=\"alignnone size-full\" src=\"http:\/\/wxnuohui.com\/wp-content\/uploads\/2025\/09\/detail_pic_15-384.jpg\" width=\"790\" alt=\"\"\/><\/p>","protected":false},"excerpt":{"rendered":"<p>Velkoobchod Vlastn\u00ed logo Pr\u00e1zdn\u00e9 fitness sportovn\u00ed s kapuc\u00ed P\u00e1nsk\u00e9 zipov\u00e9 tepl\u00e1kov\u00e9 soupravy<\/p>","protected":false},"featured_media":13345,"template":"","meta":[],"product_brand":[],"product_cat":[25],"product_tag":[],"class_list":{"0":"post-13871","1":"product","2":"type-product","3":"status-publish","4":"has-post-thumbnail","6":"product_cat-jogging-suits-tracksuits","8":"first","9":"outofstock","10":"shipping-taxable","11":"product-type-variable"},"_links":{"self":[{"href":"https:\/\/wxnuohui.com\/cs\/wp-json\/wp\/v2\/product\/13871","targetHints":{"allow":["GET"]}}],"collection":[{"href":"https:\/\/wxnuohui.com\/cs\/wp-json\/wp\/v2\/product"}],"about":[{"href":"https:\/\/wxnuohui.com\/cs\/wp-json\/wp\/v2\/types\/product"}],"wp:featuredmedia":[{"embeddable":true,"href":"https:\/\/wxnuohui.com\/cs\/wp-json\/wp\/v2\/media\/13345"}],"wp:attachment":[{"href":"https:\/\/wxnuohui.com\/cs\/wp-json\/wp\/v2\/media?parent=13871"}],"wp:term":[{"taxonomy":"product_brand","embeddable":true,"href":"https:\/\/wxnuohui.com\/cs\/wp-json\/wp\/v2\/product_brand?post=13871"},{"taxonomy":"product_cat","embeddable":true,"href":"https:\/\/wxnuohui.com\/cs\/wp-json\/wp\/v2\/product_cat?post=13871"},{"taxonomy":"product_tag","embeddable":true,"href":"https:\/\/wxnuohui.com\/cs\/wp-json\/wp\/v2\/product_tag?post=13871"}],"curies":[{"name":"wp","href":"https:\/\/api.w.org\/{rel}","templated":true}]}}