{"id":13866,"date":"2025-09-13T13:50:20","date_gmt":"2025-09-13T13:50:20","guid":{"rendered":"https:\/\/wxnuohui.com\/product\/high-quality-cotton-plain-slim-fit-sport-hoodie-clothing-exercise-eco-friendly-men-running-tracksuit\/"},"modified":"2025-09-13T13:50:21","modified_gmt":"2025-09-13T13:50:21","slug":"high-quality-cotton-plain-slim-fit-sport-hoodie-clothing-exercise-eco-friendly-men-running-tracksuit","status":"publish","type":"product","link":"https:\/\/wxnuohui.com\/cs\/product\/high-quality-cotton-plain-slim-fit-sport-hoodie-clothing-exercise-eco-friendly-men-running-tracksuit\/","title":{"rendered":"Vysoce kvalitn\u00ed bavln\u011bn\u00e9 prost\u00e9 Slim Fit sportovn\u00ed mikina s kapuc\u00ed oble\u010den\u00ed Cvi\u010den\u00ed Eco Friendly P\u00e1nsk\u00e1 b\u011b\u017eeck\u00e1 tepl\u00e1kov\u00e1 souprava"},"content":{"rendered":"<p>Materi\u00e1l:65%Cotton35%Polyester<br \/>\nStyl:Sady<br \/>\nVlastnosti: Prody\u0161n\u00fd, ekologick\u00fd, antistatick\u00fd<br \/>\nRo\u010dn\u00ed obdob\u00ed:Podzim<br \/>\nTyp dod\u00e1vky: Oem Service<br \/>\n\u010c\u00edslo modelu: Bavln\u011bn\u00e1 tepl\u00e1kov\u00e1 souprava<br \/>\n7 dn\u00ed doba realizace objedn\u00e1vky vzorku: Podpora<br \/>\nV\u011bkov\u00e1 skupina: Dosp\u011bl\u00ed<br \/>\nPohlav\u00ed: Mu\u017ei<br \/>\nM\u00edsto p\u016fvodu: Jiangsu, \u010c\u00edna<br \/>\nN\u00e1zev zna\u010dky: NH<br \/>\nDostupn\u00e9 mno\u017estv\u00ed:50000<br \/>\nN\u00e1zev produktu:Cvi\u010den\u00ed Eco Friendly P\u00e1nsk\u00e9 b\u011b\u017eeck\u00e9 tepl\u00e1ky<br \/>\nKl\u00ed\u010dov\u00e1 slova:Bavln\u011bn\u00e1 tepl\u00e1kov\u00e1 souprava<br \/>\nSlu\u017eba: 24 hodin online<br \/>\nPlatba: Trade Assurance<br \/>\nTisk: Vlastn\u00ed n\u00e1vrhy Tisk<br \/>\nVzorek: 3-5 dn\u00ed<br \/>\nBalen\u00ed: 1ks\/polybag<br \/>\nDoba dod\u00e1n\u00ed: 7 ~ 15 dn\u00ed<br \/>\n\u0160t\u00edtek a logo: Accpet Customized<br \/>\nDoprava: DHLEMSUPSFEDEXby Seaby Air<br \/>\nPodrobnosti o balen\u00ed:Vysoce kvalitn\u00ed bavlna prost\u00fd Slim Fit sportovn\u00ed mikina s kapuc\u00ed oble\u010den\u00ed Cvi\u010den\u00ed Eco Friendly P\u00e1nsk\u00e1 b\u011b\u017eeck\u00e1 tepl\u00e1kov\u00e1 souprava: Pro vzorek, jeden kus na polyetylenov\u00fd s\u00e1\u010dek. 2. pro hromadnou v\u00fdrobu, na\u0161e pravideln\u00e9 balen\u00ed je Karton. 3.Tak\u00e9 se vztahuj\u00ed na po\u017eadavek z\u00e1kazn\u00edk\u016f.<br \/>\nProdejn\u00ed jednotky: Jednotliv\u00e9 polo\u017eky<br \/>\nVelikost jednoho balen\u00ed: 10X10X3 cm<br \/>\nJednotliv\u00e1 celkov\u00e1 hmotnost: 0 500 kg<br \/>\nP\u0159\u00edklady balen\u00ed:<\/p>\n<p><img decoding=\"async\" class=\"alignnone size-full\" src=\"http:\/\/wxnuohui.com\/wp-content\/uploads\/2025\/09\/detail_pic_0-298.jpg\" width=\"790\" alt=\"\"\/><\/p>\n<p><img decoding=\"async\" class=\"alignnone size-full\" src=\"http:\/\/wxnuohui.com\/wp-content\/uploads\/2025\/09\/detail_pic_1-304.jpg\" width=\"790\" alt=\"\"\/><\/p>\n<p><img decoding=\"async\" class=\"alignnone size-full\" src=\"http:\/\/wxnuohui.com\/wp-content\/uploads\/2025\/09\/detail_pic_2-311.jpg\" width=\"790\" alt=\"\"\/><\/p>\n<p><img decoding=\"async\" class=\"alignnone size-full\" src=\"http:\/\/wxnuohui.com\/wp-content\/uploads\/2025\/09\/detail_pic_3-346.jpg\" width=\"790\" alt=\"\"\/><\/p>\n<p><img decoding=\"async\" class=\"alignnone size-full\" src=\"http:\/\/wxnuohui.com\/wp-content\/uploads\/2025\/09\/detail_pic_4-349.jpg\" width=\"790\" alt=\"\"\/><\/p>\n<p><img decoding=\"async\" class=\"alignnone size-full\" src=\"http:\/\/wxnuohui.com\/wp-content\/uploads\/2025\/09\/detail_pic_5-399.jpg\" width=\"790\" alt=\"\"\/><\/p>\n<p><img decoding=\"async\" class=\"alignnone size-full\" src=\"http:\/\/wxnuohui.com\/wp-content\/uploads\/2025\/09\/detail_pic_6-310.jpg\" width=\"790\" alt=\"\"\/><\/p>\n<p><img decoding=\"async\" class=\"alignnone size-full\" src=\"http:\/\/wxnuohui.com\/wp-content\/uploads\/2025\/09\/detail_pic_7-235.jpg\" width=\"790\" alt=\"\"\/><\/p>","protected":false},"excerpt":{"rendered":"<p>Vysoce kvalitn\u00ed bavln\u011bn\u00e9 prost\u00e9 Slim Fit sportovn\u00ed mikina s kapuc\u00ed oble\u010den\u00ed Cvi\u010den\u00ed Eco Friendly P\u00e1nsk\u00e1 b\u011b\u017eeck\u00e1 tepl\u00e1kov\u00e1 souprava<\/p>","protected":false},"featured_media":13235,"template":"","meta":[],"product_brand":[],"product_cat":[25],"product_tag":[],"class_list":{"0":"post-13866","1":"product","2":"type-product","3":"status-publish","4":"has-post-thumbnail","6":"product_cat-jogging-suits-tracksuits","8":"first","9":"outofstock","10":"shipping-taxable","11":"product-type-variable"},"_links":{"self":[{"href":"https:\/\/wxnuohui.com\/cs\/wp-json\/wp\/v2\/product\/13866","targetHints":{"allow":["GET"]}}],"collection":[{"href":"https:\/\/wxnuohui.com\/cs\/wp-json\/wp\/v2\/product"}],"about":[{"href":"https:\/\/wxnuohui.com\/cs\/wp-json\/wp\/v2\/types\/product"}],"wp:featuredmedia":[{"embeddable":true,"href":"https:\/\/wxnuohui.com\/cs\/wp-json\/wp\/v2\/media\/13235"}],"wp:attachment":[{"href":"https:\/\/wxnuohui.com\/cs\/wp-json\/wp\/v2\/media?parent=13866"}],"wp:term":[{"taxonomy":"product_brand","embeddable":true,"href":"https:\/\/wxnuohui.com\/cs\/wp-json\/wp\/v2\/product_brand?post=13866"},{"taxonomy":"product_cat","embeddable":true,"href":"https:\/\/wxnuohui.com\/cs\/wp-json\/wp\/v2\/product_cat?post=13866"},{"taxonomy":"product_tag","embeddable":true,"href":"https:\/\/wxnuohui.com\/cs\/wp-json\/wp\/v2\/product_tag?post=13866"}],"curies":[{"name":"wp","href":"https:\/\/api.w.org\/{rel}","templated":true}]}}