{"id":13861,"date":"2025-09-13T13:50:16","date_gmt":"2025-09-13T13:50:16","guid":{"rendered":"https:\/\/wxnuohui.com\/product\/new-long-sleeve-active-jogger-suit-training-sweatsuit-women-fitted-velour-hooded-velvet-tracksuit\/"},"modified":"2025-09-13T13:50:17","modified_gmt":"2025-09-13T13:50:17","slug":"new-long-sleeve-active-jogger-suit-training-sweatsuit-women-fitted-velour-hooded-velvet-tracksuit","status":"publish","type":"product","link":"https:\/\/wxnuohui.com\/cs\/product\/new-long-sleeve-active-jogger-suit-training-sweatsuit-women-fitted-velour-hooded-velvet-tracksuit\/","title":{"rendered":"Nov\u00fd dlouh\u00fd ruk\u00e1v aktivn\u00ed Jogger oblek \u0161kolen\u00ed tepl\u00e1kov\u00e1 souprava \u017eeny Fitted Velour s kapuc\u00ed Velvet Tracksuit"},"content":{"rendered":"<p>Materi\u00e1l: samet<br \/>\nStyl:Sady<br \/>\nVlastnosti: prody\u0161n\u00fd, \u0161etrn\u00fd k \u017eivotn\u00edmu prost\u0159ed\u00ed<br \/>\nRo\u010dn\u00ed obdob\u00ed:Podzim<br \/>\nTyp dod\u00e1vky: Skladov\u00e9 polo\u017eky<br \/>\n\u010c\u00edslo modelu: D\u00e1msk\u00e1 sametov\u00e1 tepl\u00e1kov\u00e1 souprava<br \/>\n7 dn\u00ed doba realizace objedn\u00e1vky vzorku: Podpora<br \/>\nV\u011bkov\u00e1 skupina: Dosp\u011bl\u00ed<br \/>\nPohlav\u00ed: \u017eeny<br \/>\nM\u00edsto p\u016fvodu: Jiangsu, \u010c\u00edna<br \/>\nN\u00e1zev zna\u010dky: HN<br \/>\nDostupn\u00e9 mno\u017estv\u00ed:5000<br \/>\nN\u00e1zev produktu:D\u00e1msk\u00e1 sametov\u00e1 tepl\u00e1kov\u00e1 souprava s kapuc\u00ed z veluru<br \/>\nKl\u00ed\u010dov\u00e1 slova:Women Velvet Tracksuit<br \/>\nSlu\u017eba: 24 hodin online<br \/>\nPlatba: Trade Assurance<br \/>\nTisk: Vlastn\u00ed n\u00e1vrhy Tisk<br \/>\nVzorek: 3-5 dn\u00ed<br \/>\nBalen\u00ed: 1ks\/polybag<br \/>\nDoba dod\u00e1n\u00ed: 7 ~ 15 dn\u00ed<br \/>\n\u0160t\u00edtek a logo: Accpet Customized<br \/>\nDoprava: DHLEMSUPSFEDEXby Seaby Air<br \/>\nPodrobnosti o balen\u00ed:Velkoobchodn\u00ed prost\u00fd d\u00e1msk\u00fd slim fit b\u011bh nosit t\u011blocvi\u010dna zip Hoodie Velour Tracksuit: Pro vzorek, jeden kus na polyetylenov\u00fd s\u00e1\u010dek. 2. pro hromadnou v\u00fdrobu, na\u0161e pravideln\u00e9 balen\u00ed je Karton. 3.Tak\u00e9 se vztahuj\u00ed na po\u017eadavek z\u00e1kazn\u00edk\u016f.<br \/>\nP\u0159\u00edstav odesl\u00e1n\u00ed: \u0160anghaj<br \/>\nProdejn\u00ed jednotky: Jednotliv\u00e9 polo\u017eky<br \/>\nVelikost jednoho balen\u00ed: 20X20X5 cm<br \/>\nJednotliv\u00e1 celkov\u00e1 hmotnost: 0 500 kg<br \/>\nP\u0159\u00edklady balen\u00ed:<br \/>\nSchopnost dod\u00e1vky: 5000 kus\u016f za m\u011bs\u00edc Velour Tracksuit<\/p>\n<p><img decoding=\"async\" class=\"alignnone size-full\" src=\"http:\/\/wxnuohui.com\/wp-content\/uploads\/2025\/09\/detail_pic_0-293.jpg\" width=\"790\" alt=\"\"\/><\/p>\n<p><img decoding=\"async\" class=\"alignnone size-full\" src=\"http:\/\/wxnuohui.com\/wp-content\/uploads\/2025\/09\/detail_pic_1-299.jpg\" width=\"790\" alt=\"\"\/><\/p>\n<p><img decoding=\"async\" class=\"alignnone size-full\" src=\"http:\/\/wxnuohui.com\/wp-content\/uploads\/2025\/09\/detail_pic_2-306.jpg\" width=\"790\" alt=\"\"\/><\/p>","protected":false},"excerpt":{"rendered":"<p>Nov\u00fd dlouh\u00fd ruk\u00e1v aktivn\u00ed Jogger oblek \u0161kolen\u00ed tepl\u00e1kov\u00e1 souprava \u017eeny Fitted Velour s kapuc\u00ed Velvet Tracksuit<\/p>","protected":false},"featured_media":13130,"template":"","meta":[],"product_brand":[],"product_cat":[25],"product_tag":[],"class_list":{"0":"post-13861","1":"product","2":"type-product","3":"status-publish","4":"has-post-thumbnail","6":"product_cat-jogging-suits-tracksuits","8":"first","9":"outofstock","10":"shipping-taxable","11":"product-type-variable"},"_links":{"self":[{"href":"https:\/\/wxnuohui.com\/cs\/wp-json\/wp\/v2\/product\/13861","targetHints":{"allow":["GET"]}}],"collection":[{"href":"https:\/\/wxnuohui.com\/cs\/wp-json\/wp\/v2\/product"}],"about":[{"href":"https:\/\/wxnuohui.com\/cs\/wp-json\/wp\/v2\/types\/product"}],"wp:featuredmedia":[{"embeddable":true,"href":"https:\/\/wxnuohui.com\/cs\/wp-json\/wp\/v2\/media\/13130"}],"wp:attachment":[{"href":"https:\/\/wxnuohui.com\/cs\/wp-json\/wp\/v2\/media?parent=13861"}],"wp:term":[{"taxonomy":"product_brand","embeddable":true,"href":"https:\/\/wxnuohui.com\/cs\/wp-json\/wp\/v2\/product_brand?post=13861"},{"taxonomy":"product_cat","embeddable":true,"href":"https:\/\/wxnuohui.com\/cs\/wp-json\/wp\/v2\/product_cat?post=13861"},{"taxonomy":"product_tag","embeddable":true,"href":"https:\/\/wxnuohui.com\/cs\/wp-json\/wp\/v2\/product_tag?post=13861"}],"curies":[{"name":"wp","href":"https:\/\/api.w.org\/{rel}","templated":true}]}}