{"id":13852,"date":"2025-09-13T13:50:09","date_gmt":"2025-09-13T13:50:09","guid":{"rendered":"https:\/\/wxnuohui.com\/product\/private-sweatsuit-dropshipping-custom-logo-polyester-long-sleeve-zip-up-hoodie-pants-2-piece-set-jogging-suit-mens-track-suits\/"},"modified":"2025-09-13T13:50:09","modified_gmt":"2025-09-13T13:50:09","slug":"private-sweatsuit-dropshipping-custom-logo-polyester-long-sleeve-zip-up-hoodie-pants-2-piece-set-jogging-suit-mens-track-suits","status":"publish","type":"product","link":"https:\/\/wxnuohui.com\/cs\/product\/private-sweatsuit-dropshipping-custom-logo-polyester-long-sleeve-zip-up-hoodie-pants-2-piece-set-jogging-suit-mens-track-suits\/","title":{"rendered":"Soukrom\u00e1 tepl\u00e1kov\u00e1 souprava Dropshipping Vlastn\u00ed logo Polyester s dlouh\u00fdm ruk\u00e1vem Zip up Hoodie kalhoty 2 kusy Set Jogging Suit P\u00e1nsk\u00e9 tepl\u00e1kov\u00e9 soupravy"},"content":{"rendered":"<p>Vlastnosti: Prody\u0161n\u00fd, ekologick\u00fd, v\u011btruodoln\u00fd, antistatick\u00fd<br \/>\nV\u011bkov\u00e1 skupina: Dosp\u011bl\u00ed<br \/>\nRo\u010dn\u00ed obdob\u00ed:Podzim<br \/>\nD\u00e9lka: po cel\u00e9 d\u00e9lce<br \/>\nD\u00e9lka ruk\u00e1vu (cm): pln\u00fd<br \/>\nMetody tisku:\u017d\u00e1dn\u00e9<br \/>\nTyp st\u0159ihu:Regular<br \/>\nTyp uzav\u0159en\u00ed:\u0160\u0148\u016frka<br \/>\nTlou\u0161\u0165ka: st\u0159edn\u00ed hmotnost<br \/>\nStyl:Sady<br \/>\nTyp dod\u00e1vky: Oem Service<br \/>\nMateri\u00e1l:100%polyester<br \/>\n7 dn\u00ed doba realizace objedn\u00e1vky vzorku: Podpora<br \/>\nPohlav\u00ed: Mu\u017ei<br \/>\nTechnika:\u017d\u00e1dn\u00e1<br \/>\nHmotnost tkaniny: 300 gram\u016f<br \/>\nDostupn\u00e9 mno\u017estv\u00ed:5000<br \/>\n\u010c\u00edslo modelu: P\u00e1nsk\u00e9 tepl\u00e1kov\u00e9 soupravy<br \/>\nM\u00edsto p\u016fvodu: Jiangsu, \u010c\u00edna<br \/>\nN\u00e1zev zna\u010dky: HN-544985419126<br \/>\nN\u00e1zev produktu:2 Piece Set Jogging Suit<br \/>\nKl\u00ed\u010dov\u00e1 slova:P\u00e1nsk\u00e1 tepl\u00e1kov\u00e1 souprava<br \/>\nSlu\u017eba: 24 hodin online<br \/>\nPlatba: Trade Assurance<br \/>\nTisk: Vlastn\u00ed n\u00e1vrhy Tisk<br \/>\nVzorek: 3-5 dn\u00ed<br \/>\nBalen\u00ed: 1ks\/polybag<br \/>\nDoba dod\u00e1n\u00ed: 7 ~ 15 dn\u00ed<br \/>\n\u0160t\u00edtek a logo: Accpet Customized<br \/>\nDoprava: DHLEMSUPSFEDEXby Seaby Air<br \/>\nProdejn\u00ed jednotky: Jednotliv\u00e9 polo\u017eky<br \/>\nVelikost jednoho balen\u00ed: 23X13X16 cm<br \/>\nJednotliv\u00e1 celkov\u00e1 hmotnost: 0 700 kg<\/p>\n<p><img decoding=\"async\" class=\"alignnone size-full\" src=\"http:\/\/wxnuohui.com\/wp-content\/uploads\/2025\/09\/detail_pic_0-287.jpg\" width=\"790\" alt=\"\"\/><\/p>\n<p><img decoding=\"async\" class=\"alignnone size-full\" src=\"http:\/\/wxnuohui.com\/wp-content\/uploads\/2025\/09\/detail_pic_1-293.jpg\" width=\"790\" alt=\"\"\/><\/p>\n<p><img decoding=\"async\" class=\"alignnone size-full\" src=\"http:\/\/wxnuohui.com\/wp-content\/uploads\/2025\/09\/detail_pic_2-300.jpg\" width=\"790\" alt=\"\"\/><\/p>\n<p><img decoding=\"async\" class=\"alignnone size-full\" src=\"http:\/\/wxnuohui.com\/wp-content\/uploads\/2025\/09\/detail_pic_3-335.jpg\" width=\"790\" alt=\"\"\/><\/p>\n<p><img decoding=\"async\" class=\"alignnone size-full\" src=\"http:\/\/wxnuohui.com\/wp-content\/uploads\/2025\/09\/detail_pic_4-338.jpg\" width=\"790\" alt=\"\"\/><\/p>\n<p><img decoding=\"async\" class=\"alignnone size-full\" src=\"http:\/\/wxnuohui.com\/wp-content\/uploads\/2025\/09\/detail_pic_5-388.jpg\" width=\"790\" alt=\"\"\/><\/p>\n<p><img decoding=\"async\" class=\"alignnone size-full\" src=\"http:\/\/wxnuohui.com\/wp-content\/uploads\/2025\/09\/detail_pic_6-299.jpg\" width=\"790\" alt=\"\"\/><\/p>\n<p><img decoding=\"async\" class=\"alignnone size-full\" src=\"http:\/\/wxnuohui.com\/wp-content\/uploads\/2025\/09\/detail_pic_7-227.jpg\" width=\"790\" alt=\"\"\/><\/p>\n<p><img decoding=\"async\" class=\"alignnone size-full\" src=\"http:\/\/wxnuohui.com\/wp-content\/uploads\/2025\/09\/detail_pic_8-206.png\" width=\"790\" alt=\"\"\/><\/p>\n<p><img decoding=\"async\" class=\"alignnone size-full\" src=\"http:\/\/wxnuohui.com\/wp-content\/uploads\/2025\/09\/detail_pic_9-196.png\" width=\"790\" alt=\"\"\/><\/p>\n<p><img decoding=\"async\" class=\"alignnone size-full\" src=\"http:\/\/wxnuohui.com\/wp-content\/uploads\/2025\/09\/detail_pic_10-414.jpg\" width=\"790\" alt=\"\"\/><\/p>\n<p><img decoding=\"async\" class=\"alignnone size-full\" src=\"http:\/\/wxnuohui.com\/wp-content\/uploads\/2025\/09\/detail_pic_11-412.jpg\" width=\"790\" alt=\"\"\/><\/p>\n<p><img decoding=\"async\" class=\"alignnone size-full\" src=\"http:\/\/wxnuohui.com\/wp-content\/uploads\/2025\/09\/detail_pic_12-398.jpg\" width=\"790\" alt=\"\"\/><\/p>\n<p><img decoding=\"async\" class=\"alignnone size-full\" src=\"http:\/\/wxnuohui.com\/wp-content\/uploads\/2025\/09\/detail_pic_13-373.jpg\" width=\"790\" alt=\"\"\/><\/p>\n<p><img decoding=\"async\" class=\"alignnone size-full\" src=\"http:\/\/wxnuohui.com\/wp-content\/uploads\/2025\/09\/detail_pic_14-177.png\" width=\"790\" alt=\"\"\/><\/p>\n<p><img decoding=\"async\" class=\"alignnone size-full\" src=\"http:\/\/wxnuohui.com\/wp-content\/uploads\/2025\/09\/detail_pic_15-371.jpg\" width=\"790\" alt=\"\"\/><\/p>\n<p><img decoding=\"async\" class=\"alignnone size-full\" src=\"http:\/\/wxnuohui.com\/wp-content\/uploads\/2025\/09\/detail_pic_16-318.jpg\" width=\"790\" alt=\"\"\/><\/p>\n<p><img decoding=\"async\" class=\"alignnone size-full\" src=\"http:\/\/wxnuohui.com\/wp-content\/uploads\/2025\/09\/detail_pic_17-302.jpg\" width=\"790\" alt=\"\"\/><\/p>","protected":false},"excerpt":{"rendered":"<p>Soukrom\u00e1 tepl\u00e1kov\u00e1 souprava Dropshipping Vlastn\u00ed logo Polyester s dlouh\u00fdm ruk\u00e1vem Zip up Hoodie kalhoty 2 kusy Set Jogging Suit P\u00e1nsk\u00e9 tepl\u00e1kov\u00e9 soupravy<\/p>","protected":false},"featured_media":12916,"template":"","meta":[],"product_brand":[],"product_cat":[25],"product_tag":[],"class_list":{"0":"post-13852","1":"product","2":"type-product","3":"status-publish","4":"has-post-thumbnail","6":"product_cat-jogging-suits-tracksuits","8":"first","9":"outofstock","10":"shipping-taxable","11":"product-type-variable"},"_links":{"self":[{"href":"https:\/\/wxnuohui.com\/cs\/wp-json\/wp\/v2\/product\/13852","targetHints":{"allow":["GET"]}}],"collection":[{"href":"https:\/\/wxnuohui.com\/cs\/wp-json\/wp\/v2\/product"}],"about":[{"href":"https:\/\/wxnuohui.com\/cs\/wp-json\/wp\/v2\/types\/product"}],"wp:featuredmedia":[{"embeddable":true,"href":"https:\/\/wxnuohui.com\/cs\/wp-json\/wp\/v2\/media\/12916"}],"wp:attachment":[{"href":"https:\/\/wxnuohui.com\/cs\/wp-json\/wp\/v2\/media?parent=13852"}],"wp:term":[{"taxonomy":"product_brand","embeddable":true,"href":"https:\/\/wxnuohui.com\/cs\/wp-json\/wp\/v2\/product_brand?post=13852"},{"taxonomy":"product_cat","embeddable":true,"href":"https:\/\/wxnuohui.com\/cs\/wp-json\/wp\/v2\/product_cat?post=13852"},{"taxonomy":"product_tag","embeddable":true,"href":"https:\/\/wxnuohui.com\/cs\/wp-json\/wp\/v2\/product_tag?post=13852"}],"curies":[{"name":"wp","href":"https:\/\/api.w.org\/{rel}","templated":true}]}}