{"id":12883,"date":"2025-09-13T11:42:00","date_gmt":"2025-09-13T11:42:00","guid":{"rendered":"https:\/\/wxnuohui.com\/product\/women-new-design-hot-selling-cross-boob-tube-long-sleeve-autumn-sexy-solid-jumpsuit-women\/"},"modified":"2025-09-13T11:42:01","modified_gmt":"2025-09-13T11:42:01","slug":"women-new-design-hot-selling-cross-boob-tube-long-sleeve-autumn-sexy-solid-jumpsuit-women","status":"publish","type":"product","link":"https:\/\/wxnuohui.com\/cs\/product\/women-new-design-hot-selling-cross-boob-tube-long-sleeve-autumn-sexy-solid-jumpsuit-women\/","title":{"rendered":"\u017deny Nov\u00fd design hork\u00e9 prodej Cross Boob Tube dlouh\u00fd ruk\u00e1v podzim sexy pevn\u00e9 kombin\u00e9za \u017eeny"},"content":{"rendered":"<p>Typ st\u0159ihu:Regular<br \/>\nStyl: le\u017e\u00e9rn\u00ed<br \/>\nSez\u00f3na: L\u00e9to<br \/>\nL\u00edmec: O-v\u00fdst\u0159ih<br \/>\nMateri\u00e1l:Spandex \/ polyester<br \/>\nMetody tisku: s\u00edtotisk<br \/>\nTyp dod\u00e1vky: Skladov\u00e9 polo\u017eky<br \/>\nVlastnosti: Rychl\u00e9 schnut\u00ed, prody\u0161nost, \u0161etrnost k \u017eivotn\u00edmu prost\u0159ed\u00ed<br \/>\nVzor: Solid<br \/>\nZp\u016fsob tkan\u00ed: pleten\u00e9<br \/>\nPohlav\u00ed: \u017eeny<br \/>\nD\u00e9lka:nad kolena<br \/>\nTechniky: Barven\u00e9 na hladko<br \/>\nDekorace: \u017d\u00e1dn\u00e1<br \/>\nTyp tkaniny: \u0161ifon<br \/>\nM\u00edsto p\u016fvodu: Jiangsu, \u010c\u00edna<br \/>\n\u010c\u00edslo modelu:Jumpsuit Women<br \/>\nN\u00e1zev zna\u010dky: NH<br \/>\nN\u00e1zev produktu:Sexy Solid Jumpsuit Women<br \/>\nKl\u00ed\u010dov\u00e1 slova:Kombin\u00e9za Women<br \/>\nSlu\u017eba: 24 hodin online<br \/>\nPlatba: Trade Assurance<br \/>\nTisk: Vlastn\u00ed n\u00e1vrhy Tisk<br \/>\nVzorek: 3-5 dn\u00ed<br \/>\nBalen\u00ed: 1ks\/polybag<br \/>\nDoba dod\u00e1n\u00ed: 7 ~ 15 dn\u00ed<br \/>\n\u0160t\u00edtek a logo: Accpet Customized<br \/>\nDoprava: DHLEMSUPSFEDEXby Seaby Air<br \/>\nPodrobnosti o balen\u00ed:1.Pro vzorek, jeden kus na polyetylenov\u00fd s\u00e1\u010dek. 2. pro hromadnou v\u00fdrobu, na\u0161e pravideln\u00e9 balen\u00ed je karton. 3.Tak\u00e9 se vztahuj\u00ed na po\u017eadavky z\u00e1kazn\u00edk\u016f.<br \/>\nProdejn\u00ed jednotky: Jednotliv\u00e9 polo\u017eky<br \/>\nVelikost jednoho balen\u00ed: 18X10X11 cm<br \/>\nJednotliv\u00e1 celkov\u00e1 hmotnost: 0 400 kg<br \/>\nP\u0159\u00edklady balen\u00ed:<\/p>\n<p><img decoding=\"async\" class=\"alignnone size-full\" src=\"http:\/\/wxnuohui.com\/wp-content\/uploads\/2025\/09\/detail_pic_0-278.jpg\" width=\"790\" alt=\"\"\/><\/p>\n<p><img decoding=\"async\" class=\"alignnone size-full\" src=\"http:\/\/wxnuohui.com\/wp-content\/uploads\/2025\/09\/detail_pic_1-284.jpg\" width=\"790\" alt=\"\"\/><\/p>\n<p><img decoding=\"async\" class=\"alignnone size-full\" src=\"http:\/\/wxnuohui.com\/wp-content\/uploads\/2025\/09\/detail_pic_2-291.jpg\" width=\"790\" alt=\"\"\/><\/p>\n<p><img decoding=\"async\" class=\"alignnone size-full\" src=\"http:\/\/wxnuohui.com\/wp-content\/uploads\/2025\/09\/detail_pic_3-326.jpg\" width=\"790\" alt=\"\"\/><\/p>\n<p><img decoding=\"async\" class=\"alignnone size-full\" src=\"http:\/\/wxnuohui.com\/wp-content\/uploads\/2025\/09\/detail_pic_4-329.jpg\" width=\"790\" alt=\"\"\/><\/p>\n<p><img decoding=\"async\" class=\"alignnone size-full\" src=\"http:\/\/wxnuohui.com\/wp-content\/uploads\/2025\/09\/detail_pic_5-379.jpg\" width=\"790\" alt=\"\"\/><\/p>\n<p><img decoding=\"async\" class=\"alignnone size-full\" src=\"http:\/\/wxnuohui.com\/wp-content\/uploads\/2025\/09\/detail_pic_6-290.jpg\" width=\"790\" alt=\"\"\/><\/p>\n<p><img decoding=\"async\" class=\"alignnone size-full\" src=\"http:\/\/wxnuohui.com\/wp-content\/uploads\/2025\/09\/detail_pic_7-218.jpg\" width=\"790\" alt=\"\"\/><\/p>\n<p><img decoding=\"async\" class=\"alignnone size-full\" src=\"http:\/\/wxnuohui.com\/wp-content\/uploads\/2025\/09\/detail_pic_8-210.jpg\" width=\"790\" alt=\"\"\/><\/p>\n<p><img decoding=\"async\" class=\"alignnone size-full\" src=\"http:\/\/wxnuohui.com\/wp-content\/uploads\/2025\/09\/detail_pic_9-221.jpg\" width=\"790\" alt=\"\"\/><\/p>\n<p><img decoding=\"async\" class=\"alignnone size-full\" src=\"http:\/\/wxnuohui.com\/wp-content\/uploads\/2025\/09\/detail_pic_10-409.jpg\" width=\"790\" alt=\"\"\/><\/p>\n<p><img decoding=\"async\" class=\"alignnone size-full\" src=\"http:\/\/wxnuohui.com\/wp-content\/uploads\/2025\/09\/detail_pic_11-403.jpg\" width=\"790\" alt=\"\"\/><\/p>\n<p><img decoding=\"async\" class=\"alignnone size-full\" src=\"http:\/\/wxnuohui.com\/wp-content\/uploads\/2025\/09\/detail_pic_12-390.jpg\" width=\"790\" alt=\"\"\/><\/p>\n<p><img decoding=\"async\" class=\"alignnone size-full\" src=\"http:\/\/wxnuohui.com\/wp-content\/uploads\/2025\/09\/detail_pic_13-366.jpg\" width=\"790\" alt=\"\"\/><\/p>\n<p><img decoding=\"async\" class=\"alignnone size-full\" src=\"http:\/\/wxnuohui.com\/wp-content\/uploads\/2025\/09\/detail_pic_14-175.png\" width=\"790\" alt=\"\"\/><\/p>\n<p><img decoding=\"async\" class=\"alignnone size-full\" src=\"http:\/\/wxnuohui.com\/wp-content\/uploads\/2025\/09\/detail_pic_15-367.jpg\" width=\"790\" alt=\"\"\/><\/p>\n<p><img decoding=\"async\" class=\"alignnone size-full\" src=\"http:\/\/wxnuohui.com\/wp-content\/uploads\/2025\/09\/detail_pic_16-315.jpg\" width=\"790\" alt=\"\"\/><\/p>\n<p><img decoding=\"async\" class=\"alignnone size-full\" src=\"http:\/\/wxnuohui.com\/wp-content\/uploads\/2025\/09\/detail_pic_17-300.jpg\" width=\"790\" alt=\"\"\/><\/p>","protected":false},"excerpt":{"rendered":"<p>\u017deny Nov\u00fd design hork\u00e9 prodej Cross Boob Tube dlouh\u00fd ruk\u00e1v podzim sexy pevn\u00e9 kombin\u00e9za \u017eeny<\/p>","protected":false},"featured_media":12696,"template":"","meta":[],"product_brand":[],"product_cat":[24],"product_tag":[],"class_list":{"0":"post-12883","1":"product","2":"type-product","3":"status-publish","4":"has-post-thumbnail","6":"product_cat-casual-bodysuits","8":"first","9":"outofstock","10":"shipping-taxable","11":"product-type-variable"},"_links":{"self":[{"href":"https:\/\/wxnuohui.com\/cs\/wp-json\/wp\/v2\/product\/12883","targetHints":{"allow":["GET"]}}],"collection":[{"href":"https:\/\/wxnuohui.com\/cs\/wp-json\/wp\/v2\/product"}],"about":[{"href":"https:\/\/wxnuohui.com\/cs\/wp-json\/wp\/v2\/types\/product"}],"wp:featuredmedia":[{"embeddable":true,"href":"https:\/\/wxnuohui.com\/cs\/wp-json\/wp\/v2\/media\/12696"}],"wp:attachment":[{"href":"https:\/\/wxnuohui.com\/cs\/wp-json\/wp\/v2\/media?parent=12883"}],"wp:term":[{"taxonomy":"product_brand","embeddable":true,"href":"https:\/\/wxnuohui.com\/cs\/wp-json\/wp\/v2\/product_brand?post=12883"},{"taxonomy":"product_cat","embeddable":true,"href":"https:\/\/wxnuohui.com\/cs\/wp-json\/wp\/v2\/product_cat?post=12883"},{"taxonomy":"product_tag","embeddable":true,"href":"https:\/\/wxnuohui.com\/cs\/wp-json\/wp\/v2\/product_tag?post=12883"}],"curies":[{"name":"wp","href":"https:\/\/api.w.org\/{rel}","templated":true}]}}