{"id":12880,"date":"2025-09-13T11:41:58","date_gmt":"2025-09-13T11:41:58","guid":{"rendered":"https:\/\/wxnuohui.com\/product\/ready-to-ship-stock-women-short-sleeve-solid-color-bodysuit-zipper-jumpsuit-rompers\/"},"modified":"2025-09-13T11:41:58","modified_gmt":"2025-09-13T11:41:58","slug":"ready-to-ship-stock-women-short-sleeve-solid-color-bodysuit-zipper-jumpsuit-rompers","status":"publish","type":"product","link":"https:\/\/wxnuohui.com\/cs\/product\/ready-to-ship-stock-women-short-sleeve-solid-color-bodysuit-zipper-jumpsuit-rompers\/","title":{"rendered":"P\u0159ipraveno k odesl\u00e1n\u00ed skladem \u017eeny kr\u00e1tk\u00fd ruk\u00e1v jednobarevn\u00e9 body Zip overal Rompers"},"content":{"rendered":"<p>Vlastnosti: Rychl\u00e9 schnut\u00ed, prody\u0161nost, \u0161etrnost k \u017eivotn\u00edmu prost\u0159ed\u00ed<br \/>\nD\u00e9lka:nad kolena<br \/>\nSez\u00f3na: L\u00e9to<br \/>\nStyl: le\u017e\u00e9rn\u00ed<br \/>\nMateri\u00e1l: Polyester \/ bavlna<br \/>\nMetody tisku: s\u00edtotisk<br \/>\nDekorace: ti\u0161t\u011bn\u00e1<br \/>\nTyp vzoru:Solid<br \/>\nTyp dod\u00e1vky: Skladov\u00e9 polo\u017eky<br \/>\n7 dn\u00ed doba realizace objedn\u00e1vky vzorku: Podpora<br \/>\nTechniky: Barven\u00e9 na hladko<br \/>\nTyp st\u0159ihu:Regular<br \/>\nPohlav\u00ed: \u017eeny<br \/>\nZp\u016fsob tkan\u00ed: pleten\u00e9<br \/>\nTyp tkaniny: \u0161ifon<br \/>\nM\u00edsto p\u016fvodu: Jiangsu, \u010c\u00edna<br \/>\nN\u00e1zev zna\u010dky: NH<br \/>\n\u010c\u00edslo modelu: D\u00e1msk\u00fd tisk Playsuit<br \/>\nN\u00e1zev produktu:Women Sexy Sports Palysuit<br \/>\nKl\u00ed\u010dov\u00e1 slova:Women Printing Playsuit<br \/>\nSlu\u017eba: 24 hodin online<br \/>\nPlatba: Trade Assurance<br \/>\nTisk: Vlastn\u00ed n\u00e1vrhy Tisk<br \/>\nVzorek: 3-5 dn\u00ed<br \/>\nBalen\u00ed: 1ks\/polybag<br \/>\nDoba dod\u00e1n\u00ed: 7 ~ 15 dn\u00ed<br \/>\n\u0160t\u00edtek a logo: Accpet Customized<br \/>\nDoprava: DHLEMSUPSFEDEXby Seaby Air<br \/>\nPodrobnosti o balen\u00ed:1.Pro vzorek, jeden kus na polyetylenov\u00fd s\u00e1\u010dek. 2. pro hromadnou v\u00fdrobu, na\u0161e pravideln\u00e9 balen\u00ed je karton. 3.Tak\u00e9 se vztahuj\u00ed na po\u017eadavky z\u00e1kazn\u00edk\u016f.<br \/>\nProdejn\u00ed jednotky: Jednotliv\u00e9 polo\u017eky<br \/>\nVelikost jednoho balen\u00ed: 18X10X11 cm<br \/>\nJednotliv\u00e1 celkov\u00e1 hmotnost: 0 400 kg<br \/>\nP\u0159\u00edklady balen\u00ed:<\/p>\n<p><img decoding=\"async\" class=\"alignnone size-full\" src=\"http:\/\/wxnuohui.com\/wp-content\/uploads\/2025\/09\/detail_pic_0-275.jpg\" width=\"790\" alt=\"\"\/><\/p>\n<p><img decoding=\"async\" class=\"alignnone size-full\" src=\"http:\/\/wxnuohui.com\/wp-content\/uploads\/2025\/09\/detail_pic_1-281.jpg\" width=\"790\" alt=\"\"\/><\/p>\n<p><img decoding=\"async\" class=\"alignnone size-full\" src=\"http:\/\/wxnuohui.com\/wp-content\/uploads\/2025\/09\/detail_pic_2-288.jpg\" width=\"790\" alt=\"\"\/><\/p>\n<p><img decoding=\"async\" class=\"alignnone size-full\" src=\"http:\/\/wxnuohui.com\/wp-content\/uploads\/2025\/09\/detail_pic_3-323.jpg\" width=\"790\" alt=\"\"\/><\/p>\n<p><img decoding=\"async\" class=\"alignnone size-full\" src=\"http:\/\/wxnuohui.com\/wp-content\/uploads\/2025\/09\/detail_pic_4-326.jpg\" width=\"790\" alt=\"\"\/><\/p>\n<p><img decoding=\"async\" class=\"alignnone size-full\" src=\"http:\/\/wxnuohui.com\/wp-content\/uploads\/2025\/09\/detail_pic_5-376.jpg\" width=\"790\" alt=\"\"\/><\/p>\n<p><img decoding=\"async\" class=\"alignnone size-full\" src=\"http:\/\/wxnuohui.com\/wp-content\/uploads\/2025\/09\/detail_pic_6-287.jpg\" width=\"790\" alt=\"\"\/><\/p>\n<p><img decoding=\"async\" class=\"alignnone size-full\" src=\"http:\/\/wxnuohui.com\/wp-content\/uploads\/2025\/09\/detail_pic_7-215.jpg\" width=\"790\" alt=\"\"\/><\/p>\n<p><img decoding=\"async\" class=\"alignnone size-full\" src=\"http:\/\/wxnuohui.com\/wp-content\/uploads\/2025\/09\/detail_pic_8-207.jpg\" width=\"790\" alt=\"\"\/><\/p>\n<p><img decoding=\"async\" class=\"alignnone size-full\" src=\"http:\/\/wxnuohui.com\/wp-content\/uploads\/2025\/09\/detail_pic_9-218.jpg\" width=\"790\" alt=\"\"\/><\/p>\n<p><img decoding=\"async\" class=\"alignnone size-full\" src=\"http:\/\/wxnuohui.com\/wp-content\/uploads\/2025\/09\/detail_pic_10-9.png\" width=\"790\" alt=\"\"\/><\/p>\n<p><img decoding=\"async\" class=\"alignnone size-full\" src=\"http:\/\/wxnuohui.com\/wp-content\/uploads\/2025\/09\/detail_pic_11-400.jpg\" width=\"790\" alt=\"\"\/><\/p>\n<p><img decoding=\"async\" class=\"alignnone size-full\" src=\"http:\/\/wxnuohui.com\/wp-content\/uploads\/2025\/09\/detail_pic_12-387.jpg\" width=\"790\" alt=\"\"\/><\/p>\n<p><img decoding=\"async\" class=\"alignnone size-full\" src=\"http:\/\/wxnuohui.com\/wp-content\/uploads\/2025\/09\/detail_pic_13-363.jpg\" width=\"790\" alt=\"\"\/><\/p>","protected":false},"excerpt":{"rendered":"<p>P\u0159ipraveno k odesl\u00e1n\u00ed skladem \u017eeny kr\u00e1tk\u00fd ruk\u00e1v jednobarevn\u00e9 body Zip overal Rompers<\/p>","protected":false},"featured_media":12625,"template":"","meta":[],"product_brand":[],"product_cat":[24],"product_tag":[],"class_list":{"0":"post-12880","1":"product","2":"type-product","3":"status-publish","4":"has-post-thumbnail","6":"product_cat-casual-bodysuits","8":"first","9":"outofstock","10":"shipping-taxable","11":"product-type-variable"},"_links":{"self":[{"href":"https:\/\/wxnuohui.com\/cs\/wp-json\/wp\/v2\/product\/12880","targetHints":{"allow":["GET"]}}],"collection":[{"href":"https:\/\/wxnuohui.com\/cs\/wp-json\/wp\/v2\/product"}],"about":[{"href":"https:\/\/wxnuohui.com\/cs\/wp-json\/wp\/v2\/types\/product"}],"wp:featuredmedia":[{"embeddable":true,"href":"https:\/\/wxnuohui.com\/cs\/wp-json\/wp\/v2\/media\/12625"}],"wp:attachment":[{"href":"https:\/\/wxnuohui.com\/cs\/wp-json\/wp\/v2\/media?parent=12880"}],"wp:term":[{"taxonomy":"product_brand","embeddable":true,"href":"https:\/\/wxnuohui.com\/cs\/wp-json\/wp\/v2\/product_brand?post=12880"},{"taxonomy":"product_cat","embeddable":true,"href":"https:\/\/wxnuohui.com\/cs\/wp-json\/wp\/v2\/product_cat?post=12880"},{"taxonomy":"product_tag","embeddable":true,"href":"https:\/\/wxnuohui.com\/cs\/wp-json\/wp\/v2\/product_tag?post=12880"}],"curies":[{"name":"wp","href":"https:\/\/api.w.org\/{rel}","templated":true}]}}