{"id":12873,"date":"2025-09-13T11:41:52","date_gmt":"2025-09-13T11:41:52","guid":{"rendered":"https:\/\/wxnuohui.com\/product\/women-long-sleeve-solid-color-bodysuit-zipper-rompers-jumpsuits-playsuits-rompers-bodysuits-for-women-jumpsuits\/"},"modified":"2025-09-13T11:41:53","modified_gmt":"2025-09-13T11:41:53","slug":"women-long-sleeve-solid-color-bodysuit-zipper-rompers-jumpsuits-playsuits-rompers-bodysuits-for-women-jumpsuits","status":"publish","type":"product","link":"https:\/\/wxnuohui.com\/cs\/product\/women-long-sleeve-solid-color-bodysuit-zipper-rompers-jumpsuits-playsuits-rompers-bodysuits-for-women-jumpsuits\/","title":{"rendered":"D\u00e1msk\u00e9 dlouh\u00fd ruk\u00e1v jednobarevn\u00e9 body Zipper Rompers Jumpsuits Playsuits Rompers Body pro \u017eeny Jumpsuits"},"content":{"rendered":"<p>Vlastnosti: Rychl\u00e9 schnut\u00ed, prody\u0161nost, \u0161etrnost k \u017eivotn\u00edmu prost\u0159ed\u00ed<br \/>\nD\u00e9lka:nad kolena<br \/>\nRo\u010dn\u00ed obdob\u00ed:Podzim<br \/>\nD\u00e9lka ruk\u00e1vu (cm): pln\u00fd<br \/>\nStyl: le\u017e\u00e9rn\u00ed<br \/>\nMateri\u00e1l: 100% Polyester<br \/>\nMetody tisku:\u017d\u00e1dn\u00e9<br \/>\nDekorace: kapsy<br \/>\nTyp produktu:sada<br \/>\nTyp vzoru:Pruhovan\u00fd<br \/>\nTyp dod\u00e1vky: Skladov\u00e9 polo\u017eky<br \/>\n7 dn\u00ed doba realizace objedn\u00e1vky vzorku: Podpora<br \/>\nTechniky: Barven\u00e9 na hladko<br \/>\nTyp st\u0159ihu:Regular<br \/>\nPohlav\u00ed: \u017eeny<br \/>\nZp\u016fsob tkan\u00ed: pleten\u00e9<br \/>\nTyp tkaniny: \u0161ifon<br \/>\nTyp:Jin\u00e9<br \/>\nHmotnost l\u00e1tky: 260 gram\u016f<br \/>\nV\u00fdst\u0159ih:V NECK<br \/>\nDetekce jehel: Ano<br \/>\nM\u00edsto p\u016fvodu: Jiangsu, \u010c\u00edna<br \/>\nN\u00e1zev zna\u010dky: NH<br \/>\n\u010c\u00edslo modelu:Body pro \u017eeny<br \/>\nProdejn\u00ed jednotky: Jednotliv\u00e9 polo\u017eky<br \/>\nVelikost jednoho balen\u00ed: 23X13X16 cm<br \/>\nJednotliv\u00e1 celkov\u00e1 hmotnost: 0 600 kg<\/p>\n<p><img decoding=\"async\" class=\"alignnone size-full\" src=\"http:\/\/wxnuohui.com\/wp-content\/uploads\/2025\/09\/detail_pic_0-269.jpg\" width=\"790\" alt=\"\"\/><\/p>\n<p><img decoding=\"async\" class=\"alignnone size-full\" src=\"http:\/\/wxnuohui.com\/wp-content\/uploads\/2025\/09\/detail_pic_1-274.jpg\" width=\"790\" alt=\"\"\/><\/p>\n<p><img decoding=\"async\" class=\"alignnone size-full\" src=\"http:\/\/wxnuohui.com\/wp-content\/uploads\/2025\/09\/detail_pic_2-281.jpg\" width=\"790\" alt=\"\"\/><\/p>\n<p><img decoding=\"async\" class=\"alignnone size-full\" src=\"http:\/\/wxnuohui.com\/wp-content\/uploads\/2025\/09\/detail_pic_3-316.jpg\" width=\"790\" alt=\"\"\/><\/p>\n<p><img decoding=\"async\" class=\"alignnone size-full\" src=\"http:\/\/wxnuohui.com\/wp-content\/uploads\/2025\/09\/detail_pic_4-319.jpg\" width=\"790\" alt=\"\"\/><\/p>\n<p><img decoding=\"async\" class=\"alignnone size-full\" src=\"http:\/\/wxnuohui.com\/wp-content\/uploads\/2025\/09\/detail_pic_5-369.jpg\" width=\"790\" alt=\"\"\/><\/p>\n<p><img decoding=\"async\" class=\"alignnone size-full\" src=\"http:\/\/wxnuohui.com\/wp-content\/uploads\/2025\/09\/detail_pic_6-280.jpg\" width=\"790\" alt=\"\"\/><\/p>\n<p><img decoding=\"async\" class=\"alignnone size-full\" src=\"http:\/\/wxnuohui.com\/wp-content\/uploads\/2025\/09\/detail_pic_7-208.jpg\" width=\"790\" alt=\"\"\/><\/p>\n<p><img decoding=\"async\" class=\"alignnone size-full\" src=\"http:\/\/wxnuohui.com\/wp-content\/uploads\/2025\/09\/detail_pic_8-200.jpg\" width=\"790\" alt=\"\"\/><\/p>\n<p><img decoding=\"async\" class=\"alignnone size-full\" src=\"http:\/\/wxnuohui.com\/wp-content\/uploads\/2025\/09\/detail_pic_9-211.jpg\" width=\"790\" alt=\"\"\/><\/p>\n<p><img decoding=\"async\" class=\"alignnone size-full\" src=\"http:\/\/wxnuohui.com\/wp-content\/uploads\/2025\/09\/detail_pic_10-400.jpg\" width=\"790\" alt=\"\"\/><\/p>\n<p><img decoding=\"async\" class=\"alignnone size-full\" src=\"http:\/\/wxnuohui.com\/wp-content\/uploads\/2025\/09\/detail_pic_11-394.jpg\" width=\"790\" alt=\"\"\/><\/p>\n<p><img decoding=\"async\" class=\"alignnone size-full\" src=\"http:\/\/wxnuohui.com\/wp-content\/uploads\/2025\/09\/detail_pic_12-382.jpg\" width=\"790\" alt=\"\"\/><\/p>\n<p><img decoding=\"async\" class=\"alignnone size-full\" src=\"http:\/\/wxnuohui.com\/wp-content\/uploads\/2025\/09\/detail_pic_13-357.jpg\" width=\"790\" alt=\"\"\/><\/p>\n<p><img decoding=\"async\" class=\"alignnone size-full\" src=\"http:\/\/wxnuohui.com\/wp-content\/uploads\/2025\/09\/detail_pic_14-170.png\" width=\"790\" alt=\"\"\/><\/p>\n<p><img decoding=\"async\" class=\"alignnone size-full\" src=\"http:\/\/wxnuohui.com\/wp-content\/uploads\/2025\/09\/detail_pic_15-359.jpg\" width=\"790\" alt=\"\"\/><\/p>\n<p><img decoding=\"async\" class=\"alignnone size-full\" src=\"http:\/\/wxnuohui.com\/wp-content\/uploads\/2025\/09\/detail_pic_16-309.jpg\" width=\"790\" alt=\"\"\/><\/p>\n<p><img decoding=\"async\" class=\"alignnone size-full\" src=\"http:\/\/wxnuohui.com\/wp-content\/uploads\/2025\/09\/detail_pic_17-295.jpg\" width=\"790\" alt=\"\"\/><\/p>","protected":false},"excerpt":{"rendered":"<p>D\u00e1msk\u00e9 dlouh\u00fd ruk\u00e1v jednobarevn\u00e9 body Zipper Rompers Jumpsuits Playsuits Rompers Body pro \u017eeny Jumpsuits<\/p>","protected":false},"featured_media":12462,"template":"","meta":[],"product_brand":[],"product_cat":[24],"product_tag":[],"class_list":{"0":"post-12873","1":"product","2":"type-product","3":"status-publish","4":"has-post-thumbnail","6":"product_cat-casual-bodysuits","8":"first","9":"outofstock","10":"shipping-taxable","11":"product-type-variable"},"_links":{"self":[{"href":"https:\/\/wxnuohui.com\/cs\/wp-json\/wp\/v2\/product\/12873","targetHints":{"allow":["GET"]}}],"collection":[{"href":"https:\/\/wxnuohui.com\/cs\/wp-json\/wp\/v2\/product"}],"about":[{"href":"https:\/\/wxnuohui.com\/cs\/wp-json\/wp\/v2\/types\/product"}],"wp:featuredmedia":[{"embeddable":true,"href":"https:\/\/wxnuohui.com\/cs\/wp-json\/wp\/v2\/media\/12462"}],"wp:attachment":[{"href":"https:\/\/wxnuohui.com\/cs\/wp-json\/wp\/v2\/media?parent=12873"}],"wp:term":[{"taxonomy":"product_brand","embeddable":true,"href":"https:\/\/wxnuohui.com\/cs\/wp-json\/wp\/v2\/product_brand?post=12873"},{"taxonomy":"product_cat","embeddable":true,"href":"https:\/\/wxnuohui.com\/cs\/wp-json\/wp\/v2\/product_cat?post=12873"},{"taxonomy":"product_tag","embeddable":true,"href":"https:\/\/wxnuohui.com\/cs\/wp-json\/wp\/v2\/product_tag?post=12873"}],"curies":[{"name":"wp","href":"https:\/\/api.w.org\/{rel}","templated":true}]}}