{"id":12363,"date":"2025-09-13T10:55:07","date_gmt":"2025-09-13T10:55:07","guid":{"rendered":"https:\/\/wxnuohui.com\/product\/custom-printing-embroidery-logo-pullover-330-gsm-fleece-jogging-tracksuit-sweatpants-hoodie-and-jogger-set-for-men\/"},"modified":"2025-09-13T10:55:08","modified_gmt":"2025-09-13T10:55:08","slug":"custom-printing-embroidery-logo-pullover-330-gsm-fleece-jogging-tracksuit-sweatpants-hoodie-and-jogger-set-for-men","status":"publish","type":"product","link":"https:\/\/wxnuohui.com\/cs\/product\/custom-printing-embroidery-logo-pullover-330-gsm-fleece-jogging-tracksuit-sweatpants-hoodie-and-jogger-set-for-men\/","title":{"rendered":"Vlastn\u00ed tisk v\u00fd\u0161ivky Logo Pullover 330 GSM Fleece Jogging tepl\u00e1kov\u00e1 souprava s kapuc\u00ed a Jogger Set pro mu\u017ee"},"content":{"rendered":"<p>7 dn\u00ed doba realizace objedn\u00e1vky vzorku: Podpora<br \/>\nProveden\u00ed:bez pod\u0161\u00edvky<br \/>\nStyl ruk\u00e1v\u016f: Regular<br \/>\nDetekce jehel: Ano<br \/>\nZp\u016fsob tkan\u00ed: pleten\u00e9<br \/>\nTyp vzoru:Solid<br \/>\nHmotnost l\u00e1tky:330<br \/>\nMetody tisku:\u017d\u00e1dn\u00e9<br \/>\nTyp:Svetr<br \/>\nTyp st\u0159ihu:Regular Fit<br \/>\nD\u00e9lka:Regular<br \/>\nTyp dod\u00e1vky: Oem Service<br \/>\nTechniky: Barven\u00e9 na hladko<br \/>\nL\u00edmec: O-v\u00fdst\u0159ih<br \/>\nStyl:Svetr<br \/>\nRo\u010dn\u00ed obdob\u00ed:Podzim<br \/>\nVlastnosti:proti vr\u00e1sk\u00e1m, proti \u017emolkov\u00e1n\u00ed, prody\u0161n\u00fd, proti smr\u0161\u0165ov\u00e1n\u00ed<br \/>\nTyp tkaniny:Jersey<br \/>\nMateri\u00e1l: 100% Bavlna<br \/>\nUm\u00edst\u011bn\u00ed loga: P\u0159edn\u00ed strana<br \/>\nPohlav\u00ed: Mu\u017ei<br \/>\n\u010c\u00edslo modelu:Mikina s kapuc\u00ed a Jogger Set pro mu\u017ee<br \/>\nM\u00edsto p\u016fvodu: Jiangsu, \u010c\u00edna<br \/>\nN\u00e1zev zna\u010dky: NH-650093392523<br \/>\nProdejn\u00ed jednotky: Jednotliv\u00e9 polo\u017eky<br \/>\nVelikost jednoho balen\u00ed: 26X15X18 cm<br \/>\nJednotliv\u00e1 celkov\u00e1 hmotnost: 1 200 kg<\/p>\n<p><img decoding=\"async\" class=\"alignnone size-full\" src=\"http:\/\/wxnuohui.com\/wp-content\/uploads\/2025\/09\/detail_pic_0-207.jpg\" width=\"790\" alt=\"\"\/><\/p>\n<p><img decoding=\"async\" class=\"alignnone size-full\" src=\"http:\/\/wxnuohui.com\/wp-content\/uploads\/2025\/09\/detail_pic_1-212.jpg\" width=\"790\" alt=\"\"\/><\/p>\n<p><img decoding=\"async\" class=\"alignnone size-full\" src=\"http:\/\/wxnuohui.com\/wp-content\/uploads\/2025\/09\/detail_pic_2-220.jpg\" width=\"790\" alt=\"\"\/><\/p>\n<p><img decoding=\"async\" class=\"alignnone size-full\" src=\"http:\/\/wxnuohui.com\/wp-content\/uploads\/2025\/09\/detail_pic_3-254.jpg\" width=\"790\" alt=\"\"\/><\/p>\n<p><img decoding=\"async\" class=\"alignnone size-full\" src=\"http:\/\/wxnuohui.com\/wp-content\/uploads\/2025\/09\/detail_pic_4-74.png\" width=\"790\" alt=\"\"\/><\/p>\n<p><img decoding=\"async\" class=\"alignnone size-full\" src=\"http:\/\/wxnuohui.com\/wp-content\/uploads\/2025\/09\/detail_pic_5-33.png\" width=\"790\" alt=\"\"\/><\/p>\n<p><img decoding=\"async\" class=\"alignnone size-full\" src=\"http:\/\/wxnuohui.com\/wp-content\/uploads\/2025\/09\/detail_pic_6-113.png\" width=\"790\" alt=\"\"\/><\/p>\n<p><img decoding=\"async\" class=\"alignnone size-full\" src=\"http:\/\/wxnuohui.com\/wp-content\/uploads\/2025\/09\/detail_pic_7-185.jpg\" width=\"790\" alt=\"\"\/><\/p>\n<p><img decoding=\"async\" class=\"alignnone size-full\" src=\"http:\/\/wxnuohui.com\/wp-content\/uploads\/2025\/09\/detail_pic_8-180.jpg\" width=\"790\" alt=\"\"\/><\/p>\n<p><img decoding=\"async\" class=\"alignnone size-full\" src=\"http:\/\/wxnuohui.com\/wp-content\/uploads\/2025\/09\/detail_pic_9-196.jpg\" width=\"790\" alt=\"\"\/><\/p>\n<p><img decoding=\"async\" class=\"alignnone size-full\" src=\"http:\/\/wxnuohui.com\/wp-content\/uploads\/2025\/09\/detail_pic_10-325.jpg\" width=\"790\" alt=\"\"\/><\/p>\n<p><img decoding=\"async\" class=\"alignnone size-full\" src=\"http:\/\/wxnuohui.com\/wp-content\/uploads\/2025\/09\/detail_pic_11-13.png\" width=\"790\" alt=\"\"\/><\/p>\n<p><img decoding=\"async\" class=\"alignnone size-full\" src=\"http:\/\/wxnuohui.com\/wp-content\/uploads\/2025\/09\/detail_pic_12-308.jpg\" width=\"790\" alt=\"\"\/><\/p>\n<p><img decoding=\"async\" class=\"alignnone size-full\" src=\"http:\/\/wxnuohui.com\/wp-content\/uploads\/2025\/09\/detail_pic_13-291.jpg\" width=\"790\" alt=\"\"\/><\/p>\n<p><img decoding=\"async\" class=\"alignnone size-full\" src=\"http:\/\/wxnuohui.com\/wp-content\/uploads\/2025\/09\/detail_pic_14-196.jpg\" width=\"790\" alt=\"\"\/><\/p>","protected":false},"excerpt":{"rendered":"<p>Vlastn\u00ed tisk v\u00fd\u0161ivky Logo Pullover 330 GSM Fleece Jogging tepl\u00e1kov\u00e1 souprava s kapuc\u00ed a Jogger Set pro mu\u017ee<\/p>","protected":false},"featured_media":10489,"template":"","meta":[],"product_brand":[],"product_cat":[27],"product_tag":[],"class_list":{"0":"post-12363","1":"product","2":"type-product","3":"status-publish","4":"has-post-thumbnail","6":"product_cat-hoodie","8":"first","9":"outofstock","10":"shipping-taxable","11":"product-type-variable"},"_links":{"self":[{"href":"https:\/\/wxnuohui.com\/cs\/wp-json\/wp\/v2\/product\/12363","targetHints":{"allow":["GET"]}}],"collection":[{"href":"https:\/\/wxnuohui.com\/cs\/wp-json\/wp\/v2\/product"}],"about":[{"href":"https:\/\/wxnuohui.com\/cs\/wp-json\/wp\/v2\/types\/product"}],"wp:featuredmedia":[{"embeddable":true,"href":"https:\/\/wxnuohui.com\/cs\/wp-json\/wp\/v2\/media\/10489"}],"wp:attachment":[{"href":"https:\/\/wxnuohui.com\/cs\/wp-json\/wp\/v2\/media?parent=12363"}],"wp:term":[{"taxonomy":"product_brand","embeddable":true,"href":"https:\/\/wxnuohui.com\/cs\/wp-json\/wp\/v2\/product_brand?post=12363"},{"taxonomy":"product_cat","embeddable":true,"href":"https:\/\/wxnuohui.com\/cs\/wp-json\/wp\/v2\/product_cat?post=12363"},{"taxonomy":"product_tag","embeddable":true,"href":"https:\/\/wxnuohui.com\/cs\/wp-json\/wp\/v2\/product_tag?post=12363"}],"curies":[{"name":"wp","href":"https:\/\/api.w.org\/{rel}","templated":true}]}}