{"id":12349,"date":"2025-09-13T10:54:55","date_gmt":"2025-09-13T10:54:55","guid":{"rendered":"https:\/\/wxnuohui.com\/product\/wholesale-round-neck-shirt-loose-sweater-men-embroidery-fashion-terry-sweatshirt\/"},"modified":"2025-09-13T10:54:56","modified_gmt":"2025-09-13T10:54:56","slug":"wholesale-round-neck-shirt-loose-sweater-men-embroidery-fashion-terry-sweatshirt","status":"publish","type":"product","link":"https:\/\/wxnuohui.com\/cs\/product\/wholesale-round-neck-shirt-loose-sweater-men-embroidery-fashion-terry-sweatshirt\/","title":{"rendered":"Velkoobchod kolo krku ko\u0161ile voln\u00e9 svetr mu\u017ei v\u00fd\u0161ivky m\u00f3da frot\u00e9 mikina"},"content":{"rendered":"<p>7 dn\u00ed doba realizace objedn\u00e1vky vzorku: Podpora<br \/>\nProveden\u00ed:bez pod\u0161\u00edvky<br \/>\nStyl ruk\u00e1v\u016f: Regular<br \/>\nDetekce jehel: Ano<br \/>\nZp\u016fsob tkan\u00ed: pleten\u00e9<br \/>\nTyp vzoru:Solid<br \/>\nHmotnost tkaniny: 350 gram\u016f<br \/>\nZp\u016fsoby tisku:Jin\u00e9<br \/>\nTyp:Svetr<br \/>\nTyp st\u0159ihu:Regular Fit<br \/>\nD\u00e9lka:Regular<br \/>\nTyp dod\u00e1vky: Oem Service<br \/>\nTechniky: Barven\u00e9 na hladko<br \/>\nL\u00edmec: O-v\u00fdst\u0159ih<br \/>\nStyl: Kulat\u00fd v\u00fdst\u0159ih<br \/>\nRo\u010dn\u00ed obdob\u00ed:Podzim<br \/>\nFunkce: proti vr\u00e1sk\u00e1m, proti smr\u0161\u0165ov\u00e1n\u00ed<br \/>\nTyp tkaniny:Jersey<br \/>\nMateri\u00e1l: Polyester \/ bavlna<br \/>\nUm\u00edst\u011bn\u00ed loga: P\u0159edn\u00ed strana<br \/>\nPohlav\u00ed: Mu\u017ei<br \/>\n\u010c\u00edslo modelu:Men Sweatshirt-687982480022<br \/>\nM\u00edsto p\u016fvodu: Jiangsu, \u010c\u00edna<br \/>\nN\u00e1zev zna\u010dky: NH<br \/>\nProdejn\u00ed jednotky: Jednotliv\u00e9 polo\u017eky<br \/>\nVelikost jednoho balen\u00ed: 18X13X14 cm<br \/>\nJednotliv\u00e1 celkov\u00e1 hmotnost: 0 600 kg<\/p>\n<p><img decoding=\"async\" class=\"alignnone size-full\" src=\"http:\/\/wxnuohui.com\/wp-content\/uploads\/2025\/09\/detail_pic_0-194.jpg\" width=\"790\" alt=\"\"\/><\/p>\n<p><img decoding=\"async\" class=\"alignnone size-full\" src=\"http:\/\/wxnuohui.com\/wp-content\/uploads\/2025\/09\/detail_pic_1-198.jpg\" width=\"790\" alt=\"\"\/><\/p>\n<p><img decoding=\"async\" class=\"alignnone size-full\" src=\"http:\/\/wxnuohui.com\/wp-content\/uploads\/2025\/09\/detail_pic_2-206.jpg\" width=\"790\" alt=\"\"\/><\/p>\n<p><img decoding=\"async\" class=\"alignnone size-full\" src=\"http:\/\/wxnuohui.com\/wp-content\/uploads\/2025\/09\/detail_pic_3-240.jpg\" width=\"790\" alt=\"\"\/><\/p>\n<p><img decoding=\"async\" class=\"alignnone size-full\" src=\"http:\/\/wxnuohui.com\/wp-content\/uploads\/2025\/09\/detail_pic_4-243.jpg\" width=\"790\" alt=\"\"\/><\/p>\n<p><img decoding=\"async\" class=\"alignnone size-full\" src=\"http:\/\/wxnuohui.com\/wp-content\/uploads\/2025\/09\/detail_pic_5-285.jpg\" width=\"790\" alt=\"\"\/><\/p>\n<p><img decoding=\"async\" class=\"alignnone size-full\" src=\"http:\/\/wxnuohui.com\/wp-content\/uploads\/2025\/09\/detail_pic_6-207.jpg\" width=\"790\" alt=\"\"\/><\/p>\n<p><img decoding=\"async\" class=\"alignnone size-full\" src=\"http:\/\/wxnuohui.com\/wp-content\/uploads\/2025\/09\/detail_pic_7-176.jpg\" width=\"790\" alt=\"\"\/><\/p>\n<p><img decoding=\"async\" class=\"alignnone size-full\" src=\"http:\/\/wxnuohui.com\/wp-content\/uploads\/2025\/09\/detail_pic_8-176.jpg\" width=\"790\" alt=\"\"\/><\/p>\n<p><img decoding=\"async\" class=\"alignnone size-full\" src=\"http:\/\/wxnuohui.com\/wp-content\/uploads\/2025\/09\/detail_pic_9-124.png\" width=\"790\" alt=\"\"\/><\/p>\n<p><img decoding=\"async\" class=\"alignnone size-full\" src=\"http:\/\/wxnuohui.com\/wp-content\/uploads\/2025\/09\/detail_pic_10-311.jpg\" width=\"790\" alt=\"\"\/><\/p>\n<p><img decoding=\"async\" class=\"alignnone size-full\" src=\"http:\/\/wxnuohui.com\/wp-content\/uploads\/2025\/09\/detail_pic_11-307.jpg\" width=\"790\" alt=\"\"\/><\/p>\n<p><img decoding=\"async\" class=\"alignnone size-full\" src=\"http:\/\/wxnuohui.com\/wp-content\/uploads\/2025\/09\/detail_pic_12-294.jpg\" width=\"790\" alt=\"\"\/><\/p>\n<p><img decoding=\"async\" class=\"alignnone size-full\" src=\"http:\/\/wxnuohui.com\/wp-content\/uploads\/2025\/09\/detail_pic_13-278.jpg\" width=\"790\" alt=\"\"\/><\/p>\n<p><img decoding=\"async\" class=\"alignnone size-full\" src=\"http:\/\/wxnuohui.com\/wp-content\/uploads\/2025\/09\/detail_pic_14-95.png\" width=\"790\" alt=\"\"\/><\/p>\n<p><img decoding=\"async\" class=\"alignnone size-full\" src=\"http:\/\/wxnuohui.com\/wp-content\/uploads\/2025\/09\/detail_pic_15-273.jpg\" width=\"790\" alt=\"\"\/><\/p>\n<p><img decoding=\"async\" class=\"alignnone size-full\" src=\"http:\/\/wxnuohui.com\/wp-content\/uploads\/2025\/09\/detail_pic_16-224.jpg\" width=\"790\" alt=\"\"\/><\/p>\n<p><img decoding=\"async\" class=\"alignnone size-full\" src=\"http:\/\/wxnuohui.com\/wp-content\/uploads\/2025\/09\/detail_pic_17-220.jpg\" width=\"790\" alt=\"\"\/><\/p>","protected":false},"excerpt":{"rendered":"<p>Velkoobchod kolo krku ko\u0161ile voln\u00e9 svetr mu\u017ei v\u00fd\u0161ivky m\u00f3da frot\u00e9 mikina<\/p>","protected":false},"featured_media":10141,"template":"","meta":[],"product_brand":[],"product_cat":[27],"product_tag":[],"class_list":{"0":"post-12349","1":"product","2":"type-product","3":"status-publish","4":"has-post-thumbnail","6":"product_cat-hoodie","8":"first","9":"outofstock","10":"shipping-taxable","11":"product-type-variable"},"_links":{"self":[{"href":"https:\/\/wxnuohui.com\/cs\/wp-json\/wp\/v2\/product\/12349","targetHints":{"allow":["GET"]}}],"collection":[{"href":"https:\/\/wxnuohui.com\/cs\/wp-json\/wp\/v2\/product"}],"about":[{"href":"https:\/\/wxnuohui.com\/cs\/wp-json\/wp\/v2\/types\/product"}],"wp:featuredmedia":[{"embeddable":true,"href":"https:\/\/wxnuohui.com\/cs\/wp-json\/wp\/v2\/media\/10141"}],"wp:attachment":[{"href":"https:\/\/wxnuohui.com\/cs\/wp-json\/wp\/v2\/media?parent=12349"}],"wp:term":[{"taxonomy":"product_brand","embeddable":true,"href":"https:\/\/wxnuohui.com\/cs\/wp-json\/wp\/v2\/product_brand?post=12349"},{"taxonomy":"product_cat","embeddable":true,"href":"https:\/\/wxnuohui.com\/cs\/wp-json\/wp\/v2\/product_cat?post=12349"},{"taxonomy":"product_tag","embeddable":true,"href":"https:\/\/wxnuohui.com\/cs\/wp-json\/wp\/v2\/product_tag?post=12349"}],"curies":[{"name":"wp","href":"https:\/\/api.w.org\/{rel}","templated":true}]}}