{"id":12329,"date":"2025-09-13T10:54:39","date_gmt":"2025-09-13T10:54:39","guid":{"rendered":"https:\/\/wxnuohui.com\/product\/custom-own-logo-men-cotton-polyester-printed-pullover-men-hoodie-quantity-diy-oem-customized\/"},"modified":"2025-09-13T10:54:39","modified_gmt":"2025-09-13T10:54:39","slug":"custom-own-logo-men-cotton-polyester-printed-pullover-men-hoodie-quantity-diy-oem-customized","status":"publish","type":"product","link":"https:\/\/wxnuohui.com\/cs\/product\/custom-own-logo-men-cotton-polyester-printed-pullover-men-hoodie-quantity-diy-oem-customized\/","title":{"rendered":"Vlastn\u00ed vlastn\u00ed logo P\u00e1nsk\u00e9 bavln\u011bn\u00e9 polyesterov\u00e9 ti\u0161t\u011bn\u00e9 svetr P\u00e1nsk\u00e1 mikina s kapuc\u00ed Mno\u017estv\u00ed Diy OEM na m\u00edru"},"content":{"rendered":"<p>7 dn\u00ed doba realizace objedn\u00e1vky vzorku: Podpora<br \/>\nProveden\u00ed:bez pod\u0161\u00edvky<br \/>\nStyl ruk\u00e1v\u016f: Regular<br \/>\nDetekce jehel: Ano<br \/>\nZp\u016fsob tkan\u00ed: pleten\u00e9<br \/>\nTyp vzoru:Solid<br \/>\nHmotnost tkaniny: 300 gram\u016f<br \/>\nZp\u016fsoby tisku:Jin\u00e9<br \/>\nTyp:Svetr<br \/>\nTyp st\u0159ihu:Regular Fit<br \/>\nD\u00e9lka:Regular<br \/>\nTyp dod\u00e1vky: Oem Service<br \/>\nTechniky: Barven\u00e9 na hladko<br \/>\nL\u00edmec: O-v\u00fdst\u0159ih<br \/>\nStyl:Svetr<br \/>\nRo\u010dn\u00ed obdob\u00ed:Podzim<br \/>\nFunkce: proti vr\u00e1sk\u00e1m, proti smr\u0161\u0165ov\u00e1n\u00ed<br \/>\nTyp tkaniny:Jersey<br \/>\nMateri\u00e1l: Polyester \/ bavlna<br \/>\nUm\u00edst\u011bn\u00ed loga: P\u0159edn\u00ed strana<br \/>\nPohlav\u00ed: Mu\u017ei<br \/>\n\u010c\u00edslo modelu: P\u00e1nsk\u00e1 mikina s kapuc\u00ed<br \/>\nM\u00edsto p\u016fvodu: Jiangsu, \u010c\u00edna<br \/>\nN\u00e1zev zna\u010dky: NH<br \/>\nProdejn\u00ed jednotky: Jednotliv\u00e9 polo\u017eky<br \/>\nVelikost jednoho balen\u00ed: 23X13X16 cm<br \/>\nJednotliv\u00e1 celkov\u00e1 hmotnost: 0 700 kg<\/p>\n<p><img decoding=\"async\" class=\"alignnone size-full\" src=\"http:\/\/wxnuohui.com\/wp-content\/uploads\/2025\/09\/detail_pic_0-174.jpg\" width=\"790\" alt=\"\"\/><\/p>\n<p><img decoding=\"async\" class=\"alignnone size-full\" src=\"http:\/\/wxnuohui.com\/wp-content\/uploads\/2025\/09\/detail_pic_1-192.jpg\" width=\"790\" alt=\"\"\/><\/p>\n<p><img decoding=\"async\" class=\"alignnone size-full\" src=\"http:\/\/wxnuohui.com\/wp-content\/uploads\/2025\/09\/detail_pic_2-200.jpg\" width=\"790\" alt=\"\"\/><\/p>\n<p><img decoding=\"async\" class=\"alignnone size-full\" src=\"http:\/\/wxnuohui.com\/wp-content\/uploads\/2025\/09\/detail_pic_3-234.jpg\" width=\"790\" alt=\"\"\/><\/p>\n<p><img decoding=\"async\" class=\"alignnone size-full\" src=\"http:\/\/wxnuohui.com\/wp-content\/uploads\/2025\/09\/detail_pic_4-225.jpg\" width=\"790\" alt=\"\"\/><\/p>\n<p><img decoding=\"async\" class=\"alignnone size-full\" src=\"http:\/\/wxnuohui.com\/wp-content\/uploads\/2025\/09\/detail_pic_5-268.jpg\" width=\"790\" alt=\"\"\/><\/p>\n<p><img decoding=\"async\" class=\"alignnone size-full\" src=\"http:\/\/wxnuohui.com\/wp-content\/uploads\/2025\/09\/detail_pic_6-190.jpg\" width=\"790\" alt=\"\"\/><\/p>\n<p><img decoding=\"async\" class=\"alignnone size-full\" src=\"http:\/\/wxnuohui.com\/wp-content\/uploads\/2025\/09\/detail_pic_7-157.jpg\" width=\"790\" alt=\"\"\/><\/p>\n<p><img decoding=\"async\" class=\"alignnone size-full\" src=\"http:\/\/wxnuohui.com\/wp-content\/uploads\/2025\/09\/detail_pic_8-170.jpg\" width=\"790\" alt=\"\"\/><\/p>\n<p><img decoding=\"async\" class=\"alignnone size-full\" src=\"http:\/\/wxnuohui.com\/wp-content\/uploads\/2025\/09\/detail_pic_9-173.jpg\" width=\"790\" alt=\"\"\/><\/p>\n<p><img decoding=\"async\" class=\"alignnone size-full\" src=\"http:\/\/wxnuohui.com\/wp-content\/uploads\/2025\/09\/detail_pic_10-292.jpg\" width=\"790\" alt=\"\"\/><\/p>\n<p><img decoding=\"async\" class=\"alignnone size-full\" src=\"http:\/\/wxnuohui.com\/wp-content\/uploads\/2025\/09\/detail_pic_11-289.jpg\" width=\"790\" alt=\"\"\/><\/p>\n<p><img decoding=\"async\" class=\"alignnone size-full\" src=\"http:\/\/wxnuohui.com\/wp-content\/uploads\/2025\/09\/detail_pic_12-289.jpg\" width=\"790\" alt=\"\"\/><\/p>\n<p><img decoding=\"async\" class=\"alignnone size-full\" src=\"http:\/\/wxnuohui.com\/wp-content\/uploads\/2025\/09\/detail_pic_13-272.jpg\" width=\"790\" alt=\"\"\/><\/p>\n<p><img decoding=\"async\" class=\"alignnone size-full\" src=\"http:\/\/wxnuohui.com\/wp-content\/uploads\/2025\/09\/detail_pic_14-93.png\" width=\"790\" alt=\"\"\/><\/p>\n<p><img decoding=\"async\" class=\"alignnone size-full\" src=\"http:\/\/wxnuohui.com\/wp-content\/uploads\/2025\/09\/detail_pic_15-270.jpg\" width=\"790\" alt=\"\"\/><\/p>\n<p><img decoding=\"async\" class=\"alignnone size-full\" src=\"http:\/\/wxnuohui.com\/wp-content\/uploads\/2025\/09\/detail_pic_16-222.jpg\" width=\"790\" alt=\"\"\/><\/p>\n<p><img decoding=\"async\" class=\"alignnone size-full\" src=\"http:\/\/wxnuohui.com\/wp-content\/uploads\/2025\/09\/detail_pic_17-218.jpg\" width=\"790\" alt=\"\"\/><\/p>","protected":false},"excerpt":{"rendered":"<p>Vlastn\u00ed vlastn\u00ed logo P\u00e1nsk\u00e9 bavln\u011bn\u00e9 polyesterov\u00e9 ti\u0161t\u011bn\u00e9 svetr P\u00e1nsk\u00e1 mikina s kapuc\u00ed Mno\u017estv\u00ed Diy OEM na m\u00edru<\/p>","protected":false},"featured_media":9737,"template":"","meta":[],"product_brand":[],"product_cat":[27],"product_tag":[],"class_list":{"0":"post-12329","1":"product","2":"type-product","3":"status-publish","4":"has-post-thumbnail","6":"product_cat-hoodie","8":"first","9":"outofstock","10":"shipping-taxable","11":"product-type-variable"},"_links":{"self":[{"href":"https:\/\/wxnuohui.com\/cs\/wp-json\/wp\/v2\/product\/12329","targetHints":{"allow":["GET"]}}],"collection":[{"href":"https:\/\/wxnuohui.com\/cs\/wp-json\/wp\/v2\/product"}],"about":[{"href":"https:\/\/wxnuohui.com\/cs\/wp-json\/wp\/v2\/types\/product"}],"wp:featuredmedia":[{"embeddable":true,"href":"https:\/\/wxnuohui.com\/cs\/wp-json\/wp\/v2\/media\/9737"}],"wp:attachment":[{"href":"https:\/\/wxnuohui.com\/cs\/wp-json\/wp\/v2\/media?parent=12329"}],"wp:term":[{"taxonomy":"product_brand","embeddable":true,"href":"https:\/\/wxnuohui.com\/cs\/wp-json\/wp\/v2\/product_brand?post=12329"},{"taxonomy":"product_cat","embeddable":true,"href":"https:\/\/wxnuohui.com\/cs\/wp-json\/wp\/v2\/product_cat?post=12329"},{"taxonomy":"product_tag","embeddable":true,"href":"https:\/\/wxnuohui.com\/cs\/wp-json\/wp\/v2\/product_tag?post=12329"}],"curies":[{"name":"wp","href":"https:\/\/api.w.org\/{rel}","templated":true}]}}